{"id":469701,"date":"2025-02-18T11:47:16","date_gmt":"2025-02-18T11:47:18","guid":{"rendered":"https:\/\/www.erresse-shop.it\/?post_type=product&#038;p=469701"},"modified":"2025-02-18T13:11:44","modified_gmt":"2025-02-18T13:11:44","slug":"jura-cafetera-giga-x3-aluminio-copia","status":"publish","type":"product","link":"https:\/\/www.erresse-shop.it\/es\/shop\/pequenos-electrodomesticos\/maquinas-de-cafe\/automatico\/jura-cafetera-giga-x3-aluminio-copia\/","title":{"rendered":"JURA Cafetera GIGA W10 Diamond Silver"},"content":{"rendered":"<p><span style=\"font-size: 14pt;\"><strong>La m\u00e1quina autom\u00e1tica premium para entornos premium<\/strong><\/span><br \/>\nInnovaci\u00f3n, rendimiento y dise\u00f1o son caracter\u00edsticas t\u00edpicas de entornos de trabajo o de ocio, as\u00ed como de zonas de estar elegantes y representativas. JURA cre\u00f3 el GIGA W10 especialmente para estos espacios.<\/p>\n<p>Lo \u00faltimo en m\u00e1quinas autom\u00e1ticas de especialidades de caf\u00e9, combina tecnolog\u00edas revolucionarias como el Proceso de Extracci\u00f3n en Fr\u00edo o el Panel de Caf\u00e9 Panorama con la potencia de dos molinillos de cer\u00e1mica y una variedad de especialidades que no deja nada que desear. Todo esto, combinado con el dise\u00f1o expresivo, hace del GIGA W10 no s\u00f3lo la mejor opci\u00f3n para cumplir con los m\u00e1s altos est\u00e1ndares, sino tambi\u00e9n un mueble ic\u00f3nico.<\/p>\n<p>Es perfecto para cualquier entorno premium donde se celebran hasta 50 especialidades de caf\u00e9 al d\u00eda.<\/p>\n<p><strong><span style=\"font-size: 14pt;\">Aut\u00e9nticas especialidades de caf\u00e9 fr\u00edo con solo pulsar un bot\u00f3n<br \/>\n<\/span><\/strong><br \/>\nSon populares, est\u00e1n de moda y son tendencia: las especialidades Cold Brew. Gracias al Proceso de Extracci\u00f3n en Fr\u00edo, la GIGA W10 los prepara en un tiempo r\u00e9cord y con facilidad con solo tocar un bot\u00f3n. Mientras que muchas bebidas de caf\u00e9 fr\u00edo convencionales se preparan con caf\u00e9 caliente que luego se deja enfriar, en la GIGA W10 la extracci\u00f3n se realiza con agua fr\u00eda a alta presi\u00f3n, mediante un proceso pulsado seg\u00fan el m\u00e9todo espresso. El resultado es una aut\u00e9ntica creaci\u00f3n Cold Brew, una bebida refrescante, natural y energizante, en la que los aromas frutales del caf\u00e9 se desarrollan plenamente sin la influencia negativa de sustancias amargas. Cualquier cosa menos un simple caf\u00e9 fr\u00edo.<\/p>\n<p><span style=\"font-size: 14pt;\"><strong>Una gama inagotable de especialidades de caf\u00e9<\/strong><\/span><\/p>\n<p>Con sus 35 especialidades de caf\u00e9, la GIGA W10 ofrece una variedad que satisface todos los deseos. Pero eso no es todo: puedes adaptar el GIGA W10 a las preferencias de tus clientes, invitados y empleados. El innovador control permite infinitas posibilidades de personalizaci\u00f3n. Por ejemplo, disfruta de un flat white con un sabor especialmente intenso activando la funci\u00f3n Extra Shot. El revolucionario proceso de extracci\u00f3n en fr\u00edo duplica la variedad de sabores, permiti\u00e9ndole preparar todas las especialidades de caf\u00e9 incluso con agua fr\u00eda. Gracias al nuevo bypass de agua tambi\u00e9n es posible preparar especialidades Barista largas tanto fr\u00edas como calientes.<\/p>\n<p><span style=\"font-size: 14pt;\"><strong>Dos molinillos de caf\u00e9 con muelas de cer\u00e1mica, dos contenedores de granos de caf\u00e9<br \/>\n<\/strong><\/span><br \/>\nPara garantizar la m\u00e1xima profesionalidad, el GIGA W10 dispone de dos molinillos de caf\u00e9 con muelas circulares fabricados en cer\u00e1mica de alta calidad y larga duraci\u00f3n. Los dos contenedores de granos de caf\u00e9 conectados a ellos tienen una capacidad de 650 gramos cada uno. Esta configuraci\u00f3n le permite elegir la mezcla de caf\u00e9 ideal para cada taza. As\u00ed, por ejemplo, podr\u00e1s disfrutar de especialidades calientes preparadas con un tueste intenso cl\u00e1sico y de bebidas Cold Brew con una calidad de caf\u00e9 con agradables notas frutales. Todo ello, por supuesto, siempre seg\u00fan el lema de JURA \u201creci\u00e9n molido, no en c\u00e1psulas\u201d.<\/p>\n<p><strong><span style=\"font-size: 14pt;\">Pago sin efectivo y gesti\u00f3n centralizada c\u00f3moda<\/span><br \/>\n<\/strong><br \/>\nLa GIGA W10 incorpora el nuevo sistema de pago y gesti\u00f3n Pocket Pilot 2.0. Con Pocket Pilot 2.0, tanto el pago sin efectivo como la supervisi\u00f3n centralizada de las m\u00e1quinas se realizan sin infraestructura adicional gracias a \u00abPayment Connect\u00bb, que se puede utilizar c\u00f3modamente en el GIGA W10. El sistema basado en web es gratuito y no requiere ninguna instalaci\u00f3n de software. Simplemente cree una cuenta en JURA Pocket Pilot 2.0 para tener un sistema de gesti\u00f3n de m\u00e1quinas totalmente autom\u00e1tico que satisfaga todas sus necesidades.<\/p>\n<p><span style=\"font-size: 14pt;\"><strong>Especificaciones t\u00e9cnicas<\/strong><\/span><\/p>\n<p><strong>Capacidad del dep\u00f3sito de agua:<\/strong> 5 l<br \/>\n<strong>Capacidad del contenedor de granos de caf\u00e9:<\/strong> 1 kg<br \/>\n<strong>Contenedor de posos de caf\u00e9:<\/strong> (porciones aprox.) 40<br \/>\n<strong>Longitud del cable:<\/strong> 1,1 m<br \/>\n<strong>Voltaje \/ Potencia:<\/strong> 230 V ~ \/ 2700 W<br \/>\n<strong>Consumo en espera:<\/strong> \u2264 0,5 W<br \/>\n<strong>Peso:<\/strong> 19 kg<br \/>\n<strong>Dimensiones (An \u00d7 Al \u00d7 Pr):<\/strong> 37 \u00d7 55,5 \u00d7 49,7 cm<\/p>\n","protected":false},"excerpt":{"rendered":"<p>La m\u00e1quina autom\u00e1tica premium para entornos premium Innovaci\u00f3n, rendimiento y dise\u00f1o son caracter\u00edsticas t\u00edpicas de entornos de trabajo o de<\/p>\n","protected":false},"featured_media":469727,"template":"","meta":{"_acf_changed":false,"inline_featured_image":false},"product_cat":[25362,16076,16073],"product_tag":[23574,20769,23570,16395],"acf":[],"yoast_head":"<!-- This site is optimized with the Yoast SEO Premium plugin v18.6 (Yoast SEO v19.13) - https:\/\/yoast.com\/wordpress\/plugins\/seo\/ -->\n<title>JURA Cafetera GIGA W10 Diamond Silver - Erresse Shop<\/title>\n<meta name=\"description\" content=\"La m\u00e1quina autom\u00e1tica premium para entornos premium Innovaci\u00f3n, rendimiento y dise\u00f1o son caracter\u00edsticas t\u00edpicas de entornos de trabajo o de ocio, as\u00ed\" \/>\n<meta name=\"robots\" content=\"index, follow, max-snippet:-1, max-image-preview:large, max-video-preview:-1\" \/>\n<link rel=\"canonical\" href=\"https:\/\/www.erresse-shop.it\/es\/shop\/pequenos-electrodomesticos\/maquinas-de-cafe\/automatico\/jura-cafetera-giga-x3-aluminio-copia\/\" \/>\n<meta property=\"og:locale\" content=\"es_ES\" \/>\n<meta property=\"og:type\" content=\"article\" \/>\n<meta property=\"og:title\" content=\"JURA Cafetera GIGA W10 Diamond Silver\" \/>\n<meta property=\"og:description\" content=\"La m\u00e1quina autom\u00e1tica premium para entornos premium Innovaci\u00f3n, rendimiento y dise\u00f1o son caracter\u00edsticas t\u00edpicas de entornos de trabajo o de ocio, as\u00ed\" \/>\n<meta property=\"og:url\" content=\"https:\/\/www.erresse-shop.it\/es\/shop\/pequenos-electrodomesticos\/maquinas-de-cafe\/automatico\/jura-cafetera-giga-x3-aluminio-copia\/\" \/>\n<meta property=\"og:site_name\" content=\"Erresse Shop\" \/>\n<meta property=\"article:modified_time\" content=\"2025-02-18T13:11:44+00:00\" \/>\n<meta property=\"og:image\" content=\"https:\/\/www.erresse-shop.it\/wp-content\/uploads\/2025\/02\/JURA-Macchina-Da-Caffe-GIGA-W10-Diamond-Silver.jpg\" \/>\n\t<meta property=\"og:image:width\" content=\"1200\" \/>\n\t<meta property=\"og:image:height\" content=\"1200\" \/>\n\t<meta property=\"og:image:type\" content=\"image\/jpeg\" \/>\n<meta name=\"twitter:card\" content=\"summary_large_image\" \/>\n<script type=\"application\/ld+json\" class=\"yoast-schema-graph\">{\"@context\":\"https:\/\/schema.org\",\"@graph\":[{\"@type\":\"WebPage\",\"@id\":\"https:\/\/www.erresse-shop.it\/es\/shop\/pequenos-electrodomesticos\/maquinas-de-cafe\/automatico\/jura-cafetera-giga-x3-aluminio-copia\/\",\"url\":\"https:\/\/www.erresse-shop.it\/es\/shop\/pequenos-electrodomesticos\/maquinas-de-cafe\/automatico\/jura-cafetera-giga-x3-aluminio-copia\/\",\"name\":\"JURA Cafetera GIGA W10 Diamond Silver - Erresse Shop\",\"isPartOf\":{\"@id\":\"https:\/\/www.erresse-shop.it\/es\/#website\"},\"datePublished\":\"2025-02-18T11:47:18+00:00\",\"dateModified\":\"2025-02-18T13:11:44+00:00\",\"description\":\"La m\u00e1quina autom\u00e1tica premium para entornos premium Innovaci\u00f3n, rendimiento y dise\u00f1o son caracter\u00edsticas t\u00edpicas de entornos de trabajo o de ocio, as\u00ed\",\"breadcrumb\":{\"@id\":\"https:\/\/www.erresse-shop.it\/es\/shop\/pequenos-electrodomesticos\/maquinas-de-cafe\/automatico\/jura-cafetera-giga-x3-aluminio-copia\/#breadcrumb\"},\"inLanguage\":\"es\",\"potentialAction\":[{\"@type\":\"ReadAction\",\"target\":[\"https:\/\/www.erresse-shop.it\/es\/shop\/pequenos-electrodomesticos\/maquinas-de-cafe\/automatico\/jura-cafetera-giga-x3-aluminio-copia\/\"]}]},{\"@type\":\"BreadcrumbList\",\"@id\":\"https:\/\/www.erresse-shop.it\/es\/shop\/pequenos-electrodomesticos\/maquinas-de-cafe\/automatico\/jura-cafetera-giga-x3-aluminio-copia\/#breadcrumb\",\"itemListElement\":[{\"@type\":\"ListItem\",\"position\":1,\"name\":\"Home\",\"item\":\"https:\/\/www.erresse-shop.it\/es\/\"},{\"@type\":\"ListItem\",\"position\":2,\"name\":\"Shop\",\"item\":\"https:\/\/www.erresse-shop.it\/es\/shop\/\"},{\"@type\":\"ListItem\",\"position\":3,\"name\":\"JURA Cafetera GIGA W10 Diamond Silver\"}]},{\"@type\":\"WebSite\",\"@id\":\"https:\/\/www.erresse-shop.it\/es\/#website\",\"url\":\"https:\/\/www.erresse-shop.it\/es\/\",\"name\":\"Erresse Shop\",\"description\":\"Articoli di qualit\u00e0 per la casa\",\"potentialAction\":[{\"@type\":\"SearchAction\",\"target\":{\"@type\":\"EntryPoint\",\"urlTemplate\":\"https:\/\/www.erresse-shop.it\/es\/?s={search_term_string}\"},\"query-input\":\"required name=search_term_string\"}],\"inLanguage\":\"es\"}]}<\/script>\n<!-- \/ Yoast SEO Premium plugin. -->","yoast_head_json":{"title":"JURA Cafetera GIGA W10 Diamond Silver - Erresse Shop","description":"La m\u00e1quina autom\u00e1tica premium para entornos premium Innovaci\u00f3n, rendimiento y dise\u00f1o son caracter\u00edsticas t\u00edpicas de entornos de trabajo o de ocio, as\u00ed","robots":{"index":"index","follow":"follow","max-snippet":"max-snippet:-1","max-image-preview":"max-image-preview:large","max-video-preview":"max-video-preview:-1"},"canonical":"https:\/\/www.erresse-shop.it\/es\/shop\/pequenos-electrodomesticos\/maquinas-de-cafe\/automatico\/jura-cafetera-giga-x3-aluminio-copia\/","og_locale":"es_ES","og_type":"article","og_title":"JURA Cafetera GIGA W10 Diamond Silver","og_description":"La m\u00e1quina autom\u00e1tica premium para entornos premium Innovaci\u00f3n, rendimiento y dise\u00f1o son caracter\u00edsticas t\u00edpicas de entornos de trabajo o de ocio, as\u00ed","og_url":"https:\/\/www.erresse-shop.it\/es\/shop\/pequenos-electrodomesticos\/maquinas-de-cafe\/automatico\/jura-cafetera-giga-x3-aluminio-copia\/","og_site_name":"Erresse Shop","article_modified_time":"2025-02-18T13:11:44+00:00","og_image":[{"width":1200,"height":1200,"url":"https:\/\/www.erresse-shop.it\/wp-content\/uploads\/2025\/02\/JURA-Macchina-Da-Caffe-GIGA-W10-Diamond-Silver.jpg","type":"image\/jpeg"}],"twitter_card":"summary_large_image","schema":{"@context":"https:\/\/schema.org","@graph":[{"@type":"WebPage","@id":"https:\/\/www.erresse-shop.it\/es\/shop\/pequenos-electrodomesticos\/maquinas-de-cafe\/automatico\/jura-cafetera-giga-x3-aluminio-copia\/","url":"https:\/\/www.erresse-shop.it\/es\/shop\/pequenos-electrodomesticos\/maquinas-de-cafe\/automatico\/jura-cafetera-giga-x3-aluminio-copia\/","name":"JURA Cafetera GIGA W10 Diamond Silver - Erresse Shop","isPartOf":{"@id":"https:\/\/www.erresse-shop.it\/es\/#website"},"datePublished":"2025-02-18T11:47:18+00:00","dateModified":"2025-02-18T13:11:44+00:00","description":"La m\u00e1quina autom\u00e1tica premium para entornos premium Innovaci\u00f3n, rendimiento y dise\u00f1o son caracter\u00edsticas t\u00edpicas de entornos de trabajo o de ocio, as\u00ed","breadcrumb":{"@id":"https:\/\/www.erresse-shop.it\/es\/shop\/pequenos-electrodomesticos\/maquinas-de-cafe\/automatico\/jura-cafetera-giga-x3-aluminio-copia\/#breadcrumb"},"inLanguage":"es","potentialAction":[{"@type":"ReadAction","target":["https:\/\/www.erresse-shop.it\/es\/shop\/pequenos-electrodomesticos\/maquinas-de-cafe\/automatico\/jura-cafetera-giga-x3-aluminio-copia\/"]}]},{"@type":"BreadcrumbList","@id":"https:\/\/www.erresse-shop.it\/es\/shop\/pequenos-electrodomesticos\/maquinas-de-cafe\/automatico\/jura-cafetera-giga-x3-aluminio-copia\/#breadcrumb","itemListElement":[{"@type":"ListItem","position":1,"name":"Home","item":"https:\/\/www.erresse-shop.it\/es\/"},{"@type":"ListItem","position":2,"name":"Shop","item":"https:\/\/www.erresse-shop.it\/es\/shop\/"},{"@type":"ListItem","position":3,"name":"JURA Cafetera GIGA W10 Diamond Silver"}]},{"@type":"WebSite","@id":"https:\/\/www.erresse-shop.it\/es\/#website","url":"https:\/\/www.erresse-shop.it\/es\/","name":"Erresse Shop","description":"Articoli di qualit\u00e0 per la casa","potentialAction":[{"@type":"SearchAction","target":{"@type":"EntryPoint","urlTemplate":"https:\/\/www.erresse-shop.it\/es\/?s={search_term_string}"},"query-input":"required name=search_term_string"}],"inLanguage":"es"}]}},"df_price":4139.1,"df_sale_price":4139.1,"df_regular_price":4599,"df_image_link":"https:\/\/www.erresse-shop.it\/wp-content\/uploads\/2025\/02\/JURA-Macchina-Da-Caffe-GIGA-W10-Diamond-Silver-300x300.jpg","_links":{"self":[{"href":"https:\/\/www.erresse-shop.it\/es\/wp-json\/wp\/v2\/product\/469701"}],"collection":[{"href":"https:\/\/www.erresse-shop.it\/es\/wp-json\/wp\/v2\/product"}],"about":[{"href":"https:\/\/www.erresse-shop.it\/es\/wp-json\/wp\/v2\/types\/product"}],"wp:featuredmedia":[{"embeddable":true,"href":"https:\/\/www.erresse-shop.it\/es\/wp-json\/wp\/v2\/media\/469727"}],"wp:attachment":[{"href":"https:\/\/www.erresse-shop.it\/es\/wp-json\/wp\/v2\/media?parent=469701"}],"wp:term":[{"taxonomy":"product_cat","embeddable":true,"href":"https:\/\/www.erresse-shop.it\/es\/wp-json\/wp\/v2\/product_cat?post=469701"},{"taxonomy":"product_tag","embeddable":true,"href":"https:\/\/www.erresse-shop.it\/es\/wp-json\/wp\/v2\/product_tag?post=469701"}],"curies":[{"name":"wp","href":"https:\/\/api.w.org\/{rel}","templated":true}]}}