{"id":469666,"date":"2025-02-18T11:27:59","date_gmt":"2025-02-18T11:28:02","guid":{"rendered":"https:\/\/www.erresse-shop.it\/?post_type=product&#038;p=469666"},"modified":"2025-02-18T13:16:00","modified_gmt":"2025-02-18T13:16:00","slug":"jura-cafetera-giga-x8-aluminium-black-copia","status":"publish","type":"product","link":"https:\/\/www.erresse-shop.it\/es\/shop\/pequenos-electrodomesticos\/maquinas-de-cafe\/automatico\/jura-cafetera-giga-x8-aluminium-black-copia\/","title":{"rendered":"JURA Cafetera GIGA X3 Aluminio"},"content":{"rendered":"<p><span style=\"font-size: 14pt;\"><strong>Flexibilidad de primera clase<\/strong><\/span><\/p>\n<p>La GIGA X3 es la expresi\u00f3n tangible de la fuerza innovadora y la profesionalidad suiza de JURA hasta el m\u00e1s m\u00ednimo detalle. Destaca por su calidad, funcionalidad y fiabilidad all\u00ed donde se requieran capacidades diarias de hasta 150 tazas. A esto se suman unas excelentes prestaciones en todos los aspectos, que la convierten en una m\u00e1quina autom\u00e1tica de alta tecnolog\u00eda ideal para soluciones para grandes oficinas, desayunos, seminarios, congresos o zonas de autoservicio.<\/p>\n<p><span style=\"font-size: 14pt;\"><strong>Tecnolog\u00edas de vanguardia para un placer perfecto<\/strong><\/span><\/p>\n<p>GIGA X3 \u2013 rendimiento r\u00e9cord: el molinillo de caf\u00e9 con cuchillas de cer\u00e1mica de alto rendimiento garantiza una molienda precisa, constante y uniforme durante a\u00f1os. Gracias a una innovaci\u00f3n extraordinaria: el A.G.A. (Ajuste autom\u00e1tico del molinillo), el ajuste autom\u00e1tico controlado electr\u00f3nicamente. El proceso de extracci\u00f3n pulsada (P.E.P.\u00ae) optimiza el tiempo de extracci\u00f3n para especialidades cortas y CLARIS Pro Smart, en combinaci\u00f3n con el sistema de agua inteligente (I.W.S.), garantiza una calidad de agua perfecta para un sabor aut\u00e9ntico.<\/p>\n<p>La GIGA X3 cuenta con un ca\u00f1o combinado regulable en altura y meticulosamente dise\u00f1ado que, gracias a la tecnolog\u00eda de microespuma, permite la preparaci\u00f3n de especialidades de moda con leche y espuma de leche insuperables. La funci\u00f3n Speed \u200b\u200bgarantiza la preparaci\u00f3n de especialidades de caf\u00e9 en un tiempo r\u00e9cord. Los esfuerzos de rellenado se reducen al m\u00ednimo gracias al contenedor de granos de caf\u00e9 con tapa que conserva el aroma y una capacidad de 1 kg. Adem\u00e1s, la gran capacidad del dep\u00f3sito de agua, la bandeja de recogida de agua y el contenedor de posos de caf\u00e9 garantizan la m\u00e1xima autonom\u00eda. Esto tambi\u00e9n hace que el GIGA X3 sea ideal para aplicaciones m\u00f3viles.<\/p>\n<p>El mayor rendimiento y la optimizaci\u00f3n simult\u00e1nea de la calidad distinguen al GIGA X3. La pantalla t\u00e1ctil a color de 4,3&#8243; de alta resoluci\u00f3n y claridad permite un manejo totalmente intuitivo. Los gr\u00e1ficos modernos y f\u00e1ciles de entender gu\u00edan incluso a los usuarios m\u00e1s inexpertos. La bandeja recogegotas apta para lavavajillas se puede extraer, vaciar y volver a colocar f\u00e1cilmente con una sola mano. La posici\u00f3n \u00f3ptima del centro de gravedad evita que el agua se desborde. Sencillez, higiene, rapidez, comodidad: el concepto de cinco estrellas se aplica hasta en los m\u00e1s m\u00ednimos detalles.<\/p>\n<p><strong><span style=\"font-size: 14pt;\">Garant\u00eda de higiene certificada por T\u00dcV<\/span><\/strong><\/p>\n<p>El mantenimiento del GIGA X3, as\u00ed como su uso, es sencillo, l\u00f3gico e intuitivo. Los programas de enjuague y limpieza integrados, combinados con los productos de mantenimiento originales de JURA, garantizan una higiene certificada por T\u00dcV con solo pulsar un bot\u00f3n. Incluso la limpieza del sistema de leche ha sido estudiada hasta el m\u00e1s m\u00ednimo detalle. Totalmente autom\u00e1tico y operable con un toque en la pantalla, garantiza una limpieza impecable en el tratamiento de la leche. El enorme dispensador combinado se puede desmontar en tan solo unos sencillos pasos. Los dispensadores de leche situados en la parte frontal interior son f\u00e1cilmente accesibles y se pueden sustituir sin problemas en caso de necesidad.<\/p>\n<p><strong><span style=\"font-size: 14pt;\">Tan individual como tus necesidades<\/span><br \/>\n<\/strong><br \/>\nUtilizada individualmente o con accesorios como calienta tazas, sistema de facturaci\u00f3n, etc., la GIGA X3 permite configurar la soluci\u00f3n de caf\u00e9 completa, ideal para cualquier campo de aplicaci\u00f3n y, si es necesario, adaptable a las necesidades cambiantes.<\/p>\n<p><strong><span style=\"font-size: 14pt;\">Soluci\u00f3n de pago m\u00f3vil JURA<\/span><br \/>\n<\/strong><br \/>\nLa GIGA X3 incorpora el nuevo sistema de pago y gesti\u00f3n Pocket Pilot 2.0. Con Pocket Pilot 2.0, tanto el pago sin efectivo como la supervisi\u00f3n centralizada de las m\u00e1quinas se realizan sin infraestructura adicional gracias a \u00abPayment Connect\u00bb, que se puede utilizar c\u00f3modamente en GIGA X3. El sistema basado en web es gratuito y no requiere ninguna instalaci\u00f3n de software. Simplemente cree una cuenta en JURA Pocket Pilot 2.0 para tener un sistema de gesti\u00f3n de m\u00e1quinas totalmente autom\u00e1tico que satisfaga todas sus necesidades.<\/p>\n<p><span style=\"font-size: 14pt;\"><strong>Especificaciones t\u00e9cnicas<\/strong><\/span><\/p>\n<p><strong>Capacidad del dep\u00f3sito de agua:<\/strong> 5 l<br \/>\n<strong>Capacidad del contenedor de granos de caf\u00e9:<\/strong> 1 kg<br \/>\n<strong>Contenedor de posos de caf\u00e9:<\/strong> (porciones aprox.) 40<br \/>\n<strong>Longitud del cable:<\/strong> 1,1 m<br \/>\n<strong>Voltaje \/ Potencia:<\/strong> 230 V ~ \/ 2700 W<br \/>\n<strong>Consumo en espera:<\/strong> \u2264 0,5 W<br \/>\n<strong>Peso:<\/strong> 19 kg<br \/>\n<strong>Dimensiones (An \u00d7 Al \u00d7 Pr):<\/strong> 37 \u00d7 55,5 \u00d7 49,7 cm<\/p>\n","protected":false},"excerpt":{"rendered":"<p>Flexibilidad de primera clase La GIGA X3 es la expresi\u00f3n tangible de la fuerza innovadora y la profesionalidad suiza de<\/p>\n","protected":false},"featured_media":469693,"template":"","meta":{"_acf_changed":false,"inline_featured_image":false},"product_cat":[25362,16076,16073],"product_tag":[23574,20769,23570,16395],"acf":[],"yoast_head":"<!-- This site is optimized with the Yoast SEO Premium plugin v18.6 (Yoast SEO v19.13) - https:\/\/yoast.com\/wordpress\/plugins\/seo\/ -->\n<title>JURA Cafetera GIGA X3 Aluminio - Erresse Shop<\/title>\n<meta name=\"description\" content=\"Flexibilidad de primera clase La GIGA X3 es la expresi\u00f3n tangible de la fuerza innovadora y la profesionalidad suiza de JURA hasta el m\u00e1s m\u00ednimo detalle.\" \/>\n<meta name=\"robots\" content=\"index, follow, max-snippet:-1, max-image-preview:large, max-video-preview:-1\" \/>\n<link rel=\"canonical\" href=\"https:\/\/www.erresse-shop.it\/es\/shop\/pequenos-electrodomesticos\/maquinas-de-cafe\/automatico\/jura-cafetera-giga-x8-aluminium-black-copia\/\" \/>\n<meta property=\"og:locale\" content=\"es_ES\" \/>\n<meta property=\"og:type\" content=\"article\" \/>\n<meta property=\"og:title\" content=\"JURA Cafetera GIGA X3 Aluminio\" \/>\n<meta property=\"og:description\" content=\"Flexibilidad de primera clase La GIGA X3 es la expresi\u00f3n tangible de la fuerza innovadora y la profesionalidad suiza de JURA hasta el m\u00e1s m\u00ednimo detalle.\" \/>\n<meta property=\"og:url\" content=\"https:\/\/www.erresse-shop.it\/es\/shop\/pequenos-electrodomesticos\/maquinas-de-cafe\/automatico\/jura-cafetera-giga-x8-aluminium-black-copia\/\" \/>\n<meta property=\"og:site_name\" content=\"Erresse Shop\" \/>\n<meta property=\"article:modified_time\" content=\"2025-02-18T13:16:00+00:00\" \/>\n<meta property=\"og:image\" content=\"https:\/\/www.erresse-shop.it\/wp-content\/uploads\/2025\/02\/JURA-Macchina-Da-Caffe-GIGA-X3-Alluminio.jpg\" \/>\n\t<meta property=\"og:image:width\" content=\"1200\" \/>\n\t<meta property=\"og:image:height\" content=\"1200\" \/>\n\t<meta property=\"og:image:type\" content=\"image\/jpeg\" \/>\n<meta name=\"twitter:card\" content=\"summary_large_image\" \/>\n<script type=\"application\/ld+json\" class=\"yoast-schema-graph\">{\"@context\":\"https:\/\/schema.org\",\"@graph\":[{\"@type\":\"WebPage\",\"@id\":\"https:\/\/www.erresse-shop.it\/es\/shop\/pequenos-electrodomesticos\/maquinas-de-cafe\/automatico\/jura-cafetera-giga-x8-aluminium-black-copia\/\",\"url\":\"https:\/\/www.erresse-shop.it\/es\/shop\/pequenos-electrodomesticos\/maquinas-de-cafe\/automatico\/jura-cafetera-giga-x8-aluminium-black-copia\/\",\"name\":\"JURA Cafetera GIGA X3 Aluminio - Erresse Shop\",\"isPartOf\":{\"@id\":\"https:\/\/www.erresse-shop.it\/es\/#website\"},\"datePublished\":\"2025-02-18T11:28:02+00:00\",\"dateModified\":\"2025-02-18T13:16:00+00:00\",\"description\":\"Flexibilidad de primera clase La GIGA X3 es la expresi\u00f3n tangible de la fuerza innovadora y la profesionalidad suiza de JURA hasta el m\u00e1s m\u00ednimo detalle.\",\"breadcrumb\":{\"@id\":\"https:\/\/www.erresse-shop.it\/es\/shop\/pequenos-electrodomesticos\/maquinas-de-cafe\/automatico\/jura-cafetera-giga-x8-aluminium-black-copia\/#breadcrumb\"},\"inLanguage\":\"es\",\"potentialAction\":[{\"@type\":\"ReadAction\",\"target\":[\"https:\/\/www.erresse-shop.it\/es\/shop\/pequenos-electrodomesticos\/maquinas-de-cafe\/automatico\/jura-cafetera-giga-x8-aluminium-black-copia\/\"]}]},{\"@type\":\"BreadcrumbList\",\"@id\":\"https:\/\/www.erresse-shop.it\/es\/shop\/pequenos-electrodomesticos\/maquinas-de-cafe\/automatico\/jura-cafetera-giga-x8-aluminium-black-copia\/#breadcrumb\",\"itemListElement\":[{\"@type\":\"ListItem\",\"position\":1,\"name\":\"Home\",\"item\":\"https:\/\/www.erresse-shop.it\/es\/\"},{\"@type\":\"ListItem\",\"position\":2,\"name\":\"Shop\",\"item\":\"https:\/\/www.erresse-shop.it\/es\/shop\/\"},{\"@type\":\"ListItem\",\"position\":3,\"name\":\"JURA Cafetera GIGA X3 Aluminio\"}]},{\"@type\":\"WebSite\",\"@id\":\"https:\/\/www.erresse-shop.it\/es\/#website\",\"url\":\"https:\/\/www.erresse-shop.it\/es\/\",\"name\":\"Erresse Shop\",\"description\":\"Articoli di qualit\u00e0 per la casa\",\"potentialAction\":[{\"@type\":\"SearchAction\",\"target\":{\"@type\":\"EntryPoint\",\"urlTemplate\":\"https:\/\/www.erresse-shop.it\/es\/?s={search_term_string}\"},\"query-input\":\"required name=search_term_string\"}],\"inLanguage\":\"es\"}]}<\/script>\n<!-- \/ Yoast SEO Premium plugin. -->","yoast_head_json":{"title":"JURA Cafetera GIGA X3 Aluminio - Erresse Shop","description":"Flexibilidad de primera clase La GIGA X3 es la expresi\u00f3n tangible de la fuerza innovadora y la profesionalidad suiza de JURA hasta el m\u00e1s m\u00ednimo detalle.","robots":{"index":"index","follow":"follow","max-snippet":"max-snippet:-1","max-image-preview":"max-image-preview:large","max-video-preview":"max-video-preview:-1"},"canonical":"https:\/\/www.erresse-shop.it\/es\/shop\/pequenos-electrodomesticos\/maquinas-de-cafe\/automatico\/jura-cafetera-giga-x8-aluminium-black-copia\/","og_locale":"es_ES","og_type":"article","og_title":"JURA Cafetera GIGA X3 Aluminio","og_description":"Flexibilidad de primera clase La GIGA X3 es la expresi\u00f3n tangible de la fuerza innovadora y la profesionalidad suiza de JURA hasta el m\u00e1s m\u00ednimo detalle.","og_url":"https:\/\/www.erresse-shop.it\/es\/shop\/pequenos-electrodomesticos\/maquinas-de-cafe\/automatico\/jura-cafetera-giga-x8-aluminium-black-copia\/","og_site_name":"Erresse Shop","article_modified_time":"2025-02-18T13:16:00+00:00","og_image":[{"width":1200,"height":1200,"url":"https:\/\/www.erresse-shop.it\/wp-content\/uploads\/2025\/02\/JURA-Macchina-Da-Caffe-GIGA-X3-Alluminio.jpg","type":"image\/jpeg"}],"twitter_card":"summary_large_image","schema":{"@context":"https:\/\/schema.org","@graph":[{"@type":"WebPage","@id":"https:\/\/www.erresse-shop.it\/es\/shop\/pequenos-electrodomesticos\/maquinas-de-cafe\/automatico\/jura-cafetera-giga-x8-aluminium-black-copia\/","url":"https:\/\/www.erresse-shop.it\/es\/shop\/pequenos-electrodomesticos\/maquinas-de-cafe\/automatico\/jura-cafetera-giga-x8-aluminium-black-copia\/","name":"JURA Cafetera GIGA X3 Aluminio - Erresse Shop","isPartOf":{"@id":"https:\/\/www.erresse-shop.it\/es\/#website"},"datePublished":"2025-02-18T11:28:02+00:00","dateModified":"2025-02-18T13:16:00+00:00","description":"Flexibilidad de primera clase La GIGA X3 es la expresi\u00f3n tangible de la fuerza innovadora y la profesionalidad suiza de JURA hasta el m\u00e1s m\u00ednimo detalle.","breadcrumb":{"@id":"https:\/\/www.erresse-shop.it\/es\/shop\/pequenos-electrodomesticos\/maquinas-de-cafe\/automatico\/jura-cafetera-giga-x8-aluminium-black-copia\/#breadcrumb"},"inLanguage":"es","potentialAction":[{"@type":"ReadAction","target":["https:\/\/www.erresse-shop.it\/es\/shop\/pequenos-electrodomesticos\/maquinas-de-cafe\/automatico\/jura-cafetera-giga-x8-aluminium-black-copia\/"]}]},{"@type":"BreadcrumbList","@id":"https:\/\/www.erresse-shop.it\/es\/shop\/pequenos-electrodomesticos\/maquinas-de-cafe\/automatico\/jura-cafetera-giga-x8-aluminium-black-copia\/#breadcrumb","itemListElement":[{"@type":"ListItem","position":1,"name":"Home","item":"https:\/\/www.erresse-shop.it\/es\/"},{"@type":"ListItem","position":2,"name":"Shop","item":"https:\/\/www.erresse-shop.it\/es\/shop\/"},{"@type":"ListItem","position":3,"name":"JURA Cafetera GIGA X3 Aluminio"}]},{"@type":"WebSite","@id":"https:\/\/www.erresse-shop.it\/es\/#website","url":"https:\/\/www.erresse-shop.it\/es\/","name":"Erresse Shop","description":"Articoli di qualit\u00e0 per la casa","potentialAction":[{"@type":"SearchAction","target":{"@type":"EntryPoint","urlTemplate":"https:\/\/www.erresse-shop.it\/es\/?s={search_term_string}"},"query-input":"required name=search_term_string"}],"inLanguage":"es"}]}},"df_price":5199,"df_sale_price":5199,"df_regular_price":5799,"df_image_link":"https:\/\/www.erresse-shop.it\/wp-content\/uploads\/2025\/02\/JURA-Macchina-Da-Caffe-GIGA-X3-Alluminio-300x300.jpg","_links":{"self":[{"href":"https:\/\/www.erresse-shop.it\/es\/wp-json\/wp\/v2\/product\/469666"}],"collection":[{"href":"https:\/\/www.erresse-shop.it\/es\/wp-json\/wp\/v2\/product"}],"about":[{"href":"https:\/\/www.erresse-shop.it\/es\/wp-json\/wp\/v2\/types\/product"}],"wp:featuredmedia":[{"embeddable":true,"href":"https:\/\/www.erresse-shop.it\/es\/wp-json\/wp\/v2\/media\/469693"}],"wp:attachment":[{"href":"https:\/\/www.erresse-shop.it\/es\/wp-json\/wp\/v2\/media?parent=469666"}],"wp:term":[{"taxonomy":"product_cat","embeddable":true,"href":"https:\/\/www.erresse-shop.it\/es\/wp-json\/wp\/v2\/product_cat?post=469666"},{"taxonomy":"product_tag","embeddable":true,"href":"https:\/\/www.erresse-shop.it\/es\/wp-json\/wp\/v2\/product_tag?post=469666"}],"curies":[{"name":"wp","href":"https:\/\/api.w.org\/{rel}","templated":true}]}}