{"id":468855,"date":"2025-02-14T09:30:06","date_gmt":"2025-02-14T09:30:09","guid":{"rendered":"https:\/\/www.erresse-shop.it\/?post_type=product&#038;p=468855"},"modified":"2025-04-24T10:41:01","modified_gmt":"2025-04-24T10:41:01","slug":"toms-drag-comoda-2-cajones-aruba-copia","status":"publish","type":"product","link":"https:\/\/www.erresse-shop.it\/es\/shop\/mobiliario\/muebles\/toms-drag-comoda-2-cajones-aruba-copia\/","title":{"rendered":"TOM&#8217;S DRAG Mesa Cuadrada S Floral"},"content":{"rendered":"<p><strong>Material:<\/strong> MDF<\/p>\n<p><strong>Mesa de centro cuadrada con dise\u00f1o floral S<br \/>\n<\/strong>Forma minimalista, sencilla y sin adornos. En emocionante contraste con esto est\u00e1n los patrones de estilo Tom&#8217;s Drag, que son dif\u00edciles de superar en su opulencia y suntuosidad y vienen en una variedad de colores. Esta mesa de centro es una simbiosis exitosa. Cualquiera que agregue un acento de color llamativo a un objeto o mueble \u201carrastrado\u201d obviamente est\u00e1 haciendo una declaraci\u00f3n de estilo segura. Algunos son m\u00e1s locos y exc\u00e9ntricos que otros, pero todos son verdaderos atractivos y un elemento destacado en cualquier hogar.<\/p>\n<p><strong>Dimensiones<\/strong>: 35 x 35 , H. 51 cm<\/p>\n","protected":false},"excerpt":{"rendered":"<p>Material: MDF Mesa de centro cuadrada con dise\u00f1o floral S Forma minimalista, sencilla y sin adornos. En emocionante contraste con<\/p>\n","protected":false},"featured_media":468863,"template":"","meta":{"_acf_changed":false,"inline_featured_image":false},"product_cat":[16016,17096],"product_tag":[17136],"acf":[],"yoast_head":"<!-- This site is optimized with the Yoast SEO Premium plugin v18.6 (Yoast SEO v19.13) - https:\/\/yoast.com\/wordpress\/plugins\/seo\/ -->\n<title>TOM&#039;S DRAG Mesa Cuadrada S Floral - Erresse Shop<\/title>\n<meta name=\"description\" content=\"Material: MDF Mesa de centro cuadrada con dise\u00f1o floral S Forma minimalista, sencilla y sin adornos. En emocionante contraste con esto est\u00e1n los patrones\" \/>\n<meta name=\"robots\" content=\"index, follow, max-snippet:-1, max-image-preview:large, max-video-preview:-1\" \/>\n<link rel=\"canonical\" href=\"https:\/\/www.erresse-shop.it\/es\/shop\/mobiliario\/muebles\/toms-drag-comoda-2-cajones-aruba-copia\/\" \/>\n<meta property=\"og:locale\" content=\"es_ES\" \/>\n<meta property=\"og:type\" content=\"article\" \/>\n<meta property=\"og:title\" content=\"TOM&#039;S DRAG Mesa Cuadrada S Floral\" \/>\n<meta property=\"og:description\" content=\"Material: MDF Mesa de centro cuadrada con dise\u00f1o floral S Forma minimalista, sencilla y sin adornos. En emocionante contraste con esto est\u00e1n los patrones\" \/>\n<meta property=\"og:url\" content=\"https:\/\/www.erresse-shop.it\/es\/shop\/mobiliario\/muebles\/toms-drag-comoda-2-cajones-aruba-copia\/\" \/>\n<meta property=\"og:site_name\" content=\"Erresse Shop\" \/>\n<meta property=\"article:modified_time\" content=\"2025-04-24T10:41:01+00:00\" \/>\n<meta property=\"og:image\" content=\"https:\/\/www.erresse-shop.it\/wp-content\/uploads\/2025\/02\/TOMS-DRAG-Tavolino-Quadrato-S-Floreale.jpg\" \/>\n\t<meta property=\"og:image:width\" content=\"1200\" \/>\n\t<meta property=\"og:image:height\" content=\"1200\" \/>\n\t<meta property=\"og:image:type\" content=\"image\/jpeg\" \/>\n<meta name=\"twitter:card\" content=\"summary_large_image\" \/>\n<script type=\"application\/ld+json\" class=\"yoast-schema-graph\">{\"@context\":\"https:\/\/schema.org\",\"@graph\":[{\"@type\":\"WebPage\",\"@id\":\"https:\/\/www.erresse-shop.it\/es\/shop\/mobiliario\/muebles\/toms-drag-comoda-2-cajones-aruba-copia\/\",\"url\":\"https:\/\/www.erresse-shop.it\/es\/shop\/mobiliario\/muebles\/toms-drag-comoda-2-cajones-aruba-copia\/\",\"name\":\"TOM'S DRAG Mesa Cuadrada S Floral - Erresse Shop\",\"isPartOf\":{\"@id\":\"https:\/\/www.erresse-shop.it\/es\/#website\"},\"datePublished\":\"2025-02-14T09:30:09+00:00\",\"dateModified\":\"2025-04-24T10:41:01+00:00\",\"description\":\"Material: MDF Mesa de centro cuadrada con dise\u00f1o floral S Forma minimalista, sencilla y sin adornos. En emocionante contraste con esto est\u00e1n los patrones\",\"breadcrumb\":{\"@id\":\"https:\/\/www.erresse-shop.it\/es\/shop\/mobiliario\/muebles\/toms-drag-comoda-2-cajones-aruba-copia\/#breadcrumb\"},\"inLanguage\":\"es\",\"potentialAction\":[{\"@type\":\"ReadAction\",\"target\":[\"https:\/\/www.erresse-shop.it\/es\/shop\/mobiliario\/muebles\/toms-drag-comoda-2-cajones-aruba-copia\/\"]}]},{\"@type\":\"BreadcrumbList\",\"@id\":\"https:\/\/www.erresse-shop.it\/es\/shop\/mobiliario\/muebles\/toms-drag-comoda-2-cajones-aruba-copia\/#breadcrumb\",\"itemListElement\":[{\"@type\":\"ListItem\",\"position\":1,\"name\":\"Home\",\"item\":\"https:\/\/www.erresse-shop.it\/es\/\"},{\"@type\":\"ListItem\",\"position\":2,\"name\":\"Shop\",\"item\":\"https:\/\/www.erresse-shop.it\/es\/shop\/\"},{\"@type\":\"ListItem\",\"position\":3,\"name\":\"TOM&#8217;S DRAG Mesa Cuadrada S Floral\"}]},{\"@type\":\"WebSite\",\"@id\":\"https:\/\/www.erresse-shop.it\/es\/#website\",\"url\":\"https:\/\/www.erresse-shop.it\/es\/\",\"name\":\"Erresse Shop\",\"description\":\"Articoli di qualit\u00e0 per la casa\",\"potentialAction\":[{\"@type\":\"SearchAction\",\"target\":{\"@type\":\"EntryPoint\",\"urlTemplate\":\"https:\/\/www.erresse-shop.it\/es\/?s={search_term_string}\"},\"query-input\":\"required name=search_term_string\"}],\"inLanguage\":\"es\"}]}<\/script>\n<!-- \/ Yoast SEO Premium plugin. -->","yoast_head_json":{"title":"TOM'S DRAG Mesa Cuadrada S Floral - Erresse Shop","description":"Material: MDF Mesa de centro cuadrada con dise\u00f1o floral S Forma minimalista, sencilla y sin adornos. En emocionante contraste con esto est\u00e1n los patrones","robots":{"index":"index","follow":"follow","max-snippet":"max-snippet:-1","max-image-preview":"max-image-preview:large","max-video-preview":"max-video-preview:-1"},"canonical":"https:\/\/www.erresse-shop.it\/es\/shop\/mobiliario\/muebles\/toms-drag-comoda-2-cajones-aruba-copia\/","og_locale":"es_ES","og_type":"article","og_title":"TOM'S DRAG Mesa Cuadrada S Floral","og_description":"Material: MDF Mesa de centro cuadrada con dise\u00f1o floral S Forma minimalista, sencilla y sin adornos. En emocionante contraste con esto est\u00e1n los patrones","og_url":"https:\/\/www.erresse-shop.it\/es\/shop\/mobiliario\/muebles\/toms-drag-comoda-2-cajones-aruba-copia\/","og_site_name":"Erresse Shop","article_modified_time":"2025-04-24T10:41:01+00:00","og_image":[{"width":1200,"height":1200,"url":"https:\/\/www.erresse-shop.it\/wp-content\/uploads\/2025\/02\/TOMS-DRAG-Tavolino-Quadrato-S-Floreale.jpg","type":"image\/jpeg"}],"twitter_card":"summary_large_image","schema":{"@context":"https:\/\/schema.org","@graph":[{"@type":"WebPage","@id":"https:\/\/www.erresse-shop.it\/es\/shop\/mobiliario\/muebles\/toms-drag-comoda-2-cajones-aruba-copia\/","url":"https:\/\/www.erresse-shop.it\/es\/shop\/mobiliario\/muebles\/toms-drag-comoda-2-cajones-aruba-copia\/","name":"TOM'S DRAG Mesa Cuadrada S Floral - Erresse Shop","isPartOf":{"@id":"https:\/\/www.erresse-shop.it\/es\/#website"},"datePublished":"2025-02-14T09:30:09+00:00","dateModified":"2025-04-24T10:41:01+00:00","description":"Material: MDF Mesa de centro cuadrada con dise\u00f1o floral S Forma minimalista, sencilla y sin adornos. En emocionante contraste con esto est\u00e1n los patrones","breadcrumb":{"@id":"https:\/\/www.erresse-shop.it\/es\/shop\/mobiliario\/muebles\/toms-drag-comoda-2-cajones-aruba-copia\/#breadcrumb"},"inLanguage":"es","potentialAction":[{"@type":"ReadAction","target":["https:\/\/www.erresse-shop.it\/es\/shop\/mobiliario\/muebles\/toms-drag-comoda-2-cajones-aruba-copia\/"]}]},{"@type":"BreadcrumbList","@id":"https:\/\/www.erresse-shop.it\/es\/shop\/mobiliario\/muebles\/toms-drag-comoda-2-cajones-aruba-copia\/#breadcrumb","itemListElement":[{"@type":"ListItem","position":1,"name":"Home","item":"https:\/\/www.erresse-shop.it\/es\/"},{"@type":"ListItem","position":2,"name":"Shop","item":"https:\/\/www.erresse-shop.it\/es\/shop\/"},{"@type":"ListItem","position":3,"name":"TOM&#8217;S DRAG Mesa Cuadrada S Floral"}]},{"@type":"WebSite","@id":"https:\/\/www.erresse-shop.it\/es\/#website","url":"https:\/\/www.erresse-shop.it\/es\/","name":"Erresse Shop","description":"Articoli di qualit\u00e0 per la casa","potentialAction":[{"@type":"SearchAction","target":{"@type":"EntryPoint","urlTemplate":"https:\/\/www.erresse-shop.it\/es\/?s={search_term_string}"},"query-input":"required name=search_term_string"}],"inLanguage":"es"}]}},"df_price":197.6,"df_sale_price":197.6,"df_regular_price":380,"df_image_link":"https:\/\/www.erresse-shop.it\/wp-content\/uploads\/2025\/02\/TOMS-DRAG-Tavolino-Quadrato-S-Floreale-300x300.jpg","_links":{"self":[{"href":"https:\/\/www.erresse-shop.it\/es\/wp-json\/wp\/v2\/product\/468855"}],"collection":[{"href":"https:\/\/www.erresse-shop.it\/es\/wp-json\/wp\/v2\/product"}],"about":[{"href":"https:\/\/www.erresse-shop.it\/es\/wp-json\/wp\/v2\/types\/product"}],"wp:featuredmedia":[{"embeddable":true,"href":"https:\/\/www.erresse-shop.it\/es\/wp-json\/wp\/v2\/media\/468863"}],"wp:attachment":[{"href":"https:\/\/www.erresse-shop.it\/es\/wp-json\/wp\/v2\/media?parent=468855"}],"wp:term":[{"taxonomy":"product_cat","embeddable":true,"href":"https:\/\/www.erresse-shop.it\/es\/wp-json\/wp\/v2\/product_cat?post=468855"},{"taxonomy":"product_tag","embeddable":true,"href":"https:\/\/www.erresse-shop.it\/es\/wp-json\/wp\/v2\/product_tag?post=468855"}],"curies":[{"name":"wp","href":"https:\/\/api.w.org\/{rel}","templated":true}]}}