{"id":468820,"date":"2025-02-14T08:06:13","date_gmt":"2025-02-14T08:06:17","guid":{"rendered":"https:\/\/www.erresse-shop.it\/?post_type=product&#038;p=468820"},"modified":"2025-02-14T08:31:14","modified_gmt":"2025-02-14T08:31:14","slug":"baci-milano-gli-inseparabili-busto-de-mr-black-32-cm-copia","status":"publish","type":"product","link":"https:\/\/www.erresse-shop.it\/es\/shop\/mobiliario\/articulos-de-decoracion\/baci-milano-gli-inseparabili-busto-de-mr-black-32-cm-copia\/","title":{"rendered":"BACI MILANO Gli Inseparabili Sujetalibros Sr. Black y Sra. White 26 cm"},"content":{"rendered":"<section class=\"elementor-sectionelementor-top-sectionelementor-elementelementor-element-b5abae8elementor-section-boxedelementor-section-height-defaultelementor-section-height-default\" data-id=\"b5abae8\" data-element_type=\"secci\u00f3n\">\n<div class=\"elementor-containerelementor-column-gap-default\">\n<div class=\"elemento-columnaelemento-col-100elemento-columna-superiorelemento-elementoelemento-cf64e8a\" data-id=\"cf64e8a\" data-element_type=\"columna\">\n<div class=\"elementor-widget-wrapelementor-element-populated\">\n<div class=\"elementor-elementelementor-element-5be263felementor-widgetelementor-widget-heading\" data-id=\"5be263f\" data-element_type=\"widget\" data-widget_type=\"heading.default\">\n<div class=\"elementor-widget-container\">\n<p>Muestra tu personalidad \u00fanica con los Inseparables Sra. White &amp; Se\u00f1or Negro de Baci Milano.<\/p>\n<p>Combina funcionalidad y estilo con estos dos amigos inseparables para formar un dise\u00f1o \u00fanico. Un toque de alegr\u00eda y estilo a tu espacio personal. (\u00a1Demuestra qui\u00e9n es el verdadero jefe de la biblioteca!<\/p>\n<p>El arte del contraste en blanco y negro cobra vida con el par de sujetalibros &#8220;Gli Inseparabili&#8221; Mrs. White y Mr. Black de Baci Milano.<\/p>\n<p>Una combinaci\u00f3n perfecta de elegancia y modernidad, con l\u00edneas limpias y sofisticadas. Insp\u00edrate en estos dos protagonistas que encarnan el estilo contempor\u00e1neo y a\u00f1aden un toque de sofisticaci\u00f3n a tu colecci\u00f3n.<\/p>\n<\/div>\n<\/div>\n<\/div>\n<\/div>\n<p><strong>Material<\/strong>: Resin<br \/>\n<strong>Dimensiones<\/strong>: Alto 26 cm<\/p>\n<\/div>\n<\/section>\n","protected":false},"excerpt":{"rendered":"<p>Muestra tu personalidad \u00fanica con los Inseparables Sra. White &amp; Se\u00f1or Negro de Baci Milano. Combina funcionalidad y estilo con<\/p>\n","protected":false},"featured_media":468834,"template":"","meta":{"_acf_changed":false,"inline_featured_image":false},"product_cat":[16026,16016],"product_tag":[25029,19372,16307,25023],"acf":[],"yoast_head":"<!-- This site is optimized with the Yoast SEO Premium plugin v18.6 (Yoast SEO v19.13) - https:\/\/yoast.com\/wordpress\/plugins\/seo\/ -->\n<title>BACI MILANO Gli Inseparabili Sujetalibros Sr. Black y Sra. White 26 cm - Erresse Shop<\/title>\n<meta name=\"description\" content=\"Muestra tu personalidad \u00fanica con los Inseparables Sra. White &amp; Se\u00f1or Negro de Baci Milano. Combina funcionalidad y estilo con estos dos amigos\" \/>\n<meta name=\"robots\" content=\"index, follow, max-snippet:-1, max-image-preview:large, max-video-preview:-1\" \/>\n<link rel=\"canonical\" href=\"https:\/\/www.erresse-shop.it\/es\/shop\/mobiliario\/articulos-de-decoracion\/baci-milano-gli-inseparabili-busto-de-mr-black-32-cm-copia\/\" \/>\n<meta property=\"og:locale\" content=\"es_ES\" \/>\n<meta property=\"og:type\" content=\"article\" \/>\n<meta property=\"og:title\" content=\"BACI MILANO Gli Inseparabili Sujetalibros Sr. Black y Sra. White 26 cm\" \/>\n<meta property=\"og:description\" content=\"Muestra tu personalidad \u00fanica con los Inseparables Sra. White &amp; Se\u00f1or Negro de Baci Milano. Combina funcionalidad y estilo con estos dos amigos\" \/>\n<meta property=\"og:url\" content=\"https:\/\/www.erresse-shop.it\/es\/shop\/mobiliario\/articulos-de-decoracion\/baci-milano-gli-inseparabili-busto-de-mr-black-32-cm-copia\/\" \/>\n<meta property=\"og:site_name\" content=\"Erresse Shop\" \/>\n<meta property=\"article:modified_time\" content=\"2025-02-14T08:31:14+00:00\" \/>\n<meta property=\"og:image\" content=\"https:\/\/www.erresse-shop.it\/wp-content\/uploads\/2025\/02\/BACI-MILANO-Gli-Inseparabili-Fermalibro-Mr.-Black-Mrs.-White-26-cm.jpg\" \/>\n\t<meta property=\"og:image:width\" content=\"1200\" \/>\n\t<meta property=\"og:image:height\" content=\"1200\" \/>\n\t<meta property=\"og:image:type\" content=\"image\/jpeg\" \/>\n<meta name=\"twitter:card\" content=\"summary_large_image\" \/>\n<script type=\"application\/ld+json\" class=\"yoast-schema-graph\">{\"@context\":\"https:\/\/schema.org\",\"@graph\":[{\"@type\":\"WebPage\",\"@id\":\"https:\/\/www.erresse-shop.it\/es\/shop\/mobiliario\/articulos-de-decoracion\/baci-milano-gli-inseparabili-busto-de-mr-black-32-cm-copia\/\",\"url\":\"https:\/\/www.erresse-shop.it\/es\/shop\/mobiliario\/articulos-de-decoracion\/baci-milano-gli-inseparabili-busto-de-mr-black-32-cm-copia\/\",\"name\":\"BACI MILANO Gli Inseparabili Sujetalibros Sr. Black y Sra. White 26 cm - Erresse Shop\",\"isPartOf\":{\"@id\":\"https:\/\/www.erresse-shop.it\/es\/#website\"},\"datePublished\":\"2025-02-14T08:06:17+00:00\",\"dateModified\":\"2025-02-14T08:31:14+00:00\",\"description\":\"Muestra tu personalidad \u00fanica con los Inseparables Sra. White &amp; Se\u00f1or Negro de Baci Milano. Combina funcionalidad y estilo con estos dos amigos\",\"breadcrumb\":{\"@id\":\"https:\/\/www.erresse-shop.it\/es\/shop\/mobiliario\/articulos-de-decoracion\/baci-milano-gli-inseparabili-busto-de-mr-black-32-cm-copia\/#breadcrumb\"},\"inLanguage\":\"es\",\"potentialAction\":[{\"@type\":\"ReadAction\",\"target\":[\"https:\/\/www.erresse-shop.it\/es\/shop\/mobiliario\/articulos-de-decoracion\/baci-milano-gli-inseparabili-busto-de-mr-black-32-cm-copia\/\"]}]},{\"@type\":\"BreadcrumbList\",\"@id\":\"https:\/\/www.erresse-shop.it\/es\/shop\/mobiliario\/articulos-de-decoracion\/baci-milano-gli-inseparabili-busto-de-mr-black-32-cm-copia\/#breadcrumb\",\"itemListElement\":[{\"@type\":\"ListItem\",\"position\":1,\"name\":\"Home\",\"item\":\"https:\/\/www.erresse-shop.it\/es\/\"},{\"@type\":\"ListItem\",\"position\":2,\"name\":\"Shop\",\"item\":\"https:\/\/www.erresse-shop.it\/es\/shop\/\"},{\"@type\":\"ListItem\",\"position\":3,\"name\":\"BACI MILANO Gli Inseparabili Sujetalibros Sr. Black y Sra. White 26 cm\"}]},{\"@type\":\"WebSite\",\"@id\":\"https:\/\/www.erresse-shop.it\/es\/#website\",\"url\":\"https:\/\/www.erresse-shop.it\/es\/\",\"name\":\"Erresse Shop\",\"description\":\"Articoli di qualit\u00e0 per la casa\",\"potentialAction\":[{\"@type\":\"SearchAction\",\"target\":{\"@type\":\"EntryPoint\",\"urlTemplate\":\"https:\/\/www.erresse-shop.it\/es\/?s={search_term_string}\"},\"query-input\":\"required name=search_term_string\"}],\"inLanguage\":\"es\"}]}<\/script>\n<!-- \/ Yoast SEO Premium plugin. -->","yoast_head_json":{"title":"BACI MILANO Gli Inseparabili Sujetalibros Sr. Black y Sra. White 26 cm - Erresse Shop","description":"Muestra tu personalidad \u00fanica con los Inseparables Sra. White &amp; Se\u00f1or Negro de Baci Milano. Combina funcionalidad y estilo con estos dos amigos","robots":{"index":"index","follow":"follow","max-snippet":"max-snippet:-1","max-image-preview":"max-image-preview:large","max-video-preview":"max-video-preview:-1"},"canonical":"https:\/\/www.erresse-shop.it\/es\/shop\/mobiliario\/articulos-de-decoracion\/baci-milano-gli-inseparabili-busto-de-mr-black-32-cm-copia\/","og_locale":"es_ES","og_type":"article","og_title":"BACI MILANO Gli Inseparabili Sujetalibros Sr. Black y Sra. White 26 cm","og_description":"Muestra tu personalidad \u00fanica con los Inseparables Sra. White &amp; Se\u00f1or Negro de Baci Milano. Combina funcionalidad y estilo con estos dos amigos","og_url":"https:\/\/www.erresse-shop.it\/es\/shop\/mobiliario\/articulos-de-decoracion\/baci-milano-gli-inseparabili-busto-de-mr-black-32-cm-copia\/","og_site_name":"Erresse Shop","article_modified_time":"2025-02-14T08:31:14+00:00","og_image":[{"width":1200,"height":1200,"url":"https:\/\/www.erresse-shop.it\/wp-content\/uploads\/2025\/02\/BACI-MILANO-Gli-Inseparabili-Fermalibro-Mr.-Black-Mrs.-White-26-cm.jpg","type":"image\/jpeg"}],"twitter_card":"summary_large_image","schema":{"@context":"https:\/\/schema.org","@graph":[{"@type":"WebPage","@id":"https:\/\/www.erresse-shop.it\/es\/shop\/mobiliario\/articulos-de-decoracion\/baci-milano-gli-inseparabili-busto-de-mr-black-32-cm-copia\/","url":"https:\/\/www.erresse-shop.it\/es\/shop\/mobiliario\/articulos-de-decoracion\/baci-milano-gli-inseparabili-busto-de-mr-black-32-cm-copia\/","name":"BACI MILANO Gli Inseparabili Sujetalibros Sr. Black y Sra. White 26 cm - Erresse Shop","isPartOf":{"@id":"https:\/\/www.erresse-shop.it\/es\/#website"},"datePublished":"2025-02-14T08:06:17+00:00","dateModified":"2025-02-14T08:31:14+00:00","description":"Muestra tu personalidad \u00fanica con los Inseparables Sra. White &amp; Se\u00f1or Negro de Baci Milano. Combina funcionalidad y estilo con estos dos amigos","breadcrumb":{"@id":"https:\/\/www.erresse-shop.it\/es\/shop\/mobiliario\/articulos-de-decoracion\/baci-milano-gli-inseparabili-busto-de-mr-black-32-cm-copia\/#breadcrumb"},"inLanguage":"es","potentialAction":[{"@type":"ReadAction","target":["https:\/\/www.erresse-shop.it\/es\/shop\/mobiliario\/articulos-de-decoracion\/baci-milano-gli-inseparabili-busto-de-mr-black-32-cm-copia\/"]}]},{"@type":"BreadcrumbList","@id":"https:\/\/www.erresse-shop.it\/es\/shop\/mobiliario\/articulos-de-decoracion\/baci-milano-gli-inseparabili-busto-de-mr-black-32-cm-copia\/#breadcrumb","itemListElement":[{"@type":"ListItem","position":1,"name":"Home","item":"https:\/\/www.erresse-shop.it\/es\/"},{"@type":"ListItem","position":2,"name":"Shop","item":"https:\/\/www.erresse-shop.it\/es\/shop\/"},{"@type":"ListItem","position":3,"name":"BACI MILANO Gli Inseparabili Sujetalibros Sr. Black y Sra. White 26 cm"}]},{"@type":"WebSite","@id":"https:\/\/www.erresse-shop.it\/es\/#website","url":"https:\/\/www.erresse-shop.it\/es\/","name":"Erresse Shop","description":"Articoli di qualit\u00e0 per la casa","potentialAction":[{"@type":"SearchAction","target":{"@type":"EntryPoint","urlTemplate":"https:\/\/www.erresse-shop.it\/es\/?s={search_term_string}"},"query-input":"required name=search_term_string"}],"inLanguage":"es"}]}},"df_price":62,"df_sale_price":62,"df_regular_price":124,"df_image_link":"https:\/\/www.erresse-shop.it\/wp-content\/uploads\/2025\/02\/BACI-MILANO-Gli-Inseparabili-Fermalibro-Mr.-Black-Mrs.-White-26-cm-300x300.jpg","_links":{"self":[{"href":"https:\/\/www.erresse-shop.it\/es\/wp-json\/wp\/v2\/product\/468820"}],"collection":[{"href":"https:\/\/www.erresse-shop.it\/es\/wp-json\/wp\/v2\/product"}],"about":[{"href":"https:\/\/www.erresse-shop.it\/es\/wp-json\/wp\/v2\/types\/product"}],"wp:featuredmedia":[{"embeddable":true,"href":"https:\/\/www.erresse-shop.it\/es\/wp-json\/wp\/v2\/media\/468834"}],"wp:attachment":[{"href":"https:\/\/www.erresse-shop.it\/es\/wp-json\/wp\/v2\/media?parent=468820"}],"wp:term":[{"taxonomy":"product_cat","embeddable":true,"href":"https:\/\/www.erresse-shop.it\/es\/wp-json\/wp\/v2\/product_cat?post=468820"},{"taxonomy":"product_tag","embeddable":true,"href":"https:\/\/www.erresse-shop.it\/es\/wp-json\/wp\/v2\/product_tag?post=468820"}],"curies":[{"name":"wp","href":"https:\/\/api.w.org\/{rel}","templated":true}]}}