{"id":468791,"date":"2025-02-14T07:30:09","date_gmt":"2025-02-14T07:30:13","guid":{"rendered":"https:\/\/www.erresse-shop.it\/?post_type=product&#038;p=468791"},"modified":"2025-02-14T07:47:20","modified_gmt":"2025-02-14T07:47:20","slug":"baci-milano-pareja-de-cabeza-blanca-32cm-copia","status":"publish","type":"product","link":"https:\/\/www.erresse-shop.it\/es\/shop\/mobiliario\/articulos-de-decoracion\/baci-milano-pareja-de-cabeza-blanca-32cm-copia\/","title":{"rendered":"BACI MILANO Gli Inseparabili Busto de la Sra. White 32 cm"},"content":{"rendered":"<section class=\"elementor-sectionelementor-top-sectionelementor-elementelementor-element-b5abae8elementor-section-boxedelementor-section-height-defaultelementor-section-height-default\" data-id=\"b5abae8\" data-element_type=\"secci\u00f3n\">\n<div class=\"elementor-containerelementor-column-gap-default\">\n<div class=\"elemento-columnaelemento-col-100elemento-columna-superiorelemento-elementoelemento-cf64e8a\" data-id=\"cf64e8a\" data-element_type=\"columna\">\n<div class=\"elementor-widget-wrapelementor-element-populated\">\n<div class=\"elementor-elementelementor-element-5be263felementor-widgetelementor-widget-heading\" data-id=\"5be263f\" data-element_type=\"widget\" data-widget_type=\"heading.default\">\n<div class=\"elementor-widget-container\">\n<p>La nueva colecci\u00f3n Gli Inseparabili Baci Milano es un homenaje al arte del contraste en Blanco y Negro: la elegancia del blanco se funde con la profundidad del negro, creando un juego de contrastes refinados y modernos.<\/p>\n<p>Los protagonistas de esta colecci\u00f3n, Mrs White y Mr Black, encarnan la esencia del estilo contempor\u00e1neo a trav\u00e9s de dise\u00f1os sofisticados y vanguardistas.<\/p>\n<p>El busto de la Sra. White de Baci Milano Gli Inseparabili es una cabeza femenina original retratada en una pose aparentemente seria, completa con un sombrero blanco y negro y gafas con pendientes estrictamente negros.<\/p>\n<p>Su nombre es Sra. White y est\u00e1 emparejada con Sr. Black: est\u00e1n hechos el uno para el otro, son complementarios e inextricablemente vinculados, como los dos extremos de un contraste impecable.<\/p>\n<p>\u00a1Esta cabeza traer\u00e1 alegr\u00eda y una pizca de locura a los ambientes de tu hogar y tambi\u00e9n ser\u00e1 perfecta como idea de regalo para alguien especial!<\/p>\n<\/div>\n<\/div>\n<\/div>\n<\/div>\n<p><strong>Material<\/strong>: Resin<br \/>\n<strong>Dimensiones<\/strong>: Alto 32 cm<\/p>\n<\/div>\n<\/section>\n","protected":false},"excerpt":{"rendered":"<p>La nueva colecci\u00f3n Gli Inseparabili Baci Milano es un homenaje al arte del contraste en Blanco y Negro: la elegancia<\/p>\n","protected":false},"featured_media":468787,"template":"","meta":{"_acf_changed":false,"inline_featured_image":false},"product_cat":[16026,16016],"product_tag":[25029,19372,16122,16307,25023],"acf":[],"yoast_head":"<!-- This site is optimized with the Yoast SEO Premium plugin v18.6 (Yoast SEO v19.13) - https:\/\/yoast.com\/wordpress\/plugins\/seo\/ -->\n<title>BACI MILANO Gli Inseparabili Busto de la Sra. White 32 cm - Erresse Shop<\/title>\n<meta name=\"description\" content=\"La nueva colecci\u00f3n Gli Inseparabili Baci Milano es un homenaje al arte del contraste en Blanco y Negro: la elegancia del blanco se funde con la\" \/>\n<meta name=\"robots\" content=\"index, follow, max-snippet:-1, max-image-preview:large, max-video-preview:-1\" \/>\n<link rel=\"canonical\" href=\"https:\/\/www.erresse-shop.it\/es\/shop\/mobiliario\/articulos-de-decoracion\/baci-milano-pareja-de-cabeza-blanca-32cm-copia\/\" \/>\n<meta property=\"og:locale\" content=\"es_ES\" \/>\n<meta property=\"og:type\" content=\"article\" \/>\n<meta property=\"og:title\" content=\"BACI MILANO Gli Inseparabili Busto de la Sra. White 32 cm\" \/>\n<meta property=\"og:description\" content=\"La nueva colecci\u00f3n Gli Inseparabili Baci Milano es un homenaje al arte del contraste en Blanco y Negro: la elegancia del blanco se funde con la\" \/>\n<meta property=\"og:url\" content=\"https:\/\/www.erresse-shop.it\/es\/shop\/mobiliario\/articulos-de-decoracion\/baci-milano-pareja-de-cabeza-blanca-32cm-copia\/\" \/>\n<meta property=\"og:site_name\" content=\"Erresse Shop\" \/>\n<meta property=\"article:modified_time\" content=\"2025-02-14T07:47:20+00:00\" \/>\n<meta property=\"og:image\" content=\"https:\/\/www.erresse-shop.it\/wp-content\/uploads\/2025\/02\/BACI-MILANO-Gli-Inseparabili-Busto-Mrs-White-32-cm.jpg\" \/>\n\t<meta property=\"og:image:width\" content=\"1200\" \/>\n\t<meta property=\"og:image:height\" content=\"1200\" \/>\n\t<meta property=\"og:image:type\" content=\"image\/jpeg\" \/>\n<meta name=\"twitter:card\" content=\"summary_large_image\" \/>\n<script type=\"application\/ld+json\" class=\"yoast-schema-graph\">{\"@context\":\"https:\/\/schema.org\",\"@graph\":[{\"@type\":\"WebPage\",\"@id\":\"https:\/\/www.erresse-shop.it\/es\/shop\/mobiliario\/articulos-de-decoracion\/baci-milano-pareja-de-cabeza-blanca-32cm-copia\/\",\"url\":\"https:\/\/www.erresse-shop.it\/es\/shop\/mobiliario\/articulos-de-decoracion\/baci-milano-pareja-de-cabeza-blanca-32cm-copia\/\",\"name\":\"BACI MILANO Gli Inseparabili Busto de la Sra. White 32 cm - Erresse Shop\",\"isPartOf\":{\"@id\":\"https:\/\/www.erresse-shop.it\/es\/#website\"},\"datePublished\":\"2025-02-14T07:30:13+00:00\",\"dateModified\":\"2025-02-14T07:47:20+00:00\",\"description\":\"La nueva colecci\u00f3n Gli Inseparabili Baci Milano es un homenaje al arte del contraste en Blanco y Negro: la elegancia del blanco se funde con la\",\"breadcrumb\":{\"@id\":\"https:\/\/www.erresse-shop.it\/es\/shop\/mobiliario\/articulos-de-decoracion\/baci-milano-pareja-de-cabeza-blanca-32cm-copia\/#breadcrumb\"},\"inLanguage\":\"es\",\"potentialAction\":[{\"@type\":\"ReadAction\",\"target\":[\"https:\/\/www.erresse-shop.it\/es\/shop\/mobiliario\/articulos-de-decoracion\/baci-milano-pareja-de-cabeza-blanca-32cm-copia\/\"]}]},{\"@type\":\"BreadcrumbList\",\"@id\":\"https:\/\/www.erresse-shop.it\/es\/shop\/mobiliario\/articulos-de-decoracion\/baci-milano-pareja-de-cabeza-blanca-32cm-copia\/#breadcrumb\",\"itemListElement\":[{\"@type\":\"ListItem\",\"position\":1,\"name\":\"Home\",\"item\":\"https:\/\/www.erresse-shop.it\/es\/\"},{\"@type\":\"ListItem\",\"position\":2,\"name\":\"Shop\",\"item\":\"https:\/\/www.erresse-shop.it\/es\/shop\/\"},{\"@type\":\"ListItem\",\"position\":3,\"name\":\"BACI MILANO Gli Inseparabili Busto de la Sra. White 32 cm\"}]},{\"@type\":\"WebSite\",\"@id\":\"https:\/\/www.erresse-shop.it\/es\/#website\",\"url\":\"https:\/\/www.erresse-shop.it\/es\/\",\"name\":\"Erresse Shop\",\"description\":\"Articoli di qualit\u00e0 per la casa\",\"potentialAction\":[{\"@type\":\"SearchAction\",\"target\":{\"@type\":\"EntryPoint\",\"urlTemplate\":\"https:\/\/www.erresse-shop.it\/es\/?s={search_term_string}\"},\"query-input\":\"required name=search_term_string\"}],\"inLanguage\":\"es\"}]}<\/script>\n<!-- \/ Yoast SEO Premium plugin. -->","yoast_head_json":{"title":"BACI MILANO Gli Inseparabili Busto de la Sra. White 32 cm - Erresse Shop","description":"La nueva colecci\u00f3n Gli Inseparabili Baci Milano es un homenaje al arte del contraste en Blanco y Negro: la elegancia del blanco se funde con la","robots":{"index":"index","follow":"follow","max-snippet":"max-snippet:-1","max-image-preview":"max-image-preview:large","max-video-preview":"max-video-preview:-1"},"canonical":"https:\/\/www.erresse-shop.it\/es\/shop\/mobiliario\/articulos-de-decoracion\/baci-milano-pareja-de-cabeza-blanca-32cm-copia\/","og_locale":"es_ES","og_type":"article","og_title":"BACI MILANO Gli Inseparabili Busto de la Sra. White 32 cm","og_description":"La nueva colecci\u00f3n Gli Inseparabili Baci Milano es un homenaje al arte del contraste en Blanco y Negro: la elegancia del blanco se funde con la","og_url":"https:\/\/www.erresse-shop.it\/es\/shop\/mobiliario\/articulos-de-decoracion\/baci-milano-pareja-de-cabeza-blanca-32cm-copia\/","og_site_name":"Erresse Shop","article_modified_time":"2025-02-14T07:47:20+00:00","og_image":[{"width":1200,"height":1200,"url":"https:\/\/www.erresse-shop.it\/wp-content\/uploads\/2025\/02\/BACI-MILANO-Gli-Inseparabili-Busto-Mrs-White-32-cm.jpg","type":"image\/jpeg"}],"twitter_card":"summary_large_image","schema":{"@context":"https:\/\/schema.org","@graph":[{"@type":"WebPage","@id":"https:\/\/www.erresse-shop.it\/es\/shop\/mobiliario\/articulos-de-decoracion\/baci-milano-pareja-de-cabeza-blanca-32cm-copia\/","url":"https:\/\/www.erresse-shop.it\/es\/shop\/mobiliario\/articulos-de-decoracion\/baci-milano-pareja-de-cabeza-blanca-32cm-copia\/","name":"BACI MILANO Gli Inseparabili Busto de la Sra. White 32 cm - Erresse Shop","isPartOf":{"@id":"https:\/\/www.erresse-shop.it\/es\/#website"},"datePublished":"2025-02-14T07:30:13+00:00","dateModified":"2025-02-14T07:47:20+00:00","description":"La nueva colecci\u00f3n Gli Inseparabili Baci Milano es un homenaje al arte del contraste en Blanco y Negro: la elegancia del blanco se funde con la","breadcrumb":{"@id":"https:\/\/www.erresse-shop.it\/es\/shop\/mobiliario\/articulos-de-decoracion\/baci-milano-pareja-de-cabeza-blanca-32cm-copia\/#breadcrumb"},"inLanguage":"es","potentialAction":[{"@type":"ReadAction","target":["https:\/\/www.erresse-shop.it\/es\/shop\/mobiliario\/articulos-de-decoracion\/baci-milano-pareja-de-cabeza-blanca-32cm-copia\/"]}]},{"@type":"BreadcrumbList","@id":"https:\/\/www.erresse-shop.it\/es\/shop\/mobiliario\/articulos-de-decoracion\/baci-milano-pareja-de-cabeza-blanca-32cm-copia\/#breadcrumb","itemListElement":[{"@type":"ListItem","position":1,"name":"Home","item":"https:\/\/www.erresse-shop.it\/es\/"},{"@type":"ListItem","position":2,"name":"Shop","item":"https:\/\/www.erresse-shop.it\/es\/shop\/"},{"@type":"ListItem","position":3,"name":"BACI MILANO Gli Inseparabili Busto de la Sra. White 32 cm"}]},{"@type":"WebSite","@id":"https:\/\/www.erresse-shop.it\/es\/#website","url":"https:\/\/www.erresse-shop.it\/es\/","name":"Erresse Shop","description":"Articoli di qualit\u00e0 per la casa","potentialAction":[{"@type":"SearchAction","target":{"@type":"EntryPoint","urlTemplate":"https:\/\/www.erresse-shop.it\/es\/?s={search_term_string}"},"query-input":"required name=search_term_string"}],"inLanguage":"es"}]}},"df_price":75,"df_sale_price":75,"df_regular_price":150,"df_image_link":"https:\/\/www.erresse-shop.it\/wp-content\/uploads\/2025\/02\/BACI-MILANO-Gli-Inseparabili-Busto-Mrs-White-32-cm-300x300.jpg","_links":{"self":[{"href":"https:\/\/www.erresse-shop.it\/es\/wp-json\/wp\/v2\/product\/468791"}],"collection":[{"href":"https:\/\/www.erresse-shop.it\/es\/wp-json\/wp\/v2\/product"}],"about":[{"href":"https:\/\/www.erresse-shop.it\/es\/wp-json\/wp\/v2\/types\/product"}],"wp:featuredmedia":[{"embeddable":true,"href":"https:\/\/www.erresse-shop.it\/es\/wp-json\/wp\/v2\/media\/468787"}],"wp:attachment":[{"href":"https:\/\/www.erresse-shop.it\/es\/wp-json\/wp\/v2\/media?parent=468791"}],"wp:term":[{"taxonomy":"product_cat","embeddable":true,"href":"https:\/\/www.erresse-shop.it\/es\/wp-json\/wp\/v2\/product_cat?post=468791"},{"taxonomy":"product_tag","embeddable":true,"href":"https:\/\/www.erresse-shop.it\/es\/wp-json\/wp\/v2\/product_tag?post=468791"}],"curies":[{"name":"wp","href":"https:\/\/api.w.org\/{rel}","templated":true}]}}