{"id":468699,"date":"2025-02-13T14:42:39","date_gmt":"2025-02-13T14:42:43","guid":{"rendered":"https:\/\/www.erresse-shop.it\/?post_type=product&#038;p=468699"},"modified":"2025-02-13T14:53:30","modified_gmt":"2025-02-13T14:53:30","slug":"wd-lifestyle-jarra-de-cristal-con-escritura-decorativa-copia","status":"publish","type":"product","link":"https:\/\/www.erresse-shop.it\/es\/shop\/tabla\/jarras-garaffas-botellas\/wd-lifestyle-jarra-de-cristal-con-escritura-decorativa-copia\/","title":{"rendered":"BACI MILANO Acqua Jarra 2,25 L Naranja"},"content":{"rendered":"<p>Jarra acr\u00edlica de 2,25 l de la delicada colecci\u00f3n Aqua. Las l\u00edneas cl\u00e1sicas perfectas encuentran espacio y expresi\u00f3n en objetos capaces de combinar la seducci\u00f3n de un dise\u00f1o refinado con la armon\u00eda de un material funcional como el acr\u00edlico.<\/p>\n<p>Capacidad: 2,25 L<br \/>\nTama\u00f1o: \u00d8 18 cm, alto 24,6 cm<\/p>\n<p>Apto para lavavajillas a temperaturas inferiores a 50\u00b0. Lavar con abrillantadores no agresivos.<br \/>\nNo apto para microondas.<\/p>\n<p>&nbsp;<\/p>\n","protected":false},"excerpt":{"rendered":"<p>Jarra acr\u00edlica de 2,25 l de la delicada colecci\u00f3n Aqua. Las l\u00edneas cl\u00e1sicas perfectas encuentran espacio y expresi\u00f3n en objetos<\/p>\n","protected":false},"featured_media":468712,"template":"","meta":{"_acf_changed":false,"inline_featured_image":false},"product_cat":[16029,16027],"product_tag":[24870,16311,24871,24605],"acf":[],"yoast_head":"<!-- This site is optimized with the Yoast SEO Premium plugin v18.6 (Yoast SEO v19.13) - https:\/\/yoast.com\/wordpress\/plugins\/seo\/ -->\n<title>BACI MILANO Acqua Jarra 2,25 L Naranja - Erresse Shop<\/title>\n<meta name=\"description\" content=\"Jarra acr\u00edlica de 2,25 l de la delicada colecci\u00f3n Aqua. Las l\u00edneas cl\u00e1sicas perfectas encuentran espacio y expresi\u00f3n en objetos capaces de combinar la\" \/>\n<meta name=\"robots\" content=\"index, follow, max-snippet:-1, max-image-preview:large, max-video-preview:-1\" \/>\n<link rel=\"canonical\" href=\"https:\/\/www.erresse-shop.it\/es\/shop\/tabla\/jarras-garaffas-botellas\/wd-lifestyle-jarra-de-cristal-con-escritura-decorativa-copia\/\" \/>\n<meta property=\"og:locale\" content=\"es_ES\" \/>\n<meta property=\"og:type\" content=\"article\" \/>\n<meta property=\"og:title\" content=\"BACI MILANO Acqua Jarra 2,25 L Naranja\" \/>\n<meta property=\"og:description\" content=\"Jarra acr\u00edlica de 2,25 l de la delicada colecci\u00f3n Aqua. Las l\u00edneas cl\u00e1sicas perfectas encuentran espacio y expresi\u00f3n en objetos capaces de combinar la\" \/>\n<meta property=\"og:url\" content=\"https:\/\/www.erresse-shop.it\/es\/shop\/tabla\/jarras-garaffas-botellas\/wd-lifestyle-jarra-de-cristal-con-escritura-decorativa-copia\/\" \/>\n<meta property=\"og:site_name\" content=\"Erresse Shop\" \/>\n<meta property=\"article:modified_time\" content=\"2025-02-13T14:53:30+00:00\" \/>\n<meta property=\"og:image\" content=\"https:\/\/www.erresse-shop.it\/wp-content\/uploads\/2025\/02\/BACI-MILANO-Acqua-Brocca-225-L-Arancio.jpg\" \/>\n\t<meta property=\"og:image:width\" content=\"1200\" \/>\n\t<meta property=\"og:image:height\" content=\"1200\" \/>\n\t<meta property=\"og:image:type\" content=\"image\/jpeg\" \/>\n<meta name=\"twitter:card\" content=\"summary_large_image\" \/>\n<script type=\"application\/ld+json\" class=\"yoast-schema-graph\">{\"@context\":\"https:\/\/schema.org\",\"@graph\":[{\"@type\":\"WebPage\",\"@id\":\"https:\/\/www.erresse-shop.it\/es\/shop\/tabla\/jarras-garaffas-botellas\/wd-lifestyle-jarra-de-cristal-con-escritura-decorativa-copia\/\",\"url\":\"https:\/\/www.erresse-shop.it\/es\/shop\/tabla\/jarras-garaffas-botellas\/wd-lifestyle-jarra-de-cristal-con-escritura-decorativa-copia\/\",\"name\":\"BACI MILANO Acqua Jarra 2,25 L Naranja - Erresse Shop\",\"isPartOf\":{\"@id\":\"https:\/\/www.erresse-shop.it\/es\/#website\"},\"datePublished\":\"2025-02-13T14:42:43+00:00\",\"dateModified\":\"2025-02-13T14:53:30+00:00\",\"description\":\"Jarra acr\u00edlica de 2,25 l de la delicada colecci\u00f3n Aqua. Las l\u00edneas cl\u00e1sicas perfectas encuentran espacio y expresi\u00f3n en objetos capaces de combinar la\",\"breadcrumb\":{\"@id\":\"https:\/\/www.erresse-shop.it\/es\/shop\/tabla\/jarras-garaffas-botellas\/wd-lifestyle-jarra-de-cristal-con-escritura-decorativa-copia\/#breadcrumb\"},\"inLanguage\":\"es\",\"potentialAction\":[{\"@type\":\"ReadAction\",\"target\":[\"https:\/\/www.erresse-shop.it\/es\/shop\/tabla\/jarras-garaffas-botellas\/wd-lifestyle-jarra-de-cristal-con-escritura-decorativa-copia\/\"]}]},{\"@type\":\"BreadcrumbList\",\"@id\":\"https:\/\/www.erresse-shop.it\/es\/shop\/tabla\/jarras-garaffas-botellas\/wd-lifestyle-jarra-de-cristal-con-escritura-decorativa-copia\/#breadcrumb\",\"itemListElement\":[{\"@type\":\"ListItem\",\"position\":1,\"name\":\"Home\",\"item\":\"https:\/\/www.erresse-shop.it\/es\/\"},{\"@type\":\"ListItem\",\"position\":2,\"name\":\"Shop\",\"item\":\"https:\/\/www.erresse-shop.it\/es\/shop\/\"},{\"@type\":\"ListItem\",\"position\":3,\"name\":\"BACI MILANO Acqua Jarra 2,25 L Naranja\"}]},{\"@type\":\"WebSite\",\"@id\":\"https:\/\/www.erresse-shop.it\/es\/#website\",\"url\":\"https:\/\/www.erresse-shop.it\/es\/\",\"name\":\"Erresse Shop\",\"description\":\"Articoli di qualit\u00e0 per la casa\",\"potentialAction\":[{\"@type\":\"SearchAction\",\"target\":{\"@type\":\"EntryPoint\",\"urlTemplate\":\"https:\/\/www.erresse-shop.it\/es\/?s={search_term_string}\"},\"query-input\":\"required name=search_term_string\"}],\"inLanguage\":\"es\"}]}<\/script>\n<!-- \/ Yoast SEO Premium plugin. -->","yoast_head_json":{"title":"BACI MILANO Acqua Jarra 2,25 L Naranja - Erresse Shop","description":"Jarra acr\u00edlica de 2,25 l de la delicada colecci\u00f3n Aqua. Las l\u00edneas cl\u00e1sicas perfectas encuentran espacio y expresi\u00f3n en objetos capaces de combinar la","robots":{"index":"index","follow":"follow","max-snippet":"max-snippet:-1","max-image-preview":"max-image-preview:large","max-video-preview":"max-video-preview:-1"},"canonical":"https:\/\/www.erresse-shop.it\/es\/shop\/tabla\/jarras-garaffas-botellas\/wd-lifestyle-jarra-de-cristal-con-escritura-decorativa-copia\/","og_locale":"es_ES","og_type":"article","og_title":"BACI MILANO Acqua Jarra 2,25 L Naranja","og_description":"Jarra acr\u00edlica de 2,25 l de la delicada colecci\u00f3n Aqua. Las l\u00edneas cl\u00e1sicas perfectas encuentran espacio y expresi\u00f3n en objetos capaces de combinar la","og_url":"https:\/\/www.erresse-shop.it\/es\/shop\/tabla\/jarras-garaffas-botellas\/wd-lifestyle-jarra-de-cristal-con-escritura-decorativa-copia\/","og_site_name":"Erresse Shop","article_modified_time":"2025-02-13T14:53:30+00:00","og_image":[{"width":1200,"height":1200,"url":"https:\/\/www.erresse-shop.it\/wp-content\/uploads\/2025\/02\/BACI-MILANO-Acqua-Brocca-225-L-Arancio.jpg","type":"image\/jpeg"}],"twitter_card":"summary_large_image","schema":{"@context":"https:\/\/schema.org","@graph":[{"@type":"WebPage","@id":"https:\/\/www.erresse-shop.it\/es\/shop\/tabla\/jarras-garaffas-botellas\/wd-lifestyle-jarra-de-cristal-con-escritura-decorativa-copia\/","url":"https:\/\/www.erresse-shop.it\/es\/shop\/tabla\/jarras-garaffas-botellas\/wd-lifestyle-jarra-de-cristal-con-escritura-decorativa-copia\/","name":"BACI MILANO Acqua Jarra 2,25 L Naranja - Erresse Shop","isPartOf":{"@id":"https:\/\/www.erresse-shop.it\/es\/#website"},"datePublished":"2025-02-13T14:42:43+00:00","dateModified":"2025-02-13T14:53:30+00:00","description":"Jarra acr\u00edlica de 2,25 l de la delicada colecci\u00f3n Aqua. Las l\u00edneas cl\u00e1sicas perfectas encuentran espacio y expresi\u00f3n en objetos capaces de combinar la","breadcrumb":{"@id":"https:\/\/www.erresse-shop.it\/es\/shop\/tabla\/jarras-garaffas-botellas\/wd-lifestyle-jarra-de-cristal-con-escritura-decorativa-copia\/#breadcrumb"},"inLanguage":"es","potentialAction":[{"@type":"ReadAction","target":["https:\/\/www.erresse-shop.it\/es\/shop\/tabla\/jarras-garaffas-botellas\/wd-lifestyle-jarra-de-cristal-con-escritura-decorativa-copia\/"]}]},{"@type":"BreadcrumbList","@id":"https:\/\/www.erresse-shop.it\/es\/shop\/tabla\/jarras-garaffas-botellas\/wd-lifestyle-jarra-de-cristal-con-escritura-decorativa-copia\/#breadcrumb","itemListElement":[{"@type":"ListItem","position":1,"name":"Home","item":"https:\/\/www.erresse-shop.it\/es\/"},{"@type":"ListItem","position":2,"name":"Shop","item":"https:\/\/www.erresse-shop.it\/es\/shop\/"},{"@type":"ListItem","position":3,"name":"BACI MILANO Acqua Jarra 2,25 L Naranja"}]},{"@type":"WebSite","@id":"https:\/\/www.erresse-shop.it\/es\/#website","url":"https:\/\/www.erresse-shop.it\/es\/","name":"Erresse Shop","description":"Articoli di qualit\u00e0 per la casa","potentialAction":[{"@type":"SearchAction","target":{"@type":"EntryPoint","urlTemplate":"https:\/\/www.erresse-shop.it\/es\/?s={search_term_string}"},"query-input":"required name=search_term_string"}],"inLanguage":"es"}]}},"df_price":49.95,"df_sale_price":49.95,"df_regular_price":55,"df_image_link":"https:\/\/www.erresse-shop.it\/wp-content\/uploads\/2025\/02\/BACI-MILANO-Acqua-Brocca-225-L-Arancio-300x300.jpg","_links":{"self":[{"href":"https:\/\/www.erresse-shop.it\/es\/wp-json\/wp\/v2\/product\/468699"}],"collection":[{"href":"https:\/\/www.erresse-shop.it\/es\/wp-json\/wp\/v2\/product"}],"about":[{"href":"https:\/\/www.erresse-shop.it\/es\/wp-json\/wp\/v2\/types\/product"}],"wp:featuredmedia":[{"embeddable":true,"href":"https:\/\/www.erresse-shop.it\/es\/wp-json\/wp\/v2\/media\/468712"}],"wp:attachment":[{"href":"https:\/\/www.erresse-shop.it\/es\/wp-json\/wp\/v2\/media?parent=468699"}],"wp:term":[{"taxonomy":"product_cat","embeddable":true,"href":"https:\/\/www.erresse-shop.it\/es\/wp-json\/wp\/v2\/product_cat?post=468699"},{"taxonomy":"product_tag","embeddable":true,"href":"https:\/\/www.erresse-shop.it\/es\/wp-json\/wp\/v2\/product_tag?post=468699"}],"curies":[{"name":"wp","href":"https:\/\/api.w.org\/{rel}","templated":true}]}}