{"id":468366,"date":"2025-02-13T07:48:35","date_gmt":"2025-02-13T07:48:37","guid":{"rendered":"https:\/\/www.erresse-shop.it\/?post_type=product&#038;p=468366"},"modified":"2025-02-13T08:20:13","modified_gmt":"2025-02-13T08:20:13","slug":"mullex-basura-x60-l7-basic-copia","status":"publish","type":"product","link":"https:\/\/www.erresse-shop.it\/es\/shop\/mobiliario\/cubos-de-basura\/mullex-basura-x60-l7-basic-copia\/","title":{"rendered":"MULLEX Basura Euro Flexx"},"content":{"rendered":"<p>Ideal para usar en espacios reducidos.<\/p>\n<p>El contenedor tiene capacidad para una bolsa de 35 litros o dos bolsas de basura de 17 litros. El sistema FLEXX se extiende con la puerta del armario. La tecnolog\u00eda de cierre inteligente permite que la puerta se abra a un \u00e1ngulo mayor de 90\u00b0 sin da\u00f1ar las bisagras.<\/p>\n<p><strong>Informaci\u00f3n del producto:<\/strong><\/p>\n<ul>\n<li>Montaje r\u00e1pido y sencillo tanto en la puerta izquierda como en la derecha.<\/li>\n<li>Tapa con cavidad en la bandeja para guardar utensilios de cocina<\/li>\n<li>Contenedores para la recogida de residuos org\u00e1nicos o c\u00e1psulas de caf\u00e9<\/li>\n<li>F\u00e1cil de usar y limpiar, ya que el sistema se levanta f\u00e1cilmente.<\/li>\n<li>La tapa de bandeja abatible proporciona espacio adicional debajo del fregadero.<\/li>\n<\/ul>\n<p><strong>Medidas:<\/strong> 35,6 x 41 x Alto 44,2 cm<\/p>\n<p>&nbsp;<\/p>\n","protected":false},"excerpt":{"rendered":"<p>Ideal para usar en espacios reducidos. El contenedor tiene capacidad para una bolsa de 35 litros o dos bolsas de<\/p>\n","protected":false},"featured_media":468381,"template":"","meta":{"_acf_changed":false,"inline_featured_image":false},"product_cat":[16021,16016],"product_tag":[21232],"acf":[],"yoast_head":"<!-- This site is optimized with the Yoast SEO Premium plugin v18.6 (Yoast SEO v19.13) - https:\/\/yoast.com\/wordpress\/plugins\/seo\/ -->\n<title>MULLEX Basura Euro Flexx - Erresse Shop<\/title>\n<meta name=\"description\" content=\"Ideal para usar en espacios reducidos. El contenedor tiene capacidad para una bolsa de 35 litros o dos bolsas de basura de 17 litros. El sistema FLEXX se\" \/>\n<meta name=\"robots\" content=\"index, follow, max-snippet:-1, max-image-preview:large, max-video-preview:-1\" \/>\n<link rel=\"canonical\" href=\"https:\/\/www.erresse-shop.it\/es\/shop\/mobiliario\/cubos-de-basura\/mullex-basura-x60-l7-basic-copia\/\" \/>\n<meta property=\"og:locale\" content=\"es_ES\" \/>\n<meta property=\"og:type\" content=\"article\" \/>\n<meta property=\"og:title\" content=\"MULLEX Basura Euro Flexx\" \/>\n<meta property=\"og:description\" content=\"Ideal para usar en espacios reducidos. El contenedor tiene capacidad para una bolsa de 35 litros o dos bolsas de basura de 17 litros. El sistema FLEXX se\" \/>\n<meta property=\"og:url\" content=\"https:\/\/www.erresse-shop.it\/es\/shop\/mobiliario\/cubos-de-basura\/mullex-basura-x60-l7-basic-copia\/\" \/>\n<meta property=\"og:site_name\" content=\"Erresse Shop\" \/>\n<meta property=\"article:modified_time\" content=\"2025-02-13T08:20:13+00:00\" \/>\n<meta property=\"og:image\" content=\"https:\/\/www.erresse-shop.it\/wp-content\/uploads\/2025\/02\/MULLEX-Pattumiera-Euro-Flexx.jpg\" \/>\n\t<meta property=\"og:image:width\" content=\"1200\" \/>\n\t<meta property=\"og:image:height\" content=\"1200\" \/>\n\t<meta property=\"og:image:type\" content=\"image\/jpeg\" \/>\n<meta name=\"twitter:card\" content=\"summary_large_image\" \/>\n<script type=\"application\/ld+json\" class=\"yoast-schema-graph\">{\"@context\":\"https:\/\/schema.org\",\"@graph\":[{\"@type\":\"WebPage\",\"@id\":\"https:\/\/www.erresse-shop.it\/es\/shop\/mobiliario\/cubos-de-basura\/mullex-basura-x60-l7-basic-copia\/\",\"url\":\"https:\/\/www.erresse-shop.it\/es\/shop\/mobiliario\/cubos-de-basura\/mullex-basura-x60-l7-basic-copia\/\",\"name\":\"MULLEX Basura Euro Flexx - Erresse Shop\",\"isPartOf\":{\"@id\":\"https:\/\/www.erresse-shop.it\/es\/#website\"},\"datePublished\":\"2025-02-13T07:48:37+00:00\",\"dateModified\":\"2025-02-13T08:20:13+00:00\",\"description\":\"Ideal para usar en espacios reducidos. El contenedor tiene capacidad para una bolsa de 35 litros o dos bolsas de basura de 17 litros. El sistema FLEXX se\",\"breadcrumb\":{\"@id\":\"https:\/\/www.erresse-shop.it\/es\/shop\/mobiliario\/cubos-de-basura\/mullex-basura-x60-l7-basic-copia\/#breadcrumb\"},\"inLanguage\":\"es\",\"potentialAction\":[{\"@type\":\"ReadAction\",\"target\":[\"https:\/\/www.erresse-shop.it\/es\/shop\/mobiliario\/cubos-de-basura\/mullex-basura-x60-l7-basic-copia\/\"]}]},{\"@type\":\"BreadcrumbList\",\"@id\":\"https:\/\/www.erresse-shop.it\/es\/shop\/mobiliario\/cubos-de-basura\/mullex-basura-x60-l7-basic-copia\/#breadcrumb\",\"itemListElement\":[{\"@type\":\"ListItem\",\"position\":1,\"name\":\"Home\",\"item\":\"https:\/\/www.erresse-shop.it\/es\/\"},{\"@type\":\"ListItem\",\"position\":2,\"name\":\"Shop\",\"item\":\"https:\/\/www.erresse-shop.it\/es\/shop\/\"},{\"@type\":\"ListItem\",\"position\":3,\"name\":\"MULLEX Basura Euro Flexx\"}]},{\"@type\":\"WebSite\",\"@id\":\"https:\/\/www.erresse-shop.it\/es\/#website\",\"url\":\"https:\/\/www.erresse-shop.it\/es\/\",\"name\":\"Erresse Shop\",\"description\":\"Articoli di qualit\u00e0 per la casa\",\"potentialAction\":[{\"@type\":\"SearchAction\",\"target\":{\"@type\":\"EntryPoint\",\"urlTemplate\":\"https:\/\/www.erresse-shop.it\/es\/?s={search_term_string}\"},\"query-input\":\"required name=search_term_string\"}],\"inLanguage\":\"es\"}]}<\/script>\n<!-- \/ Yoast SEO Premium plugin. -->","yoast_head_json":{"title":"MULLEX Basura Euro Flexx - Erresse Shop","description":"Ideal para usar en espacios reducidos. El contenedor tiene capacidad para una bolsa de 35 litros o dos bolsas de basura de 17 litros. El sistema FLEXX se","robots":{"index":"index","follow":"follow","max-snippet":"max-snippet:-1","max-image-preview":"max-image-preview:large","max-video-preview":"max-video-preview:-1"},"canonical":"https:\/\/www.erresse-shop.it\/es\/shop\/mobiliario\/cubos-de-basura\/mullex-basura-x60-l7-basic-copia\/","og_locale":"es_ES","og_type":"article","og_title":"MULLEX Basura Euro Flexx","og_description":"Ideal para usar en espacios reducidos. El contenedor tiene capacidad para una bolsa de 35 litros o dos bolsas de basura de 17 litros. El sistema FLEXX se","og_url":"https:\/\/www.erresse-shop.it\/es\/shop\/mobiliario\/cubos-de-basura\/mullex-basura-x60-l7-basic-copia\/","og_site_name":"Erresse Shop","article_modified_time":"2025-02-13T08:20:13+00:00","og_image":[{"width":1200,"height":1200,"url":"https:\/\/www.erresse-shop.it\/wp-content\/uploads\/2025\/02\/MULLEX-Pattumiera-Euro-Flexx.jpg","type":"image\/jpeg"}],"twitter_card":"summary_large_image","schema":{"@context":"https:\/\/schema.org","@graph":[{"@type":"WebPage","@id":"https:\/\/www.erresse-shop.it\/es\/shop\/mobiliario\/cubos-de-basura\/mullex-basura-x60-l7-basic-copia\/","url":"https:\/\/www.erresse-shop.it\/es\/shop\/mobiliario\/cubos-de-basura\/mullex-basura-x60-l7-basic-copia\/","name":"MULLEX Basura Euro Flexx - Erresse Shop","isPartOf":{"@id":"https:\/\/www.erresse-shop.it\/es\/#website"},"datePublished":"2025-02-13T07:48:37+00:00","dateModified":"2025-02-13T08:20:13+00:00","description":"Ideal para usar en espacios reducidos. El contenedor tiene capacidad para una bolsa de 35 litros o dos bolsas de basura de 17 litros. El sistema FLEXX se","breadcrumb":{"@id":"https:\/\/www.erresse-shop.it\/es\/shop\/mobiliario\/cubos-de-basura\/mullex-basura-x60-l7-basic-copia\/#breadcrumb"},"inLanguage":"es","potentialAction":[{"@type":"ReadAction","target":["https:\/\/www.erresse-shop.it\/es\/shop\/mobiliario\/cubos-de-basura\/mullex-basura-x60-l7-basic-copia\/"]}]},{"@type":"BreadcrumbList","@id":"https:\/\/www.erresse-shop.it\/es\/shop\/mobiliario\/cubos-de-basura\/mullex-basura-x60-l7-basic-copia\/#breadcrumb","itemListElement":[{"@type":"ListItem","position":1,"name":"Home","item":"https:\/\/www.erresse-shop.it\/es\/"},{"@type":"ListItem","position":2,"name":"Shop","item":"https:\/\/www.erresse-shop.it\/es\/shop\/"},{"@type":"ListItem","position":3,"name":"MULLEX Basura Euro Flexx"}]},{"@type":"WebSite","@id":"https:\/\/www.erresse-shop.it\/es\/#website","url":"https:\/\/www.erresse-shop.it\/es\/","name":"Erresse Shop","description":"Articoli di qualit\u00e0 per la casa","potentialAction":[{"@type":"SearchAction","target":{"@type":"EntryPoint","urlTemplate":"https:\/\/www.erresse-shop.it\/es\/?s={search_term_string}"},"query-input":"required name=search_term_string"}],"inLanguage":"es"}]}},"df_price":125.10000000000001,"df_sale_price":125.10000000000001,"df_regular_price":139,"df_image_link":"https:\/\/www.erresse-shop.it\/wp-content\/uploads\/2025\/02\/MULLEX-Pattumiera-Euro-Flexx-300x300.jpg","_links":{"self":[{"href":"https:\/\/www.erresse-shop.it\/es\/wp-json\/wp\/v2\/product\/468366"}],"collection":[{"href":"https:\/\/www.erresse-shop.it\/es\/wp-json\/wp\/v2\/product"}],"about":[{"href":"https:\/\/www.erresse-shop.it\/es\/wp-json\/wp\/v2\/types\/product"}],"wp:featuredmedia":[{"embeddable":true,"href":"https:\/\/www.erresse-shop.it\/es\/wp-json\/wp\/v2\/media\/468381"}],"wp:attachment":[{"href":"https:\/\/www.erresse-shop.it\/es\/wp-json\/wp\/v2\/media?parent=468366"}],"wp:term":[{"taxonomy":"product_cat","embeddable":true,"href":"https:\/\/www.erresse-shop.it\/es\/wp-json\/wp\/v2\/product_cat?post=468366"},{"taxonomy":"product_tag","embeddable":true,"href":"https:\/\/www.erresse-shop.it\/es\/wp-json\/wp\/v2\/product_tag?post=468366"}],"curies":[{"name":"wp","href":"https:\/\/api.w.org\/{rel}","templated":true}]}}