{"id":468254,"date":"2025-02-12T06:47:30","date_gmt":"2025-02-12T06:47:33","guid":{"rendered":"https:\/\/www.erresse-shop.it\/?post_type=product&#038;p=468254"},"modified":"2025-02-13T07:20:44","modified_gmt":"2025-02-13T07:20:44","slug":"mullex-basura-x60-m7-copia","status":"publish","type":"product","link":"https:\/\/www.erresse-shop.it\/es\/shop\/mobiliario\/cubos-de-basura\/mullex-basura-x60-m7-copia\/","title":{"rendered":"MULLEX Basura X60 M17 Basic"},"content":{"rendered":"<p>Esta versi\u00f3n del sistema X-LINE est\u00e1 dise\u00f1ada para quienes prefieren una soluci\u00f3n de recogida de residuos con bolsas de 17 litros.<\/p>\n<p>El contenedor principal de 20 litros permite a personas solteras, familias peque\u00f1as, personas que cuidan de no producir residuos excesivos y empresas con salas de reuniones realizar una recogida ordenada de vol\u00famenes m\u00e1s peque\u00f1os de residuos.<\/p>\n<p>Adem\u00e1s, los dos contenedores adicionales de 10 litros se pueden utilizar para almacenar materiales de reciclaje o herramientas de limpieza. Este modelo est\u00e1 dise\u00f1ado para muebles de 60 cm de ancho con una altura de instalaci\u00f3n baja.<\/p>\n<p>El conjunto se completa con un caj\u00f3n extra\u00edble Basic que proporciona un estante adicional encima del contenedor para la recogida selectiva de residuos.<\/p>\n<p>El producto contiene:<\/p>\n<ul>\n<li>Caj\u00f3n 60 B\u00e1sico<\/li>\n<li>Contenedor de recogida de residuos X55 M17<\/li>\n<\/ul>\n<p><strong>Medidas:<\/strong> 36,8 x 56,8 x Alto 39,3 cm<\/p>\n<p><strong>Profundidad regulable: Gracias al sistema de cremallera regulable se adapta a todos los cajones con una profundidad entre 40 y 50 cm<\/strong><\/p>\n","protected":false},"excerpt":{"rendered":"<p>Esta versi\u00f3n del sistema X-LINE est\u00e1 dise\u00f1ada para quienes prefieren una soluci\u00f3n de recogida de residuos con bolsas de 17<\/p>\n","protected":false},"featured_media":468281,"template":"","meta":{"_acf_changed":false,"inline_featured_image":false},"product_cat":[16021,16016],"product_tag":[21232],"acf":[],"yoast_head":"<!-- This site is optimized with the Yoast SEO Premium plugin v18.6 (Yoast SEO v19.13) - https:\/\/yoast.com\/wordpress\/plugins\/seo\/ -->\n<title>MULLEX Basura X60 M17 Basic - Erresse Shop<\/title>\n<meta name=\"description\" content=\"Esta versi\u00f3n del sistema X-LINE est\u00e1 dise\u00f1ada para quienes prefieren una soluci\u00f3n de recogida de residuos con bolsas de 17 litros. El contenedor principal\" \/>\n<meta name=\"robots\" content=\"index, follow, max-snippet:-1, max-image-preview:large, max-video-preview:-1\" \/>\n<link rel=\"canonical\" href=\"https:\/\/www.erresse-shop.it\/es\/shop\/mobiliario\/cubos-de-basura\/mullex-basura-x60-m7-copia\/\" \/>\n<meta property=\"og:locale\" content=\"es_ES\" \/>\n<meta property=\"og:type\" content=\"article\" \/>\n<meta property=\"og:title\" content=\"MULLEX Basura X60 M17 Basic\" \/>\n<meta property=\"og:description\" content=\"Esta versi\u00f3n del sistema X-LINE est\u00e1 dise\u00f1ada para quienes prefieren una soluci\u00f3n de recogida de residuos con bolsas de 17 litros. El contenedor principal\" \/>\n<meta property=\"og:url\" content=\"https:\/\/www.erresse-shop.it\/es\/shop\/mobiliario\/cubos-de-basura\/mullex-basura-x60-m7-copia\/\" \/>\n<meta property=\"og:site_name\" content=\"Erresse Shop\" \/>\n<meta property=\"article:modified_time\" content=\"2025-02-13T07:20:44+00:00\" \/>\n<meta property=\"og:image\" content=\"https:\/\/www.erresse-shop.it\/wp-content\/uploads\/2025\/02\/MULLEX-Pattumiera-X60-M17-Basic.jpg\" \/>\n\t<meta property=\"og:image:width\" content=\"1200\" \/>\n\t<meta property=\"og:image:height\" content=\"1200\" \/>\n\t<meta property=\"og:image:type\" content=\"image\/jpeg\" \/>\n<meta name=\"twitter:card\" content=\"summary_large_image\" \/>\n<script type=\"application\/ld+json\" class=\"yoast-schema-graph\">{\"@context\":\"https:\/\/schema.org\",\"@graph\":[{\"@type\":\"WebPage\",\"@id\":\"https:\/\/www.erresse-shop.it\/es\/shop\/mobiliario\/cubos-de-basura\/mullex-basura-x60-m7-copia\/\",\"url\":\"https:\/\/www.erresse-shop.it\/es\/shop\/mobiliario\/cubos-de-basura\/mullex-basura-x60-m7-copia\/\",\"name\":\"MULLEX Basura X60 M17 Basic - Erresse Shop\",\"isPartOf\":{\"@id\":\"https:\/\/www.erresse-shop.it\/es\/#website\"},\"datePublished\":\"2025-02-12T06:47:33+00:00\",\"dateModified\":\"2025-02-13T07:20:44+00:00\",\"description\":\"Esta versi\u00f3n del sistema X-LINE est\u00e1 dise\u00f1ada para quienes prefieren una soluci\u00f3n de recogida de residuos con bolsas de 17 litros. El contenedor principal\",\"breadcrumb\":{\"@id\":\"https:\/\/www.erresse-shop.it\/es\/shop\/mobiliario\/cubos-de-basura\/mullex-basura-x60-m7-copia\/#breadcrumb\"},\"inLanguage\":\"es\",\"potentialAction\":[{\"@type\":\"ReadAction\",\"target\":[\"https:\/\/www.erresse-shop.it\/es\/shop\/mobiliario\/cubos-de-basura\/mullex-basura-x60-m7-copia\/\"]}]},{\"@type\":\"BreadcrumbList\",\"@id\":\"https:\/\/www.erresse-shop.it\/es\/shop\/mobiliario\/cubos-de-basura\/mullex-basura-x60-m7-copia\/#breadcrumb\",\"itemListElement\":[{\"@type\":\"ListItem\",\"position\":1,\"name\":\"Home\",\"item\":\"https:\/\/www.erresse-shop.it\/es\/\"},{\"@type\":\"ListItem\",\"position\":2,\"name\":\"Shop\",\"item\":\"https:\/\/www.erresse-shop.it\/es\/shop\/\"},{\"@type\":\"ListItem\",\"position\":3,\"name\":\"MULLEX Basura X60 M17 Basic\"}]},{\"@type\":\"WebSite\",\"@id\":\"https:\/\/www.erresse-shop.it\/es\/#website\",\"url\":\"https:\/\/www.erresse-shop.it\/es\/\",\"name\":\"Erresse Shop\",\"description\":\"Articoli di qualit\u00e0 per la casa\",\"potentialAction\":[{\"@type\":\"SearchAction\",\"target\":{\"@type\":\"EntryPoint\",\"urlTemplate\":\"https:\/\/www.erresse-shop.it\/es\/?s={search_term_string}\"},\"query-input\":\"required name=search_term_string\"}],\"inLanguage\":\"es\"}]}<\/script>\n<!-- \/ Yoast SEO Premium plugin. -->","yoast_head_json":{"title":"MULLEX Basura X60 M17 Basic - Erresse Shop","description":"Esta versi\u00f3n del sistema X-LINE est\u00e1 dise\u00f1ada para quienes prefieren una soluci\u00f3n de recogida de residuos con bolsas de 17 litros. El contenedor principal","robots":{"index":"index","follow":"follow","max-snippet":"max-snippet:-1","max-image-preview":"max-image-preview:large","max-video-preview":"max-video-preview:-1"},"canonical":"https:\/\/www.erresse-shop.it\/es\/shop\/mobiliario\/cubos-de-basura\/mullex-basura-x60-m7-copia\/","og_locale":"es_ES","og_type":"article","og_title":"MULLEX Basura X60 M17 Basic","og_description":"Esta versi\u00f3n del sistema X-LINE est\u00e1 dise\u00f1ada para quienes prefieren una soluci\u00f3n de recogida de residuos con bolsas de 17 litros. El contenedor principal","og_url":"https:\/\/www.erresse-shop.it\/es\/shop\/mobiliario\/cubos-de-basura\/mullex-basura-x60-m7-copia\/","og_site_name":"Erresse Shop","article_modified_time":"2025-02-13T07:20:44+00:00","og_image":[{"width":1200,"height":1200,"url":"https:\/\/www.erresse-shop.it\/wp-content\/uploads\/2025\/02\/MULLEX-Pattumiera-X60-M17-Basic.jpg","type":"image\/jpeg"}],"twitter_card":"summary_large_image","schema":{"@context":"https:\/\/schema.org","@graph":[{"@type":"WebPage","@id":"https:\/\/www.erresse-shop.it\/es\/shop\/mobiliario\/cubos-de-basura\/mullex-basura-x60-m7-copia\/","url":"https:\/\/www.erresse-shop.it\/es\/shop\/mobiliario\/cubos-de-basura\/mullex-basura-x60-m7-copia\/","name":"MULLEX Basura X60 M17 Basic - Erresse Shop","isPartOf":{"@id":"https:\/\/www.erresse-shop.it\/es\/#website"},"datePublished":"2025-02-12T06:47:33+00:00","dateModified":"2025-02-13T07:20:44+00:00","description":"Esta versi\u00f3n del sistema X-LINE est\u00e1 dise\u00f1ada para quienes prefieren una soluci\u00f3n de recogida de residuos con bolsas de 17 litros. El contenedor principal","breadcrumb":{"@id":"https:\/\/www.erresse-shop.it\/es\/shop\/mobiliario\/cubos-de-basura\/mullex-basura-x60-m7-copia\/#breadcrumb"},"inLanguage":"es","potentialAction":[{"@type":"ReadAction","target":["https:\/\/www.erresse-shop.it\/es\/shop\/mobiliario\/cubos-de-basura\/mullex-basura-x60-m7-copia\/"]}]},{"@type":"BreadcrumbList","@id":"https:\/\/www.erresse-shop.it\/es\/shop\/mobiliario\/cubos-de-basura\/mullex-basura-x60-m7-copia\/#breadcrumb","itemListElement":[{"@type":"ListItem","position":1,"name":"Home","item":"https:\/\/www.erresse-shop.it\/es\/"},{"@type":"ListItem","position":2,"name":"Shop","item":"https:\/\/www.erresse-shop.it\/es\/shop\/"},{"@type":"ListItem","position":3,"name":"MULLEX Basura X60 M17 Basic"}]},{"@type":"WebSite","@id":"https:\/\/www.erresse-shop.it\/es\/#website","url":"https:\/\/www.erresse-shop.it\/es\/","name":"Erresse Shop","description":"Articoli di qualit\u00e0 per la casa","potentialAction":[{"@type":"SearchAction","target":{"@type":"EntryPoint","urlTemplate":"https:\/\/www.erresse-shop.it\/es\/?s={search_term_string}"},"query-input":"required name=search_term_string"}],"inLanguage":"es"}]}},"df_price":233.1,"df_sale_price":233.1,"df_regular_price":259,"df_image_link":"https:\/\/www.erresse-shop.it\/wp-content\/uploads\/2025\/02\/MULLEX-Pattumiera-X60-M17-Basic-300x300.jpg","_links":{"self":[{"href":"https:\/\/www.erresse-shop.it\/es\/wp-json\/wp\/v2\/product\/468254"}],"collection":[{"href":"https:\/\/www.erresse-shop.it\/es\/wp-json\/wp\/v2\/product"}],"about":[{"href":"https:\/\/www.erresse-shop.it\/es\/wp-json\/wp\/v2\/types\/product"}],"wp:featuredmedia":[{"embeddable":true,"href":"https:\/\/www.erresse-shop.it\/es\/wp-json\/wp\/v2\/media\/468281"}],"wp:attachment":[{"href":"https:\/\/www.erresse-shop.it\/es\/wp-json\/wp\/v2\/media?parent=468254"}],"wp:term":[{"taxonomy":"product_cat","embeddable":true,"href":"https:\/\/www.erresse-shop.it\/es\/wp-json\/wp\/v2\/product_cat?post=468254"},{"taxonomy":"product_tag","embeddable":true,"href":"https:\/\/www.erresse-shop.it\/es\/wp-json\/wp\/v2\/product_tag?post=468254"}],"curies":[{"name":"wp","href":"https:\/\/api.w.org\/{rel}","templated":true}]}}