{"id":468177,"date":"2025-02-11T13:01:50","date_gmt":"2025-02-11T13:01:52","guid":{"rendered":"https:\/\/www.erresse-shop.it\/?post_type=product&#038;p=468177"},"modified":"2025-02-13T07:25:51","modified_gmt":"2025-02-13T07:25:51","slug":"mullex-basura-x90-l6-basic-copia","status":"publish","type":"product","link":"https:\/\/www.erresse-shop.it\/es\/shop\/mobiliario\/cubos-de-basura\/mullex-basura-x90-l6-basic-copia\/","title":{"rendered":"MULLEX Basura X60 M7 Basic"},"content":{"rendered":"<p>Con muebles de cocina de baja altura no necesariamente tienes que prescindir de espacio de almacenamiento adicional.<\/p>\n<p>La nueva versi\u00f3n de mueble de 60 cm de ancho dise\u00f1ada para una altura de instalaci\u00f3n baja a\u00fan cuenta con un contenedor extra grande para materiales de reciclaje y almacenamiento de productos.<\/p>\n<p>El contenedor de 16 litros puede albergar grandes vol\u00famenes de residuos org\u00e1nicos, materiales reciclables o utensilios de limpieza. El conjunto tambi\u00e9n incluye el contenedor principal de 35 litros para la bolsa de basura y un caj\u00f3n extra\u00edble b\u00e1sico que proporciona un estante adicional encima del contenedor para la recogida selectiva de residuos.<\/p>\n<p>El producto contiene:<\/p>\n<ul>\n<li>Caj\u00f3n 60 B\u00e1sico<\/li>\n<li>Contenedor de recogida de residuos X60 M7<\/li>\n<li>Separador X<\/li>\n<\/ul>\n<p><strong>Separador X:<\/strong> Se puede utilizar para dividir el contenedor principal de modo que dos bolsas de residuos de 17 litros se puedan unir.<\/p>\n<p><strong>Medidas:<\/strong> 36,8 x 56,8 x Alto 39,3 cm<\/p>\n<p><strong>Profundidad regulable: Gracias al sistema de cremallera regulable se adapta a todos los cajones con una profundidad entre 40 y 50 cm<\/strong><\/p>\n","protected":false},"excerpt":{"rendered":"<p>Con muebles de cocina de baja altura no necesariamente tienes que prescindir de espacio de almacenamiento adicional. La nueva versi\u00f3n<\/p>\n","protected":false},"featured_media":468207,"template":"","meta":{"_acf_changed":false,"inline_featured_image":false},"product_cat":[16021,16016],"product_tag":[21232],"acf":[],"yoast_head":"<!-- This site is optimized with the Yoast SEO Premium plugin v18.6 (Yoast SEO v19.13) - https:\/\/yoast.com\/wordpress\/plugins\/seo\/ -->\n<title>MULLEX Basura X60 M7 Basic - Erresse Shop<\/title>\n<meta name=\"description\" content=\"Con muebles de cocina de baja altura no necesariamente tienes que prescindir de espacio de almacenamiento adicional. La nueva versi\u00f3n de mueble de 60 cm\" \/>\n<meta name=\"robots\" content=\"index, follow, max-snippet:-1, max-image-preview:large, max-video-preview:-1\" \/>\n<link rel=\"canonical\" href=\"https:\/\/www.erresse-shop.it\/es\/shop\/mobiliario\/cubos-de-basura\/mullex-basura-x90-l6-basic-copia\/\" \/>\n<meta property=\"og:locale\" content=\"es_ES\" \/>\n<meta property=\"og:type\" content=\"article\" \/>\n<meta property=\"og:title\" content=\"MULLEX Basura X60 M7 Basic\" \/>\n<meta property=\"og:description\" content=\"Con muebles de cocina de baja altura no necesariamente tienes que prescindir de espacio de almacenamiento adicional. La nueva versi\u00f3n de mueble de 60 cm\" \/>\n<meta property=\"og:url\" content=\"https:\/\/www.erresse-shop.it\/es\/shop\/mobiliario\/cubos-de-basura\/mullex-basura-x90-l6-basic-copia\/\" \/>\n<meta property=\"og:site_name\" content=\"Erresse Shop\" \/>\n<meta property=\"article:modified_time\" content=\"2025-02-13T07:25:51+00:00\" \/>\n<meta property=\"og:image\" content=\"https:\/\/www.erresse-shop.it\/wp-content\/uploads\/2025\/02\/MULLEX-Pattumiera-X60-M7.jpg\" \/>\n\t<meta property=\"og:image:width\" content=\"1200\" \/>\n\t<meta property=\"og:image:height\" content=\"1200\" \/>\n\t<meta property=\"og:image:type\" content=\"image\/jpeg\" \/>\n<meta name=\"twitter:card\" content=\"summary_large_image\" \/>\n<script type=\"application\/ld+json\" class=\"yoast-schema-graph\">{\"@context\":\"https:\/\/schema.org\",\"@graph\":[{\"@type\":\"WebPage\",\"@id\":\"https:\/\/www.erresse-shop.it\/es\/shop\/mobiliario\/cubos-de-basura\/mullex-basura-x90-l6-basic-copia\/\",\"url\":\"https:\/\/www.erresse-shop.it\/es\/shop\/mobiliario\/cubos-de-basura\/mullex-basura-x90-l6-basic-copia\/\",\"name\":\"MULLEX Basura X60 M7 Basic - Erresse Shop\",\"isPartOf\":{\"@id\":\"https:\/\/www.erresse-shop.it\/es\/#website\"},\"datePublished\":\"2025-02-11T13:01:52+00:00\",\"dateModified\":\"2025-02-13T07:25:51+00:00\",\"description\":\"Con muebles de cocina de baja altura no necesariamente tienes que prescindir de espacio de almacenamiento adicional. La nueva versi\u00f3n de mueble de 60 cm\",\"breadcrumb\":{\"@id\":\"https:\/\/www.erresse-shop.it\/es\/shop\/mobiliario\/cubos-de-basura\/mullex-basura-x90-l6-basic-copia\/#breadcrumb\"},\"inLanguage\":\"es\",\"potentialAction\":[{\"@type\":\"ReadAction\",\"target\":[\"https:\/\/www.erresse-shop.it\/es\/shop\/mobiliario\/cubos-de-basura\/mullex-basura-x90-l6-basic-copia\/\"]}]},{\"@type\":\"BreadcrumbList\",\"@id\":\"https:\/\/www.erresse-shop.it\/es\/shop\/mobiliario\/cubos-de-basura\/mullex-basura-x90-l6-basic-copia\/#breadcrumb\",\"itemListElement\":[{\"@type\":\"ListItem\",\"position\":1,\"name\":\"Home\",\"item\":\"https:\/\/www.erresse-shop.it\/es\/\"},{\"@type\":\"ListItem\",\"position\":2,\"name\":\"Shop\",\"item\":\"https:\/\/www.erresse-shop.it\/es\/shop\/\"},{\"@type\":\"ListItem\",\"position\":3,\"name\":\"MULLEX Basura X60 M7 Basic\"}]},{\"@type\":\"WebSite\",\"@id\":\"https:\/\/www.erresse-shop.it\/es\/#website\",\"url\":\"https:\/\/www.erresse-shop.it\/es\/\",\"name\":\"Erresse Shop\",\"description\":\"Articoli di qualit\u00e0 per la casa\",\"potentialAction\":[{\"@type\":\"SearchAction\",\"target\":{\"@type\":\"EntryPoint\",\"urlTemplate\":\"https:\/\/www.erresse-shop.it\/es\/?s={search_term_string}\"},\"query-input\":\"required name=search_term_string\"}],\"inLanguage\":\"es\"}]}<\/script>\n<!-- \/ Yoast SEO Premium plugin. -->","yoast_head_json":{"title":"MULLEX Basura X60 M7 Basic - Erresse Shop","description":"Con muebles de cocina de baja altura no necesariamente tienes que prescindir de espacio de almacenamiento adicional. La nueva versi\u00f3n de mueble de 60 cm","robots":{"index":"index","follow":"follow","max-snippet":"max-snippet:-1","max-image-preview":"max-image-preview:large","max-video-preview":"max-video-preview:-1"},"canonical":"https:\/\/www.erresse-shop.it\/es\/shop\/mobiliario\/cubos-de-basura\/mullex-basura-x90-l6-basic-copia\/","og_locale":"es_ES","og_type":"article","og_title":"MULLEX Basura X60 M7 Basic","og_description":"Con muebles de cocina de baja altura no necesariamente tienes que prescindir de espacio de almacenamiento adicional. La nueva versi\u00f3n de mueble de 60 cm","og_url":"https:\/\/www.erresse-shop.it\/es\/shop\/mobiliario\/cubos-de-basura\/mullex-basura-x90-l6-basic-copia\/","og_site_name":"Erresse Shop","article_modified_time":"2025-02-13T07:25:51+00:00","og_image":[{"width":1200,"height":1200,"url":"https:\/\/www.erresse-shop.it\/wp-content\/uploads\/2025\/02\/MULLEX-Pattumiera-X60-M7.jpg","type":"image\/jpeg"}],"twitter_card":"summary_large_image","schema":{"@context":"https:\/\/schema.org","@graph":[{"@type":"WebPage","@id":"https:\/\/www.erresse-shop.it\/es\/shop\/mobiliario\/cubos-de-basura\/mullex-basura-x90-l6-basic-copia\/","url":"https:\/\/www.erresse-shop.it\/es\/shop\/mobiliario\/cubos-de-basura\/mullex-basura-x90-l6-basic-copia\/","name":"MULLEX Basura X60 M7 Basic - Erresse Shop","isPartOf":{"@id":"https:\/\/www.erresse-shop.it\/es\/#website"},"datePublished":"2025-02-11T13:01:52+00:00","dateModified":"2025-02-13T07:25:51+00:00","description":"Con muebles de cocina de baja altura no necesariamente tienes que prescindir de espacio de almacenamiento adicional. La nueva versi\u00f3n de mueble de 60 cm","breadcrumb":{"@id":"https:\/\/www.erresse-shop.it\/es\/shop\/mobiliario\/cubos-de-basura\/mullex-basura-x90-l6-basic-copia\/#breadcrumb"},"inLanguage":"es","potentialAction":[{"@type":"ReadAction","target":["https:\/\/www.erresse-shop.it\/es\/shop\/mobiliario\/cubos-de-basura\/mullex-basura-x90-l6-basic-copia\/"]}]},{"@type":"BreadcrumbList","@id":"https:\/\/www.erresse-shop.it\/es\/shop\/mobiliario\/cubos-de-basura\/mullex-basura-x90-l6-basic-copia\/#breadcrumb","itemListElement":[{"@type":"ListItem","position":1,"name":"Home","item":"https:\/\/www.erresse-shop.it\/es\/"},{"@type":"ListItem","position":2,"name":"Shop","item":"https:\/\/www.erresse-shop.it\/es\/shop\/"},{"@type":"ListItem","position":3,"name":"MULLEX Basura X60 M7 Basic"}]},{"@type":"WebSite","@id":"https:\/\/www.erresse-shop.it\/es\/#website","url":"https:\/\/www.erresse-shop.it\/es\/","name":"Erresse Shop","description":"Articoli di qualit\u00e0 per la casa","potentialAction":[{"@type":"SearchAction","target":{"@type":"EntryPoint","urlTemplate":"https:\/\/www.erresse-shop.it\/es\/?s={search_term_string}"},"query-input":"required name=search_term_string"}],"inLanguage":"es"}]}},"df_price":260.1,"df_sale_price":260.1,"df_regular_price":289,"df_image_link":"https:\/\/www.erresse-shop.it\/wp-content\/uploads\/2025\/02\/MULLEX-Pattumiera-X60-M7-300x300.jpg","_links":{"self":[{"href":"https:\/\/www.erresse-shop.it\/es\/wp-json\/wp\/v2\/product\/468177"}],"collection":[{"href":"https:\/\/www.erresse-shop.it\/es\/wp-json\/wp\/v2\/product"}],"about":[{"href":"https:\/\/www.erresse-shop.it\/es\/wp-json\/wp\/v2\/types\/product"}],"wp:featuredmedia":[{"embeddable":true,"href":"https:\/\/www.erresse-shop.it\/es\/wp-json\/wp\/v2\/media\/468207"}],"wp:attachment":[{"href":"https:\/\/www.erresse-shop.it\/es\/wp-json\/wp\/v2\/media?parent=468177"}],"wp:term":[{"taxonomy":"product_cat","embeddable":true,"href":"https:\/\/www.erresse-shop.it\/es\/wp-json\/wp\/v2\/product_cat?post=468177"},{"taxonomy":"product_tag","embeddable":true,"href":"https:\/\/www.erresse-shop.it\/es\/wp-json\/wp\/v2\/product_tag?post=468177"}],"curies":[{"name":"wp","href":"https:\/\/api.w.org\/{rel}","templated":true}]}}