{"id":468125,"date":"2025-02-11T11:09:51","date_gmt":"2025-02-11T11:09:53","guid":{"rendered":"https:\/\/www.erresse-shop.it\/?post_type=product&#038;p=468125"},"modified":"2025-02-13T07:10:05","modified_gmt":"2025-02-13T07:10:05","slug":"seletti-toiletpaper-basura-spaghetti-5-l-copia","status":"publish","type":"product","link":"https:\/\/www.erresse-shop.it\/es\/shop\/mobiliario\/cubos-de-basura\/seletti-toiletpaper-basura-spaghetti-5-l-copia\/","title":{"rendered":"MULLEX Basura X80 L6 Basic"},"content":{"rendered":"<p>Para muebles de cocina de gran tama\u00f1o con un ancho de 80 cm, el sistema de recogida de residuos X80 L6 Basic garantiza el orden en el mueble bajo de la cocina. El contenedor de 40 litros se complementa con cinco contenedores adicionales.<\/p>\n<p>Gracias a su volumen de hasta 18 litros, es adecuado para residuos org\u00e1nicos y peque\u00f1os materiales reciclables, as\u00ed como para guardar utensilios de cocina. Para mayor estabilidad, este modelo m\u00e1s grande tiene una tapa de acero que sirve como cubierta para los contenedores.<\/p>\n<p>El producto contiene:<\/p>\n<ul>\n<li>Tapa b\u00e1sica 80<\/li>\n<li>Contenedor de recogida de residuos X80 L6<\/li>\n<li>Separador X<\/li>\n<\/ul>\n<p>Separador X: Se puede utilizar para dividir el contenedor principal y as\u00ed poder unir dos bolsas de basura de 17 litros.<\/p>\n<p><strong>Medidas:<\/strong> 36,8 x 76,8 x Alto 43,5 cm<\/p>\n<p><strong>Profundidad regulable: Gracias al sistema de cremallera regulable se adapta a todos los cajones con una profundidad entre 40 y 50 cm<\/strong><\/p>\n","protected":false},"excerpt":{"rendered":"<p>Para muebles de cocina de gran tama\u00f1o con un ancho de 80 cm, el sistema de recogida de residuos X80<\/p>\n","protected":false},"featured_media":468154,"template":"","meta":{"_acf_changed":false,"inline_featured_image":false},"product_cat":[16021,16016],"product_tag":[21232],"acf":[],"yoast_head":"<!-- This site is optimized with the Yoast SEO Premium plugin v18.6 (Yoast SEO v19.13) - https:\/\/yoast.com\/wordpress\/plugins\/seo\/ -->\n<title>MULLEX Basura X80 L6 Basic - Erresse Shop<\/title>\n<meta name=\"description\" content=\"Para muebles de cocina de gran tama\u00f1o con un ancho de 80 cm, el sistema de recogida de residuos X80 L6 Basic garantiza el orden en el mueble bajo de la\" \/>\n<meta name=\"robots\" content=\"index, follow, max-snippet:-1, max-image-preview:large, max-video-preview:-1\" \/>\n<link rel=\"canonical\" href=\"https:\/\/www.erresse-shop.it\/es\/shop\/mobiliario\/cubos-de-basura\/seletti-toiletpaper-basura-spaghetti-5-l-copia\/\" \/>\n<meta property=\"og:locale\" content=\"es_ES\" \/>\n<meta property=\"og:type\" content=\"article\" \/>\n<meta property=\"og:title\" content=\"MULLEX Basura X80 L6 Basic\" \/>\n<meta property=\"og:description\" content=\"Para muebles de cocina de gran tama\u00f1o con un ancho de 80 cm, el sistema de recogida de residuos X80 L6 Basic garantiza el orden en el mueble bajo de la\" \/>\n<meta property=\"og:url\" content=\"https:\/\/www.erresse-shop.it\/es\/shop\/mobiliario\/cubos-de-basura\/seletti-toiletpaper-basura-spaghetti-5-l-copia\/\" \/>\n<meta property=\"og:site_name\" content=\"Erresse Shop\" \/>\n<meta property=\"article:modified_time\" content=\"2025-02-13T07:10:05+00:00\" \/>\n<meta property=\"og:image\" content=\"https:\/\/www.erresse-shop.it\/wp-content\/uploads\/2025\/02\/MULLEX-Pattumiera-X80-L6-Basic.jpg\" \/>\n\t<meta property=\"og:image:width\" content=\"1200\" \/>\n\t<meta property=\"og:image:height\" content=\"1200\" \/>\n\t<meta property=\"og:image:type\" content=\"image\/jpeg\" \/>\n<meta name=\"twitter:card\" content=\"summary_large_image\" \/>\n<script type=\"application\/ld+json\" class=\"yoast-schema-graph\">{\"@context\":\"https:\/\/schema.org\",\"@graph\":[{\"@type\":\"WebPage\",\"@id\":\"https:\/\/www.erresse-shop.it\/es\/shop\/mobiliario\/cubos-de-basura\/seletti-toiletpaper-basura-spaghetti-5-l-copia\/\",\"url\":\"https:\/\/www.erresse-shop.it\/es\/shop\/mobiliario\/cubos-de-basura\/seletti-toiletpaper-basura-spaghetti-5-l-copia\/\",\"name\":\"MULLEX Basura X80 L6 Basic - Erresse Shop\",\"isPartOf\":{\"@id\":\"https:\/\/www.erresse-shop.it\/es\/#website\"},\"datePublished\":\"2025-02-11T11:09:53+00:00\",\"dateModified\":\"2025-02-13T07:10:05+00:00\",\"description\":\"Para muebles de cocina de gran tama\u00f1o con un ancho de 80 cm, el sistema de recogida de residuos X80 L6 Basic garantiza el orden en el mueble bajo de la\",\"breadcrumb\":{\"@id\":\"https:\/\/www.erresse-shop.it\/es\/shop\/mobiliario\/cubos-de-basura\/seletti-toiletpaper-basura-spaghetti-5-l-copia\/#breadcrumb\"},\"inLanguage\":\"es\",\"potentialAction\":[{\"@type\":\"ReadAction\",\"target\":[\"https:\/\/www.erresse-shop.it\/es\/shop\/mobiliario\/cubos-de-basura\/seletti-toiletpaper-basura-spaghetti-5-l-copia\/\"]}]},{\"@type\":\"BreadcrumbList\",\"@id\":\"https:\/\/www.erresse-shop.it\/es\/shop\/mobiliario\/cubos-de-basura\/seletti-toiletpaper-basura-spaghetti-5-l-copia\/#breadcrumb\",\"itemListElement\":[{\"@type\":\"ListItem\",\"position\":1,\"name\":\"Home\",\"item\":\"https:\/\/www.erresse-shop.it\/es\/\"},{\"@type\":\"ListItem\",\"position\":2,\"name\":\"Shop\",\"item\":\"https:\/\/www.erresse-shop.it\/es\/shop\/\"},{\"@type\":\"ListItem\",\"position\":3,\"name\":\"MULLEX Basura X80 L6 Basic\"}]},{\"@type\":\"WebSite\",\"@id\":\"https:\/\/www.erresse-shop.it\/es\/#website\",\"url\":\"https:\/\/www.erresse-shop.it\/es\/\",\"name\":\"Erresse Shop\",\"description\":\"Articoli di qualit\u00e0 per la casa\",\"potentialAction\":[{\"@type\":\"SearchAction\",\"target\":{\"@type\":\"EntryPoint\",\"urlTemplate\":\"https:\/\/www.erresse-shop.it\/es\/?s={search_term_string}\"},\"query-input\":\"required name=search_term_string\"}],\"inLanguage\":\"es\"}]}<\/script>\n<!-- \/ Yoast SEO Premium plugin. -->","yoast_head_json":{"title":"MULLEX Basura X80 L6 Basic - Erresse Shop","description":"Para muebles de cocina de gran tama\u00f1o con un ancho de 80 cm, el sistema de recogida de residuos X80 L6 Basic garantiza el orden en el mueble bajo de la","robots":{"index":"index","follow":"follow","max-snippet":"max-snippet:-1","max-image-preview":"max-image-preview:large","max-video-preview":"max-video-preview:-1"},"canonical":"https:\/\/www.erresse-shop.it\/es\/shop\/mobiliario\/cubos-de-basura\/seletti-toiletpaper-basura-spaghetti-5-l-copia\/","og_locale":"es_ES","og_type":"article","og_title":"MULLEX Basura X80 L6 Basic","og_description":"Para muebles de cocina de gran tama\u00f1o con un ancho de 80 cm, el sistema de recogida de residuos X80 L6 Basic garantiza el orden en el mueble bajo de la","og_url":"https:\/\/www.erresse-shop.it\/es\/shop\/mobiliario\/cubos-de-basura\/seletti-toiletpaper-basura-spaghetti-5-l-copia\/","og_site_name":"Erresse Shop","article_modified_time":"2025-02-13T07:10:05+00:00","og_image":[{"width":1200,"height":1200,"url":"https:\/\/www.erresse-shop.it\/wp-content\/uploads\/2025\/02\/MULLEX-Pattumiera-X80-L6-Basic.jpg","type":"image\/jpeg"}],"twitter_card":"summary_large_image","schema":{"@context":"https:\/\/schema.org","@graph":[{"@type":"WebPage","@id":"https:\/\/www.erresse-shop.it\/es\/shop\/mobiliario\/cubos-de-basura\/seletti-toiletpaper-basura-spaghetti-5-l-copia\/","url":"https:\/\/www.erresse-shop.it\/es\/shop\/mobiliario\/cubos-de-basura\/seletti-toiletpaper-basura-spaghetti-5-l-copia\/","name":"MULLEX Basura X80 L6 Basic - Erresse Shop","isPartOf":{"@id":"https:\/\/www.erresse-shop.it\/es\/#website"},"datePublished":"2025-02-11T11:09:53+00:00","dateModified":"2025-02-13T07:10:05+00:00","description":"Para muebles de cocina de gran tama\u00f1o con un ancho de 80 cm, el sistema de recogida de residuos X80 L6 Basic garantiza el orden en el mueble bajo de la","breadcrumb":{"@id":"https:\/\/www.erresse-shop.it\/es\/shop\/mobiliario\/cubos-de-basura\/seletti-toiletpaper-basura-spaghetti-5-l-copia\/#breadcrumb"},"inLanguage":"es","potentialAction":[{"@type":"ReadAction","target":["https:\/\/www.erresse-shop.it\/es\/shop\/mobiliario\/cubos-de-basura\/seletti-toiletpaper-basura-spaghetti-5-l-copia\/"]}]},{"@type":"BreadcrumbList","@id":"https:\/\/www.erresse-shop.it\/es\/shop\/mobiliario\/cubos-de-basura\/seletti-toiletpaper-basura-spaghetti-5-l-copia\/#breadcrumb","itemListElement":[{"@type":"ListItem","position":1,"name":"Home","item":"https:\/\/www.erresse-shop.it\/es\/"},{"@type":"ListItem","position":2,"name":"Shop","item":"https:\/\/www.erresse-shop.it\/es\/shop\/"},{"@type":"ListItem","position":3,"name":"MULLEX Basura X80 L6 Basic"}]},{"@type":"WebSite","@id":"https:\/\/www.erresse-shop.it\/es\/#website","url":"https:\/\/www.erresse-shop.it\/es\/","name":"Erresse Shop","description":"Articoli di qualit\u00e0 per la casa","potentialAction":[{"@type":"SearchAction","target":{"@type":"EntryPoint","urlTemplate":"https:\/\/www.erresse-shop.it\/es\/?s={search_term_string}"},"query-input":"required name=search_term_string"}],"inLanguage":"es"}]}},"df_price":368.1,"df_sale_price":368.1,"df_regular_price":409,"df_image_link":"https:\/\/www.erresse-shop.it\/wp-content\/uploads\/2025\/02\/MULLEX-Pattumiera-X80-L6-Basic-300x300.jpg","_links":{"self":[{"href":"https:\/\/www.erresse-shop.it\/es\/wp-json\/wp\/v2\/product\/468125"}],"collection":[{"href":"https:\/\/www.erresse-shop.it\/es\/wp-json\/wp\/v2\/product"}],"about":[{"href":"https:\/\/www.erresse-shop.it\/es\/wp-json\/wp\/v2\/types\/product"}],"wp:featuredmedia":[{"embeddable":true,"href":"https:\/\/www.erresse-shop.it\/es\/wp-json\/wp\/v2\/media\/468154"}],"wp:attachment":[{"href":"https:\/\/www.erresse-shop.it\/es\/wp-json\/wp\/v2\/media?parent=468125"}],"wp:term":[{"taxonomy":"product_cat","embeddable":true,"href":"https:\/\/www.erresse-shop.it\/es\/wp-json\/wp\/v2\/product_cat?post=468125"},{"taxonomy":"product_tag","embeddable":true,"href":"https:\/\/www.erresse-shop.it\/es\/wp-json\/wp\/v2\/product_tag?post=468125"}],"curies":[{"name":"wp","href":"https:\/\/api.w.org\/{rel}","templated":true}]}}