{"id":466346,"date":"2025-02-05T14:22:48","date_gmt":"2025-02-05T14:22:51","guid":{"rendered":"https:\/\/www.erresse-shop.it\/?post_type=product&#038;p=466346"},"modified":"2025-02-05T14:38:17","modified_gmt":"2025-02-05T14:38:17","slug":"berkel-teknica-juego-de-3-cuchillo-jamonero-negro-copia","status":"publish","type":"product","link":"https:\/\/www.erresse-shop.it\/es\/shop\/cocina\/cuchillos\/cuchillos-de-cocina\/berkel-teknica-juego-de-3-cuchillo-jamonero-negro-copia\/","title":{"rendered":"BERKEL Teknica Set de 4 cuchillos de chef negros Teknica"},"content":{"rendered":"<p><strong>Berkel<\/strong> dedica este set a los amantes de los embutidos con un cuchillo para jam\u00f3n, pan y deshuesado.<\/p>\n<ul>\n<li>Hoja fabricada en acero al cromo-molibdeno-vanadio 1.4116-X50 Cr Mo V15 de alta calidad<\/li>\n<li>Hoja cortada con l\u00e1ser a partir de una l\u00e1mina de 3 mm<\/li>\n<li>Desbaste, templado, satinado y afilado realizados seg\u00fan t\u00e9cnicas artesanales<\/li>\n<li>Mango \u201ct\u00e9cnico\u201d impreso en pol\u00edmero termopl\u00e1stico con agarre directo para garantizar la m\u00e1xima ergonom\u00eda de uso y sugerir el agarre correcto<\/li>\n<li>Doble textura en las zonas de agarre para aumentar el agarre<\/li>\n<li>Anillo frontal para un bloqueo perfecto de la hoja<\/li>\n<li>Anillo trasero que garantiza un equilibrio perfecto gracias a la inserci\u00f3n de bolas de acero<\/li>\n<li>Logotipo y dise\u00f1o reconocibles de Berkel<\/li>\n<li>\u201cB\u201d grabada en el bisel trasero<\/li>\n<\/ul>\n<p><strong>ESPECIFICACIONES<\/strong><\/p>\n<div class=\"attribute\"><strong>Peso:<\/strong> 625 gr<br \/>\n<strong>Composici\u00f3n del set:<\/strong> Cuchillo jamonero 28 cm, Cuchillo pan 22 cm, Cuchillo cocina 20 cm, Cuchillo Santoku 17 cm<\/div>\n<div class=\"attribute\"><strong>Material de la hoja:<\/strong> Forjado en acero inoxidable 1.4116-X50 Cr Mo V15; Espesor 3mm; Dureza despu\u00e9s de T.T: 59\/60 HRC; Certificado Catra: Muy bueno.<\/div>\n<div class=\"attribute\"><strong>Mango:<\/strong> Resina con acabado satinado<\/div>\n<div class=\"attribute\"><strong>Uso y mantenimiento:<\/strong> Recomendamos encarecidamente el lavado a mano con agua caliente para garantizar la integridad del producto y su durabilidad en el tiempo. En cualquier caso, se recomienda secar el cuchillo despu\u00e9s de cada lavado. No utilice pa\u00f1os ni esponjas abrasivas.<\/p>\n","protected":false},"excerpt":{"rendered":"<p>Berkel dedica este set a los amantes de los embutidos con un cuchillo para jam\u00f3n, pan y deshuesado. Hoja fabricada<\/p>\n","protected":false},"featured_media":466366,"template":"","meta":{"_acf_changed":false,"inline_featured_image":false},"product_cat":[16040,16043,16047],"product_tag":[23692,16432,18699,23662,24405,16552,16307],"acf":[],"yoast_head":"<!-- This site is optimized with the Yoast SEO Premium plugin v18.6 (Yoast SEO v19.13) - https:\/\/yoast.com\/wordpress\/plugins\/seo\/ -->\n<title>BERKEL Teknica Set de 4 cuchillos de chef negros Teknica - Erresse Shop<\/title>\n<meta name=\"description\" content=\"Berkel dedica este set a los amantes de los embutidos con un cuchillo para jam\u00f3n, pan y deshuesado. Hoja fabricada en acero al cromo-molibdeno-vanadio\" \/>\n<meta name=\"robots\" content=\"index, follow, max-snippet:-1, max-image-preview:large, max-video-preview:-1\" \/>\n<link rel=\"canonical\" href=\"https:\/\/www.erresse-shop.it\/es\/shop\/cocina\/cuchillos\/cuchillos-de-cocina\/berkel-teknica-juego-de-3-cuchillo-jamonero-negro-copia\/\" \/>\n<meta property=\"og:locale\" content=\"es_ES\" \/>\n<meta property=\"og:type\" content=\"article\" \/>\n<meta property=\"og:title\" content=\"BERKEL Teknica Set de 4 cuchillos de chef negros Teknica\" \/>\n<meta property=\"og:description\" content=\"Berkel dedica este set a los amantes de los embutidos con un cuchillo para jam\u00f3n, pan y deshuesado. Hoja fabricada en acero al cromo-molibdeno-vanadio\" \/>\n<meta property=\"og:url\" content=\"https:\/\/www.erresse-shop.it\/es\/shop\/cocina\/cuchillos\/cuchillos-de-cocina\/berkel-teknica-juego-de-3-cuchillo-jamonero-negro-copia\/\" \/>\n<meta property=\"og:site_name\" content=\"Erresse Shop\" \/>\n<meta property=\"article:modified_time\" content=\"2025-02-05T14:38:17+00:00\" \/>\n<meta property=\"og:image\" content=\"https:\/\/www.erresse-shop.it\/wp-content\/uploads\/2025\/02\/BERKEL-Teknica-Set-4-Coltelli-Chef-Nero.jpg\" \/>\n\t<meta property=\"og:image:width\" content=\"1200\" \/>\n\t<meta property=\"og:image:height\" content=\"1200\" \/>\n\t<meta property=\"og:image:type\" content=\"image\/jpeg\" \/>\n<meta name=\"twitter:card\" content=\"summary_large_image\" \/>\n<script type=\"application\/ld+json\" class=\"yoast-schema-graph\">{\"@context\":\"https:\/\/schema.org\",\"@graph\":[{\"@type\":\"WebPage\",\"@id\":\"https:\/\/www.erresse-shop.it\/es\/shop\/cocina\/cuchillos\/cuchillos-de-cocina\/berkel-teknica-juego-de-3-cuchillo-jamonero-negro-copia\/\",\"url\":\"https:\/\/www.erresse-shop.it\/es\/shop\/cocina\/cuchillos\/cuchillos-de-cocina\/berkel-teknica-juego-de-3-cuchillo-jamonero-negro-copia\/\",\"name\":\"BERKEL Teknica Set de 4 cuchillos de chef negros Teknica - Erresse Shop\",\"isPartOf\":{\"@id\":\"https:\/\/www.erresse-shop.it\/es\/#website\"},\"datePublished\":\"2025-02-05T14:22:51+00:00\",\"dateModified\":\"2025-02-05T14:38:17+00:00\",\"description\":\"Berkel dedica este set a los amantes de los embutidos con un cuchillo para jam\u00f3n, pan y deshuesado. Hoja fabricada en acero al cromo-molibdeno-vanadio\",\"breadcrumb\":{\"@id\":\"https:\/\/www.erresse-shop.it\/es\/shop\/cocina\/cuchillos\/cuchillos-de-cocina\/berkel-teknica-juego-de-3-cuchillo-jamonero-negro-copia\/#breadcrumb\"},\"inLanguage\":\"es\",\"potentialAction\":[{\"@type\":\"ReadAction\",\"target\":[\"https:\/\/www.erresse-shop.it\/es\/shop\/cocina\/cuchillos\/cuchillos-de-cocina\/berkel-teknica-juego-de-3-cuchillo-jamonero-negro-copia\/\"]}]},{\"@type\":\"BreadcrumbList\",\"@id\":\"https:\/\/www.erresse-shop.it\/es\/shop\/cocina\/cuchillos\/cuchillos-de-cocina\/berkel-teknica-juego-de-3-cuchillo-jamonero-negro-copia\/#breadcrumb\",\"itemListElement\":[{\"@type\":\"ListItem\",\"position\":1,\"name\":\"Home\",\"item\":\"https:\/\/www.erresse-shop.it\/es\/\"},{\"@type\":\"ListItem\",\"position\":2,\"name\":\"Shop\",\"item\":\"https:\/\/www.erresse-shop.it\/es\/shop\/\"},{\"@type\":\"ListItem\",\"position\":3,\"name\":\"BERKEL Teknica Set de 4 cuchillos de chef negros Teknica\"}]},{\"@type\":\"WebSite\",\"@id\":\"https:\/\/www.erresse-shop.it\/es\/#website\",\"url\":\"https:\/\/www.erresse-shop.it\/es\/\",\"name\":\"Erresse Shop\",\"description\":\"Articoli di qualit\u00e0 per la casa\",\"potentialAction\":[{\"@type\":\"SearchAction\",\"target\":{\"@type\":\"EntryPoint\",\"urlTemplate\":\"https:\/\/www.erresse-shop.it\/es\/?s={search_term_string}\"},\"query-input\":\"required name=search_term_string\"}],\"inLanguage\":\"es\"}]}<\/script>\n<!-- \/ Yoast SEO Premium plugin. -->","yoast_head_json":{"title":"BERKEL Teknica Set de 4 cuchillos de chef negros Teknica - Erresse Shop","description":"Berkel dedica este set a los amantes de los embutidos con un cuchillo para jam\u00f3n, pan y deshuesado. Hoja fabricada en acero al cromo-molibdeno-vanadio","robots":{"index":"index","follow":"follow","max-snippet":"max-snippet:-1","max-image-preview":"max-image-preview:large","max-video-preview":"max-video-preview:-1"},"canonical":"https:\/\/www.erresse-shop.it\/es\/shop\/cocina\/cuchillos\/cuchillos-de-cocina\/berkel-teknica-juego-de-3-cuchillo-jamonero-negro-copia\/","og_locale":"es_ES","og_type":"article","og_title":"BERKEL Teknica Set de 4 cuchillos de chef negros Teknica","og_description":"Berkel dedica este set a los amantes de los embutidos con un cuchillo para jam\u00f3n, pan y deshuesado. Hoja fabricada en acero al cromo-molibdeno-vanadio","og_url":"https:\/\/www.erresse-shop.it\/es\/shop\/cocina\/cuchillos\/cuchillos-de-cocina\/berkel-teknica-juego-de-3-cuchillo-jamonero-negro-copia\/","og_site_name":"Erresse Shop","article_modified_time":"2025-02-05T14:38:17+00:00","og_image":[{"width":1200,"height":1200,"url":"https:\/\/www.erresse-shop.it\/wp-content\/uploads\/2025\/02\/BERKEL-Teknica-Set-4-Coltelli-Chef-Nero.jpg","type":"image\/jpeg"}],"twitter_card":"summary_large_image","schema":{"@context":"https:\/\/schema.org","@graph":[{"@type":"WebPage","@id":"https:\/\/www.erresse-shop.it\/es\/shop\/cocina\/cuchillos\/cuchillos-de-cocina\/berkel-teknica-juego-de-3-cuchillo-jamonero-negro-copia\/","url":"https:\/\/www.erresse-shop.it\/es\/shop\/cocina\/cuchillos\/cuchillos-de-cocina\/berkel-teknica-juego-de-3-cuchillo-jamonero-negro-copia\/","name":"BERKEL Teknica Set de 4 cuchillos de chef negros Teknica - Erresse Shop","isPartOf":{"@id":"https:\/\/www.erresse-shop.it\/es\/#website"},"datePublished":"2025-02-05T14:22:51+00:00","dateModified":"2025-02-05T14:38:17+00:00","description":"Berkel dedica este set a los amantes de los embutidos con un cuchillo para jam\u00f3n, pan y deshuesado. Hoja fabricada en acero al cromo-molibdeno-vanadio","breadcrumb":{"@id":"https:\/\/www.erresse-shop.it\/es\/shop\/cocina\/cuchillos\/cuchillos-de-cocina\/berkel-teknica-juego-de-3-cuchillo-jamonero-negro-copia\/#breadcrumb"},"inLanguage":"es","potentialAction":[{"@type":"ReadAction","target":["https:\/\/www.erresse-shop.it\/es\/shop\/cocina\/cuchillos\/cuchillos-de-cocina\/berkel-teknica-juego-de-3-cuchillo-jamonero-negro-copia\/"]}]},{"@type":"BreadcrumbList","@id":"https:\/\/www.erresse-shop.it\/es\/shop\/cocina\/cuchillos\/cuchillos-de-cocina\/berkel-teknica-juego-de-3-cuchillo-jamonero-negro-copia\/#breadcrumb","itemListElement":[{"@type":"ListItem","position":1,"name":"Home","item":"https:\/\/www.erresse-shop.it\/es\/"},{"@type":"ListItem","position":2,"name":"Shop","item":"https:\/\/www.erresse-shop.it\/es\/shop\/"},{"@type":"ListItem","position":3,"name":"BERKEL Teknica Set de 4 cuchillos de chef negros Teknica"}]},{"@type":"WebSite","@id":"https:\/\/www.erresse-shop.it\/es\/#website","url":"https:\/\/www.erresse-shop.it\/es\/","name":"Erresse Shop","description":"Articoli di qualit\u00e0 per la casa","potentialAction":[{"@type":"SearchAction","target":{"@type":"EntryPoint","urlTemplate":"https:\/\/www.erresse-shop.it\/es\/?s={search_term_string}"},"query-input":"required name=search_term_string"}],"inLanguage":"es"}]}},"df_price":219.5,"df_sale_price":219.5,"df_regular_price":439,"df_image_link":"https:\/\/www.erresse-shop.it\/wp-content\/uploads\/2025\/02\/BERKEL-Teknica-Set-4-Coltelli-Chef-Nero-300x300.jpg","_links":{"self":[{"href":"https:\/\/www.erresse-shop.it\/es\/wp-json\/wp\/v2\/product\/466346"}],"collection":[{"href":"https:\/\/www.erresse-shop.it\/es\/wp-json\/wp\/v2\/product"}],"about":[{"href":"https:\/\/www.erresse-shop.it\/es\/wp-json\/wp\/v2\/types\/product"}],"wp:featuredmedia":[{"embeddable":true,"href":"https:\/\/www.erresse-shop.it\/es\/wp-json\/wp\/v2\/media\/466366"}],"wp:attachment":[{"href":"https:\/\/www.erresse-shop.it\/es\/wp-json\/wp\/v2\/media?parent=466346"}],"wp:term":[{"taxonomy":"product_cat","embeddable":true,"href":"https:\/\/www.erresse-shop.it\/es\/wp-json\/wp\/v2\/product_cat?post=466346"},{"taxonomy":"product_tag","embeddable":true,"href":"https:\/\/www.erresse-shop.it\/es\/wp-json\/wp\/v2\/product_tag?post=466346"}],"curies":[{"name":"wp","href":"https:\/\/api.w.org\/{rel}","templated":true}]}}