{"id":466241,"date":"2025-02-05T11:16:08","date_gmt":"2025-02-05T11:16:11","guid":{"rendered":"https:\/\/www.erresse-shop.it\/?post_type=product&#038;p=466241"},"modified":"2026-02-23T11:23:02","modified_gmt":"2026-02-23T11:23:02","slug":"wd-lifestyle-set-de-6-tazas-de-ceramica","status":"publish","type":"product","link":"https:\/\/www.erresse-shop.it\/es\/shop\/tabla\/tazas\/wd-lifestyle-set-de-6-tazas-de-ceramica\/","title":{"rendered":"WD LIFESTYLE Set de 6 tazas de cer\u00e1mica"},"content":{"rendered":"<p>Colorido y enriquecido con aforismos que te har\u00e1n empezar el d\u00eda con buen pie. Perfecto para uso dom\u00e9stico o para la oficina durante los descansos.<\/p>\n<p>Capacidad: 100ml<\/p>\n","protected":false},"excerpt":{"rendered":"<p>Colorido y enriquecido con aforismos que te har\u00e1n empezar el d\u00eda con buen pie. Perfecto para uso dom\u00e9stico o para<\/p>\n","protected":false},"featured_media":466260,"template":"","meta":{"_acf_changed":false,"inline_featured_image":false},"product_cat":[16027,16034],"product_tag":[22670,24605,16909],"acf":[],"yoast_head":"<!-- This site is optimized with the Yoast SEO Premium plugin v18.6 (Yoast SEO v19.13) - https:\/\/yoast.com\/wordpress\/plugins\/seo\/ -->\n<title>WD LIFESTYLE Set de 6 tazas de cer\u00e1mica - Erresse Shop<\/title>\n<meta name=\"description\" content=\"Colorido y enriquecido con aforismos que te har\u00e1n empezar el d\u00eda con buen pie. Perfecto para uso dom\u00e9stico o para la oficina durante los descansos.\" \/>\n<meta name=\"robots\" content=\"index, follow, max-snippet:-1, max-image-preview:large, max-video-preview:-1\" \/>\n<link rel=\"canonical\" href=\"https:\/\/www.erresse-shop.it\/es\/shop\/tabla\/tazas\/wd-lifestyle-set-de-6-tazas-de-ceramica\/\" \/>\n<meta property=\"og:locale\" content=\"es_ES\" \/>\n<meta property=\"og:type\" content=\"article\" \/>\n<meta property=\"og:title\" content=\"WD LIFESTYLE Set de 6 tazas de cer\u00e1mica\" \/>\n<meta property=\"og:description\" content=\"Colorido y enriquecido con aforismos que te har\u00e1n empezar el d\u00eda con buen pie. Perfecto para uso dom\u00e9stico o para la oficina durante los descansos.\" \/>\n<meta property=\"og:url\" content=\"https:\/\/www.erresse-shop.it\/es\/shop\/tabla\/tazas\/wd-lifestyle-set-de-6-tazas-de-ceramica\/\" \/>\n<meta property=\"og:site_name\" content=\"Erresse Shop\" \/>\n<meta property=\"article:modified_time\" content=\"2026-02-23T11:23:02+00:00\" \/>\n<meta property=\"og:image\" content=\"https:\/\/www.erresse-shop.it\/wp-content\/uploads\/2025\/02\/WD-LIFESTYLE-Set-6-Tazzine-in-Ceramica.jpg\" \/>\n\t<meta property=\"og:image:width\" content=\"1200\" \/>\n\t<meta property=\"og:image:height\" content=\"1200\" \/>\n\t<meta property=\"og:image:type\" content=\"image\/jpeg\" \/>\n<meta name=\"twitter:card\" content=\"summary_large_image\" \/>\n<script type=\"application\/ld+json\" class=\"yoast-schema-graph\">{\"@context\":\"https:\/\/schema.org\",\"@graph\":[{\"@type\":\"WebPage\",\"@id\":\"https:\/\/www.erresse-shop.it\/es\/shop\/tabla\/tazas\/wd-lifestyle-set-de-6-tazas-de-ceramica\/\",\"url\":\"https:\/\/www.erresse-shop.it\/es\/shop\/tabla\/tazas\/wd-lifestyle-set-de-6-tazas-de-ceramica\/\",\"name\":\"WD LIFESTYLE Set de 6 tazas de cer\u00e1mica - Erresse Shop\",\"isPartOf\":{\"@id\":\"https:\/\/www.erresse-shop.it\/es\/#website\"},\"datePublished\":\"2025-02-05T11:16:11+00:00\",\"dateModified\":\"2026-02-23T11:23:02+00:00\",\"description\":\"Colorido y enriquecido con aforismos que te har\u00e1n empezar el d\u00eda con buen pie. Perfecto para uso dom\u00e9stico o para la oficina durante los descansos.\",\"breadcrumb\":{\"@id\":\"https:\/\/www.erresse-shop.it\/es\/shop\/tabla\/tazas\/wd-lifestyle-set-de-6-tazas-de-ceramica\/#breadcrumb\"},\"inLanguage\":\"es\",\"potentialAction\":[{\"@type\":\"ReadAction\",\"target\":[\"https:\/\/www.erresse-shop.it\/es\/shop\/tabla\/tazas\/wd-lifestyle-set-de-6-tazas-de-ceramica\/\"]}]},{\"@type\":\"BreadcrumbList\",\"@id\":\"https:\/\/www.erresse-shop.it\/es\/shop\/tabla\/tazas\/wd-lifestyle-set-de-6-tazas-de-ceramica\/#breadcrumb\",\"itemListElement\":[{\"@type\":\"ListItem\",\"position\":1,\"name\":\"Home\",\"item\":\"https:\/\/www.erresse-shop.it\/es\/\"},{\"@type\":\"ListItem\",\"position\":2,\"name\":\"Shop\",\"item\":\"https:\/\/www.erresse-shop.it\/es\/shop\/\"},{\"@type\":\"ListItem\",\"position\":3,\"name\":\"WD LIFESTYLE Set de 6 tazas de cer\u00e1mica\"}]},{\"@type\":\"WebSite\",\"@id\":\"https:\/\/www.erresse-shop.it\/es\/#website\",\"url\":\"https:\/\/www.erresse-shop.it\/es\/\",\"name\":\"Erresse Shop\",\"description\":\"Articoli di qualit\u00e0 per la casa\",\"potentialAction\":[{\"@type\":\"SearchAction\",\"target\":{\"@type\":\"EntryPoint\",\"urlTemplate\":\"https:\/\/www.erresse-shop.it\/es\/?s={search_term_string}\"},\"query-input\":\"required name=search_term_string\"}],\"inLanguage\":\"es\"}]}<\/script>\n<!-- \/ Yoast SEO Premium plugin. -->","yoast_head_json":{"title":"WD LIFESTYLE Set de 6 tazas de cer\u00e1mica - Erresse Shop","description":"Colorido y enriquecido con aforismos que te har\u00e1n empezar el d\u00eda con buen pie. Perfecto para uso dom\u00e9stico o para la oficina durante los descansos.","robots":{"index":"index","follow":"follow","max-snippet":"max-snippet:-1","max-image-preview":"max-image-preview:large","max-video-preview":"max-video-preview:-1"},"canonical":"https:\/\/www.erresse-shop.it\/es\/shop\/tabla\/tazas\/wd-lifestyle-set-de-6-tazas-de-ceramica\/","og_locale":"es_ES","og_type":"article","og_title":"WD LIFESTYLE Set de 6 tazas de cer\u00e1mica","og_description":"Colorido y enriquecido con aforismos que te har\u00e1n empezar el d\u00eda con buen pie. Perfecto para uso dom\u00e9stico o para la oficina durante los descansos.","og_url":"https:\/\/www.erresse-shop.it\/es\/shop\/tabla\/tazas\/wd-lifestyle-set-de-6-tazas-de-ceramica\/","og_site_name":"Erresse Shop","article_modified_time":"2026-02-23T11:23:02+00:00","og_image":[{"width":1200,"height":1200,"url":"https:\/\/www.erresse-shop.it\/wp-content\/uploads\/2025\/02\/WD-LIFESTYLE-Set-6-Tazzine-in-Ceramica.jpg","type":"image\/jpeg"}],"twitter_card":"summary_large_image","schema":{"@context":"https:\/\/schema.org","@graph":[{"@type":"WebPage","@id":"https:\/\/www.erresse-shop.it\/es\/shop\/tabla\/tazas\/wd-lifestyle-set-de-6-tazas-de-ceramica\/","url":"https:\/\/www.erresse-shop.it\/es\/shop\/tabla\/tazas\/wd-lifestyle-set-de-6-tazas-de-ceramica\/","name":"WD LIFESTYLE Set de 6 tazas de cer\u00e1mica - Erresse Shop","isPartOf":{"@id":"https:\/\/www.erresse-shop.it\/es\/#website"},"datePublished":"2025-02-05T11:16:11+00:00","dateModified":"2026-02-23T11:23:02+00:00","description":"Colorido y enriquecido con aforismos que te har\u00e1n empezar el d\u00eda con buen pie. Perfecto para uso dom\u00e9stico o para la oficina durante los descansos.","breadcrumb":{"@id":"https:\/\/www.erresse-shop.it\/es\/shop\/tabla\/tazas\/wd-lifestyle-set-de-6-tazas-de-ceramica\/#breadcrumb"},"inLanguage":"es","potentialAction":[{"@type":"ReadAction","target":["https:\/\/www.erresse-shop.it\/es\/shop\/tabla\/tazas\/wd-lifestyle-set-de-6-tazas-de-ceramica\/"]}]},{"@type":"BreadcrumbList","@id":"https:\/\/www.erresse-shop.it\/es\/shop\/tabla\/tazas\/wd-lifestyle-set-de-6-tazas-de-ceramica\/#breadcrumb","itemListElement":[{"@type":"ListItem","position":1,"name":"Home","item":"https:\/\/www.erresse-shop.it\/es\/"},{"@type":"ListItem","position":2,"name":"Shop","item":"https:\/\/www.erresse-shop.it\/es\/shop\/"},{"@type":"ListItem","position":3,"name":"WD LIFESTYLE Set de 6 tazas de cer\u00e1mica"}]},{"@type":"WebSite","@id":"https:\/\/www.erresse-shop.it\/es\/#website","url":"https:\/\/www.erresse-shop.it\/es\/","name":"Erresse Shop","description":"Articoli di qualit\u00e0 per la casa","potentialAction":[{"@type":"SearchAction","target":{"@type":"EntryPoint","urlTemplate":"https:\/\/www.erresse-shop.it\/es\/?s={search_term_string}"},"query-input":"required name=search_term_string"}],"inLanguage":"es"}]}},"df_price":14.939999999999998,"df_sale_price":14.939999999999998,"df_regular_price":24.9,"df_image_link":"https:\/\/www.erresse-shop.it\/wp-content\/uploads\/2025\/02\/WD-LIFESTYLE-Set-6-Tazzine-in-Ceramica-300x300.jpg","_links":{"self":[{"href":"https:\/\/www.erresse-shop.it\/es\/wp-json\/wp\/v2\/product\/466241"}],"collection":[{"href":"https:\/\/www.erresse-shop.it\/es\/wp-json\/wp\/v2\/product"}],"about":[{"href":"https:\/\/www.erresse-shop.it\/es\/wp-json\/wp\/v2\/types\/product"}],"wp:featuredmedia":[{"embeddable":true,"href":"https:\/\/www.erresse-shop.it\/es\/wp-json\/wp\/v2\/media\/466260"}],"wp:attachment":[{"href":"https:\/\/www.erresse-shop.it\/es\/wp-json\/wp\/v2\/media?parent=466241"}],"wp:term":[{"taxonomy":"product_cat","embeddable":true,"href":"https:\/\/www.erresse-shop.it\/es\/wp-json\/wp\/v2\/product_cat?post=466241"},{"taxonomy":"product_tag","embeddable":true,"href":"https:\/\/www.erresse-shop.it\/es\/wp-json\/wp\/v2\/product_tag?post=466241"}],"curies":[{"name":"wp","href":"https:\/\/api.w.org\/{rel}","templated":true}]}}