{"id":466123,"date":"2025-02-05T08:39:54","date_gmt":"2025-02-05T08:39:57","guid":{"rendered":"https:\/\/www.erresse-shop.it\/?post_type=product&#038;p=466123"},"modified":"2026-02-23T11:40:02","modified_gmt":"2026-02-23T11:40:02","slug":"wd-lifestyle-tetera-con-filtro-de-vidrio-y-mango-amarillo","status":"publish","type":"product","link":"https:\/\/www.erresse-shop.it\/es\/shop\/tabla\/teteras-azucareras-jarras-de-leche\/wd-lifestyle-tetera-con-filtro-de-vidrio-y-mango-amarillo\/","title":{"rendered":"WD LIFESTYLE Tetera con filtro de vidrio y mango amarillo"},"content":{"rendered":"<div class=\"flex-shrink-0 flex flex-col relativo elementos-finales\">\n<div class=\"pt-0\">\n<div class=\"gizmo-bot-avatar flex h-8 w-8 elementos-centrados justificar-el-centro desbordamiento-oculto redondeado-completo\">\n<div class=\"relative p-1 rounded-sm flex items-center justify-center bg-token-main-surface-primary text-token-text-primary h-8 w-8\">Descubre la elegante y funcional tetera de vidrio borosilicato, perfecta para preparar tus infusiones favoritas. Equipado con un filtro de acero inoxidable de alta calidad, garantiza una filtraci\u00f3n \u00f3ptima. El mango colorido a\u00f1ade un toque de vivacidad, mientras que la inscripci\u00f3n decorativa &#8220;Keep relajado&#8221; invita a disfrutar de cada momento de relajaci\u00f3n. \u00a1Un accesorio esencial para cualquier amante del t\u00e9 de hierbas!<\/div>\n<\/div>\n<\/div>\n<p>Capacidad: 420 ml<\/p>\n<p><strong>Filtro no apto para microondas<\/strong><\/p>\n<\/div>\n","protected":false},"excerpt":{"rendered":"<p>Descubre la elegante y funcional tetera de vidrio borosilicato, perfecta para preparar tus infusiones favoritas. Equipado con un filtro de<\/p>\n","protected":false},"featured_media":466142,"template":"","meta":{"_acf_changed":false,"inline_featured_image":false},"product_cat":[16027,16035],"product_tag":[24605,16117,21296],"acf":[],"yoast_head":"<!-- This site is optimized with the Yoast SEO Premium plugin v18.6 (Yoast SEO v19.13) - https:\/\/yoast.com\/wordpress\/plugins\/seo\/ -->\n<title>WD LIFESTYLE Tetera con filtro de vidrio y mango amarillo - Erresse Shop<\/title>\n<meta name=\"description\" content=\"Descubre la elegante y funcional tetera de vidrio borosilicato, perfecta para preparar tus infusiones favoritas. Equipado con un filtro de acero\" \/>\n<meta name=\"robots\" content=\"index, follow, max-snippet:-1, max-image-preview:large, max-video-preview:-1\" \/>\n<link rel=\"canonical\" href=\"https:\/\/www.erresse-shop.it\/es\/shop\/tabla\/teteras-azucareras-jarras-de-leche\/wd-lifestyle-tetera-con-filtro-de-vidrio-y-mango-amarillo\/\" \/>\n<meta property=\"og:locale\" content=\"es_ES\" \/>\n<meta property=\"og:type\" content=\"article\" \/>\n<meta property=\"og:title\" content=\"WD LIFESTYLE Tetera con filtro de vidrio y mango amarillo\" \/>\n<meta property=\"og:description\" content=\"Descubre la elegante y funcional tetera de vidrio borosilicato, perfecta para preparar tus infusiones favoritas. Equipado con un filtro de acero\" \/>\n<meta property=\"og:url\" content=\"https:\/\/www.erresse-shop.it\/es\/shop\/tabla\/teteras-azucareras-jarras-de-leche\/wd-lifestyle-tetera-con-filtro-de-vidrio-y-mango-amarillo\/\" \/>\n<meta property=\"og:site_name\" content=\"Erresse Shop\" \/>\n<meta property=\"article:modified_time\" content=\"2026-02-23T11:40:02+00:00\" \/>\n<meta property=\"og:image\" content=\"https:\/\/www.erresse-shop.it\/wp-content\/uploads\/2025\/02\/WD-LIFESTYLE-Tisaniera-con-Filtro-in-Vetro-Manico-Giallo.jpg\" \/>\n\t<meta property=\"og:image:width\" content=\"1200\" \/>\n\t<meta property=\"og:image:height\" content=\"1200\" \/>\n\t<meta property=\"og:image:type\" content=\"image\/jpeg\" \/>\n<meta name=\"twitter:card\" content=\"summary_large_image\" \/>\n<script type=\"application\/ld+json\" class=\"yoast-schema-graph\">{\"@context\":\"https:\/\/schema.org\",\"@graph\":[{\"@type\":\"WebPage\",\"@id\":\"https:\/\/www.erresse-shop.it\/es\/shop\/tabla\/teteras-azucareras-jarras-de-leche\/wd-lifestyle-tetera-con-filtro-de-vidrio-y-mango-amarillo\/\",\"url\":\"https:\/\/www.erresse-shop.it\/es\/shop\/tabla\/teteras-azucareras-jarras-de-leche\/wd-lifestyle-tetera-con-filtro-de-vidrio-y-mango-amarillo\/\",\"name\":\"WD LIFESTYLE Tetera con filtro de vidrio y mango amarillo - Erresse Shop\",\"isPartOf\":{\"@id\":\"https:\/\/www.erresse-shop.it\/es\/#website\"},\"datePublished\":\"2025-02-05T08:39:57+00:00\",\"dateModified\":\"2026-02-23T11:40:02+00:00\",\"description\":\"Descubre la elegante y funcional tetera de vidrio borosilicato, perfecta para preparar tus infusiones favoritas. Equipado con un filtro de acero\",\"breadcrumb\":{\"@id\":\"https:\/\/www.erresse-shop.it\/es\/shop\/tabla\/teteras-azucareras-jarras-de-leche\/wd-lifestyle-tetera-con-filtro-de-vidrio-y-mango-amarillo\/#breadcrumb\"},\"inLanguage\":\"es\",\"potentialAction\":[{\"@type\":\"ReadAction\",\"target\":[\"https:\/\/www.erresse-shop.it\/es\/shop\/tabla\/teteras-azucareras-jarras-de-leche\/wd-lifestyle-tetera-con-filtro-de-vidrio-y-mango-amarillo\/\"]}]},{\"@type\":\"BreadcrumbList\",\"@id\":\"https:\/\/www.erresse-shop.it\/es\/shop\/tabla\/teteras-azucareras-jarras-de-leche\/wd-lifestyle-tetera-con-filtro-de-vidrio-y-mango-amarillo\/#breadcrumb\",\"itemListElement\":[{\"@type\":\"ListItem\",\"position\":1,\"name\":\"Home\",\"item\":\"https:\/\/www.erresse-shop.it\/es\/\"},{\"@type\":\"ListItem\",\"position\":2,\"name\":\"Shop\",\"item\":\"https:\/\/www.erresse-shop.it\/es\/shop\/\"},{\"@type\":\"ListItem\",\"position\":3,\"name\":\"WD LIFESTYLE Tetera con filtro de vidrio y mango amarillo\"}]},{\"@type\":\"WebSite\",\"@id\":\"https:\/\/www.erresse-shop.it\/es\/#website\",\"url\":\"https:\/\/www.erresse-shop.it\/es\/\",\"name\":\"Erresse Shop\",\"description\":\"Articoli di qualit\u00e0 per la casa\",\"potentialAction\":[{\"@type\":\"SearchAction\",\"target\":{\"@type\":\"EntryPoint\",\"urlTemplate\":\"https:\/\/www.erresse-shop.it\/es\/?s={search_term_string}\"},\"query-input\":\"required name=search_term_string\"}],\"inLanguage\":\"es\"}]}<\/script>\n<!-- \/ Yoast SEO Premium plugin. -->","yoast_head_json":{"title":"WD LIFESTYLE Tetera con filtro de vidrio y mango amarillo - Erresse Shop","description":"Descubre la elegante y funcional tetera de vidrio borosilicato, perfecta para preparar tus infusiones favoritas. Equipado con un filtro de acero","robots":{"index":"index","follow":"follow","max-snippet":"max-snippet:-1","max-image-preview":"max-image-preview:large","max-video-preview":"max-video-preview:-1"},"canonical":"https:\/\/www.erresse-shop.it\/es\/shop\/tabla\/teteras-azucareras-jarras-de-leche\/wd-lifestyle-tetera-con-filtro-de-vidrio-y-mango-amarillo\/","og_locale":"es_ES","og_type":"article","og_title":"WD LIFESTYLE Tetera con filtro de vidrio y mango amarillo","og_description":"Descubre la elegante y funcional tetera de vidrio borosilicato, perfecta para preparar tus infusiones favoritas. Equipado con un filtro de acero","og_url":"https:\/\/www.erresse-shop.it\/es\/shop\/tabla\/teteras-azucareras-jarras-de-leche\/wd-lifestyle-tetera-con-filtro-de-vidrio-y-mango-amarillo\/","og_site_name":"Erresse Shop","article_modified_time":"2026-02-23T11:40:02+00:00","og_image":[{"width":1200,"height":1200,"url":"https:\/\/www.erresse-shop.it\/wp-content\/uploads\/2025\/02\/WD-LIFESTYLE-Tisaniera-con-Filtro-in-Vetro-Manico-Giallo.jpg","type":"image\/jpeg"}],"twitter_card":"summary_large_image","schema":{"@context":"https:\/\/schema.org","@graph":[{"@type":"WebPage","@id":"https:\/\/www.erresse-shop.it\/es\/shop\/tabla\/teteras-azucareras-jarras-de-leche\/wd-lifestyle-tetera-con-filtro-de-vidrio-y-mango-amarillo\/","url":"https:\/\/www.erresse-shop.it\/es\/shop\/tabla\/teteras-azucareras-jarras-de-leche\/wd-lifestyle-tetera-con-filtro-de-vidrio-y-mango-amarillo\/","name":"WD LIFESTYLE Tetera con filtro de vidrio y mango amarillo - Erresse Shop","isPartOf":{"@id":"https:\/\/www.erresse-shop.it\/es\/#website"},"datePublished":"2025-02-05T08:39:57+00:00","dateModified":"2026-02-23T11:40:02+00:00","description":"Descubre la elegante y funcional tetera de vidrio borosilicato, perfecta para preparar tus infusiones favoritas. Equipado con un filtro de acero","breadcrumb":{"@id":"https:\/\/www.erresse-shop.it\/es\/shop\/tabla\/teteras-azucareras-jarras-de-leche\/wd-lifestyle-tetera-con-filtro-de-vidrio-y-mango-amarillo\/#breadcrumb"},"inLanguage":"es","potentialAction":[{"@type":"ReadAction","target":["https:\/\/www.erresse-shop.it\/es\/shop\/tabla\/teteras-azucareras-jarras-de-leche\/wd-lifestyle-tetera-con-filtro-de-vidrio-y-mango-amarillo\/"]}]},{"@type":"BreadcrumbList","@id":"https:\/\/www.erresse-shop.it\/es\/shop\/tabla\/teteras-azucareras-jarras-de-leche\/wd-lifestyle-tetera-con-filtro-de-vidrio-y-mango-amarillo\/#breadcrumb","itemListElement":[{"@type":"ListItem","position":1,"name":"Home","item":"https:\/\/www.erresse-shop.it\/es\/"},{"@type":"ListItem","position":2,"name":"Shop","item":"https:\/\/www.erresse-shop.it\/es\/shop\/"},{"@type":"ListItem","position":3,"name":"WD LIFESTYLE Tetera con filtro de vidrio y mango amarillo"}]},{"@type":"WebSite","@id":"https:\/\/www.erresse-shop.it\/es\/#website","url":"https:\/\/www.erresse-shop.it\/es\/","name":"Erresse Shop","description":"Articoli di qualit\u00e0 per la casa","potentialAction":[{"@type":"SearchAction","target":{"@type":"EntryPoint","urlTemplate":"https:\/\/www.erresse-shop.it\/es\/?s={search_term_string}"},"query-input":"required name=search_term_string"}],"inLanguage":"es"}]}},"df_price":8.94,"df_sale_price":8.94,"df_regular_price":14.9,"df_image_link":"https:\/\/www.erresse-shop.it\/wp-content\/uploads\/2025\/02\/WD-LIFESTYLE-Tisaniera-con-Filtro-in-Vetro-Manico-Giallo-300x300.jpg","_links":{"self":[{"href":"https:\/\/www.erresse-shop.it\/es\/wp-json\/wp\/v2\/product\/466123"}],"collection":[{"href":"https:\/\/www.erresse-shop.it\/es\/wp-json\/wp\/v2\/product"}],"about":[{"href":"https:\/\/www.erresse-shop.it\/es\/wp-json\/wp\/v2\/types\/product"}],"wp:featuredmedia":[{"embeddable":true,"href":"https:\/\/www.erresse-shop.it\/es\/wp-json\/wp\/v2\/media\/466142"}],"wp:attachment":[{"href":"https:\/\/www.erresse-shop.it\/es\/wp-json\/wp\/v2\/media?parent=466123"}],"wp:term":[{"taxonomy":"product_cat","embeddable":true,"href":"https:\/\/www.erresse-shop.it\/es\/wp-json\/wp\/v2\/product_cat?post=466123"},{"taxonomy":"product_tag","embeddable":true,"href":"https:\/\/www.erresse-shop.it\/es\/wp-json\/wp\/v2\/product_tag?post=466123"}],"curies":[{"name":"wp","href":"https:\/\/api.w.org\/{rel}","templated":true}]}}