{"id":466019,"date":"2025-02-05T06:56:07","date_gmt":"2025-02-05T06:56:10","guid":{"rendered":"https:\/\/www.erresse-shop.it\/?post_type=product&#038;p=466019"},"modified":"2026-02-23T11:44:10","modified_gmt":"2026-02-23T11:44:10","slug":"nio-cocktails-pairing-tasting-box","status":"publish","type":"product","link":"https:\/\/www.erresse-shop.it\/es\/shop\/tabla\/nio-cocktails-pairing-tasting-box\/","title":{"rendered":"NIO COCKTAILS Pairing Tasting Box"},"content":{"rendered":"<p>Descubre el regalo perfecto para los amantes de los c\u00f3cteles con esta elegante caja que contiene 2 copas y 4 c\u00f3cteles. Cada c\u00f3ctel est\u00e1 dise\u00f1ado para ofrecer una experiencia \u00fanica, ideal para disfrutar momentos de placer con estilo. Un conjunto refinado para aquellos que quieran disfrutar de c\u00f3cteles artesanales directamente en casa, sin sacrificar la calidad. Perfecto como idea de regalo o para una ocasi\u00f3n especial.<\/p>\n<p><span style=\"font-size: 14pt;\"><strong>C\u00f3cteles en la caja:<\/strong><\/span><\/p>\n<p><strong>Margarita de Tommy:<\/strong> Tequila Ex\u00f3tico Blanco 100% agave azul \/ JARABE DE AGAVE 1883 \/ \u00c1CIDO C\u00cdTRICO \/ Agua \/ 100 ML \/ 20% VOL.<\/p>\n<p><strong>Negroni:<\/strong> Tanqueray London Dry Gin \/ Vermut Cocchi Storico \/ Campari Bitter \/ ANGOSTURA AROMATIC BITTER \/ Agua \/ 100 ML \/ 22% VOLa<\/p>\n<p><strong>Daiquiri:<\/strong> SANTIAGO DE CUBATM RON CARTA BLANCA \/ JARABE DE AZ\u00daCAR DE CA\u00d1A TOSCHI \/ JARABE DE LIM\u00d3N 1883 \/ \u00c1CIDO C\u00cdTRICO \/ Agua \/ 100 ML \/ 23,2% VOL.<\/p>\n<p><strong>Cosmopolitan:<\/strong> KETEL ONE FAMILY MADE VODKA \/ JARABE DE AR\u00c1NDANOS TOSCHI \/ COINTREAU \/ ACIDIFICANTE: \u00c1CIDO C\u00cdTRICO \/ Agua \/ 100 ML \/ 22% VOL.<\/p>\n<div id=\"shopify-section-product-image-text-2\" class=\"shopify-section\">\n<section class=\"sec-Secci\u00f3n sec-Secci\u00f3n-blanco sec-Secci\u00f3n-border\">\n<div class=\"sec-Secci\u00f3n_Contenedor interno\">\n<div class=\"sec-Cuerpo_de_la_Secci\u00f3n\">\n<div class=\"sec-ImageText sec-ImageText-right sec-ImageText-noimage\">\n<div class=\"sec-ImageText_Content\">\n<div class=\"sec-ImageText_Text\">Te llevamos a tu domicilio o donde prefieras, una experiencia de degustaci\u00f3n llena de calidad y emoci\u00f3n. Date un capricho o regala un momento sensorial agradable: nuestros c\u00f3cteles se crean seg\u00fan la receta de Patrick Pistolesi y se env\u00edan en un embalaje de dise\u00f1o, totalmente reciclable.<\/div>\n<\/div>\n<\/div>\n<\/div>\n<\/div>\n<\/section>\n<\/div>\n","protected":false},"excerpt":{"rendered":"<p>Descubre el regalo perfecto para los amantes de los c\u00f3cteles con esta elegante caja que contiene 2 copas y 4<\/p>\n","protected":false},"featured_media":466063,"template":"","meta":{"_acf_changed":false,"inline_featured_image":false},"product_cat":[21706,16027],"product_tag":[21306,17245],"acf":[],"yoast_head":"<!-- This site is optimized with the Yoast SEO Premium plugin v18.6 (Yoast SEO v19.13) - https:\/\/yoast.com\/wordpress\/plugins\/seo\/ -->\n<title>NIO COCKTAILS Pairing Tasting Box - Erresse Shop<\/title>\n<meta name=\"description\" content=\"Descubre el regalo perfecto para los amantes de los c\u00f3cteles con esta elegante caja que contiene 2 copas y 4 c\u00f3cteles. Cada c\u00f3ctel est\u00e1 dise\u00f1ado para\" \/>\n<meta name=\"robots\" content=\"index, follow, max-snippet:-1, max-image-preview:large, max-video-preview:-1\" \/>\n<link rel=\"canonical\" href=\"https:\/\/www.erresse-shop.it\/es\/shop\/tabla\/nio-cocktails-pairing-tasting-box\/\" \/>\n<meta property=\"og:locale\" content=\"es_ES\" \/>\n<meta property=\"og:type\" content=\"article\" \/>\n<meta property=\"og:title\" content=\"NIO COCKTAILS Pairing Tasting Box\" \/>\n<meta property=\"og:description\" content=\"Descubre el regalo perfecto para los amantes de los c\u00f3cteles con esta elegante caja que contiene 2 copas y 4 c\u00f3cteles. Cada c\u00f3ctel est\u00e1 dise\u00f1ado para\" \/>\n<meta property=\"og:url\" content=\"https:\/\/www.erresse-shop.it\/es\/shop\/tabla\/nio-cocktails-pairing-tasting-box\/\" \/>\n<meta property=\"og:site_name\" content=\"Erresse Shop\" \/>\n<meta property=\"article:modified_time\" content=\"2026-02-23T11:44:10+00:00\" \/>\n<meta property=\"og:image\" content=\"https:\/\/www.erresse-shop.it\/wp-content\/uploads\/2025\/02\/NIO-COCKTAILS-Pairing-Tasting-Box.jpg\" \/>\n\t<meta property=\"og:image:width\" content=\"1200\" \/>\n\t<meta property=\"og:image:height\" content=\"1200\" \/>\n\t<meta property=\"og:image:type\" content=\"image\/jpeg\" \/>\n<meta name=\"twitter:card\" content=\"summary_large_image\" \/>\n<script type=\"application\/ld+json\" class=\"yoast-schema-graph\">{\"@context\":\"https:\/\/schema.org\",\"@graph\":[{\"@type\":\"WebPage\",\"@id\":\"https:\/\/www.erresse-shop.it\/es\/shop\/tabla\/nio-cocktails-pairing-tasting-box\/\",\"url\":\"https:\/\/www.erresse-shop.it\/es\/shop\/tabla\/nio-cocktails-pairing-tasting-box\/\",\"name\":\"NIO COCKTAILS Pairing Tasting Box - Erresse Shop\",\"isPartOf\":{\"@id\":\"https:\/\/www.erresse-shop.it\/es\/#website\"},\"datePublished\":\"2025-02-05T06:56:10+00:00\",\"dateModified\":\"2026-02-23T11:44:10+00:00\",\"description\":\"Descubre el regalo perfecto para los amantes de los c\u00f3cteles con esta elegante caja que contiene 2 copas y 4 c\u00f3cteles. Cada c\u00f3ctel est\u00e1 dise\u00f1ado para\",\"breadcrumb\":{\"@id\":\"https:\/\/www.erresse-shop.it\/es\/shop\/tabla\/nio-cocktails-pairing-tasting-box\/#breadcrumb\"},\"inLanguage\":\"es\",\"potentialAction\":[{\"@type\":\"ReadAction\",\"target\":[\"https:\/\/www.erresse-shop.it\/es\/shop\/tabla\/nio-cocktails-pairing-tasting-box\/\"]}]},{\"@type\":\"BreadcrumbList\",\"@id\":\"https:\/\/www.erresse-shop.it\/es\/shop\/tabla\/nio-cocktails-pairing-tasting-box\/#breadcrumb\",\"itemListElement\":[{\"@type\":\"ListItem\",\"position\":1,\"name\":\"Home\",\"item\":\"https:\/\/www.erresse-shop.it\/es\/\"},{\"@type\":\"ListItem\",\"position\":2,\"name\":\"Shop\",\"item\":\"https:\/\/www.erresse-shop.it\/es\/shop\/\"},{\"@type\":\"ListItem\",\"position\":3,\"name\":\"NIO COCKTAILS Pairing Tasting Box\"}]},{\"@type\":\"WebSite\",\"@id\":\"https:\/\/www.erresse-shop.it\/es\/#website\",\"url\":\"https:\/\/www.erresse-shop.it\/es\/\",\"name\":\"Erresse Shop\",\"description\":\"Articoli di qualit\u00e0 per la casa\",\"potentialAction\":[{\"@type\":\"SearchAction\",\"target\":{\"@type\":\"EntryPoint\",\"urlTemplate\":\"https:\/\/www.erresse-shop.it\/es\/?s={search_term_string}\"},\"query-input\":\"required name=search_term_string\"}],\"inLanguage\":\"es\"}]}<\/script>\n<!-- \/ Yoast SEO Premium plugin. -->","yoast_head_json":{"title":"NIO COCKTAILS Pairing Tasting Box - Erresse Shop","description":"Descubre el regalo perfecto para los amantes de los c\u00f3cteles con esta elegante caja que contiene 2 copas y 4 c\u00f3cteles. Cada c\u00f3ctel est\u00e1 dise\u00f1ado para","robots":{"index":"index","follow":"follow","max-snippet":"max-snippet:-1","max-image-preview":"max-image-preview:large","max-video-preview":"max-video-preview:-1"},"canonical":"https:\/\/www.erresse-shop.it\/es\/shop\/tabla\/nio-cocktails-pairing-tasting-box\/","og_locale":"es_ES","og_type":"article","og_title":"NIO COCKTAILS Pairing Tasting Box","og_description":"Descubre el regalo perfecto para los amantes de los c\u00f3cteles con esta elegante caja que contiene 2 copas y 4 c\u00f3cteles. Cada c\u00f3ctel est\u00e1 dise\u00f1ado para","og_url":"https:\/\/www.erresse-shop.it\/es\/shop\/tabla\/nio-cocktails-pairing-tasting-box\/","og_site_name":"Erresse Shop","article_modified_time":"2026-02-23T11:44:10+00:00","og_image":[{"width":1200,"height":1200,"url":"https:\/\/www.erresse-shop.it\/wp-content\/uploads\/2025\/02\/NIO-COCKTAILS-Pairing-Tasting-Box.jpg","type":"image\/jpeg"}],"twitter_card":"summary_large_image","schema":{"@context":"https:\/\/schema.org","@graph":[{"@type":"WebPage","@id":"https:\/\/www.erresse-shop.it\/es\/shop\/tabla\/nio-cocktails-pairing-tasting-box\/","url":"https:\/\/www.erresse-shop.it\/es\/shop\/tabla\/nio-cocktails-pairing-tasting-box\/","name":"NIO COCKTAILS Pairing Tasting Box - Erresse Shop","isPartOf":{"@id":"https:\/\/www.erresse-shop.it\/es\/#website"},"datePublished":"2025-02-05T06:56:10+00:00","dateModified":"2026-02-23T11:44:10+00:00","description":"Descubre el regalo perfecto para los amantes de los c\u00f3cteles con esta elegante caja que contiene 2 copas y 4 c\u00f3cteles. Cada c\u00f3ctel est\u00e1 dise\u00f1ado para","breadcrumb":{"@id":"https:\/\/www.erresse-shop.it\/es\/shop\/tabla\/nio-cocktails-pairing-tasting-box\/#breadcrumb"},"inLanguage":"es","potentialAction":[{"@type":"ReadAction","target":["https:\/\/www.erresse-shop.it\/es\/shop\/tabla\/nio-cocktails-pairing-tasting-box\/"]}]},{"@type":"BreadcrumbList","@id":"https:\/\/www.erresse-shop.it\/es\/shop\/tabla\/nio-cocktails-pairing-tasting-box\/#breadcrumb","itemListElement":[{"@type":"ListItem","position":1,"name":"Home","item":"https:\/\/www.erresse-shop.it\/es\/"},{"@type":"ListItem","position":2,"name":"Shop","item":"https:\/\/www.erresse-shop.it\/es\/shop\/"},{"@type":"ListItem","position":3,"name":"NIO COCKTAILS Pairing Tasting Box"}]},{"@type":"WebSite","@id":"https:\/\/www.erresse-shop.it\/es\/#website","url":"https:\/\/www.erresse-shop.it\/es\/","name":"Erresse Shop","description":"Articoli di qualit\u00e0 per la casa","potentialAction":[{"@type":"SearchAction","target":{"@type":"EntryPoint","urlTemplate":"https:\/\/www.erresse-shop.it\/es\/?s={search_term_string}"},"query-input":"required name=search_term_string"}],"inLanguage":"es"}]}},"df_price":39,"df_sale_price":39,"df_regular_price":75,"df_image_link":"https:\/\/www.erresse-shop.it\/wp-content\/uploads\/2025\/02\/NIO-COCKTAILS-Pairing-Tasting-Box-300x300.jpg","_links":{"self":[{"href":"https:\/\/www.erresse-shop.it\/es\/wp-json\/wp\/v2\/product\/466019"}],"collection":[{"href":"https:\/\/www.erresse-shop.it\/es\/wp-json\/wp\/v2\/product"}],"about":[{"href":"https:\/\/www.erresse-shop.it\/es\/wp-json\/wp\/v2\/types\/product"}],"wp:featuredmedia":[{"embeddable":true,"href":"https:\/\/www.erresse-shop.it\/es\/wp-json\/wp\/v2\/media\/466063"}],"wp:attachment":[{"href":"https:\/\/www.erresse-shop.it\/es\/wp-json\/wp\/v2\/media?parent=466019"}],"wp:term":[{"taxonomy":"product_cat","embeddable":true,"href":"https:\/\/www.erresse-shop.it\/es\/wp-json\/wp\/v2\/product_cat?post=466019"},{"taxonomy":"product_tag","embeddable":true,"href":"https:\/\/www.erresse-shop.it\/es\/wp-json\/wp\/v2\/product_tag?post=466019"}],"curies":[{"name":"wp","href":"https:\/\/api.w.org\/{rel}","templated":true}]}}