{"id":465990,"date":"2025-02-04T15:26:59","date_gmt":"2025-02-04T15:27:02","guid":{"rendered":"https:\/\/www.erresse-shop.it\/?post_type=product&#038;p=465990"},"modified":"2026-02-23T11:46:25","modified_gmt":"2026-02-23T11:46:25","slug":"wd-lifestyle-set-de-tetera-y-4-vasos-naranjas","status":"publish","type":"product","link":"https:\/\/www.erresse-shop.it\/es\/shop\/tabla\/teteras-azucareras-jarras-de-leche\/wd-lifestyle-set-de-tetera-y-4-vasos-naranjas\/","title":{"rendered":"WD LIFESTYLE Set de tetera y 4 vasos naranjas"},"content":{"rendered":"<div class=\"flex-shrink-0 flex flex-col relativo elementos-finales\">\n<div class=\"pt-0\">\n<div class=\"gizmo-bot-avatar flex h-8 w-8 elementos-centrados justificar-el-centro desbordamiento-oculto redondeado-completo\">\n<div class=\"relative p-1 rounded-sm flex items-center justify-center bg-token-main-surface-primary text-token-text-primary h-8 w-8\">Juego de tetera con mango de bamb\u00fa y 4 Copas decoradas en relieve. Este conjunto en perfecto estilo asi\u00e1tico te permitir\u00e1 darle originalidad y autenticidad a tus momentos de relax.<\/div>\n<div class=\"relative p-1 rounded-sm flex items-center justify-center bg-token-main-surface-primary text-token-text-primary h-8 w-8\">Para evitar un calentamiento directo excesivo, Se sugiere utilizar un esparcidor de llama que se colocar\u00e1 entre la tetera y la llama de gas, protegiendo as\u00ed la tetera y mejorando la eficiencia del proceso.<\/div>\n<\/div>\n<\/div>\n<p>Capacidad: 750 ml<\/p>\n<p><strong>No apto para lavavajillas ni microondas<\/strong><\/p>\n<\/div>\n","protected":false},"excerpt":{"rendered":"<p>Juego de tetera con mango de bamb\u00fa y 4 Copas decoradas en relieve. Este conjunto en perfecto estilo asi\u00e1tico te<\/p>\n","protected":false},"featured_media":466003,"template":"","meta":{"_acf_changed":false,"inline_featured_image":false},"product_cat":[16027,16035],"product_tag":[16248,24605,16412,16117],"acf":[],"yoast_head":"<!-- This site is optimized with the Yoast SEO Premium plugin v18.6 (Yoast SEO v19.13) - https:\/\/yoast.com\/wordpress\/plugins\/seo\/ -->\n<title>WD LIFESTYLE Set de tetera y 4 vasos naranjas - Erresse Shop<\/title>\n<meta name=\"description\" content=\"Juego de tetera con mango de bamb\u00fa y 4 Copas decoradas en relieve. Este conjunto en perfecto estilo asi\u00e1tico te permitir\u00e1 darle originalidad y\" \/>\n<meta name=\"robots\" content=\"index, follow, max-snippet:-1, max-image-preview:large, max-video-preview:-1\" \/>\n<link rel=\"canonical\" href=\"https:\/\/www.erresse-shop.it\/es\/shop\/tabla\/teteras-azucareras-jarras-de-leche\/wd-lifestyle-set-de-tetera-y-4-vasos-naranjas\/\" \/>\n<meta property=\"og:locale\" content=\"es_ES\" \/>\n<meta property=\"og:type\" content=\"article\" \/>\n<meta property=\"og:title\" content=\"WD LIFESTYLE Set de tetera y 4 vasos naranjas\" \/>\n<meta property=\"og:description\" content=\"Juego de tetera con mango de bamb\u00fa y 4 Copas decoradas en relieve. Este conjunto en perfecto estilo asi\u00e1tico te permitir\u00e1 darle originalidad y\" \/>\n<meta property=\"og:url\" content=\"https:\/\/www.erresse-shop.it\/es\/shop\/tabla\/teteras-azucareras-jarras-de-leche\/wd-lifestyle-set-de-tetera-y-4-vasos-naranjas\/\" \/>\n<meta property=\"og:site_name\" content=\"Erresse Shop\" \/>\n<meta property=\"article:modified_time\" content=\"2026-02-23T11:46:25+00:00\" \/>\n<meta property=\"og:image\" content=\"https:\/\/www.erresse-shop.it\/wp-content\/uploads\/2025\/02\/WD-LIFESTYLE-Set-Teiera-e-4-Bicchierini-Rosso-Arancio.jpg\" \/>\n\t<meta property=\"og:image:width\" content=\"1200\" \/>\n\t<meta property=\"og:image:height\" content=\"1200\" \/>\n\t<meta property=\"og:image:type\" content=\"image\/jpeg\" \/>\n<meta name=\"twitter:card\" content=\"summary_large_image\" \/>\n<script type=\"application\/ld+json\" class=\"yoast-schema-graph\">{\"@context\":\"https:\/\/schema.org\",\"@graph\":[{\"@type\":\"WebPage\",\"@id\":\"https:\/\/www.erresse-shop.it\/es\/shop\/tabla\/teteras-azucareras-jarras-de-leche\/wd-lifestyle-set-de-tetera-y-4-vasos-naranjas\/\",\"url\":\"https:\/\/www.erresse-shop.it\/es\/shop\/tabla\/teteras-azucareras-jarras-de-leche\/wd-lifestyle-set-de-tetera-y-4-vasos-naranjas\/\",\"name\":\"WD LIFESTYLE Set de tetera y 4 vasos naranjas - Erresse Shop\",\"isPartOf\":{\"@id\":\"https:\/\/www.erresse-shop.it\/es\/#website\"},\"datePublished\":\"2025-02-04T15:27:02+00:00\",\"dateModified\":\"2026-02-23T11:46:25+00:00\",\"description\":\"Juego de tetera con mango de bamb\u00fa y 4 Copas decoradas en relieve. Este conjunto en perfecto estilo asi\u00e1tico te permitir\u00e1 darle originalidad y\",\"breadcrumb\":{\"@id\":\"https:\/\/www.erresse-shop.it\/es\/shop\/tabla\/teteras-azucareras-jarras-de-leche\/wd-lifestyle-set-de-tetera-y-4-vasos-naranjas\/#breadcrumb\"},\"inLanguage\":\"es\",\"potentialAction\":[{\"@type\":\"ReadAction\",\"target\":[\"https:\/\/www.erresse-shop.it\/es\/shop\/tabla\/teteras-azucareras-jarras-de-leche\/wd-lifestyle-set-de-tetera-y-4-vasos-naranjas\/\"]}]},{\"@type\":\"BreadcrumbList\",\"@id\":\"https:\/\/www.erresse-shop.it\/es\/shop\/tabla\/teteras-azucareras-jarras-de-leche\/wd-lifestyle-set-de-tetera-y-4-vasos-naranjas\/#breadcrumb\",\"itemListElement\":[{\"@type\":\"ListItem\",\"position\":1,\"name\":\"Home\",\"item\":\"https:\/\/www.erresse-shop.it\/es\/\"},{\"@type\":\"ListItem\",\"position\":2,\"name\":\"Shop\",\"item\":\"https:\/\/www.erresse-shop.it\/es\/shop\/\"},{\"@type\":\"ListItem\",\"position\":3,\"name\":\"WD LIFESTYLE Set de tetera y 4 vasos naranjas\"}]},{\"@type\":\"WebSite\",\"@id\":\"https:\/\/www.erresse-shop.it\/es\/#website\",\"url\":\"https:\/\/www.erresse-shop.it\/es\/\",\"name\":\"Erresse Shop\",\"description\":\"Articoli di qualit\u00e0 per la casa\",\"potentialAction\":[{\"@type\":\"SearchAction\",\"target\":{\"@type\":\"EntryPoint\",\"urlTemplate\":\"https:\/\/www.erresse-shop.it\/es\/?s={search_term_string}\"},\"query-input\":\"required name=search_term_string\"}],\"inLanguage\":\"es\"}]}<\/script>\n<!-- \/ Yoast SEO Premium plugin. -->","yoast_head_json":{"title":"WD LIFESTYLE Set de tetera y 4 vasos naranjas - Erresse Shop","description":"Juego de tetera con mango de bamb\u00fa y 4 Copas decoradas en relieve. Este conjunto en perfecto estilo asi\u00e1tico te permitir\u00e1 darle originalidad y","robots":{"index":"index","follow":"follow","max-snippet":"max-snippet:-1","max-image-preview":"max-image-preview:large","max-video-preview":"max-video-preview:-1"},"canonical":"https:\/\/www.erresse-shop.it\/es\/shop\/tabla\/teteras-azucareras-jarras-de-leche\/wd-lifestyle-set-de-tetera-y-4-vasos-naranjas\/","og_locale":"es_ES","og_type":"article","og_title":"WD LIFESTYLE Set de tetera y 4 vasos naranjas","og_description":"Juego de tetera con mango de bamb\u00fa y 4 Copas decoradas en relieve. Este conjunto en perfecto estilo asi\u00e1tico te permitir\u00e1 darle originalidad y","og_url":"https:\/\/www.erresse-shop.it\/es\/shop\/tabla\/teteras-azucareras-jarras-de-leche\/wd-lifestyle-set-de-tetera-y-4-vasos-naranjas\/","og_site_name":"Erresse Shop","article_modified_time":"2026-02-23T11:46:25+00:00","og_image":[{"width":1200,"height":1200,"url":"https:\/\/www.erresse-shop.it\/wp-content\/uploads\/2025\/02\/WD-LIFESTYLE-Set-Teiera-e-4-Bicchierini-Rosso-Arancio.jpg","type":"image\/jpeg"}],"twitter_card":"summary_large_image","schema":{"@context":"https:\/\/schema.org","@graph":[{"@type":"WebPage","@id":"https:\/\/www.erresse-shop.it\/es\/shop\/tabla\/teteras-azucareras-jarras-de-leche\/wd-lifestyle-set-de-tetera-y-4-vasos-naranjas\/","url":"https:\/\/www.erresse-shop.it\/es\/shop\/tabla\/teteras-azucareras-jarras-de-leche\/wd-lifestyle-set-de-tetera-y-4-vasos-naranjas\/","name":"WD LIFESTYLE Set de tetera y 4 vasos naranjas - Erresse Shop","isPartOf":{"@id":"https:\/\/www.erresse-shop.it\/es\/#website"},"datePublished":"2025-02-04T15:27:02+00:00","dateModified":"2026-02-23T11:46:25+00:00","description":"Juego de tetera con mango de bamb\u00fa y 4 Copas decoradas en relieve. Este conjunto en perfecto estilo asi\u00e1tico te permitir\u00e1 darle originalidad y","breadcrumb":{"@id":"https:\/\/www.erresse-shop.it\/es\/shop\/tabla\/teteras-azucareras-jarras-de-leche\/wd-lifestyle-set-de-tetera-y-4-vasos-naranjas\/#breadcrumb"},"inLanguage":"es","potentialAction":[{"@type":"ReadAction","target":["https:\/\/www.erresse-shop.it\/es\/shop\/tabla\/teteras-azucareras-jarras-de-leche\/wd-lifestyle-set-de-tetera-y-4-vasos-naranjas\/"]}]},{"@type":"BreadcrumbList","@id":"https:\/\/www.erresse-shop.it\/es\/shop\/tabla\/teteras-azucareras-jarras-de-leche\/wd-lifestyle-set-de-tetera-y-4-vasos-naranjas\/#breadcrumb","itemListElement":[{"@type":"ListItem","position":1,"name":"Home","item":"https:\/\/www.erresse-shop.it\/es\/"},{"@type":"ListItem","position":2,"name":"Shop","item":"https:\/\/www.erresse-shop.it\/es\/shop\/"},{"@type":"ListItem","position":3,"name":"WD LIFESTYLE Set de tetera y 4 vasos naranjas"}]},{"@type":"WebSite","@id":"https:\/\/www.erresse-shop.it\/es\/#website","url":"https:\/\/www.erresse-shop.it\/es\/","name":"Erresse Shop","description":"Articoli di qualit\u00e0 per la casa","potentialAction":[{"@type":"SearchAction","target":{"@type":"EntryPoint","urlTemplate":"https:\/\/www.erresse-shop.it\/es\/?s={search_term_string}"},"query-input":"required name=search_term_string"}],"inLanguage":"es"}]}},"df_price":23.939999999999998,"df_sale_price":23.939999999999998,"df_regular_price":39.9,"df_image_link":"https:\/\/www.erresse-shop.it\/wp-content\/uploads\/2025\/02\/WD-LIFESTYLE-Set-Teiera-e-4-Bicchierini-Rosso-Arancio-300x300.jpg","_links":{"self":[{"href":"https:\/\/www.erresse-shop.it\/es\/wp-json\/wp\/v2\/product\/465990"}],"collection":[{"href":"https:\/\/www.erresse-shop.it\/es\/wp-json\/wp\/v2\/product"}],"about":[{"href":"https:\/\/www.erresse-shop.it\/es\/wp-json\/wp\/v2\/types\/product"}],"wp:featuredmedia":[{"embeddable":true,"href":"https:\/\/www.erresse-shop.it\/es\/wp-json\/wp\/v2\/media\/466003"}],"wp:attachment":[{"href":"https:\/\/www.erresse-shop.it\/es\/wp-json\/wp\/v2\/media?parent=465990"}],"wp:term":[{"taxonomy":"product_cat","embeddable":true,"href":"https:\/\/www.erresse-shop.it\/es\/wp-json\/wp\/v2\/product_cat?post=465990"},{"taxonomy":"product_tag","embeddable":true,"href":"https:\/\/www.erresse-shop.it\/es\/wp-json\/wp\/v2\/product_tag?post=465990"}],"curies":[{"name":"wp","href":"https:\/\/api.w.org\/{rel}","templated":true}]}}