{"id":465949,"date":"2025-02-04T14:53:08","date_gmt":"2025-02-04T14:53:12","guid":{"rendered":"https:\/\/www.erresse-shop.it\/?post_type=product&#038;p=465949"},"modified":"2026-02-23T11:50:58","modified_gmt":"2026-02-23T11:50:58","slug":"wd-lifestyle-tetera-de-hierro-fundido-verde","status":"publish","type":"product","link":"https:\/\/www.erresse-shop.it\/es\/shop\/tabla\/teteras-azucareras-jarras-de-leche\/wd-lifestyle-tetera-de-hierro-fundido-verde\/","title":{"rendered":"WD LIFESTYLE Tetera de hierro fundido verde"},"content":{"rendered":"<div class=\"flex-shrink-0 flex flex-col relativo elementos-finales\">\n<div>\n<div class=\"pt-0\">\n<div class=\"gizmo-bot-avatar flex h-8 w-8 elementos-centrados justificar-el-centro desbordamiento-oculto redondeado-completo\">\n<div class=\"relative p-1 rounded-sm flex items-center justify-center bg-token-main-surface-primary text-token-text-primary h-8 w-8\">\n<p>Las teteras de hierro fundido, con una De dise\u00f1o resistente y refinado, son una excelente opci\u00f3n para quienes buscan un producto que combine est\u00e9tica y funcionalidad. Gracias a su estructura, estas teteras son capaces de garantizar una perfecta conducci\u00f3n del calor, manteni\u00e9ndolo constante durante varias horas, para una experiencia de t\u00e9 ideal.<\/p>\n<div class=\"relative p-1 rounded-sm flex items-center justify-center bg-token-main-surface-primary text-token-text-primary h-8 w-8\">Para un uso \u00f3ptimo, si utiliza Para poder hervir el agua en la tetera, es aconsejable quitar el filtro durante la fase de ebullici\u00f3n. Adem\u00e1s, para evitar un calentamiento directo excesivo, se sugiere utilizar un esparcidor de llama que se colocar\u00e1 entre la tetera y la llama de gas, protegiendo as\u00ed la tetera y mejorando la eficiencia del proceso.<\/div>\n<\/div>\n<\/div>\n<\/div>\n<p>Capacidad: 1,3 L<\/p>\n<p><strong>No apto para lavavajillas ni microondas<\/strong><\/p>\n<\/div>\n<\/div>\n","protected":false},"excerpt":{"rendered":"<p>Las teteras de hierro fundido, con una De dise\u00f1o resistente y refinado, son una excelente opci\u00f3n para quienes buscan un<\/p>\n","protected":false},"featured_media":465962,"template":"","meta":{"_acf_changed":false,"inline_featured_image":false},"product_cat":[16027,16035],"product_tag":[16248,24605,16412,16117],"acf":[],"yoast_head":"<!-- This site is optimized with the Yoast SEO Premium plugin v18.6 (Yoast SEO v19.13) - https:\/\/yoast.com\/wordpress\/plugins\/seo\/ -->\n<title>WD LIFESTYLE Tetera de hierro fundido verde - Erresse Shop<\/title>\n<meta name=\"description\" content=\"Las teteras de hierro fundido, con una De dise\u00f1o resistente y refinado, son una excelente opci\u00f3n para quienes buscan un producto que combine est\u00e9tica y\" \/>\n<meta name=\"robots\" content=\"index, follow, max-snippet:-1, max-image-preview:large, max-video-preview:-1\" \/>\n<link rel=\"canonical\" href=\"https:\/\/www.erresse-shop.it\/es\/shop\/tabla\/teteras-azucareras-jarras-de-leche\/wd-lifestyle-tetera-de-hierro-fundido-verde\/\" \/>\n<meta property=\"og:locale\" content=\"es_ES\" \/>\n<meta property=\"og:type\" content=\"article\" \/>\n<meta property=\"og:title\" content=\"WD LIFESTYLE Tetera de hierro fundido verde\" \/>\n<meta property=\"og:description\" content=\"Las teteras de hierro fundido, con una De dise\u00f1o resistente y refinado, son una excelente opci\u00f3n para quienes buscan un producto que combine est\u00e9tica y\" \/>\n<meta property=\"og:url\" content=\"https:\/\/www.erresse-shop.it\/es\/shop\/tabla\/teteras-azucareras-jarras-de-leche\/wd-lifestyle-tetera-de-hierro-fundido-verde\/\" \/>\n<meta property=\"og:site_name\" content=\"Erresse Shop\" \/>\n<meta property=\"article:modified_time\" content=\"2026-02-23T11:50:58+00:00\" \/>\n<meta property=\"og:image\" content=\"https:\/\/www.erresse-shop.it\/wp-content\/uploads\/2025\/02\/WD-LIFESTYLE-Teiera-in-Ghisa-Verde.jpg\" \/>\n\t<meta property=\"og:image:width\" content=\"1200\" \/>\n\t<meta property=\"og:image:height\" content=\"1200\" \/>\n\t<meta property=\"og:image:type\" content=\"image\/jpeg\" \/>\n<meta name=\"twitter:card\" content=\"summary_large_image\" \/>\n<script type=\"application\/ld+json\" class=\"yoast-schema-graph\">{\"@context\":\"https:\/\/schema.org\",\"@graph\":[{\"@type\":\"WebPage\",\"@id\":\"https:\/\/www.erresse-shop.it\/es\/shop\/tabla\/teteras-azucareras-jarras-de-leche\/wd-lifestyle-tetera-de-hierro-fundido-verde\/\",\"url\":\"https:\/\/www.erresse-shop.it\/es\/shop\/tabla\/teteras-azucareras-jarras-de-leche\/wd-lifestyle-tetera-de-hierro-fundido-verde\/\",\"name\":\"WD LIFESTYLE Tetera de hierro fundido verde - Erresse Shop\",\"isPartOf\":{\"@id\":\"https:\/\/www.erresse-shop.it\/es\/#website\"},\"datePublished\":\"2025-02-04T14:53:12+00:00\",\"dateModified\":\"2026-02-23T11:50:58+00:00\",\"description\":\"Las teteras de hierro fundido, con una De dise\u00f1o resistente y refinado, son una excelente opci\u00f3n para quienes buscan un producto que combine est\u00e9tica y\",\"breadcrumb\":{\"@id\":\"https:\/\/www.erresse-shop.it\/es\/shop\/tabla\/teteras-azucareras-jarras-de-leche\/wd-lifestyle-tetera-de-hierro-fundido-verde\/#breadcrumb\"},\"inLanguage\":\"es\",\"potentialAction\":[{\"@type\":\"ReadAction\",\"target\":[\"https:\/\/www.erresse-shop.it\/es\/shop\/tabla\/teteras-azucareras-jarras-de-leche\/wd-lifestyle-tetera-de-hierro-fundido-verde\/\"]}]},{\"@type\":\"BreadcrumbList\",\"@id\":\"https:\/\/www.erresse-shop.it\/es\/shop\/tabla\/teteras-azucareras-jarras-de-leche\/wd-lifestyle-tetera-de-hierro-fundido-verde\/#breadcrumb\",\"itemListElement\":[{\"@type\":\"ListItem\",\"position\":1,\"name\":\"Home\",\"item\":\"https:\/\/www.erresse-shop.it\/es\/\"},{\"@type\":\"ListItem\",\"position\":2,\"name\":\"Shop\",\"item\":\"https:\/\/www.erresse-shop.it\/es\/shop\/\"},{\"@type\":\"ListItem\",\"position\":3,\"name\":\"WD LIFESTYLE Tetera de hierro fundido verde\"}]},{\"@type\":\"WebSite\",\"@id\":\"https:\/\/www.erresse-shop.it\/es\/#website\",\"url\":\"https:\/\/www.erresse-shop.it\/es\/\",\"name\":\"Erresse Shop\",\"description\":\"Articoli di qualit\u00e0 per la casa\",\"potentialAction\":[{\"@type\":\"SearchAction\",\"target\":{\"@type\":\"EntryPoint\",\"urlTemplate\":\"https:\/\/www.erresse-shop.it\/es\/?s={search_term_string}\"},\"query-input\":\"required name=search_term_string\"}],\"inLanguage\":\"es\"}]}<\/script>\n<!-- \/ Yoast SEO Premium plugin. -->","yoast_head_json":{"title":"WD LIFESTYLE Tetera de hierro fundido verde - Erresse Shop","description":"Las teteras de hierro fundido, con una De dise\u00f1o resistente y refinado, son una excelente opci\u00f3n para quienes buscan un producto que combine est\u00e9tica y","robots":{"index":"index","follow":"follow","max-snippet":"max-snippet:-1","max-image-preview":"max-image-preview:large","max-video-preview":"max-video-preview:-1"},"canonical":"https:\/\/www.erresse-shop.it\/es\/shop\/tabla\/teteras-azucareras-jarras-de-leche\/wd-lifestyle-tetera-de-hierro-fundido-verde\/","og_locale":"es_ES","og_type":"article","og_title":"WD LIFESTYLE Tetera de hierro fundido verde","og_description":"Las teteras de hierro fundido, con una De dise\u00f1o resistente y refinado, son una excelente opci\u00f3n para quienes buscan un producto que combine est\u00e9tica y","og_url":"https:\/\/www.erresse-shop.it\/es\/shop\/tabla\/teteras-azucareras-jarras-de-leche\/wd-lifestyle-tetera-de-hierro-fundido-verde\/","og_site_name":"Erresse Shop","article_modified_time":"2026-02-23T11:50:58+00:00","og_image":[{"width":1200,"height":1200,"url":"https:\/\/www.erresse-shop.it\/wp-content\/uploads\/2025\/02\/WD-LIFESTYLE-Teiera-in-Ghisa-Verde.jpg","type":"image\/jpeg"}],"twitter_card":"summary_large_image","schema":{"@context":"https:\/\/schema.org","@graph":[{"@type":"WebPage","@id":"https:\/\/www.erresse-shop.it\/es\/shop\/tabla\/teteras-azucareras-jarras-de-leche\/wd-lifestyle-tetera-de-hierro-fundido-verde\/","url":"https:\/\/www.erresse-shop.it\/es\/shop\/tabla\/teteras-azucareras-jarras-de-leche\/wd-lifestyle-tetera-de-hierro-fundido-verde\/","name":"WD LIFESTYLE Tetera de hierro fundido verde - Erresse Shop","isPartOf":{"@id":"https:\/\/www.erresse-shop.it\/es\/#website"},"datePublished":"2025-02-04T14:53:12+00:00","dateModified":"2026-02-23T11:50:58+00:00","description":"Las teteras de hierro fundido, con una De dise\u00f1o resistente y refinado, son una excelente opci\u00f3n para quienes buscan un producto que combine est\u00e9tica y","breadcrumb":{"@id":"https:\/\/www.erresse-shop.it\/es\/shop\/tabla\/teteras-azucareras-jarras-de-leche\/wd-lifestyle-tetera-de-hierro-fundido-verde\/#breadcrumb"},"inLanguage":"es","potentialAction":[{"@type":"ReadAction","target":["https:\/\/www.erresse-shop.it\/es\/shop\/tabla\/teteras-azucareras-jarras-de-leche\/wd-lifestyle-tetera-de-hierro-fundido-verde\/"]}]},{"@type":"BreadcrumbList","@id":"https:\/\/www.erresse-shop.it\/es\/shop\/tabla\/teteras-azucareras-jarras-de-leche\/wd-lifestyle-tetera-de-hierro-fundido-verde\/#breadcrumb","itemListElement":[{"@type":"ListItem","position":1,"name":"Home","item":"https:\/\/www.erresse-shop.it\/es\/"},{"@type":"ListItem","position":2,"name":"Shop","item":"https:\/\/www.erresse-shop.it\/es\/shop\/"},{"@type":"ListItem","position":3,"name":"WD LIFESTYLE Tetera de hierro fundido verde"}]},{"@type":"WebSite","@id":"https:\/\/www.erresse-shop.it\/es\/#website","url":"https:\/\/www.erresse-shop.it\/es\/","name":"Erresse Shop","description":"Articoli di qualit\u00e0 per la casa","potentialAction":[{"@type":"SearchAction","target":{"@type":"EntryPoint","urlTemplate":"https:\/\/www.erresse-shop.it\/es\/?s={search_term_string}"},"query-input":"required name=search_term_string"}],"inLanguage":"es"}]}},"df_price":27,"df_sale_price":27,"df_regular_price":45,"df_image_link":"https:\/\/www.erresse-shop.it\/wp-content\/uploads\/2025\/02\/WD-LIFESTYLE-Teiera-in-Ghisa-Verde-300x300.jpg","_links":{"self":[{"href":"https:\/\/www.erresse-shop.it\/es\/wp-json\/wp\/v2\/product\/465949"}],"collection":[{"href":"https:\/\/www.erresse-shop.it\/es\/wp-json\/wp\/v2\/product"}],"about":[{"href":"https:\/\/www.erresse-shop.it\/es\/wp-json\/wp\/v2\/types\/product"}],"wp:featuredmedia":[{"embeddable":true,"href":"https:\/\/www.erresse-shop.it\/es\/wp-json\/wp\/v2\/media\/465962"}],"wp:attachment":[{"href":"https:\/\/www.erresse-shop.it\/es\/wp-json\/wp\/v2\/media?parent=465949"}],"wp:term":[{"taxonomy":"product_cat","embeddable":true,"href":"https:\/\/www.erresse-shop.it\/es\/wp-json\/wp\/v2\/product_cat?post=465949"},{"taxonomy":"product_tag","embeddable":true,"href":"https:\/\/www.erresse-shop.it\/es\/wp-json\/wp\/v2\/product_tag?post=465949"}],"curies":[{"name":"wp","href":"https:\/\/api.w.org\/{rel}","templated":true}]}}