{"id":465153,"date":"2025-01-31T09:08:34","date_gmt":"2025-01-31T09:08:37","guid":{"rendered":"https:\/\/www.erresse-shop.it\/?post_type=product&#038;p=465153"},"modified":"2025-01-31T10:08:17","modified_gmt":"2025-01-31T10:08:17","slug":"nio-cocktails-postcards-from-hawaii-copia-2","status":"publish","type":"product","link":"https:\/\/www.erresse-shop.it\/es\/shop\/tabla\/nio-cocktails-postcards-from-hawaii-copia-2\/","title":{"rendered":"NIO COCKTAILS Box 6 Cocktails"},"content":{"rendered":"<p>Una exclusiva caja de regalo de c\u00f3cteles elaborados con ingredientes, tem\u00e1ticas y especias sorprendentes. Margarita, Cosmopolitan, Negroni, Gin Proved, Daiquiri, Cuban Negroni<span class=\"prd-ProductDetails_Ingredient\">: \u00bfcu\u00e1l ser\u00e1 tu favorito?<\/span><\/p>\n<p><span style=\"font-size: 14pt;\"><strong>C\u00f3cteles en la caja:<\/strong><\/span><\/p>\n<p><strong>Margarita<\/strong>: Tequila Ex\u00f3tico Blanco \/ COINTREAU \/ JARABE DE LIMA 1883 \/ \u00c1CIDO C\u00cdTRICO \/ Agua \/ 100 ml \/ 27,2% VOL<\/p>\n<p><strong>Cosmopolitan<\/strong>: KETEL ONE FAMILY MADE VODKA \/ JARABE DE AR\u00c1NDANOS TOSCHI \/ COINTREAU \/ ACIDIFICANTE: \u00c1CIDO C\u00cdTRICO \/ Agua \/ 100 ml \/ 22% VOL<\/p>\n<p><strong>Negroni<\/strong>: Tanqueray London Dry Gin \/ Vermut Cocchi Storico \/ Campari Bitter \/ ANGOSTURA AROMATIC BITTER \/ Agua \/ 100 ml \/ 22% VOL<\/p>\n<p><strong>Gin Proved<\/strong>: Tanqueray London Dry Gin \/ JARABE DE AZ\u00daCAR DE CA\u00d1A TOSCHI \/ LICOR PARFAIT AMOUR BOLS \/ \u00c1CIDO C\u00cdTRICO \/ Agua \/ 100 ml \/ 20,2% VOL.<\/p>\n<p><strong>Daiquiri:<\/strong> SANTIAGO DE CUBATM RON CARTA BLANCA \/ JARABE DE AZ\u00daCAR DE CA\u00d1A TOSCHI \/ JARABE DE LIM\u00d3N 1883 \/ \u00c1CIDO C\u00cdTRICO \/ Agua \/ 100 ml \/ 23,2% VOL.<\/p>\n<p><strong>Cuban Negroni: <\/strong>Ron Santiago de Cuba Extra A\u00f1ejo 11 a\u00f1os \/ Vermouth Cocchi Storico \/ Campari Bitter \/ ANGOSTURA AROMATIC BITTER \/ Agua \/ 100 ml \/ 24,4% VOL.<\/p>\n<p>&nbsp;<\/p>\n<p><strong>Hecho a mano en Italia con los mejores licores del mundo<\/strong><br \/>\nTe llevamos a tu domicilio o donde prefieras, una experiencia de degustaci\u00f3n llena de calidad y emoci\u00f3n. Date un capricho o regala un agradable momento sensorial: nuestros c\u00f3cteles se crean seg\u00fan la receta de Patrick Pistolesi y se env\u00edan en un embalaje de dise\u00f1o, totalmente reciclable.<\/p>\n","protected":false},"excerpt":{"rendered":"<p>Una exclusiva caja de regalo de c\u00f3cteles elaborados con ingredientes, tem\u00e1ticas y especias sorprendentes. Margarita, Cosmopolitan, Negroni, Gin Proved, Daiquiri,<\/p>\n","protected":false},"featured_media":465205,"template":"","meta":{"_acf_changed":false,"inline_featured_image":false},"product_cat":[21706,16027],"product_tag":[21306,17245],"acf":[],"yoast_head":"<!-- This site is optimized with the Yoast SEO Premium plugin v18.6 (Yoast SEO v19.13) - https:\/\/yoast.com\/wordpress\/plugins\/seo\/ -->\n<title>NIO COCKTAILS Box 6 Cocktails - Erresse Shop<\/title>\n<meta name=\"description\" content=\"Una exclusiva caja de regalo de c\u00f3cteles elaborados con ingredientes, tem\u00e1ticas y especias sorprendentes. Margarita, Cosmopolitan, Negroni, Gin Proved,\" \/>\n<meta name=\"robots\" content=\"index, follow, max-snippet:-1, max-image-preview:large, max-video-preview:-1\" \/>\n<link rel=\"canonical\" href=\"https:\/\/www.erresse-shop.it\/es\/shop\/tabla\/nio-cocktails-postcards-from-hawaii-copia-2\/\" \/>\n<meta property=\"og:locale\" content=\"es_ES\" \/>\n<meta property=\"og:type\" content=\"article\" \/>\n<meta property=\"og:title\" content=\"NIO COCKTAILS Box 6 Cocktails\" \/>\n<meta property=\"og:description\" content=\"Una exclusiva caja de regalo de c\u00f3cteles elaborados con ingredientes, tem\u00e1ticas y especias sorprendentes. Margarita, Cosmopolitan, Negroni, Gin Proved,\" \/>\n<meta property=\"og:url\" content=\"https:\/\/www.erresse-shop.it\/es\/shop\/tabla\/nio-cocktails-postcards-from-hawaii-copia-2\/\" \/>\n<meta property=\"og:site_name\" content=\"Erresse Shop\" \/>\n<meta property=\"article:modified_time\" content=\"2025-01-31T10:08:17+00:00\" \/>\n<meta property=\"og:image\" content=\"https:\/\/www.erresse-shop.it\/wp-content\/uploads\/2025\/01\/NIO-COCKTAILS-Box-6-Cocktails.jpg\" \/>\n\t<meta property=\"og:image:width\" content=\"1200\" \/>\n\t<meta property=\"og:image:height\" content=\"1200\" \/>\n\t<meta property=\"og:image:type\" content=\"image\/jpeg\" \/>\n<meta name=\"twitter:card\" content=\"summary_large_image\" \/>\n<script type=\"application\/ld+json\" class=\"yoast-schema-graph\">{\"@context\":\"https:\/\/schema.org\",\"@graph\":[{\"@type\":\"WebPage\",\"@id\":\"https:\/\/www.erresse-shop.it\/es\/shop\/tabla\/nio-cocktails-postcards-from-hawaii-copia-2\/\",\"url\":\"https:\/\/www.erresse-shop.it\/es\/shop\/tabla\/nio-cocktails-postcards-from-hawaii-copia-2\/\",\"name\":\"NIO COCKTAILS Box 6 Cocktails - Erresse Shop\",\"isPartOf\":{\"@id\":\"https:\/\/www.erresse-shop.it\/es\/#website\"},\"datePublished\":\"2025-01-31T09:08:37+00:00\",\"dateModified\":\"2025-01-31T10:08:17+00:00\",\"description\":\"Una exclusiva caja de regalo de c\u00f3cteles elaborados con ingredientes, tem\u00e1ticas y especias sorprendentes. Margarita, Cosmopolitan, Negroni, Gin Proved,\",\"breadcrumb\":{\"@id\":\"https:\/\/www.erresse-shop.it\/es\/shop\/tabla\/nio-cocktails-postcards-from-hawaii-copia-2\/#breadcrumb\"},\"inLanguage\":\"es\",\"potentialAction\":[{\"@type\":\"ReadAction\",\"target\":[\"https:\/\/www.erresse-shop.it\/es\/shop\/tabla\/nio-cocktails-postcards-from-hawaii-copia-2\/\"]}]},{\"@type\":\"BreadcrumbList\",\"@id\":\"https:\/\/www.erresse-shop.it\/es\/shop\/tabla\/nio-cocktails-postcards-from-hawaii-copia-2\/#breadcrumb\",\"itemListElement\":[{\"@type\":\"ListItem\",\"position\":1,\"name\":\"Home\",\"item\":\"https:\/\/www.erresse-shop.it\/es\/\"},{\"@type\":\"ListItem\",\"position\":2,\"name\":\"Shop\",\"item\":\"https:\/\/www.erresse-shop.it\/es\/shop\/\"},{\"@type\":\"ListItem\",\"position\":3,\"name\":\"NIO COCKTAILS Box 6 Cocktails\"}]},{\"@type\":\"WebSite\",\"@id\":\"https:\/\/www.erresse-shop.it\/es\/#website\",\"url\":\"https:\/\/www.erresse-shop.it\/es\/\",\"name\":\"Erresse Shop\",\"description\":\"Articoli di qualit\u00e0 per la casa\",\"potentialAction\":[{\"@type\":\"SearchAction\",\"target\":{\"@type\":\"EntryPoint\",\"urlTemplate\":\"https:\/\/www.erresse-shop.it\/es\/?s={search_term_string}\"},\"query-input\":\"required name=search_term_string\"}],\"inLanguage\":\"es\"}]}<\/script>\n<!-- \/ Yoast SEO Premium plugin. -->","yoast_head_json":{"title":"NIO COCKTAILS Box 6 Cocktails - Erresse Shop","description":"Una exclusiva caja de regalo de c\u00f3cteles elaborados con ingredientes, tem\u00e1ticas y especias sorprendentes. Margarita, Cosmopolitan, Negroni, Gin Proved,","robots":{"index":"index","follow":"follow","max-snippet":"max-snippet:-1","max-image-preview":"max-image-preview:large","max-video-preview":"max-video-preview:-1"},"canonical":"https:\/\/www.erresse-shop.it\/es\/shop\/tabla\/nio-cocktails-postcards-from-hawaii-copia-2\/","og_locale":"es_ES","og_type":"article","og_title":"NIO COCKTAILS Box 6 Cocktails","og_description":"Una exclusiva caja de regalo de c\u00f3cteles elaborados con ingredientes, tem\u00e1ticas y especias sorprendentes. Margarita, Cosmopolitan, Negroni, Gin Proved,","og_url":"https:\/\/www.erresse-shop.it\/es\/shop\/tabla\/nio-cocktails-postcards-from-hawaii-copia-2\/","og_site_name":"Erresse Shop","article_modified_time":"2025-01-31T10:08:17+00:00","og_image":[{"width":1200,"height":1200,"url":"https:\/\/www.erresse-shop.it\/wp-content\/uploads\/2025\/01\/NIO-COCKTAILS-Box-6-Cocktails.jpg","type":"image\/jpeg"}],"twitter_card":"summary_large_image","schema":{"@context":"https:\/\/schema.org","@graph":[{"@type":"WebPage","@id":"https:\/\/www.erresse-shop.it\/es\/shop\/tabla\/nio-cocktails-postcards-from-hawaii-copia-2\/","url":"https:\/\/www.erresse-shop.it\/es\/shop\/tabla\/nio-cocktails-postcards-from-hawaii-copia-2\/","name":"NIO COCKTAILS Box 6 Cocktails - Erresse Shop","isPartOf":{"@id":"https:\/\/www.erresse-shop.it\/es\/#website"},"datePublished":"2025-01-31T09:08:37+00:00","dateModified":"2025-01-31T10:08:17+00:00","description":"Una exclusiva caja de regalo de c\u00f3cteles elaborados con ingredientes, tem\u00e1ticas y especias sorprendentes. Margarita, Cosmopolitan, Negroni, Gin Proved,","breadcrumb":{"@id":"https:\/\/www.erresse-shop.it\/es\/shop\/tabla\/nio-cocktails-postcards-from-hawaii-copia-2\/#breadcrumb"},"inLanguage":"es","potentialAction":[{"@type":"ReadAction","target":["https:\/\/www.erresse-shop.it\/es\/shop\/tabla\/nio-cocktails-postcards-from-hawaii-copia-2\/"]}]},{"@type":"BreadcrumbList","@id":"https:\/\/www.erresse-shop.it\/es\/shop\/tabla\/nio-cocktails-postcards-from-hawaii-copia-2\/#breadcrumb","itemListElement":[{"@type":"ListItem","position":1,"name":"Home","item":"https:\/\/www.erresse-shop.it\/es\/"},{"@type":"ListItem","position":2,"name":"Shop","item":"https:\/\/www.erresse-shop.it\/es\/shop\/"},{"@type":"ListItem","position":3,"name":"NIO COCKTAILS Box 6 Cocktails"}]},{"@type":"WebSite","@id":"https:\/\/www.erresse-shop.it\/es\/#website","url":"https:\/\/www.erresse-shop.it\/es\/","name":"Erresse Shop","description":"Articoli di qualit\u00e0 per la casa","potentialAction":[{"@type":"SearchAction","target":{"@type":"EntryPoint","urlTemplate":"https:\/\/www.erresse-shop.it\/es\/?s={search_term_string}"},"query-input":"required name=search_term_string"}],"inLanguage":"es"}]}},"df_price":40,"df_sale_price":40,"df_regular_price":40,"df_image_link":"https:\/\/www.erresse-shop.it\/wp-content\/uploads\/2025\/01\/NIO-COCKTAILS-Box-6-Cocktails-300x300.jpg","_links":{"self":[{"href":"https:\/\/www.erresse-shop.it\/es\/wp-json\/wp\/v2\/product\/465153"}],"collection":[{"href":"https:\/\/www.erresse-shop.it\/es\/wp-json\/wp\/v2\/product"}],"about":[{"href":"https:\/\/www.erresse-shop.it\/es\/wp-json\/wp\/v2\/types\/product"}],"wp:featuredmedia":[{"embeddable":true,"href":"https:\/\/www.erresse-shop.it\/es\/wp-json\/wp\/v2\/media\/465205"}],"wp:attachment":[{"href":"https:\/\/www.erresse-shop.it\/es\/wp-json\/wp\/v2\/media?parent=465153"}],"wp:term":[{"taxonomy":"product_cat","embeddable":true,"href":"https:\/\/www.erresse-shop.it\/es\/wp-json\/wp\/v2\/product_cat?post=465153"},{"taxonomy":"product_tag","embeddable":true,"href":"https:\/\/www.erresse-shop.it\/es\/wp-json\/wp\/v2\/product_tag?post=465153"}],"curies":[{"name":"wp","href":"https:\/\/api.w.org\/{rel}","templated":true}]}}