{"id":465088,"date":"2025-01-31T08:06:07","date_gmt":"2025-01-31T08:06:10","guid":{"rendered":"https:\/\/www.erresse-shop.it\/?post_type=product&#038;p=465088"},"modified":"2025-01-31T09:02:11","modified_gmt":"2025-01-31T09:02:11","slug":"nio-cocktails-postcards-from-hawaii-copia","status":"publish","type":"product","link":"https:\/\/www.erresse-shop.it\/es\/shop\/tabla\/nio-cocktails-postcards-from-hawaii-copia\/","title":{"rendered":"NIO COCKTAILS Experience Box"},"content":{"rendered":"<p>Unsere Experience Box bietet Ihnen ein sorgenfreies Hausbar-Erlebnis. Keine Flaschen, keine Gl\u00e4ser, keine zus\u00e4tzlichen Pr\u00e4sentationen, nur alles, was Sie brauchen, um Premium-Geschmacksprofile mit Freunden zu teilen.<\/p>\n<h5 class=\"prd-VideoText_Title\">Was ist in der Box<\/h5>\n<p>Die NIO Experience Cocktail Box enth\u00e4lt 6 vorgemischte Getr\u00e4nke, 2 Kristallbecher und unsere XL-Eisform, alles in einem sch\u00f6nen Paket.<\/p>\n<p><span style=\"font-size: 14pt;\"><strong>Cocktails in der Box:<\/strong><\/span><\/p>\n<p><strong>Cosmopolitan:<\/strong> Probieren Sie die Stadt mit diesem fabelhaften klassischen Pink-Cocktail aus Ketel One Family Made Premium Vodka, einem Hauch Cointreau und der unverzichtbaren Blaubeere.<\/p>\n<p><strong>Negroni:<\/strong> Ein Klassiker Made in Italy mit Tanqueray London Dry Gin, Noten von Orangenschale, Nelken und einem Hauch Bitterkeit.<\/p>\n<p><strong>Margarita:<\/strong> Ein herb-aromatischer mexikanischer Klassiker mit 100 % blauem Agaven-Tequila Exotico Blanco, Cointreau und einer Prise Salz.<\/p>\n<p><strong>Old Fashioned:<\/strong> Mit Bulleit Bourbon und einem Spritzer Orangenbitter und aromatischen Bittern.<\/p>\n<p><strong>Mai Tai:<\/strong> Ein fruchtiger Cocktail, der den Geist der Tiki-Kultur in Ihre Bar bringt. Hergestellt mit Ron Santiago de Cuba.<\/p>\n<p><strong>Garten Russlands:<\/strong> Eine ungew\u00f6hnliche, frische und aromatische Version des Vodka Sour, mit dem in der Familie hergestellten Ketel One Vodka und einem Hauch Holunderbl\u00fcte. Spirituosengesch\u00e4ft &#8211; Fertigmischungen &#038; RTD Masters \u2013 Gewinner der Masters-Medaille.<\/p>\n<p>&nbsp;<\/p>\n<div id=\"shopify-section-product-image-text-2\" class=\"shopify-section\">\n<section class=\"sec-Section sec-Section-white sec-Section-border\">\n<div Klasse=\"sec-Section_Inner lyt-Container\">\n<div Klasse=\"sec-Abschnitt_Body\">\n<div Klasse=\"sec-ImageText sec-ImageText-right sec-ImageText-noimage\">\n<div Klasse=\"sec-ImageText_Content\">\n<div class=\"sec-ImageText_Text\">Wir bringen ein Geschmackserlebnis voller Qualit\u00e4t und Emotionen zu Ihnen nach Hause oder wo immer Sie es bevorzugen. Verw\u00f6hnen Sie sich selbst oder schenken Sie einen angenehmen Sinnesmoment: Unsere Cocktails werden nach dem Rezept von Patrick Pistolesi kreiert und in Designerverpackungen geliefert, die vollst\u00e4ndig recycelbar sind.<\/div>\n<\/div>\n<\/div>\n<\/div>\n<\/div>\n<p><\/Abschnitt><\/div>\n<p>&nbsp;<\/p>\n","protected":false},"excerpt":{"rendered":"<p>Unsere Experience Box bietet Ihnen ein sorgenfreies Hausbar-Erlebnis. Keine Flaschen, keine Gl\u00e4ser, keine zus\u00e4tzlichen Pr\u00e4sentationen, nur alles, was Sie brauchen,<\/p>\n","protected":false},"featured_media":465141,"template":"","meta":{"_acf_changed":false,"inline_featured_image":false},"product_cat":[21706,16027],"product_tag":[21306,17245],"acf":[],"yoast_head":"<!-- This site is optimized with the Yoast SEO Premium plugin v18.6 (Yoast SEO v19.13) - https:\/\/yoast.com\/wordpress\/plugins\/seo\/ -->\n<title>NIO COCKTAILS Experience Box - Erresse Shop<\/title>\n<meta name=\"description\" content=\"Unsere Experience Box bietet Ihnen ein sorgenfreies Hausbar-Erlebnis. Keine Flaschen, keine Gl\u00e4ser, keine zus\u00e4tzlichen Pr\u00e4sentationen, nur alles, was Sie\" \/>\n<meta name=\"robots\" content=\"index, follow, max-snippet:-1, max-image-preview:large, max-video-preview:-1\" \/>\n<link rel=\"canonical\" href=\"https:\/\/www.erresse-shop.it\/es\/shop\/tabla\/nio-cocktails-postcards-from-hawaii-copia\/\" \/>\n<meta property=\"og:locale\" content=\"es_ES\" \/>\n<meta property=\"og:type\" content=\"article\" \/>\n<meta property=\"og:title\" content=\"NIO COCKTAILS Experience Box\" \/>\n<meta property=\"og:description\" content=\"Unsere Experience Box bietet Ihnen ein sorgenfreies Hausbar-Erlebnis. Keine Flaschen, keine Gl\u00e4ser, keine zus\u00e4tzlichen Pr\u00e4sentationen, nur alles, was Sie\" \/>\n<meta property=\"og:url\" content=\"https:\/\/www.erresse-shop.it\/es\/shop\/tabla\/nio-cocktails-postcards-from-hawaii-copia\/\" \/>\n<meta property=\"og:site_name\" content=\"Erresse Shop\" \/>\n<meta property=\"article:modified_time\" content=\"2025-01-31T09:02:11+00:00\" \/>\n<meta property=\"og:image\" content=\"https:\/\/www.erresse-shop.it\/wp-content\/uploads\/2025\/01\/NIO-COCKTAILS-Experience-Box.jpg\" \/>\n\t<meta property=\"og:image:width\" content=\"1200\" \/>\n\t<meta property=\"og:image:height\" content=\"1200\" \/>\n\t<meta property=\"og:image:type\" content=\"image\/jpeg\" \/>\n<meta name=\"twitter:card\" content=\"summary_large_image\" \/>\n<script type=\"application\/ld+json\" class=\"yoast-schema-graph\">{\"@context\":\"https:\/\/schema.org\",\"@graph\":[{\"@type\":\"WebPage\",\"@id\":\"https:\/\/www.erresse-shop.it\/es\/shop\/tabla\/nio-cocktails-postcards-from-hawaii-copia\/\",\"url\":\"https:\/\/www.erresse-shop.it\/es\/shop\/tabla\/nio-cocktails-postcards-from-hawaii-copia\/\",\"name\":\"NIO COCKTAILS Experience Box - Erresse Shop\",\"isPartOf\":{\"@id\":\"https:\/\/www.erresse-shop.it\/es\/#website\"},\"datePublished\":\"2025-01-31T08:06:10+00:00\",\"dateModified\":\"2025-01-31T09:02:11+00:00\",\"description\":\"Unsere Experience Box bietet Ihnen ein sorgenfreies Hausbar-Erlebnis. Keine Flaschen, keine Gl\u00e4ser, keine zus\u00e4tzlichen Pr\u00e4sentationen, nur alles, was Sie\",\"breadcrumb\":{\"@id\":\"https:\/\/www.erresse-shop.it\/es\/shop\/tabla\/nio-cocktails-postcards-from-hawaii-copia\/#breadcrumb\"},\"inLanguage\":\"es\",\"potentialAction\":[{\"@type\":\"ReadAction\",\"target\":[\"https:\/\/www.erresse-shop.it\/es\/shop\/tabla\/nio-cocktails-postcards-from-hawaii-copia\/\"]}]},{\"@type\":\"BreadcrumbList\",\"@id\":\"https:\/\/www.erresse-shop.it\/es\/shop\/tabla\/nio-cocktails-postcards-from-hawaii-copia\/#breadcrumb\",\"itemListElement\":[{\"@type\":\"ListItem\",\"position\":1,\"name\":\"Home\",\"item\":\"https:\/\/www.erresse-shop.it\/es\/\"},{\"@type\":\"ListItem\",\"position\":2,\"name\":\"Shop\",\"item\":\"https:\/\/www.erresse-shop.it\/es\/shop\/\"},{\"@type\":\"ListItem\",\"position\":3,\"name\":\"NIO COCKTAILS Experience Box\"}]},{\"@type\":\"WebSite\",\"@id\":\"https:\/\/www.erresse-shop.it\/es\/#website\",\"url\":\"https:\/\/www.erresse-shop.it\/es\/\",\"name\":\"Erresse Shop\",\"description\":\"Articoli di qualit\u00e0 per la casa\",\"potentialAction\":[{\"@type\":\"SearchAction\",\"target\":{\"@type\":\"EntryPoint\",\"urlTemplate\":\"https:\/\/www.erresse-shop.it\/es\/?s={search_term_string}\"},\"query-input\":\"required name=search_term_string\"}],\"inLanguage\":\"es\"}]}<\/script>\n<!-- \/ Yoast SEO Premium plugin. -->","yoast_head_json":{"title":"NIO COCKTAILS Experience Box - Erresse Shop","description":"Unsere Experience Box bietet Ihnen ein sorgenfreies Hausbar-Erlebnis. Keine Flaschen, keine Gl\u00e4ser, keine zus\u00e4tzlichen Pr\u00e4sentationen, nur alles, was Sie","robots":{"index":"index","follow":"follow","max-snippet":"max-snippet:-1","max-image-preview":"max-image-preview:large","max-video-preview":"max-video-preview:-1"},"canonical":"https:\/\/www.erresse-shop.it\/es\/shop\/tabla\/nio-cocktails-postcards-from-hawaii-copia\/","og_locale":"es_ES","og_type":"article","og_title":"NIO COCKTAILS Experience Box","og_description":"Unsere Experience Box bietet Ihnen ein sorgenfreies Hausbar-Erlebnis. Keine Flaschen, keine Gl\u00e4ser, keine zus\u00e4tzlichen Pr\u00e4sentationen, nur alles, was Sie","og_url":"https:\/\/www.erresse-shop.it\/es\/shop\/tabla\/nio-cocktails-postcards-from-hawaii-copia\/","og_site_name":"Erresse Shop","article_modified_time":"2025-01-31T09:02:11+00:00","og_image":[{"width":1200,"height":1200,"url":"https:\/\/www.erresse-shop.it\/wp-content\/uploads\/2025\/01\/NIO-COCKTAILS-Experience-Box.jpg","type":"image\/jpeg"}],"twitter_card":"summary_large_image","schema":{"@context":"https:\/\/schema.org","@graph":[{"@type":"WebPage","@id":"https:\/\/www.erresse-shop.it\/es\/shop\/tabla\/nio-cocktails-postcards-from-hawaii-copia\/","url":"https:\/\/www.erresse-shop.it\/es\/shop\/tabla\/nio-cocktails-postcards-from-hawaii-copia\/","name":"NIO COCKTAILS Experience Box - Erresse Shop","isPartOf":{"@id":"https:\/\/www.erresse-shop.it\/es\/#website"},"datePublished":"2025-01-31T08:06:10+00:00","dateModified":"2025-01-31T09:02:11+00:00","description":"Unsere Experience Box bietet Ihnen ein sorgenfreies Hausbar-Erlebnis. Keine Flaschen, keine Gl\u00e4ser, keine zus\u00e4tzlichen Pr\u00e4sentationen, nur alles, was Sie","breadcrumb":{"@id":"https:\/\/www.erresse-shop.it\/es\/shop\/tabla\/nio-cocktails-postcards-from-hawaii-copia\/#breadcrumb"},"inLanguage":"es","potentialAction":[{"@type":"ReadAction","target":["https:\/\/www.erresse-shop.it\/es\/shop\/tabla\/nio-cocktails-postcards-from-hawaii-copia\/"]}]},{"@type":"BreadcrumbList","@id":"https:\/\/www.erresse-shop.it\/es\/shop\/tabla\/nio-cocktails-postcards-from-hawaii-copia\/#breadcrumb","itemListElement":[{"@type":"ListItem","position":1,"name":"Home","item":"https:\/\/www.erresse-shop.it\/es\/"},{"@type":"ListItem","position":2,"name":"Shop","item":"https:\/\/www.erresse-shop.it\/es\/shop\/"},{"@type":"ListItem","position":3,"name":"NIO COCKTAILS Experience Box"}]},{"@type":"WebSite","@id":"https:\/\/www.erresse-shop.it\/es\/#website","url":"https:\/\/www.erresse-shop.it\/es\/","name":"Erresse Shop","description":"Articoli di qualit\u00e0 per la casa","potentialAction":[{"@type":"SearchAction","target":{"@type":"EntryPoint","urlTemplate":"https:\/\/www.erresse-shop.it\/es\/?s={search_term_string}"},"query-input":"required name=search_term_string"}],"inLanguage":"es"}]}},"df_price":75,"df_sale_price":75,"df_regular_price":75,"df_image_link":"https:\/\/www.erresse-shop.it\/wp-content\/uploads\/2025\/01\/NIO-COCKTAILS-Experience-Box-300x300.jpg","_links":{"self":[{"href":"https:\/\/www.erresse-shop.it\/es\/wp-json\/wp\/v2\/product\/465088"}],"collection":[{"href":"https:\/\/www.erresse-shop.it\/es\/wp-json\/wp\/v2\/product"}],"about":[{"href":"https:\/\/www.erresse-shop.it\/es\/wp-json\/wp\/v2\/types\/product"}],"wp:featuredmedia":[{"embeddable":true,"href":"https:\/\/www.erresse-shop.it\/es\/wp-json\/wp\/v2\/media\/465141"}],"wp:attachment":[{"href":"https:\/\/www.erresse-shop.it\/es\/wp-json\/wp\/v2\/media?parent=465088"}],"wp:term":[{"taxonomy":"product_cat","embeddable":true,"href":"https:\/\/www.erresse-shop.it\/es\/wp-json\/wp\/v2\/product_cat?post=465088"},{"taxonomy":"product_tag","embeddable":true,"href":"https:\/\/www.erresse-shop.it\/es\/wp-json\/wp\/v2\/product_tag?post=465088"}],"curies":[{"name":"wp","href":"https:\/\/api.w.org\/{rel}","templated":true}]}}