{"id":464979,"date":"2025-01-30T13:56:06","date_gmt":"2025-01-30T13:56:08","guid":{"rendered":"https:\/\/www.erresse-shop.it\/?post_type=product&#038;p=464979"},"modified":"2025-01-31T07:25:17","modified_gmt":"2025-01-31T07:25:17","slug":"nio-cocktails-postcards-from-japan-copia","status":"publish","type":"product","link":"https:\/\/www.erresse-shop.it\/es\/shop\/tabla\/nio-cocktails-postcards-from-japan-copia\/","title":{"rendered":"NIO COCKTAILS Postcards from Venice"},"content":{"rendered":"<p><strong>Patrick Pistolesi<\/strong> ha creado 4 c\u00f3cteles exclusivos para celebrar tantos lugares y momentos de la historia milenaria de la Serenissima: los or\u00edgenes, el arte de navegar, la capacidad de encantar y el futuro. Una caja ic\u00f3nica firmada para NIO Cocktails and Select.<\/p>\n<p><span style=\"font-size: 14pt;\"><strong>C\u00f3cteles en el paquete:<\/strong><\/span><\/p>\n<p><strong>421- Laguna:<\/strong><em>Aperitivo Selecto \/ Cocchi Americano Bianco \/ Agua; 100ML, 15,4%VOL.<br \/>\n<\/em><\/p>\n<p>Un c\u00f3ctel sencillo, para celebrar los or\u00edgenes de Venecia; Un c\u00f3ctel para degustar sin lujos el ingrediente irreemplazable del aut\u00e9ntico Spritz veneciano: Select. Para este viaje Patrick eligi\u00f3 un Vermut, un vino fortificado.<\/p>\n<p><strong>1104- Arsenale:<\/strong> <em>Aperitivo Selecto \/ Brandy St Remy Xo \/ Vermut Cocchi Seco \/ Cocchi Americano Bianco \/ Agua\/\u00a0<\/em><em>100 ML, 22,4%VOL.<\/em> en&gt;<\/p>\n<p>Arsenale: el coraz\u00f3n fortificado de la ciudad al que Patrick quiso dedicar un c\u00f3ctel valiente, fuerte, intensamente italiano. Un aperitivo con car\u00e1cter, para paladares atrevidos y amantes de la tradici\u00f3n.<\/p>\n<p><strong>1725- Le Calli di Casanova:<\/strong><em>Aperitivo Selecto \/ Bols Cacao Blanco \/ Jarabe de Az\u00facar de Ca\u00f1a Toschi \/ Acidulante: \u00c1cido C\u00edtrico \/ Agua.<\/em><em>100ML, 12,7 %VOL.&lt; \/en&gt;<\/em><\/p>\n<p>Venecia ofrece vibraciones que se encuentran con una suavidad envolvente en este c\u00f3ctel \u00fanico. Este c\u00f3ctel, profundo en sus notas y travieso en su combinaci\u00f3n, rendir\u00e1 homenaje al arte de encantar e intrigar con la fuerza de Select y la dulzura de Creme de Cacao.<\/p>\n<p><strong>2021- Cannaregio:<\/strong> <em>Aperitivo Selecto \/ Roner de Licor de Manzana Verde Pomm\u00e8 \/ Rosolio de Bergamota Italicus \/ Jarabe de Az\u00facar de Ca\u00f1a Toschi \/ Acidulante: \u00c1cido C\u00edtrico \/ Agua<\/em><em>; 100 ML, 13,6% VOL.<\/em><\/p>\n<p>Un c\u00f3ctel dedicado al barrio m\u00e1s cosmopolita y contempor\u00e1neo de Venecia. \u00c9ste ser\u00e1 el c\u00f3ctel m\u00e1s experimental que Patrick dedica a la Serenissima. Un deseo de un futuro de paz y belleza, una mezcla fragante e inusual alrededor de Select.<\/p>\n<p>&nbsp;<\/p>\n<p>Los c\u00f3cteles NIO se preparan utilizando los mejores licores y aguardientes sin la adici\u00f3n de conservantes, aditivos o agentes qu\u00edmicos.<\/p>\n","protected":false},"excerpt":{"rendered":"<p>Patrick Pistolesi ha creado 4 c\u00f3cteles exclusivos para celebrar tantos lugares y momentos de la historia milenaria de la Serenissima:<\/p>\n","protected":false},"featured_media":465017,"template":"","meta":{"_acf_changed":false,"inline_featured_image":false},"product_cat":[21706,16027],"product_tag":[21306,17245],"acf":[],"yoast_head":"<!-- This site is optimized with the Yoast SEO Premium plugin v18.6 (Yoast SEO v19.13) - https:\/\/yoast.com\/wordpress\/plugins\/seo\/ -->\n<title>NIO COCKTAILS Postcards from Venice - Erresse Shop<\/title>\n<meta name=\"description\" content=\"Patrick Pistolesi ha creado 4 c\u00f3cteles exclusivos para celebrar tantos lugares y momentos de la historia milenaria de la Serenissima: los or\u00edgenes, el\" \/>\n<meta name=\"robots\" content=\"index, follow, max-snippet:-1, max-image-preview:large, max-video-preview:-1\" \/>\n<link rel=\"canonical\" href=\"https:\/\/www.erresse-shop.it\/es\/shop\/tabla\/nio-cocktails-postcards-from-japan-copia\/\" \/>\n<meta property=\"og:locale\" content=\"es_ES\" \/>\n<meta property=\"og:type\" content=\"article\" \/>\n<meta property=\"og:title\" content=\"NIO COCKTAILS Postcards from Venice\" \/>\n<meta property=\"og:description\" content=\"Patrick Pistolesi ha creado 4 c\u00f3cteles exclusivos para celebrar tantos lugares y momentos de la historia milenaria de la Serenissima: los or\u00edgenes, el\" \/>\n<meta property=\"og:url\" content=\"https:\/\/www.erresse-shop.it\/es\/shop\/tabla\/nio-cocktails-postcards-from-japan-copia\/\" \/>\n<meta property=\"og:site_name\" content=\"Erresse Shop\" \/>\n<meta property=\"article:modified_time\" content=\"2025-01-31T07:25:17+00:00\" \/>\n<meta property=\"og:image\" content=\"https:\/\/www.erresse-shop.it\/wp-content\/uploads\/2025\/01\/NIO-COCKTAILS-Postcards-from-Venice.jpg\" \/>\n\t<meta property=\"og:image:width\" content=\"1200\" \/>\n\t<meta property=\"og:image:height\" content=\"1200\" \/>\n\t<meta property=\"og:image:type\" content=\"image\/jpeg\" \/>\n<meta name=\"twitter:card\" content=\"summary_large_image\" \/>\n<script type=\"application\/ld+json\" class=\"yoast-schema-graph\">{\"@context\":\"https:\/\/schema.org\",\"@graph\":[{\"@type\":\"WebPage\",\"@id\":\"https:\/\/www.erresse-shop.it\/es\/shop\/tabla\/nio-cocktails-postcards-from-japan-copia\/\",\"url\":\"https:\/\/www.erresse-shop.it\/es\/shop\/tabla\/nio-cocktails-postcards-from-japan-copia\/\",\"name\":\"NIO COCKTAILS Postcards from Venice - Erresse Shop\",\"isPartOf\":{\"@id\":\"https:\/\/www.erresse-shop.it\/es\/#website\"},\"datePublished\":\"2025-01-30T13:56:08+00:00\",\"dateModified\":\"2025-01-31T07:25:17+00:00\",\"description\":\"Patrick Pistolesi ha creado 4 c\u00f3cteles exclusivos para celebrar tantos lugares y momentos de la historia milenaria de la Serenissima: los or\u00edgenes, el\",\"breadcrumb\":{\"@id\":\"https:\/\/www.erresse-shop.it\/es\/shop\/tabla\/nio-cocktails-postcards-from-japan-copia\/#breadcrumb\"},\"inLanguage\":\"es\",\"potentialAction\":[{\"@type\":\"ReadAction\",\"target\":[\"https:\/\/www.erresse-shop.it\/es\/shop\/tabla\/nio-cocktails-postcards-from-japan-copia\/\"]}]},{\"@type\":\"BreadcrumbList\",\"@id\":\"https:\/\/www.erresse-shop.it\/es\/shop\/tabla\/nio-cocktails-postcards-from-japan-copia\/#breadcrumb\",\"itemListElement\":[{\"@type\":\"ListItem\",\"position\":1,\"name\":\"Home\",\"item\":\"https:\/\/www.erresse-shop.it\/es\/\"},{\"@type\":\"ListItem\",\"position\":2,\"name\":\"Shop\",\"item\":\"https:\/\/www.erresse-shop.it\/es\/shop\/\"},{\"@type\":\"ListItem\",\"position\":3,\"name\":\"NIO COCKTAILS Postcards from Venice\"}]},{\"@type\":\"WebSite\",\"@id\":\"https:\/\/www.erresse-shop.it\/es\/#website\",\"url\":\"https:\/\/www.erresse-shop.it\/es\/\",\"name\":\"Erresse Shop\",\"description\":\"Articoli di qualit\u00e0 per la casa\",\"potentialAction\":[{\"@type\":\"SearchAction\",\"target\":{\"@type\":\"EntryPoint\",\"urlTemplate\":\"https:\/\/www.erresse-shop.it\/es\/?s={search_term_string}\"},\"query-input\":\"required name=search_term_string\"}],\"inLanguage\":\"es\"}]}<\/script>\n<!-- \/ Yoast SEO Premium plugin. -->","yoast_head_json":{"title":"NIO COCKTAILS Postcards from Venice - Erresse Shop","description":"Patrick Pistolesi ha creado 4 c\u00f3cteles exclusivos para celebrar tantos lugares y momentos de la historia milenaria de la Serenissima: los or\u00edgenes, el","robots":{"index":"index","follow":"follow","max-snippet":"max-snippet:-1","max-image-preview":"max-image-preview:large","max-video-preview":"max-video-preview:-1"},"canonical":"https:\/\/www.erresse-shop.it\/es\/shop\/tabla\/nio-cocktails-postcards-from-japan-copia\/","og_locale":"es_ES","og_type":"article","og_title":"NIO COCKTAILS Postcards from Venice","og_description":"Patrick Pistolesi ha creado 4 c\u00f3cteles exclusivos para celebrar tantos lugares y momentos de la historia milenaria de la Serenissima: los or\u00edgenes, el","og_url":"https:\/\/www.erresse-shop.it\/es\/shop\/tabla\/nio-cocktails-postcards-from-japan-copia\/","og_site_name":"Erresse Shop","article_modified_time":"2025-01-31T07:25:17+00:00","og_image":[{"width":1200,"height":1200,"url":"https:\/\/www.erresse-shop.it\/wp-content\/uploads\/2025\/01\/NIO-COCKTAILS-Postcards-from-Venice.jpg","type":"image\/jpeg"}],"twitter_card":"summary_large_image","schema":{"@context":"https:\/\/schema.org","@graph":[{"@type":"WebPage","@id":"https:\/\/www.erresse-shop.it\/es\/shop\/tabla\/nio-cocktails-postcards-from-japan-copia\/","url":"https:\/\/www.erresse-shop.it\/es\/shop\/tabla\/nio-cocktails-postcards-from-japan-copia\/","name":"NIO COCKTAILS Postcards from Venice - Erresse Shop","isPartOf":{"@id":"https:\/\/www.erresse-shop.it\/es\/#website"},"datePublished":"2025-01-30T13:56:08+00:00","dateModified":"2025-01-31T07:25:17+00:00","description":"Patrick Pistolesi ha creado 4 c\u00f3cteles exclusivos para celebrar tantos lugares y momentos de la historia milenaria de la Serenissima: los or\u00edgenes, el","breadcrumb":{"@id":"https:\/\/www.erresse-shop.it\/es\/shop\/tabla\/nio-cocktails-postcards-from-japan-copia\/#breadcrumb"},"inLanguage":"es","potentialAction":[{"@type":"ReadAction","target":["https:\/\/www.erresse-shop.it\/es\/shop\/tabla\/nio-cocktails-postcards-from-japan-copia\/"]}]},{"@type":"BreadcrumbList","@id":"https:\/\/www.erresse-shop.it\/es\/shop\/tabla\/nio-cocktails-postcards-from-japan-copia\/#breadcrumb","itemListElement":[{"@type":"ListItem","position":1,"name":"Home","item":"https:\/\/www.erresse-shop.it\/es\/"},{"@type":"ListItem","position":2,"name":"Shop","item":"https:\/\/www.erresse-shop.it\/es\/shop\/"},{"@type":"ListItem","position":3,"name":"NIO COCKTAILS Postcards from Venice"}]},{"@type":"WebSite","@id":"https:\/\/www.erresse-shop.it\/es\/#website","url":"https:\/\/www.erresse-shop.it\/es\/","name":"Erresse Shop","description":"Articoli di qualit\u00e0 per la casa","potentialAction":[{"@type":"SearchAction","target":{"@type":"EntryPoint","urlTemplate":"https:\/\/www.erresse-shop.it\/es\/?s={search_term_string}"},"query-input":"required name=search_term_string"}],"inLanguage":"es"}]}},"df_price":30,"df_sale_price":30,"df_regular_price":30,"df_image_link":"https:\/\/www.erresse-shop.it\/wp-content\/uploads\/2025\/01\/NIO-COCKTAILS-Postcards-from-Venice-300x300.jpg","_links":{"self":[{"href":"https:\/\/www.erresse-shop.it\/es\/wp-json\/wp\/v2\/product\/464979"}],"collection":[{"href":"https:\/\/www.erresse-shop.it\/es\/wp-json\/wp\/v2\/product"}],"about":[{"href":"https:\/\/www.erresse-shop.it\/es\/wp-json\/wp\/v2\/types\/product"}],"wp:featuredmedia":[{"embeddable":true,"href":"https:\/\/www.erresse-shop.it\/es\/wp-json\/wp\/v2\/media\/465017"}],"wp:attachment":[{"href":"https:\/\/www.erresse-shop.it\/es\/wp-json\/wp\/v2\/media?parent=464979"}],"wp:term":[{"taxonomy":"product_cat","embeddable":true,"href":"https:\/\/www.erresse-shop.it\/es\/wp-json\/wp\/v2\/product_cat?post=464979"},{"taxonomy":"product_tag","embeddable":true,"href":"https:\/\/www.erresse-shop.it\/es\/wp-json\/wp\/v2\/product_tag?post=464979"}],"curies":[{"name":"wp","href":"https:\/\/api.w.org\/{rel}","templated":true}]}}