{"id":464929,"date":"2025-01-30T11:39:30","date_gmt":"2025-01-30T11:39:32","guid":{"rendered":"https:\/\/www.erresse-shop.it\/?post_type=product&#038;p=464929"},"modified":"2025-01-31T07:33:02","modified_gmt":"2025-01-31T07:33:02","slug":"seletti-blue-bear-copia","status":"publish","type":"product","link":"https:\/\/www.erresse-shop.it\/es\/shop\/tabla\/seletti-blue-bear-copia\/","title":{"rendered":"NIO COCKTAILS Postcards from Japan"},"content":{"rendered":"<p>NIO Cocktails te transporta al Jap\u00f3n m\u00e1s tradicional con una Box especial de 4 c\u00f3cteles exclusivos, en el que una cultura milenaria se une a los sabores de su territorio. Todo en tu casa. Aqu\u00ed tienes 4 postales de degustaci\u00f3n directamente desde Jap\u00f3n y la maestr\u00eda de Patrick Pistolesi, catalogado entre los mejores bartenders del mundo por World&#8217;s 50 Best Bars.<\/p>\n<p><span style=\"font-size: 14pt;\"><strong>C\u00f3cteles en el paquete:<\/strong><\/span><\/p>\n<p><strong>HOKKAIDO GLORY<\/strong><\/p>\n<p>Vodka japon\u00e9s Eiko de la exuberante isla de Hokkaido.<\/p>\n<p>Una receta similar a un Bloody Mary, con un ingrediente secreto: un licor de tomate japon\u00e9s, que le da a este c\u00f3ctel una personalidad disruptiva y un gran sabor. El esp\u00edritu principal es Eiko Vodka: claro, cristalino, de una pureza casi \u00fanica cuya clase logra casar divinamente tanto con el licor picante como con el \u00e1cido c\u00edtrico.<\/p>\n<p><strong>HOKKAIDO PLEASURE<\/strong><\/p>\n<p>Gin Etsu para degustar en casa, proviene de Hokkaido.<\/p>\n<p>Una versi\u00f3n japonesa de un cl\u00e1sico de la cocteler\u00eda como el Gin Sour, reinventado en torno a un raro licor de manzana verde, con notas redondas y \u00e1cidas. Una experiencia de degustaci\u00f3n con una base bot\u00e1nica fuerte y fragante que golpea el paladar y la nariz, transportando los sentidos a un fragante jard\u00edn japon\u00e9s. Todo con Gin Etsu, elaborado a partir de una receta tradicional secreta con la caracter\u00edstica nota amarilla del yuzu.<\/p>\n<p><strong>OKINAWA PURE BEAUTY<\/strong><\/p>\n<p>Ron Blanco Kiyomi: Entre las playas y las tradiciones de Okinawa.<\/p>\n<p>Del Caribe hasta Jap\u00f3n, un Daiquiri Oriental, caracterizado por el licor de yuzu. Esta fruta tiene una c\u00e1scara similar a la de los limones t\u00edpicos de los c\u00edtricos sicilianos, pero sus notas arom\u00e1ticas se acercan m\u00e1s a la frescura del pomelo. El licor clave es el ron blanco Kiyomi, elaborado con jugo de ca\u00f1a de az\u00facar. Kiyomi se fermenta durante 1 mes y se deja reposar durante 6 meses en tanques de acero, para obtener la m\u00e1xima pureza.<\/p>\n<p><strong>KURYOSHI HERITAGE<\/strong><\/p>\n<p>Aqu\u00ed est\u00e1 el whisky Tottori para ti.<\/p>\n<p>Una versi\u00f3n de un Whisky Sour de extremo refinamiento y calidad. El toque de clase de este c\u00f3ctel es un licor de jengibre con tonos ex\u00f3ticos t\u00edpicos del Pa\u00eds del Sol Naciente. El esp\u00edritu principal es un whisky mezclado que, como en las mejores tradiciones y costumbres japonesas, se suaviza con maestr\u00eda. La combinaci\u00f3n de las distintas maltas da como resultado un unicum equilibrado, menos invasivo y suave.<\/p>\n<p>&nbsp;<\/p>\n<p>Los c\u00f3cteles NIO se preparan utilizando los mejores licores y aguardientes sin la adici\u00f3n de conservantes, aditivos o agentes qu\u00edmicos.<\/p>\n<p>&nbsp;<\/p>\n","protected":false},"excerpt":{"rendered":"<p>NIO Cocktails te transporta al Jap\u00f3n m\u00e1s tradicional con una Box especial de 4 c\u00f3cteles exclusivos, en el que una<\/p>\n","protected":false},"featured_media":464967,"template":"","meta":{"_acf_changed":false,"inline_featured_image":false},"product_cat":[21706,16027],"product_tag":[21306,17245],"acf":[],"yoast_head":"<!-- This site is optimized with the Yoast SEO Premium plugin v18.6 (Yoast SEO v19.13) - https:\/\/yoast.com\/wordpress\/plugins\/seo\/ -->\n<title>NIO COCKTAILS Postcards from Japan - Erresse Shop<\/title>\n<meta name=\"description\" content=\"NIO Cocktails te transporta al Jap\u00f3n m\u00e1s tradicional con una Box especial de 4 c\u00f3cteles exclusivos, en el que una cultura milenaria se une a los sabores\" \/>\n<meta name=\"robots\" content=\"index, follow, max-snippet:-1, max-image-preview:large, max-video-preview:-1\" \/>\n<link rel=\"canonical\" href=\"https:\/\/www.erresse-shop.it\/es\/shop\/tabla\/seletti-blue-bear-copia\/\" \/>\n<meta property=\"og:locale\" content=\"es_ES\" \/>\n<meta property=\"og:type\" content=\"article\" \/>\n<meta property=\"og:title\" content=\"NIO COCKTAILS Postcards from Japan\" \/>\n<meta property=\"og:description\" content=\"NIO Cocktails te transporta al Jap\u00f3n m\u00e1s tradicional con una Box especial de 4 c\u00f3cteles exclusivos, en el que una cultura milenaria se une a los sabores\" \/>\n<meta property=\"og:url\" content=\"https:\/\/www.erresse-shop.it\/es\/shop\/tabla\/seletti-blue-bear-copia\/\" \/>\n<meta property=\"og:site_name\" content=\"Erresse Shop\" \/>\n<meta property=\"article:modified_time\" content=\"2025-01-31T07:33:02+00:00\" \/>\n<meta property=\"og:image\" content=\"https:\/\/www.erresse-shop.it\/wp-content\/uploads\/2025\/01\/NIO-COCKTAILS-Postcards-from-Japan.jpg\" \/>\n\t<meta property=\"og:image:width\" content=\"1200\" \/>\n\t<meta property=\"og:image:height\" content=\"1200\" \/>\n\t<meta property=\"og:image:type\" content=\"image\/jpeg\" \/>\n<meta name=\"twitter:card\" content=\"summary_large_image\" \/>\n<script type=\"application\/ld+json\" class=\"yoast-schema-graph\">{\"@context\":\"https:\/\/schema.org\",\"@graph\":[{\"@type\":\"WebPage\",\"@id\":\"https:\/\/www.erresse-shop.it\/es\/shop\/tabla\/seletti-blue-bear-copia\/\",\"url\":\"https:\/\/www.erresse-shop.it\/es\/shop\/tabla\/seletti-blue-bear-copia\/\",\"name\":\"NIO COCKTAILS Postcards from Japan - Erresse Shop\",\"isPartOf\":{\"@id\":\"https:\/\/www.erresse-shop.it\/es\/#website\"},\"datePublished\":\"2025-01-30T11:39:32+00:00\",\"dateModified\":\"2025-01-31T07:33:02+00:00\",\"description\":\"NIO Cocktails te transporta al Jap\u00f3n m\u00e1s tradicional con una Box especial de 4 c\u00f3cteles exclusivos, en el que una cultura milenaria se une a los sabores\",\"breadcrumb\":{\"@id\":\"https:\/\/www.erresse-shop.it\/es\/shop\/tabla\/seletti-blue-bear-copia\/#breadcrumb\"},\"inLanguage\":\"es\",\"potentialAction\":[{\"@type\":\"ReadAction\",\"target\":[\"https:\/\/www.erresse-shop.it\/es\/shop\/tabla\/seletti-blue-bear-copia\/\"]}]},{\"@type\":\"BreadcrumbList\",\"@id\":\"https:\/\/www.erresse-shop.it\/es\/shop\/tabla\/seletti-blue-bear-copia\/#breadcrumb\",\"itemListElement\":[{\"@type\":\"ListItem\",\"position\":1,\"name\":\"Home\",\"item\":\"https:\/\/www.erresse-shop.it\/es\/\"},{\"@type\":\"ListItem\",\"position\":2,\"name\":\"Shop\",\"item\":\"https:\/\/www.erresse-shop.it\/es\/shop\/\"},{\"@type\":\"ListItem\",\"position\":3,\"name\":\"NIO COCKTAILS Postcards from Japan\"}]},{\"@type\":\"WebSite\",\"@id\":\"https:\/\/www.erresse-shop.it\/es\/#website\",\"url\":\"https:\/\/www.erresse-shop.it\/es\/\",\"name\":\"Erresse Shop\",\"description\":\"Articoli di qualit\u00e0 per la casa\",\"potentialAction\":[{\"@type\":\"SearchAction\",\"target\":{\"@type\":\"EntryPoint\",\"urlTemplate\":\"https:\/\/www.erresse-shop.it\/es\/?s={search_term_string}\"},\"query-input\":\"required name=search_term_string\"}],\"inLanguage\":\"es\"}]}<\/script>\n<!-- \/ Yoast SEO Premium plugin. -->","yoast_head_json":{"title":"NIO COCKTAILS Postcards from Japan - Erresse Shop","description":"NIO Cocktails te transporta al Jap\u00f3n m\u00e1s tradicional con una Box especial de 4 c\u00f3cteles exclusivos, en el que una cultura milenaria se une a los sabores","robots":{"index":"index","follow":"follow","max-snippet":"max-snippet:-1","max-image-preview":"max-image-preview:large","max-video-preview":"max-video-preview:-1"},"canonical":"https:\/\/www.erresse-shop.it\/es\/shop\/tabla\/seletti-blue-bear-copia\/","og_locale":"es_ES","og_type":"article","og_title":"NIO COCKTAILS Postcards from Japan","og_description":"NIO Cocktails te transporta al Jap\u00f3n m\u00e1s tradicional con una Box especial de 4 c\u00f3cteles exclusivos, en el que una cultura milenaria se une a los sabores","og_url":"https:\/\/www.erresse-shop.it\/es\/shop\/tabla\/seletti-blue-bear-copia\/","og_site_name":"Erresse Shop","article_modified_time":"2025-01-31T07:33:02+00:00","og_image":[{"width":1200,"height":1200,"url":"https:\/\/www.erresse-shop.it\/wp-content\/uploads\/2025\/01\/NIO-COCKTAILS-Postcards-from-Japan.jpg","type":"image\/jpeg"}],"twitter_card":"summary_large_image","schema":{"@context":"https:\/\/schema.org","@graph":[{"@type":"WebPage","@id":"https:\/\/www.erresse-shop.it\/es\/shop\/tabla\/seletti-blue-bear-copia\/","url":"https:\/\/www.erresse-shop.it\/es\/shop\/tabla\/seletti-blue-bear-copia\/","name":"NIO COCKTAILS Postcards from Japan - Erresse Shop","isPartOf":{"@id":"https:\/\/www.erresse-shop.it\/es\/#website"},"datePublished":"2025-01-30T11:39:32+00:00","dateModified":"2025-01-31T07:33:02+00:00","description":"NIO Cocktails te transporta al Jap\u00f3n m\u00e1s tradicional con una Box especial de 4 c\u00f3cteles exclusivos, en el que una cultura milenaria se une a los sabores","breadcrumb":{"@id":"https:\/\/www.erresse-shop.it\/es\/shop\/tabla\/seletti-blue-bear-copia\/#breadcrumb"},"inLanguage":"es","potentialAction":[{"@type":"ReadAction","target":["https:\/\/www.erresse-shop.it\/es\/shop\/tabla\/seletti-blue-bear-copia\/"]}]},{"@type":"BreadcrumbList","@id":"https:\/\/www.erresse-shop.it\/es\/shop\/tabla\/seletti-blue-bear-copia\/#breadcrumb","itemListElement":[{"@type":"ListItem","position":1,"name":"Home","item":"https:\/\/www.erresse-shop.it\/es\/"},{"@type":"ListItem","position":2,"name":"Shop","item":"https:\/\/www.erresse-shop.it\/es\/shop\/"},{"@type":"ListItem","position":3,"name":"NIO COCKTAILS Postcards from Japan"}]},{"@type":"WebSite","@id":"https:\/\/www.erresse-shop.it\/es\/#website","url":"https:\/\/www.erresse-shop.it\/es\/","name":"Erresse Shop","description":"Articoli di qualit\u00e0 per la casa","potentialAction":[{"@type":"SearchAction","target":{"@type":"EntryPoint","urlTemplate":"https:\/\/www.erresse-shop.it\/es\/?s={search_term_string}"},"query-input":"required name=search_term_string"}],"inLanguage":"es"}]}},"df_price":30,"df_sale_price":30,"df_regular_price":30,"df_image_link":"https:\/\/www.erresse-shop.it\/wp-content\/uploads\/2025\/01\/NIO-COCKTAILS-Postcards-from-Japan-300x300.jpg","_links":{"self":[{"href":"https:\/\/www.erresse-shop.it\/es\/wp-json\/wp\/v2\/product\/464929"}],"collection":[{"href":"https:\/\/www.erresse-shop.it\/es\/wp-json\/wp\/v2\/product"}],"about":[{"href":"https:\/\/www.erresse-shop.it\/es\/wp-json\/wp\/v2\/types\/product"}],"wp:featuredmedia":[{"embeddable":true,"href":"https:\/\/www.erresse-shop.it\/es\/wp-json\/wp\/v2\/media\/464967"}],"wp:attachment":[{"href":"https:\/\/www.erresse-shop.it\/es\/wp-json\/wp\/v2\/media?parent=464929"}],"wp:term":[{"taxonomy":"product_cat","embeddable":true,"href":"https:\/\/www.erresse-shop.it\/es\/wp-json\/wp\/v2\/product_cat?post=464929"},{"taxonomy":"product_tag","embeddable":true,"href":"https:\/\/www.erresse-shop.it\/es\/wp-json\/wp\/v2\/product_tag?post=464929"}],"curies":[{"name":"wp","href":"https:\/\/api.w.org\/{rel}","templated":true}]}}