{"id":464542,"date":"2025-01-30T08:15:31","date_gmt":"2025-01-30T08:15:36","guid":{"rendered":"https:\/\/www.erresse-shop.it\/?post_type=product&#038;p=464542"},"modified":"2026-02-23T13:32:36","modified_gmt":"2026-02-23T13:32:36","slug":"santos-horno-de-pizza-o-120","status":"publish","type":"product","link":"https:\/\/www.erresse-shop.it\/es\/shop\/pequenos-electrodomesticos\/hornos\/santos-horno-de-pizza-o-120\/","title":{"rendered":"SANTOS Horno de pizza O-120"},"content":{"rendered":"<p>El nuevo horno de pizza SANTOS O-120 en color negro es el complemento ideal para tu cocina exterior. Con una potencia calor\u00edfica de 4,4KW podr\u00e1s alcanzar temperaturas ideales para cocinar pizzas crujientes. La piedra para pizza de 30,5 cm de di\u00e1metro incluida en el env\u00edo es suficiente para una pizza que podr\u00e1s adornar con lo que prefieras.<\/p>\n<p>Una novedad absoluta del horno de pizza SANTOS es el innovador plato giratorio. Esto le permite rotar su pizza de forma segura para lograr un dorado perfecto de 360\u00b0. El pomo resistente al calor con cojinete de bolas se encuentra debajo del horno de pizza y, por tanto, se puede accionar sin accidentes incluso durante el funcionamiento.<\/p>\n<p><strong>Especificaciones t\u00e9cnicas<\/strong><\/p>\n<p><strong>Material<\/strong>: Acero<br \/>\n<strong>Dimensiones<\/strong>: (Ancho x Alto x Profundidad) 35,9 x 34,7 x 64,7 cm<br \/>\nAltura de apertura 6,5 \u200b\u200bcm \/ Ancho 36 cm<br \/>\n<strong>Peso<\/strong>: 11,3 kg<br \/>\nRegulador de gas: 1,5 kg\/hora 50 mbar<br \/>\n<strong>Tubo de gas<\/strong>: 80 cm<br \/>\n<strong>Dimensiones de la piedra para pizza<\/strong>: \u2300 30,5 x H 1,2 cm<\/p>\n<p><strong>Nota: No apto para uso en interiores, no apto para uso con gas natural<\/strong><\/p>\n<p><span style=\"text-decoration: underline;\"><strong>Not for sale outside Europe<\/strong><\/span><\/p>\n","protected":false},"excerpt":{"rendered":"<p>El nuevo horno de pizza SANTOS O-120 en color negro es el complemento ideal para tu cocina exterior. Con una<\/p>\n","protected":false},"featured_media":464878,"template":"","meta":{"_acf_changed":false,"inline_featured_image":false},"product_cat":[16079,16073],"product_tag":[23692,16402,23098,23099],"acf":[],"yoast_head":"<!-- This site is optimized with the Yoast SEO Premium plugin v18.6 (Yoast SEO v19.13) - https:\/\/yoast.com\/wordpress\/plugins\/seo\/ -->\n<title>SANTOS Horno de pizza O-120 - Erresse Shop<\/title>\n<meta name=\"description\" content=\"El nuevo horno de pizza SANTOS O-120 en color negro es el complemento ideal para tu cocina exterior. Con una potencia calor\u00edfica de 4,4KW podr\u00e1s alcanzar\" \/>\n<meta name=\"robots\" content=\"index, follow, max-snippet:-1, max-image-preview:large, max-video-preview:-1\" \/>\n<link rel=\"canonical\" href=\"https:\/\/www.erresse-shop.it\/es\/shop\/pequenos-electrodomesticos\/hornos\/santos-horno-de-pizza-o-120\/\" \/>\n<meta property=\"og:locale\" content=\"es_ES\" \/>\n<meta property=\"og:type\" content=\"article\" \/>\n<meta property=\"og:title\" content=\"SANTOS Horno de pizza O-120\" \/>\n<meta property=\"og:description\" content=\"El nuevo horno de pizza SANTOS O-120 en color negro es el complemento ideal para tu cocina exterior. Con una potencia calor\u00edfica de 4,4KW podr\u00e1s alcanzar\" \/>\n<meta property=\"og:url\" content=\"https:\/\/www.erresse-shop.it\/es\/shop\/pequenos-electrodomesticos\/hornos\/santos-horno-de-pizza-o-120\/\" \/>\n<meta property=\"og:site_name\" content=\"Erresse Shop\" \/>\n<meta property=\"article:modified_time\" content=\"2026-02-23T13:32:36+00:00\" \/>\n<meta property=\"og:image\" content=\"https:\/\/www.erresse-shop.it\/wp-content\/uploads\/2025\/01\/SANTOS-Forno-per-Pizza-O-120.jpg\" \/>\n\t<meta property=\"og:image:width\" content=\"1200\" \/>\n\t<meta property=\"og:image:height\" content=\"1200\" \/>\n\t<meta property=\"og:image:type\" content=\"image\/jpeg\" \/>\n<meta name=\"twitter:card\" content=\"summary_large_image\" \/>\n<script type=\"application\/ld+json\" class=\"yoast-schema-graph\">{\"@context\":\"https:\/\/schema.org\",\"@graph\":[{\"@type\":\"WebPage\",\"@id\":\"https:\/\/www.erresse-shop.it\/es\/shop\/pequenos-electrodomesticos\/hornos\/santos-horno-de-pizza-o-120\/\",\"url\":\"https:\/\/www.erresse-shop.it\/es\/shop\/pequenos-electrodomesticos\/hornos\/santos-horno-de-pizza-o-120\/\",\"name\":\"SANTOS Horno de pizza O-120 - Erresse Shop\",\"isPartOf\":{\"@id\":\"https:\/\/www.erresse-shop.it\/es\/#website\"},\"datePublished\":\"2025-01-30T08:15:36+00:00\",\"dateModified\":\"2026-02-23T13:32:36+00:00\",\"description\":\"El nuevo horno de pizza SANTOS O-120 en color negro es el complemento ideal para tu cocina exterior. Con una potencia calor\u00edfica de 4,4KW podr\u00e1s alcanzar\",\"breadcrumb\":{\"@id\":\"https:\/\/www.erresse-shop.it\/es\/shop\/pequenos-electrodomesticos\/hornos\/santos-horno-de-pizza-o-120\/#breadcrumb\"},\"inLanguage\":\"es\",\"potentialAction\":[{\"@type\":\"ReadAction\",\"target\":[\"https:\/\/www.erresse-shop.it\/es\/shop\/pequenos-electrodomesticos\/hornos\/santos-horno-de-pizza-o-120\/\"]}]},{\"@type\":\"BreadcrumbList\",\"@id\":\"https:\/\/www.erresse-shop.it\/es\/shop\/pequenos-electrodomesticos\/hornos\/santos-horno-de-pizza-o-120\/#breadcrumb\",\"itemListElement\":[{\"@type\":\"ListItem\",\"position\":1,\"name\":\"Home\",\"item\":\"https:\/\/www.erresse-shop.it\/es\/\"},{\"@type\":\"ListItem\",\"position\":2,\"name\":\"Shop\",\"item\":\"https:\/\/www.erresse-shop.it\/es\/shop\/\"},{\"@type\":\"ListItem\",\"position\":3,\"name\":\"SANTOS Horno de pizza O-120\"}]},{\"@type\":\"WebSite\",\"@id\":\"https:\/\/www.erresse-shop.it\/es\/#website\",\"url\":\"https:\/\/www.erresse-shop.it\/es\/\",\"name\":\"Erresse Shop\",\"description\":\"Articoli di qualit\u00e0 per la casa\",\"potentialAction\":[{\"@type\":\"SearchAction\",\"target\":{\"@type\":\"EntryPoint\",\"urlTemplate\":\"https:\/\/www.erresse-shop.it\/es\/?s={search_term_string}\"},\"query-input\":\"required name=search_term_string\"}],\"inLanguage\":\"es\"}]}<\/script>\n<!-- \/ Yoast SEO Premium plugin. -->","yoast_head_json":{"title":"SANTOS Horno de pizza O-120 - Erresse Shop","description":"El nuevo horno de pizza SANTOS O-120 en color negro es el complemento ideal para tu cocina exterior. Con una potencia calor\u00edfica de 4,4KW podr\u00e1s alcanzar","robots":{"index":"index","follow":"follow","max-snippet":"max-snippet:-1","max-image-preview":"max-image-preview:large","max-video-preview":"max-video-preview:-1"},"canonical":"https:\/\/www.erresse-shop.it\/es\/shop\/pequenos-electrodomesticos\/hornos\/santos-horno-de-pizza-o-120\/","og_locale":"es_ES","og_type":"article","og_title":"SANTOS Horno de pizza O-120","og_description":"El nuevo horno de pizza SANTOS O-120 en color negro es el complemento ideal para tu cocina exterior. Con una potencia calor\u00edfica de 4,4KW podr\u00e1s alcanzar","og_url":"https:\/\/www.erresse-shop.it\/es\/shop\/pequenos-electrodomesticos\/hornos\/santos-horno-de-pizza-o-120\/","og_site_name":"Erresse Shop","article_modified_time":"2026-02-23T13:32:36+00:00","og_image":[{"width":1200,"height":1200,"url":"https:\/\/www.erresse-shop.it\/wp-content\/uploads\/2025\/01\/SANTOS-Forno-per-Pizza-O-120.jpg","type":"image\/jpeg"}],"twitter_card":"summary_large_image","schema":{"@context":"https:\/\/schema.org","@graph":[{"@type":"WebPage","@id":"https:\/\/www.erresse-shop.it\/es\/shop\/pequenos-electrodomesticos\/hornos\/santos-horno-de-pizza-o-120\/","url":"https:\/\/www.erresse-shop.it\/es\/shop\/pequenos-electrodomesticos\/hornos\/santos-horno-de-pizza-o-120\/","name":"SANTOS Horno de pizza O-120 - Erresse Shop","isPartOf":{"@id":"https:\/\/www.erresse-shop.it\/es\/#website"},"datePublished":"2025-01-30T08:15:36+00:00","dateModified":"2026-02-23T13:32:36+00:00","description":"El nuevo horno de pizza SANTOS O-120 en color negro es el complemento ideal para tu cocina exterior. Con una potencia calor\u00edfica de 4,4KW podr\u00e1s alcanzar","breadcrumb":{"@id":"https:\/\/www.erresse-shop.it\/es\/shop\/pequenos-electrodomesticos\/hornos\/santos-horno-de-pizza-o-120\/#breadcrumb"},"inLanguage":"es","potentialAction":[{"@type":"ReadAction","target":["https:\/\/www.erresse-shop.it\/es\/shop\/pequenos-electrodomesticos\/hornos\/santos-horno-de-pizza-o-120\/"]}]},{"@type":"BreadcrumbList","@id":"https:\/\/www.erresse-shop.it\/es\/shop\/pequenos-electrodomesticos\/hornos\/santos-horno-de-pizza-o-120\/#breadcrumb","itemListElement":[{"@type":"ListItem","position":1,"name":"Home","item":"https:\/\/www.erresse-shop.it\/es\/"},{"@type":"ListItem","position":2,"name":"Shop","item":"https:\/\/www.erresse-shop.it\/es\/shop\/"},{"@type":"ListItem","position":3,"name":"SANTOS Horno de pizza O-120"}]},{"@type":"WebSite","@id":"https:\/\/www.erresse-shop.it\/es\/#website","url":"https:\/\/www.erresse-shop.it\/es\/","name":"Erresse Shop","description":"Articoli di qualit\u00e0 per la casa","potentialAction":[{"@type":"SearchAction","target":{"@type":"EntryPoint","urlTemplate":"https:\/\/www.erresse-shop.it\/es\/?s={search_term_string}"},"query-input":"required name=search_term_string"}],"inLanguage":"es"}]}},"df_price":199,"df_sale_price":199,"df_regular_price":299,"df_image_link":"https:\/\/www.erresse-shop.it\/wp-content\/uploads\/2025\/01\/SANTOS-Forno-per-Pizza-O-120-300x300.jpg","_links":{"self":[{"href":"https:\/\/www.erresse-shop.it\/es\/wp-json\/wp\/v2\/product\/464542"}],"collection":[{"href":"https:\/\/www.erresse-shop.it\/es\/wp-json\/wp\/v2\/product"}],"about":[{"href":"https:\/\/www.erresse-shop.it\/es\/wp-json\/wp\/v2\/types\/product"}],"wp:featuredmedia":[{"embeddable":true,"href":"https:\/\/www.erresse-shop.it\/es\/wp-json\/wp\/v2\/media\/464878"}],"wp:attachment":[{"href":"https:\/\/www.erresse-shop.it\/es\/wp-json\/wp\/v2\/media?parent=464542"}],"wp:term":[{"taxonomy":"product_cat","embeddable":true,"href":"https:\/\/www.erresse-shop.it\/es\/wp-json\/wp\/v2\/product_cat?post=464542"},{"taxonomy":"product_tag","embeddable":true,"href":"https:\/\/www.erresse-shop.it\/es\/wp-json\/wp\/v2\/product_tag?post=464542"}],"curies":[{"name":"wp","href":"https:\/\/api.w.org\/{rel}","templated":true}]}}