{"id":464398,"date":"2025-01-29T10:51:09","date_gmt":"2025-01-29T10:51:12","guid":{"rendered":"https:\/\/www.erresse-shop.it\/?post_type=product&#038;p=464398"},"modified":"2025-01-29T14:20:24","modified_gmt":"2025-01-29T14:20:24","slug":"staub-cocotte-redonda-twister-la-mer-24-cm-copia","status":"publish","type":"product","link":"https:\/\/www.erresse-shop.it\/es\/shop\/tabla\/teteras-azucareras-jarras-de-leche\/staub-cocotte-redonda-twister-la-mer-24-cm-copia\/","title":{"rendered":"STAUB Tetera redonda azul oscuro"},"content":{"rendered":"<p>A pesar de los avances tecnol\u00f3gicos, los m\u00e9todos tradicionales suelen seguir siendo los mejores. La tetera de hierro fundido Staub retiene el calor y mantiene la temperatura, ideal para t\u00e9 negro, verde o de hierbas. Tiene una tapa con gancho para el infusor y un mango de acero que facilita el vertido. De color azul oscuro, se adapta a cocinas modernas o r\u00fasticas. Tiene una capacidad de 1,15 L y es compatible con todo tipo de fuegos, incluida inducci\u00f3n. Elegante y funcional, es una adici\u00f3n especial a la colecci\u00f3n Staub.<\/p>\n<ul>\n<li>Adecuado para hervir agua y preparar infusiones de t\u00e9<\/li>\n<li>El t\u00e9 se mantiene caliente durante mucho tiempo<\/li>\n<li>El infusor de t\u00e9 se engancha debajo de la perilla<\/li>\n<li>Apto para todo tipo de fuegos, incluida inducci\u00f3n<\/li>\n<li>Tambi\u00e9n es adecuado para servir sopas de forma original<\/li>\n<\/ul>\n<p><strong>Marca<\/strong>: Staub<br \/>\n<strong>Material<\/strong>: Hierro fundido<br \/>\n<strong>Color<\/strong>: Azul oscuro<br \/>\n<strong>Dimensiones<\/strong>: cm 16,6, 12, H 18<br \/>\n<strong>Capacidad<\/strong>: 1,15 L<br \/>\n<strong>Peso<\/strong>: 2,10 kg<\/p>\n","protected":false},"excerpt":{"rendered":"<p>A pesar de los avances tecnol\u00f3gicos, los m\u00e9todos tradicionales suelen seguir siendo los mejores. La tetera de hierro fundido Staub<\/p>\n","protected":false},"featured_media":464428,"template":"","meta":{"_acf_changed":false,"inline_featured_image":false},"product_cat":[16027,16035],"product_tag":[25090,21537,24399,16248,16654,16412],"acf":[],"yoast_head":"<!-- This site is optimized with the Yoast SEO Premium plugin v18.6 (Yoast SEO v19.13) - https:\/\/yoast.com\/wordpress\/plugins\/seo\/ -->\n<title>STAUB Tetera redonda azul oscuro - Erresse Shop<\/title>\n<meta name=\"description\" content=\"A pesar de los avances tecnol\u00f3gicos, los m\u00e9todos tradicionales suelen seguir siendo los mejores. La tetera de hierro fundido Staub retiene el calor y\" \/>\n<meta name=\"robots\" content=\"index, follow, max-snippet:-1, max-image-preview:large, max-video-preview:-1\" \/>\n<link rel=\"canonical\" href=\"https:\/\/www.erresse-shop.it\/es\/shop\/tabla\/teteras-azucareras-jarras-de-leche\/staub-cocotte-redonda-twister-la-mer-24-cm-copia\/\" \/>\n<meta property=\"og:locale\" content=\"es_ES\" \/>\n<meta property=\"og:type\" content=\"article\" \/>\n<meta property=\"og:title\" content=\"STAUB Tetera redonda azul oscuro\" \/>\n<meta property=\"og:description\" content=\"A pesar de los avances tecnol\u00f3gicos, los m\u00e9todos tradicionales suelen seguir siendo los mejores. La tetera de hierro fundido Staub retiene el calor y\" \/>\n<meta property=\"og:url\" content=\"https:\/\/www.erresse-shop.it\/es\/shop\/tabla\/teteras-azucareras-jarras-de-leche\/staub-cocotte-redonda-twister-la-mer-24-cm-copia\/\" \/>\n<meta property=\"og:site_name\" content=\"Erresse Shop\" \/>\n<meta property=\"article:modified_time\" content=\"2025-01-29T14:20:24+00:00\" \/>\n<meta property=\"og:image\" content=\"https:\/\/www.erresse-shop.it\/wp-content\/uploads\/2025\/01\/STAUB-Teiera-Tonda-Blue-Scuro.jpg\" \/>\n\t<meta property=\"og:image:width\" content=\"1200\" \/>\n\t<meta property=\"og:image:height\" content=\"1200\" \/>\n\t<meta property=\"og:image:type\" content=\"image\/jpeg\" \/>\n<meta name=\"twitter:card\" content=\"summary_large_image\" \/>\n<script type=\"application\/ld+json\" class=\"yoast-schema-graph\">{\"@context\":\"https:\/\/schema.org\",\"@graph\":[{\"@type\":\"WebPage\",\"@id\":\"https:\/\/www.erresse-shop.it\/es\/shop\/tabla\/teteras-azucareras-jarras-de-leche\/staub-cocotte-redonda-twister-la-mer-24-cm-copia\/\",\"url\":\"https:\/\/www.erresse-shop.it\/es\/shop\/tabla\/teteras-azucareras-jarras-de-leche\/staub-cocotte-redonda-twister-la-mer-24-cm-copia\/\",\"name\":\"STAUB Tetera redonda azul oscuro - Erresse Shop\",\"isPartOf\":{\"@id\":\"https:\/\/www.erresse-shop.it\/es\/#website\"},\"datePublished\":\"2025-01-29T10:51:12+00:00\",\"dateModified\":\"2025-01-29T14:20:24+00:00\",\"description\":\"A pesar de los avances tecnol\u00f3gicos, los m\u00e9todos tradicionales suelen seguir siendo los mejores. La tetera de hierro fundido Staub retiene el calor y\",\"breadcrumb\":{\"@id\":\"https:\/\/www.erresse-shop.it\/es\/shop\/tabla\/teteras-azucareras-jarras-de-leche\/staub-cocotte-redonda-twister-la-mer-24-cm-copia\/#breadcrumb\"},\"inLanguage\":\"es\",\"potentialAction\":[{\"@type\":\"ReadAction\",\"target\":[\"https:\/\/www.erresse-shop.it\/es\/shop\/tabla\/teteras-azucareras-jarras-de-leche\/staub-cocotte-redonda-twister-la-mer-24-cm-copia\/\"]}]},{\"@type\":\"BreadcrumbList\",\"@id\":\"https:\/\/www.erresse-shop.it\/es\/shop\/tabla\/teteras-azucareras-jarras-de-leche\/staub-cocotte-redonda-twister-la-mer-24-cm-copia\/#breadcrumb\",\"itemListElement\":[{\"@type\":\"ListItem\",\"position\":1,\"name\":\"Home\",\"item\":\"https:\/\/www.erresse-shop.it\/es\/\"},{\"@type\":\"ListItem\",\"position\":2,\"name\":\"Shop\",\"item\":\"https:\/\/www.erresse-shop.it\/es\/shop\/\"},{\"@type\":\"ListItem\",\"position\":3,\"name\":\"STAUB Tetera redonda azul oscuro\"}]},{\"@type\":\"WebSite\",\"@id\":\"https:\/\/www.erresse-shop.it\/es\/#website\",\"url\":\"https:\/\/www.erresse-shop.it\/es\/\",\"name\":\"Erresse Shop\",\"description\":\"Articoli di qualit\u00e0 per la casa\",\"potentialAction\":[{\"@type\":\"SearchAction\",\"target\":{\"@type\":\"EntryPoint\",\"urlTemplate\":\"https:\/\/www.erresse-shop.it\/es\/?s={search_term_string}\"},\"query-input\":\"required name=search_term_string\"}],\"inLanguage\":\"es\"}]}<\/script>\n<!-- \/ Yoast SEO Premium plugin. -->","yoast_head_json":{"title":"STAUB Tetera redonda azul oscuro - Erresse Shop","description":"A pesar de los avances tecnol\u00f3gicos, los m\u00e9todos tradicionales suelen seguir siendo los mejores. La tetera de hierro fundido Staub retiene el calor y","robots":{"index":"index","follow":"follow","max-snippet":"max-snippet:-1","max-image-preview":"max-image-preview:large","max-video-preview":"max-video-preview:-1"},"canonical":"https:\/\/www.erresse-shop.it\/es\/shop\/tabla\/teteras-azucareras-jarras-de-leche\/staub-cocotte-redonda-twister-la-mer-24-cm-copia\/","og_locale":"es_ES","og_type":"article","og_title":"STAUB Tetera redonda azul oscuro","og_description":"A pesar de los avances tecnol\u00f3gicos, los m\u00e9todos tradicionales suelen seguir siendo los mejores. La tetera de hierro fundido Staub retiene el calor y","og_url":"https:\/\/www.erresse-shop.it\/es\/shop\/tabla\/teteras-azucareras-jarras-de-leche\/staub-cocotte-redonda-twister-la-mer-24-cm-copia\/","og_site_name":"Erresse Shop","article_modified_time":"2025-01-29T14:20:24+00:00","og_image":[{"width":1200,"height":1200,"url":"https:\/\/www.erresse-shop.it\/wp-content\/uploads\/2025\/01\/STAUB-Teiera-Tonda-Blue-Scuro.jpg","type":"image\/jpeg"}],"twitter_card":"summary_large_image","schema":{"@context":"https:\/\/schema.org","@graph":[{"@type":"WebPage","@id":"https:\/\/www.erresse-shop.it\/es\/shop\/tabla\/teteras-azucareras-jarras-de-leche\/staub-cocotte-redonda-twister-la-mer-24-cm-copia\/","url":"https:\/\/www.erresse-shop.it\/es\/shop\/tabla\/teteras-azucareras-jarras-de-leche\/staub-cocotte-redonda-twister-la-mer-24-cm-copia\/","name":"STAUB Tetera redonda azul oscuro - Erresse Shop","isPartOf":{"@id":"https:\/\/www.erresse-shop.it\/es\/#website"},"datePublished":"2025-01-29T10:51:12+00:00","dateModified":"2025-01-29T14:20:24+00:00","description":"A pesar de los avances tecnol\u00f3gicos, los m\u00e9todos tradicionales suelen seguir siendo los mejores. La tetera de hierro fundido Staub retiene el calor y","breadcrumb":{"@id":"https:\/\/www.erresse-shop.it\/es\/shop\/tabla\/teteras-azucareras-jarras-de-leche\/staub-cocotte-redonda-twister-la-mer-24-cm-copia\/#breadcrumb"},"inLanguage":"es","potentialAction":[{"@type":"ReadAction","target":["https:\/\/www.erresse-shop.it\/es\/shop\/tabla\/teteras-azucareras-jarras-de-leche\/staub-cocotte-redonda-twister-la-mer-24-cm-copia\/"]}]},{"@type":"BreadcrumbList","@id":"https:\/\/www.erresse-shop.it\/es\/shop\/tabla\/teteras-azucareras-jarras-de-leche\/staub-cocotte-redonda-twister-la-mer-24-cm-copia\/#breadcrumb","itemListElement":[{"@type":"ListItem","position":1,"name":"Home","item":"https:\/\/www.erresse-shop.it\/es\/"},{"@type":"ListItem","position":2,"name":"Shop","item":"https:\/\/www.erresse-shop.it\/es\/shop\/"},{"@type":"ListItem","position":3,"name":"STAUB Tetera redonda azul oscuro"}]},{"@type":"WebSite","@id":"https:\/\/www.erresse-shop.it\/es\/#website","url":"https:\/\/www.erresse-shop.it\/es\/","name":"Erresse Shop","description":"Articoli di qualit\u00e0 per la casa","potentialAction":[{"@type":"SearchAction","target":{"@type":"EntryPoint","urlTemplate":"https:\/\/www.erresse-shop.it\/es\/?s={search_term_string}"},"query-input":"required name=search_term_string"}],"inLanguage":"es"}]}},"df_price":109.5,"df_sale_price":109.5,"df_regular_price":219,"df_image_link":"https:\/\/www.erresse-shop.it\/wp-content\/uploads\/2025\/01\/STAUB-Teiera-Tonda-Blue-Scuro-300x300.jpg","_links":{"self":[{"href":"https:\/\/www.erresse-shop.it\/es\/wp-json\/wp\/v2\/product\/464398"}],"collection":[{"href":"https:\/\/www.erresse-shop.it\/es\/wp-json\/wp\/v2\/product"}],"about":[{"href":"https:\/\/www.erresse-shop.it\/es\/wp-json\/wp\/v2\/types\/product"}],"wp:featuredmedia":[{"embeddable":true,"href":"https:\/\/www.erresse-shop.it\/es\/wp-json\/wp\/v2\/media\/464428"}],"wp:attachment":[{"href":"https:\/\/www.erresse-shop.it\/es\/wp-json\/wp\/v2\/media?parent=464398"}],"wp:term":[{"taxonomy":"product_cat","embeddable":true,"href":"https:\/\/www.erresse-shop.it\/es\/wp-json\/wp\/v2\/product_cat?post=464398"},{"taxonomy":"product_tag","embeddable":true,"href":"https:\/\/www.erresse-shop.it\/es\/wp-json\/wp\/v2\/product_tag?post=464398"}],"curies":[{"name":"wp","href":"https:\/\/api.w.org\/{rel}","templated":true}]}}