{"id":464347,"date":"2025-01-29T08:20:07","date_gmt":"2025-01-29T08:20:12","guid":{"rendered":"https:\/\/www.erresse-shop.it\/?post_type=product&#038;p=464347"},"modified":"2025-01-29T08:48:02","modified_gmt":"2025-01-29T08:48:02","slug":"g3-ferrari-napoletana-negro-copia","status":"publish","type":"product","link":"https:\/\/www.erresse-shop.it\/es\/shop\/pequenos-electrodomesticos\/hornos\/g3-ferrari-napoletana-negro-copia\/","title":{"rendered":"G3 FERRARI Horno de pizza Pummarola"},"content":{"rendered":"<p>Con el horno de pizza Pummarola, la perfecci\u00f3n de la pizza est\u00e1 a tu alcance.<\/p>\n<p>La combinaci\u00f3n de alta temperatura (hasta 420 \u00b0C) y piedra refractaria garantiza una cocci\u00f3n r\u00e1pida y uniforme, y con los dos elementos calefactores operables por separado tienes control total sobre la cocci\u00f3n de la pizza, para obtener siempre una base fragante y una textura bien Pizza cocida: \u00a1hornea una pizza napolitana perfecta en solo 4 minutos!<\/p>\n<p>Adem\u00e1s de la piedra refractaria extra\u00edble y reversible, se incluyen el recetario y las paletas para hornear de acero inoxidable.<\/p>\n<p>Pummarola es completamente el\u00e9ctrico para cocinar pizzas en casa tan buenas como en una pizzer\u00eda, y adem\u00e1s es el mejor en t\u00e9rminos de seguridad: sus paredes est\u00e1n siempre fr\u00edas incluso cuando se utiliza a la m\u00e1xima temperatura.<\/p>\n<p><strong>Especificaciones t\u00e9cnicas<\/strong><\/p>\n<ul>\n<li>Termostato regulable hasta 420\u00b0C<\/li>\n<li>2 resistencias conmutables por separado<\/li>\n<li>Piedra refractaria reversible (\u00d831cm)<\/li>\n<li>Piedra extra\u00edble para pir\u00f3lisis y limpieza<\/li>\n<li>Term\u00f3metro y 2 l\u00e1mparas de operaci\u00f3n<\/li>\n<li>Paredes fr\u00edas<\/li>\n<li>Parte superior del cuerpo con cierre suave<\/li>\n<li>Tapa reflectante de acero inoxidable<\/li>\n<li>Accesorios: esp\u00e1tulas de acero inoxidable \u00d828cm, piedra, libro de recetas<\/li>\n<li>Fuente de alimentaci\u00f3n: CA 220-240 V ~ 50-60 Hz<\/li>\n<li>Potencia: 1200 W<\/li>\n<li>Dimensiones (L x A x P): 33 x 20 x 39 cm<\/li>\n<li>Peso: 5,2 Kg<\/li>\n<\/ul>\n<p><strong>NO SE VENDE FUERA DE EUROPA<\/strong><\/p>\n","protected":false},"excerpt":{"rendered":"<p>Con el horno de pizza Pummarola, la perfecci\u00f3n de la pizza est\u00e1 a tu alcance. La combinaci\u00f3n de alta temperatura<\/p>\n","protected":false},"featured_media":464383,"template":"","meta":{"_acf_changed":false,"inline_featured_image":false},"product_cat":[16079,16073],"product_tag":[23692,23099,23098,22090,16138,16169,18045],"acf":[],"yoast_head":"<!-- This site is optimized with the Yoast SEO Premium plugin v18.6 (Yoast SEO v19.13) - https:\/\/yoast.com\/wordpress\/plugins\/seo\/ -->\n<title>G3 FERRARI Horno de pizza Pummarola - Erresse Shop<\/title>\n<meta name=\"description\" content=\"Con el horno de pizza Pummarola, la perfecci\u00f3n de la pizza est\u00e1 a tu alcance. La combinaci\u00f3n de alta temperatura (hasta 420 \u00b0C) y piedra refractaria\" \/>\n<meta name=\"robots\" content=\"index, follow, max-snippet:-1, max-image-preview:large, max-video-preview:-1\" \/>\n<link rel=\"canonical\" href=\"https:\/\/www.erresse-shop.it\/es\/shop\/pequenos-electrodomesticos\/hornos\/g3-ferrari-napoletana-negro-copia\/\" \/>\n<meta property=\"og:locale\" content=\"es_ES\" \/>\n<meta property=\"og:type\" content=\"article\" \/>\n<meta property=\"og:title\" content=\"G3 FERRARI Horno de pizza Pummarola\" \/>\n<meta property=\"og:description\" content=\"Con el horno de pizza Pummarola, la perfecci\u00f3n de la pizza est\u00e1 a tu alcance. La combinaci\u00f3n de alta temperatura (hasta 420 \u00b0C) y piedra refractaria\" \/>\n<meta property=\"og:url\" content=\"https:\/\/www.erresse-shop.it\/es\/shop\/pequenos-electrodomesticos\/hornos\/g3-ferrari-napoletana-negro-copia\/\" \/>\n<meta property=\"og:site_name\" content=\"Erresse Shop\" \/>\n<meta property=\"article:modified_time\" content=\"2025-01-29T08:48:02+00:00\" \/>\n<meta property=\"og:image\" content=\"https:\/\/www.erresse-shop.it\/wp-content\/uploads\/2025\/01\/G3-FERRARI-Forno-Pizza-Pummarola.jpg\" \/>\n\t<meta property=\"og:image:width\" content=\"1200\" \/>\n\t<meta property=\"og:image:height\" content=\"1200\" \/>\n\t<meta property=\"og:image:type\" content=\"image\/jpeg\" \/>\n<meta name=\"twitter:card\" content=\"summary_large_image\" \/>\n<script type=\"application\/ld+json\" class=\"yoast-schema-graph\">{\"@context\":\"https:\/\/schema.org\",\"@graph\":[{\"@type\":\"WebPage\",\"@id\":\"https:\/\/www.erresse-shop.it\/es\/shop\/pequenos-electrodomesticos\/hornos\/g3-ferrari-napoletana-negro-copia\/\",\"url\":\"https:\/\/www.erresse-shop.it\/es\/shop\/pequenos-electrodomesticos\/hornos\/g3-ferrari-napoletana-negro-copia\/\",\"name\":\"G3 FERRARI Horno de pizza Pummarola - Erresse Shop\",\"isPartOf\":{\"@id\":\"https:\/\/www.erresse-shop.it\/es\/#website\"},\"datePublished\":\"2025-01-29T08:20:12+00:00\",\"dateModified\":\"2025-01-29T08:48:02+00:00\",\"description\":\"Con el horno de pizza Pummarola, la perfecci\u00f3n de la pizza est\u00e1 a tu alcance. La combinaci\u00f3n de alta temperatura (hasta 420 \u00b0C) y piedra refractaria\",\"breadcrumb\":{\"@id\":\"https:\/\/www.erresse-shop.it\/es\/shop\/pequenos-electrodomesticos\/hornos\/g3-ferrari-napoletana-negro-copia\/#breadcrumb\"},\"inLanguage\":\"es\",\"potentialAction\":[{\"@type\":\"ReadAction\",\"target\":[\"https:\/\/www.erresse-shop.it\/es\/shop\/pequenos-electrodomesticos\/hornos\/g3-ferrari-napoletana-negro-copia\/\"]}]},{\"@type\":\"BreadcrumbList\",\"@id\":\"https:\/\/www.erresse-shop.it\/es\/shop\/pequenos-electrodomesticos\/hornos\/g3-ferrari-napoletana-negro-copia\/#breadcrumb\",\"itemListElement\":[{\"@type\":\"ListItem\",\"position\":1,\"name\":\"Home\",\"item\":\"https:\/\/www.erresse-shop.it\/es\/\"},{\"@type\":\"ListItem\",\"position\":2,\"name\":\"Shop\",\"item\":\"https:\/\/www.erresse-shop.it\/es\/shop\/\"},{\"@type\":\"ListItem\",\"position\":3,\"name\":\"G3 FERRARI Horno de pizza Pummarola\"}]},{\"@type\":\"WebSite\",\"@id\":\"https:\/\/www.erresse-shop.it\/es\/#website\",\"url\":\"https:\/\/www.erresse-shop.it\/es\/\",\"name\":\"Erresse Shop\",\"description\":\"Articoli di qualit\u00e0 per la casa\",\"potentialAction\":[{\"@type\":\"SearchAction\",\"target\":{\"@type\":\"EntryPoint\",\"urlTemplate\":\"https:\/\/www.erresse-shop.it\/es\/?s={search_term_string}\"},\"query-input\":\"required name=search_term_string\"}],\"inLanguage\":\"es\"}]}<\/script>\n<!-- \/ Yoast SEO Premium plugin. -->","yoast_head_json":{"title":"G3 FERRARI Horno de pizza Pummarola - Erresse Shop","description":"Con el horno de pizza Pummarola, la perfecci\u00f3n de la pizza est\u00e1 a tu alcance. La combinaci\u00f3n de alta temperatura (hasta 420 \u00b0C) y piedra refractaria","robots":{"index":"index","follow":"follow","max-snippet":"max-snippet:-1","max-image-preview":"max-image-preview:large","max-video-preview":"max-video-preview:-1"},"canonical":"https:\/\/www.erresse-shop.it\/es\/shop\/pequenos-electrodomesticos\/hornos\/g3-ferrari-napoletana-negro-copia\/","og_locale":"es_ES","og_type":"article","og_title":"G3 FERRARI Horno de pizza Pummarola","og_description":"Con el horno de pizza Pummarola, la perfecci\u00f3n de la pizza est\u00e1 a tu alcance. La combinaci\u00f3n de alta temperatura (hasta 420 \u00b0C) y piedra refractaria","og_url":"https:\/\/www.erresse-shop.it\/es\/shop\/pequenos-electrodomesticos\/hornos\/g3-ferrari-napoletana-negro-copia\/","og_site_name":"Erresse Shop","article_modified_time":"2025-01-29T08:48:02+00:00","og_image":[{"width":1200,"height":1200,"url":"https:\/\/www.erresse-shop.it\/wp-content\/uploads\/2025\/01\/G3-FERRARI-Forno-Pizza-Pummarola.jpg","type":"image\/jpeg"}],"twitter_card":"summary_large_image","schema":{"@context":"https:\/\/schema.org","@graph":[{"@type":"WebPage","@id":"https:\/\/www.erresse-shop.it\/es\/shop\/pequenos-electrodomesticos\/hornos\/g3-ferrari-napoletana-negro-copia\/","url":"https:\/\/www.erresse-shop.it\/es\/shop\/pequenos-electrodomesticos\/hornos\/g3-ferrari-napoletana-negro-copia\/","name":"G3 FERRARI Horno de pizza Pummarola - Erresse Shop","isPartOf":{"@id":"https:\/\/www.erresse-shop.it\/es\/#website"},"datePublished":"2025-01-29T08:20:12+00:00","dateModified":"2025-01-29T08:48:02+00:00","description":"Con el horno de pizza Pummarola, la perfecci\u00f3n de la pizza est\u00e1 a tu alcance. La combinaci\u00f3n de alta temperatura (hasta 420 \u00b0C) y piedra refractaria","breadcrumb":{"@id":"https:\/\/www.erresse-shop.it\/es\/shop\/pequenos-electrodomesticos\/hornos\/g3-ferrari-napoletana-negro-copia\/#breadcrumb"},"inLanguage":"es","potentialAction":[{"@type":"ReadAction","target":["https:\/\/www.erresse-shop.it\/es\/shop\/pequenos-electrodomesticos\/hornos\/g3-ferrari-napoletana-negro-copia\/"]}]},{"@type":"BreadcrumbList","@id":"https:\/\/www.erresse-shop.it\/es\/shop\/pequenos-electrodomesticos\/hornos\/g3-ferrari-napoletana-negro-copia\/#breadcrumb","itemListElement":[{"@type":"ListItem","position":1,"name":"Home","item":"https:\/\/www.erresse-shop.it\/es\/"},{"@type":"ListItem","position":2,"name":"Shop","item":"https:\/\/www.erresse-shop.it\/es\/shop\/"},{"@type":"ListItem","position":3,"name":"G3 FERRARI Horno de pizza Pummarola"}]},{"@type":"WebSite","@id":"https:\/\/www.erresse-shop.it\/es\/#website","url":"https:\/\/www.erresse-shop.it\/es\/","name":"Erresse Shop","description":"Articoli di qualit\u00e0 per la casa","potentialAction":[{"@type":"SearchAction","target":{"@type":"EntryPoint","urlTemplate":"https:\/\/www.erresse-shop.it\/es\/?s={search_term_string}"},"query-input":"required name=search_term_string"}],"inLanguage":"es"}]}},"df_price":129,"df_sale_price":129,"df_regular_price":129,"df_image_link":"https:\/\/www.erresse-shop.it\/wp-content\/uploads\/2025\/01\/G3-FERRARI-Forno-Pizza-Pummarola-300x300.jpg","_links":{"self":[{"href":"https:\/\/www.erresse-shop.it\/es\/wp-json\/wp\/v2\/product\/464347"}],"collection":[{"href":"https:\/\/www.erresse-shop.it\/es\/wp-json\/wp\/v2\/product"}],"about":[{"href":"https:\/\/www.erresse-shop.it\/es\/wp-json\/wp\/v2\/types\/product"}],"wp:featuredmedia":[{"embeddable":true,"href":"https:\/\/www.erresse-shop.it\/es\/wp-json\/wp\/v2\/media\/464383"}],"wp:attachment":[{"href":"https:\/\/www.erresse-shop.it\/es\/wp-json\/wp\/v2\/media?parent=464347"}],"wp:term":[{"taxonomy":"product_cat","embeddable":true,"href":"https:\/\/www.erresse-shop.it\/es\/wp-json\/wp\/v2\/product_cat?post=464347"},{"taxonomy":"product_tag","embeddable":true,"href":"https:\/\/www.erresse-shop.it\/es\/wp-json\/wp\/v2\/product_tag?post=464347"}],"curies":[{"name":"wp","href":"https:\/\/api.w.org\/{rel}","templated":true}]}}