{"id":464248,"date":"2025-01-29T07:08:24","date_gmt":"2025-01-29T07:08:27","guid":{"rendered":"https:\/\/www.erresse-shop.it\/?post_type=product&#038;p=464248"},"modified":"2026-01-29T10:32:16","modified_gmt":"2026-01-29T10:32:16","slug":"seletti-jarron-love-in-bloom-gran-oro-copia","status":"publish","type":"product","link":"https:\/\/www.erresse-shop.it\/es\/shop\/mobiliario\/jarrones\/seletti-jarron-love-in-bloom-gran-oro-copia\/","title":{"rendered":"SELETTI Jarr\u00f3n Holy Love in Bloom"},"content":{"rendered":"<p>Holy Love in Bloom: El Eterno Latido de la Belleza<\/p>\n<p>Una obra de arte que captura la esencia misma de la vida. Este coraz\u00f3n de porcelana es m\u00e1s que un simple jarr\u00f3n, un himno al amor que florece en las venas de un dise\u00f1o audaz, donde cada p\u00e9talo se convierte en un latido y cada latido en una emoci\u00f3n eterna.<\/p>\n<p>Ic\u00f3nico y riguroso. La porcelana blanca se une a la precisi\u00f3n anat\u00f3mica en un mueble que redefine el espacio contempor\u00e1neo. La excelencia del dise\u00f1o Seletti encapsulada en una forma pura, esencial e impactante.<\/p>\n<p>\u00bfBuscas el regalo perfecto o una pieza \u00fanica para tu colecci\u00f3n? El jarr\u00f3n Love in Bloom es el objeto de deseo para quienes aman destacar. Combina audacia y lujo en un accesorio de decoraci\u00f3n que cautiva todas las miradas, aportando un estilo inimitable a tu hogar.<\/p>\n<p>\u00bfQuieres que tu hogar sea realmente especial? Holy Love in Bloom es el accesorio de dise\u00f1o que le faltaba a tu decoraci\u00f3n. Mucho m\u00e1s que un simple jarr\u00f3n, es una declaraci\u00f3n de estilo que realza cualquier estancia. \u00a1No te lo pierdas: celebra el amor y dale personalidad a tus espacios!<\/p>\n<p>Jarr\u00f3n Holy Love in Bloom de SELETTI, dise\u00f1ado por Marcantonio Malerba. Este jarr\u00f3n es un icono del dise\u00f1o contempor\u00e1neo, reinterpretado con detalles que evocan la tradici\u00f3n del Sagrado Coraz\u00f3n.<\/p>\n<p><strong>Jarr\u00f3n<\/strong><\/p>\n<ul>\n<li><strong>Material:<\/strong> Porcelana<\/li>\n<li><strong>Dimensiones:<\/strong> 18,4 x 8,5 x Alto 33,9 cm<\/li>\n<\/ul>\n","protected":false},"excerpt":{"rendered":"<p>Holy Love in Bloom: El Eterno Latido de la Belleza Una obra de arte que captura la esencia misma de<\/p>\n","protected":false},"featured_media":464281,"template":"","meta":{"_acf_changed":false,"inline_featured_image":false},"product_cat":[16024,16016],"product_tag":[16255,16122,17941,24302],"acf":[],"yoast_head":"<!-- This site is optimized with the Yoast SEO Premium plugin v18.6 (Yoast SEO v19.13) - https:\/\/yoast.com\/wordpress\/plugins\/seo\/ -->\n<title>SELETTI Jarr\u00f3n Holy Love in Bloom - Erresse Shop<\/title>\n<meta name=\"description\" content=\"Holy Love in Bloom: El Eterno Latido de la Belleza Una obra de arte que captura la esencia misma de la vida. Este coraz\u00f3n de porcelana es m\u00e1s que un\" \/>\n<meta name=\"robots\" content=\"index, follow, max-snippet:-1, max-image-preview:large, max-video-preview:-1\" \/>\n<link rel=\"canonical\" href=\"https:\/\/www.erresse-shop.it\/es\/shop\/mobiliario\/jarrones\/seletti-jarron-love-in-bloom-gran-oro-copia\/\" \/>\n<meta property=\"og:locale\" content=\"es_ES\" \/>\n<meta property=\"og:type\" content=\"article\" \/>\n<meta property=\"og:title\" content=\"SELETTI Jarr\u00f3n Holy Love in Bloom\" \/>\n<meta property=\"og:description\" content=\"Holy Love in Bloom: El Eterno Latido de la Belleza Una obra de arte que captura la esencia misma de la vida. Este coraz\u00f3n de porcelana es m\u00e1s que un\" \/>\n<meta property=\"og:url\" content=\"https:\/\/www.erresse-shop.it\/es\/shop\/mobiliario\/jarrones\/seletti-jarron-love-in-bloom-gran-oro-copia\/\" \/>\n<meta property=\"og:site_name\" content=\"Erresse Shop\" \/>\n<meta property=\"article:modified_time\" content=\"2026-01-29T10:32:16+00:00\" \/>\n<meta property=\"og:image\" content=\"https:\/\/www.erresse-shop.it\/wp-content\/uploads\/2025\/01\/SELETTI-Vaso-Holy-Love-in-Bloom.jpg\" \/>\n\t<meta property=\"og:image:width\" content=\"1200\" \/>\n\t<meta property=\"og:image:height\" content=\"1200\" \/>\n\t<meta property=\"og:image:type\" content=\"image\/jpeg\" \/>\n<meta name=\"twitter:card\" content=\"summary_large_image\" \/>\n<script type=\"application\/ld+json\" class=\"yoast-schema-graph\">{\"@context\":\"https:\/\/schema.org\",\"@graph\":[{\"@type\":\"WebPage\",\"@id\":\"https:\/\/www.erresse-shop.it\/es\/shop\/mobiliario\/jarrones\/seletti-jarron-love-in-bloom-gran-oro-copia\/\",\"url\":\"https:\/\/www.erresse-shop.it\/es\/shop\/mobiliario\/jarrones\/seletti-jarron-love-in-bloom-gran-oro-copia\/\",\"name\":\"SELETTI Jarr\u00f3n Holy Love in Bloom - Erresse Shop\",\"isPartOf\":{\"@id\":\"https:\/\/www.erresse-shop.it\/es\/#website\"},\"datePublished\":\"2025-01-29T07:08:27+00:00\",\"dateModified\":\"2026-01-29T10:32:16+00:00\",\"description\":\"Holy Love in Bloom: El Eterno Latido de la Belleza Una obra de arte que captura la esencia misma de la vida. Este coraz\u00f3n de porcelana es m\u00e1s que un\",\"breadcrumb\":{\"@id\":\"https:\/\/www.erresse-shop.it\/es\/shop\/mobiliario\/jarrones\/seletti-jarron-love-in-bloom-gran-oro-copia\/#breadcrumb\"},\"inLanguage\":\"es\",\"potentialAction\":[{\"@type\":\"ReadAction\",\"target\":[\"https:\/\/www.erresse-shop.it\/es\/shop\/mobiliario\/jarrones\/seletti-jarron-love-in-bloom-gran-oro-copia\/\"]}]},{\"@type\":\"BreadcrumbList\",\"@id\":\"https:\/\/www.erresse-shop.it\/es\/shop\/mobiliario\/jarrones\/seletti-jarron-love-in-bloom-gran-oro-copia\/#breadcrumb\",\"itemListElement\":[{\"@type\":\"ListItem\",\"position\":1,\"name\":\"Home\",\"item\":\"https:\/\/www.erresse-shop.it\/es\/\"},{\"@type\":\"ListItem\",\"position\":2,\"name\":\"Shop\",\"item\":\"https:\/\/www.erresse-shop.it\/es\/shop\/\"},{\"@type\":\"ListItem\",\"position\":3,\"name\":\"SELETTI Jarr\u00f3n Holy Love in Bloom\"}]},{\"@type\":\"WebSite\",\"@id\":\"https:\/\/www.erresse-shop.it\/es\/#website\",\"url\":\"https:\/\/www.erresse-shop.it\/es\/\",\"name\":\"Erresse Shop\",\"description\":\"Articoli di qualit\u00e0 per la casa\",\"potentialAction\":[{\"@type\":\"SearchAction\",\"target\":{\"@type\":\"EntryPoint\",\"urlTemplate\":\"https:\/\/www.erresse-shop.it\/es\/?s={search_term_string}\"},\"query-input\":\"required name=search_term_string\"}],\"inLanguage\":\"es\"}]}<\/script>\n<!-- \/ Yoast SEO Premium plugin. -->","yoast_head_json":{"title":"SELETTI Jarr\u00f3n Holy Love in Bloom - Erresse Shop","description":"Holy Love in Bloom: El Eterno Latido de la Belleza Una obra de arte que captura la esencia misma de la vida. Este coraz\u00f3n de porcelana es m\u00e1s que un","robots":{"index":"index","follow":"follow","max-snippet":"max-snippet:-1","max-image-preview":"max-image-preview:large","max-video-preview":"max-video-preview:-1"},"canonical":"https:\/\/www.erresse-shop.it\/es\/shop\/mobiliario\/jarrones\/seletti-jarron-love-in-bloom-gran-oro-copia\/","og_locale":"es_ES","og_type":"article","og_title":"SELETTI Jarr\u00f3n Holy Love in Bloom","og_description":"Holy Love in Bloom: El Eterno Latido de la Belleza Una obra de arte que captura la esencia misma de la vida. Este coraz\u00f3n de porcelana es m\u00e1s que un","og_url":"https:\/\/www.erresse-shop.it\/es\/shop\/mobiliario\/jarrones\/seletti-jarron-love-in-bloom-gran-oro-copia\/","og_site_name":"Erresse Shop","article_modified_time":"2026-01-29T10:32:16+00:00","og_image":[{"width":1200,"height":1200,"url":"https:\/\/www.erresse-shop.it\/wp-content\/uploads\/2025\/01\/SELETTI-Vaso-Holy-Love-in-Bloom.jpg","type":"image\/jpeg"}],"twitter_card":"summary_large_image","schema":{"@context":"https:\/\/schema.org","@graph":[{"@type":"WebPage","@id":"https:\/\/www.erresse-shop.it\/es\/shop\/mobiliario\/jarrones\/seletti-jarron-love-in-bloom-gran-oro-copia\/","url":"https:\/\/www.erresse-shop.it\/es\/shop\/mobiliario\/jarrones\/seletti-jarron-love-in-bloom-gran-oro-copia\/","name":"SELETTI Jarr\u00f3n Holy Love in Bloom - Erresse Shop","isPartOf":{"@id":"https:\/\/www.erresse-shop.it\/es\/#website"},"datePublished":"2025-01-29T07:08:27+00:00","dateModified":"2026-01-29T10:32:16+00:00","description":"Holy Love in Bloom: El Eterno Latido de la Belleza Una obra de arte que captura la esencia misma de la vida. Este coraz\u00f3n de porcelana es m\u00e1s que un","breadcrumb":{"@id":"https:\/\/www.erresse-shop.it\/es\/shop\/mobiliario\/jarrones\/seletti-jarron-love-in-bloom-gran-oro-copia\/#breadcrumb"},"inLanguage":"es","potentialAction":[{"@type":"ReadAction","target":["https:\/\/www.erresse-shop.it\/es\/shop\/mobiliario\/jarrones\/seletti-jarron-love-in-bloom-gran-oro-copia\/"]}]},{"@type":"BreadcrumbList","@id":"https:\/\/www.erresse-shop.it\/es\/shop\/mobiliario\/jarrones\/seletti-jarron-love-in-bloom-gran-oro-copia\/#breadcrumb","itemListElement":[{"@type":"ListItem","position":1,"name":"Home","item":"https:\/\/www.erresse-shop.it\/es\/"},{"@type":"ListItem","position":2,"name":"Shop","item":"https:\/\/www.erresse-shop.it\/es\/shop\/"},{"@type":"ListItem","position":3,"name":"SELETTI Jarr\u00f3n Holy Love in Bloom"}]},{"@type":"WebSite","@id":"https:\/\/www.erresse-shop.it\/es\/#website","url":"https:\/\/www.erresse-shop.it\/es\/","name":"Erresse Shop","description":"Articoli di qualit\u00e0 per la casa","potentialAction":[{"@type":"SearchAction","target":{"@type":"EntryPoint","urlTemplate":"https:\/\/www.erresse-shop.it\/es\/?s={search_term_string}"},"query-input":"required name=search_term_string"}],"inLanguage":"es"}]}},"df_price":59,"df_sale_price":59,"df_regular_price":119,"df_image_link":"https:\/\/www.erresse-shop.it\/wp-content\/uploads\/2025\/01\/SELETTI-Vaso-Holy-Love-in-Bloom-300x300.jpg","_links":{"self":[{"href":"https:\/\/www.erresse-shop.it\/es\/wp-json\/wp\/v2\/product\/464248"}],"collection":[{"href":"https:\/\/www.erresse-shop.it\/es\/wp-json\/wp\/v2\/product"}],"about":[{"href":"https:\/\/www.erresse-shop.it\/es\/wp-json\/wp\/v2\/types\/product"}],"wp:featuredmedia":[{"embeddable":true,"href":"https:\/\/www.erresse-shop.it\/es\/wp-json\/wp\/v2\/media\/464281"}],"wp:attachment":[{"href":"https:\/\/www.erresse-shop.it\/es\/wp-json\/wp\/v2\/media?parent=464248"}],"wp:term":[{"taxonomy":"product_cat","embeddable":true,"href":"https:\/\/www.erresse-shop.it\/es\/wp-json\/wp\/v2\/product_cat?post=464248"},{"taxonomy":"product_tag","embeddable":true,"href":"https:\/\/www.erresse-shop.it\/es\/wp-json\/wp\/v2\/product_tag?post=464248"}],"curies":[{"name":"wp","href":"https:\/\/api.w.org\/{rel}","templated":true}]}}