{"id":464077,"date":"2025-01-28T11:36:38","date_gmt":"2025-01-28T11:36:40","guid":{"rendered":"https:\/\/www.erresse-shop.it\/?post_type=product&#038;p=464077"},"modified":"2025-01-30T07:43:28","modified_gmt":"2025-01-30T07:43:28","slug":"seletti-too-much-sauce-copia","status":"publish","type":"product","link":"https:\/\/www.erresse-shop.it\/es\/shop\/mobiliario\/articulos-de-decoracion\/seletti-too-much-sauce-copia\/","title":{"rendered":"SELETTI Blue Bear"},"content":{"rendered":"<p><strong>Juguete art\u00edstico SELETTI X INBETWEENERS<\/strong><\/p>\n<p>Nacido como NFT, este personaje ic\u00f3nico ha trascendido el \u00e1mbito digital para convertirse en un Art Toy tangible, que encarna la creatividad y la innovaci\u00f3n. Ya sea que sea un coleccionista o un entusiasta del dise\u00f1o, el Seletti Blue Bear aporta un toque l\u00fadico y art\u00edstico a cualquier espacio.<\/p>\n<p>Adorno de resina<\/p>\n<p><strong>Dise\u00f1ador<\/strong>: Gianpiero D&#8217;Alessandro<\/p>\n<p><strong>Material<\/strong>: Resin<\/p>\n<p><strong>Dimensiones<\/strong>: cm 14,5 \u00d7 10 H. 24<\/p>\n","protected":false},"excerpt":{"rendered":"<p>Juguete art\u00edstico SELETTI X INBETWEENERS Nacido como NFT, este personaje ic\u00f3nico ha trascendido el \u00e1mbito digital para convertirse en un<\/p>\n","protected":false},"featured_media":464109,"template":"","meta":{"_acf_changed":false,"inline_featured_image":false},"product_cat":[16026,16016],"product_tag":[16338],"acf":[],"yoast_head":"<!-- This site is optimized with the Yoast SEO Premium plugin v18.6 (Yoast SEO v19.13) - https:\/\/yoast.com\/wordpress\/plugins\/seo\/ -->\n<title>SELETTI Blue Bear - Erresse Shop<\/title>\n<meta name=\"description\" content=\"Juguete art\u00edstico SELETTI X INBETWEENERS Nacido como NFT, este personaje ic\u00f3nico ha trascendido el \u00e1mbito digital para convertirse en un Art Toy tangible,\" \/>\n<meta name=\"robots\" content=\"index, follow, max-snippet:-1, max-image-preview:large, max-video-preview:-1\" \/>\n<link rel=\"canonical\" href=\"https:\/\/www.erresse-shop.it\/es\/shop\/mobiliario\/articulos-de-decoracion\/seletti-too-much-sauce-copia\/\" \/>\n<meta property=\"og:locale\" content=\"es_ES\" \/>\n<meta property=\"og:type\" content=\"article\" \/>\n<meta property=\"og:title\" content=\"SELETTI Blue Bear\" \/>\n<meta property=\"og:description\" content=\"Juguete art\u00edstico SELETTI X INBETWEENERS Nacido como NFT, este personaje ic\u00f3nico ha trascendido el \u00e1mbito digital para convertirse en un Art Toy tangible,\" \/>\n<meta property=\"og:url\" content=\"https:\/\/www.erresse-shop.it\/es\/shop\/mobiliario\/articulos-de-decoracion\/seletti-too-much-sauce-copia\/\" \/>\n<meta property=\"og:site_name\" content=\"Erresse Shop\" \/>\n<meta property=\"article:modified_time\" content=\"2025-01-30T07:43:28+00:00\" \/>\n<meta property=\"og:image\" content=\"https:\/\/www.erresse-shop.it\/wp-content\/uploads\/2025\/01\/SELETTI-Blue-Bear.jpg\" \/>\n\t<meta property=\"og:image:width\" content=\"1200\" \/>\n\t<meta property=\"og:image:height\" content=\"1200\" \/>\n\t<meta property=\"og:image:type\" content=\"image\/jpeg\" \/>\n<meta name=\"twitter:card\" content=\"summary_large_image\" \/>\n<script type=\"application\/ld+json\" class=\"yoast-schema-graph\">{\"@context\":\"https:\/\/schema.org\",\"@graph\":[{\"@type\":\"WebPage\",\"@id\":\"https:\/\/www.erresse-shop.it\/es\/shop\/mobiliario\/articulos-de-decoracion\/seletti-too-much-sauce-copia\/\",\"url\":\"https:\/\/www.erresse-shop.it\/es\/shop\/mobiliario\/articulos-de-decoracion\/seletti-too-much-sauce-copia\/\",\"name\":\"SELETTI Blue Bear - Erresse Shop\",\"isPartOf\":{\"@id\":\"https:\/\/www.erresse-shop.it\/es\/#website\"},\"datePublished\":\"2025-01-28T11:36:40+00:00\",\"dateModified\":\"2025-01-30T07:43:28+00:00\",\"description\":\"Juguete art\u00edstico SELETTI X INBETWEENERS Nacido como NFT, este personaje ic\u00f3nico ha trascendido el \u00e1mbito digital para convertirse en un Art Toy tangible,\",\"breadcrumb\":{\"@id\":\"https:\/\/www.erresse-shop.it\/es\/shop\/mobiliario\/articulos-de-decoracion\/seletti-too-much-sauce-copia\/#breadcrumb\"},\"inLanguage\":\"es\",\"potentialAction\":[{\"@type\":\"ReadAction\",\"target\":[\"https:\/\/www.erresse-shop.it\/es\/shop\/mobiliario\/articulos-de-decoracion\/seletti-too-much-sauce-copia\/\"]}]},{\"@type\":\"BreadcrumbList\",\"@id\":\"https:\/\/www.erresse-shop.it\/es\/shop\/mobiliario\/articulos-de-decoracion\/seletti-too-much-sauce-copia\/#breadcrumb\",\"itemListElement\":[{\"@type\":\"ListItem\",\"position\":1,\"name\":\"Home\",\"item\":\"https:\/\/www.erresse-shop.it\/es\/\"},{\"@type\":\"ListItem\",\"position\":2,\"name\":\"Shop\",\"item\":\"https:\/\/www.erresse-shop.it\/es\/shop\/\"},{\"@type\":\"ListItem\",\"position\":3,\"name\":\"SELETTI Blue Bear\"}]},{\"@type\":\"WebSite\",\"@id\":\"https:\/\/www.erresse-shop.it\/es\/#website\",\"url\":\"https:\/\/www.erresse-shop.it\/es\/\",\"name\":\"Erresse Shop\",\"description\":\"Articoli di qualit\u00e0 per la casa\",\"potentialAction\":[{\"@type\":\"SearchAction\",\"target\":{\"@type\":\"EntryPoint\",\"urlTemplate\":\"https:\/\/www.erresse-shop.it\/es\/?s={search_term_string}\"},\"query-input\":\"required name=search_term_string\"}],\"inLanguage\":\"es\"}]}<\/script>\n<!-- \/ Yoast SEO Premium plugin. -->","yoast_head_json":{"title":"SELETTI Blue Bear - Erresse Shop","description":"Juguete art\u00edstico SELETTI X INBETWEENERS Nacido como NFT, este personaje ic\u00f3nico ha trascendido el \u00e1mbito digital para convertirse en un Art Toy tangible,","robots":{"index":"index","follow":"follow","max-snippet":"max-snippet:-1","max-image-preview":"max-image-preview:large","max-video-preview":"max-video-preview:-1"},"canonical":"https:\/\/www.erresse-shop.it\/es\/shop\/mobiliario\/articulos-de-decoracion\/seletti-too-much-sauce-copia\/","og_locale":"es_ES","og_type":"article","og_title":"SELETTI Blue Bear","og_description":"Juguete art\u00edstico SELETTI X INBETWEENERS Nacido como NFT, este personaje ic\u00f3nico ha trascendido el \u00e1mbito digital para convertirse en un Art Toy tangible,","og_url":"https:\/\/www.erresse-shop.it\/es\/shop\/mobiliario\/articulos-de-decoracion\/seletti-too-much-sauce-copia\/","og_site_name":"Erresse Shop","article_modified_time":"2025-01-30T07:43:28+00:00","og_image":[{"width":1200,"height":1200,"url":"https:\/\/www.erresse-shop.it\/wp-content\/uploads\/2025\/01\/SELETTI-Blue-Bear.jpg","type":"image\/jpeg"}],"twitter_card":"summary_large_image","schema":{"@context":"https:\/\/schema.org","@graph":[{"@type":"WebPage","@id":"https:\/\/www.erresse-shop.it\/es\/shop\/mobiliario\/articulos-de-decoracion\/seletti-too-much-sauce-copia\/","url":"https:\/\/www.erresse-shop.it\/es\/shop\/mobiliario\/articulos-de-decoracion\/seletti-too-much-sauce-copia\/","name":"SELETTI Blue Bear - Erresse Shop","isPartOf":{"@id":"https:\/\/www.erresse-shop.it\/es\/#website"},"datePublished":"2025-01-28T11:36:40+00:00","dateModified":"2025-01-30T07:43:28+00:00","description":"Juguete art\u00edstico SELETTI X INBETWEENERS Nacido como NFT, este personaje ic\u00f3nico ha trascendido el \u00e1mbito digital para convertirse en un Art Toy tangible,","breadcrumb":{"@id":"https:\/\/www.erresse-shop.it\/es\/shop\/mobiliario\/articulos-de-decoracion\/seletti-too-much-sauce-copia\/#breadcrumb"},"inLanguage":"es","potentialAction":[{"@type":"ReadAction","target":["https:\/\/www.erresse-shop.it\/es\/shop\/mobiliario\/articulos-de-decoracion\/seletti-too-much-sauce-copia\/"]}]},{"@type":"BreadcrumbList","@id":"https:\/\/www.erresse-shop.it\/es\/shop\/mobiliario\/articulos-de-decoracion\/seletti-too-much-sauce-copia\/#breadcrumb","itemListElement":[{"@type":"ListItem","position":1,"name":"Home","item":"https:\/\/www.erresse-shop.it\/es\/"},{"@type":"ListItem","position":2,"name":"Shop","item":"https:\/\/www.erresse-shop.it\/es\/shop\/"},{"@type":"ListItem","position":3,"name":"SELETTI Blue Bear"}]},{"@type":"WebSite","@id":"https:\/\/www.erresse-shop.it\/es\/#website","url":"https:\/\/www.erresse-shop.it\/es\/","name":"Erresse Shop","description":"Articoli di qualit\u00e0 per la casa","potentialAction":[{"@type":"SearchAction","target":{"@type":"EntryPoint","urlTemplate":"https:\/\/www.erresse-shop.it\/es\/?s={search_term_string}"},"query-input":"required name=search_term_string"}],"inLanguage":"es"}]}},"df_price":67.05,"df_sale_price":67.05,"df_regular_price":149,"df_image_link":"https:\/\/www.erresse-shop.it\/wp-content\/uploads\/2025\/01\/SELETTI-Blue-Bear-300x300.jpg","_links":{"self":[{"href":"https:\/\/www.erresse-shop.it\/es\/wp-json\/wp\/v2\/product\/464077"}],"collection":[{"href":"https:\/\/www.erresse-shop.it\/es\/wp-json\/wp\/v2\/product"}],"about":[{"href":"https:\/\/www.erresse-shop.it\/es\/wp-json\/wp\/v2\/types\/product"}],"wp:featuredmedia":[{"embeddable":true,"href":"https:\/\/www.erresse-shop.it\/es\/wp-json\/wp\/v2\/media\/464109"}],"wp:attachment":[{"href":"https:\/\/www.erresse-shop.it\/es\/wp-json\/wp\/v2\/media?parent=464077"}],"wp:term":[{"taxonomy":"product_cat","embeddable":true,"href":"https:\/\/www.erresse-shop.it\/es\/wp-json\/wp\/v2\/product_cat?post=464077"},{"taxonomy":"product_tag","embeddable":true,"href":"https:\/\/www.erresse-shop.it\/es\/wp-json\/wp\/v2\/product_tag?post=464077"}],"curies":[{"name":"wp","href":"https:\/\/api.w.org\/{rel}","templated":true}]}}