{"id":464034,"date":"2025-01-28T11:11:22","date_gmt":"2025-01-28T11:11:24","guid":{"rendered":"https:\/\/www.erresse-shop.it\/?post_type=product&#038;p=464034"},"modified":"2025-01-30T07:58:48","modified_gmt":"2025-01-30T07:58:48","slug":"seletti-love-hurts-you-copia","status":"publish","type":"product","link":"https:\/\/www.erresse-shop.it\/es\/shop\/mobiliario\/articulos-de-decoracion\/seletti-love-hurts-you-copia\/","title":{"rendered":"SELETTI Too Much Sauce"},"content":{"rendered":"<p>\u201cDemasiada salsa\u201d es un art toy con un sabor especial, un homenaje a lo m\u00e1s POP del mundo: la pizza Margherita. Limitada a 1889 piezas, el a\u00f1o en que se horne\u00f3 la primera Margherita, \u00a1re\u00fane algunos ingredientes esenciales para crear algo extraordinario! No hay nada m\u00e1s pop, m\u00e1s democr\u00e1tico, m\u00e1s global que una pizza Margherita&#8230; \u00a1y mucho tomate!<\/p>\n<p>Adorno de resina<\/p>\n<p><strong>Dise\u00f1ador<\/strong>: Gianpiero D&#8217;Alessandro<\/p>\n<p><strong>Material<\/strong>: Resin<\/p>\n<p><strong>Dimensiones<\/strong>: cm 15 \u00d7 11,3 H. 22,5 | 5,90\u201d x 4,44\u201d x 8,85\u201d<\/p>\n","protected":false},"excerpt":{"rendered":"<p>\u201cDemasiada salsa\u201d es un art toy con un sabor especial, un homenaje a lo m\u00e1s POP del mundo: la pizza<\/p>\n","protected":false},"featured_media":464068,"template":"","meta":{"_acf_changed":false,"inline_featured_image":false},"product_cat":[16026,16016],"product_tag":[16338],"acf":[],"yoast_head":"<!-- This site is optimized with the Yoast SEO Premium plugin v18.6 (Yoast SEO v19.13) - https:\/\/yoast.com\/wordpress\/plugins\/seo\/ -->\n<title>SELETTI Too Much Sauce - Erresse Shop<\/title>\n<meta name=\"description\" content=\"\u201cDemasiada salsa\u201d es un art toy con un sabor especial, un homenaje a lo m\u00e1s POP del mundo: la pizza Margherita. Limitada a 1889 piezas, el a\u00f1o en que se\" \/>\n<meta name=\"robots\" content=\"index, follow, max-snippet:-1, max-image-preview:large, max-video-preview:-1\" \/>\n<link rel=\"canonical\" href=\"https:\/\/www.erresse-shop.it\/es\/shop\/mobiliario\/articulos-de-decoracion\/seletti-love-hurts-you-copia\/\" \/>\n<meta property=\"og:locale\" content=\"es_ES\" \/>\n<meta property=\"og:type\" content=\"article\" \/>\n<meta property=\"og:title\" content=\"SELETTI Too Much Sauce\" \/>\n<meta property=\"og:description\" content=\"\u201cDemasiada salsa\u201d es un art toy con un sabor especial, un homenaje a lo m\u00e1s POP del mundo: la pizza Margherita. Limitada a 1889 piezas, el a\u00f1o en que se\" \/>\n<meta property=\"og:url\" content=\"https:\/\/www.erresse-shop.it\/es\/shop\/mobiliario\/articulos-de-decoracion\/seletti-love-hurts-you-copia\/\" \/>\n<meta property=\"og:site_name\" content=\"Erresse Shop\" \/>\n<meta property=\"article:modified_time\" content=\"2025-01-30T07:58:48+00:00\" \/>\n<meta property=\"og:image\" content=\"https:\/\/www.erresse-shop.it\/wp-content\/uploads\/2025\/01\/SELETTI-Too-Much-Sauce.jpg\" \/>\n\t<meta property=\"og:image:width\" content=\"1200\" \/>\n\t<meta property=\"og:image:height\" content=\"1200\" \/>\n\t<meta property=\"og:image:type\" content=\"image\/jpeg\" \/>\n<meta name=\"twitter:card\" content=\"summary_large_image\" \/>\n<script type=\"application\/ld+json\" class=\"yoast-schema-graph\">{\"@context\":\"https:\/\/schema.org\",\"@graph\":[{\"@type\":\"WebPage\",\"@id\":\"https:\/\/www.erresse-shop.it\/es\/shop\/mobiliario\/articulos-de-decoracion\/seletti-love-hurts-you-copia\/\",\"url\":\"https:\/\/www.erresse-shop.it\/es\/shop\/mobiliario\/articulos-de-decoracion\/seletti-love-hurts-you-copia\/\",\"name\":\"SELETTI Too Much Sauce - Erresse Shop\",\"isPartOf\":{\"@id\":\"https:\/\/www.erresse-shop.it\/es\/#website\"},\"datePublished\":\"2025-01-28T11:11:24+00:00\",\"dateModified\":\"2025-01-30T07:58:48+00:00\",\"description\":\"\u201cDemasiada salsa\u201d es un art toy con un sabor especial, un homenaje a lo m\u00e1s POP del mundo: la pizza Margherita. Limitada a 1889 piezas, el a\u00f1o en que se\",\"breadcrumb\":{\"@id\":\"https:\/\/www.erresse-shop.it\/es\/shop\/mobiliario\/articulos-de-decoracion\/seletti-love-hurts-you-copia\/#breadcrumb\"},\"inLanguage\":\"es\",\"potentialAction\":[{\"@type\":\"ReadAction\",\"target\":[\"https:\/\/www.erresse-shop.it\/es\/shop\/mobiliario\/articulos-de-decoracion\/seletti-love-hurts-you-copia\/\"]}]},{\"@type\":\"BreadcrumbList\",\"@id\":\"https:\/\/www.erresse-shop.it\/es\/shop\/mobiliario\/articulos-de-decoracion\/seletti-love-hurts-you-copia\/#breadcrumb\",\"itemListElement\":[{\"@type\":\"ListItem\",\"position\":1,\"name\":\"Home\",\"item\":\"https:\/\/www.erresse-shop.it\/es\/\"},{\"@type\":\"ListItem\",\"position\":2,\"name\":\"Shop\",\"item\":\"https:\/\/www.erresse-shop.it\/es\/shop\/\"},{\"@type\":\"ListItem\",\"position\":3,\"name\":\"SELETTI Too Much Sauce\"}]},{\"@type\":\"WebSite\",\"@id\":\"https:\/\/www.erresse-shop.it\/es\/#website\",\"url\":\"https:\/\/www.erresse-shop.it\/es\/\",\"name\":\"Erresse Shop\",\"description\":\"Articoli di qualit\u00e0 per la casa\",\"potentialAction\":[{\"@type\":\"SearchAction\",\"target\":{\"@type\":\"EntryPoint\",\"urlTemplate\":\"https:\/\/www.erresse-shop.it\/es\/?s={search_term_string}\"},\"query-input\":\"required name=search_term_string\"}],\"inLanguage\":\"es\"}]}<\/script>\n<!-- \/ Yoast SEO Premium plugin. -->","yoast_head_json":{"title":"SELETTI Too Much Sauce - Erresse Shop","description":"\u201cDemasiada salsa\u201d es un art toy con un sabor especial, un homenaje a lo m\u00e1s POP del mundo: la pizza Margherita. Limitada a 1889 piezas, el a\u00f1o en que se","robots":{"index":"index","follow":"follow","max-snippet":"max-snippet:-1","max-image-preview":"max-image-preview:large","max-video-preview":"max-video-preview:-1"},"canonical":"https:\/\/www.erresse-shop.it\/es\/shop\/mobiliario\/articulos-de-decoracion\/seletti-love-hurts-you-copia\/","og_locale":"es_ES","og_type":"article","og_title":"SELETTI Too Much Sauce","og_description":"\u201cDemasiada salsa\u201d es un art toy con un sabor especial, un homenaje a lo m\u00e1s POP del mundo: la pizza Margherita. Limitada a 1889 piezas, el a\u00f1o en que se","og_url":"https:\/\/www.erresse-shop.it\/es\/shop\/mobiliario\/articulos-de-decoracion\/seletti-love-hurts-you-copia\/","og_site_name":"Erresse Shop","article_modified_time":"2025-01-30T07:58:48+00:00","og_image":[{"width":1200,"height":1200,"url":"https:\/\/www.erresse-shop.it\/wp-content\/uploads\/2025\/01\/SELETTI-Too-Much-Sauce.jpg","type":"image\/jpeg"}],"twitter_card":"summary_large_image","schema":{"@context":"https:\/\/schema.org","@graph":[{"@type":"WebPage","@id":"https:\/\/www.erresse-shop.it\/es\/shop\/mobiliario\/articulos-de-decoracion\/seletti-love-hurts-you-copia\/","url":"https:\/\/www.erresse-shop.it\/es\/shop\/mobiliario\/articulos-de-decoracion\/seletti-love-hurts-you-copia\/","name":"SELETTI Too Much Sauce - Erresse Shop","isPartOf":{"@id":"https:\/\/www.erresse-shop.it\/es\/#website"},"datePublished":"2025-01-28T11:11:24+00:00","dateModified":"2025-01-30T07:58:48+00:00","description":"\u201cDemasiada salsa\u201d es un art toy con un sabor especial, un homenaje a lo m\u00e1s POP del mundo: la pizza Margherita. Limitada a 1889 piezas, el a\u00f1o en que se","breadcrumb":{"@id":"https:\/\/www.erresse-shop.it\/es\/shop\/mobiliario\/articulos-de-decoracion\/seletti-love-hurts-you-copia\/#breadcrumb"},"inLanguage":"es","potentialAction":[{"@type":"ReadAction","target":["https:\/\/www.erresse-shop.it\/es\/shop\/mobiliario\/articulos-de-decoracion\/seletti-love-hurts-you-copia\/"]}]},{"@type":"BreadcrumbList","@id":"https:\/\/www.erresse-shop.it\/es\/shop\/mobiliario\/articulos-de-decoracion\/seletti-love-hurts-you-copia\/#breadcrumb","itemListElement":[{"@type":"ListItem","position":1,"name":"Home","item":"https:\/\/www.erresse-shop.it\/es\/"},{"@type":"ListItem","position":2,"name":"Shop","item":"https:\/\/www.erresse-shop.it\/es\/shop\/"},{"@type":"ListItem","position":3,"name":"SELETTI Too Much Sauce"}]},{"@type":"WebSite","@id":"https:\/\/www.erresse-shop.it\/es\/#website","url":"https:\/\/www.erresse-shop.it\/es\/","name":"Erresse Shop","description":"Articoli di qualit\u00e0 per la casa","potentialAction":[{"@type":"SearchAction","target":{"@type":"EntryPoint","urlTemplate":"https:\/\/www.erresse-shop.it\/es\/?s={search_term_string}"},"query-input":"required name=search_term_string"}],"inLanguage":"es"}]}},"df_price":44.550000000000004,"df_sale_price":44.550000000000004,"df_regular_price":99,"df_image_link":"https:\/\/www.erresse-shop.it\/wp-content\/uploads\/2025\/01\/SELETTI-Too-Much-Sauce-300x300.jpg","_links":{"self":[{"href":"https:\/\/www.erresse-shop.it\/es\/wp-json\/wp\/v2\/product\/464034"}],"collection":[{"href":"https:\/\/www.erresse-shop.it\/es\/wp-json\/wp\/v2\/product"}],"about":[{"href":"https:\/\/www.erresse-shop.it\/es\/wp-json\/wp\/v2\/types\/product"}],"wp:featuredmedia":[{"embeddable":true,"href":"https:\/\/www.erresse-shop.it\/es\/wp-json\/wp\/v2\/media\/464068"}],"wp:attachment":[{"href":"https:\/\/www.erresse-shop.it\/es\/wp-json\/wp\/v2\/media?parent=464034"}],"wp:term":[{"taxonomy":"product_cat","embeddable":true,"href":"https:\/\/www.erresse-shop.it\/es\/wp-json\/wp\/v2\/product_cat?post=464034"},{"taxonomy":"product_tag","embeddable":true,"href":"https:\/\/www.erresse-shop.it\/es\/wp-json\/wp\/v2\/product_tag?post=464034"}],"curies":[{"name":"wp","href":"https:\/\/api.w.org\/{rel}","templated":true}]}}