{"id":463889,"date":"2025-01-28T09:09:33","date_gmt":"2025-01-28T09:09:36","guid":{"rendered":"https:\/\/www.erresse-shop.it\/?post_type=product&#038;p=463889"},"modified":"2025-01-28T09:27:30","modified_gmt":"2025-01-28T09:27:30","slug":"seletti-hybrid-thea-set-de-sal-y-pimienta-copia","status":"publish","type":"product","link":"https:\/\/www.erresse-shop.it\/es\/shop\/tabla\/aceite-vinagre-sal\/seletti-hybrid-thea-set-de-sal-y-pimienta-copia\/","title":{"rendered":"SELETTI Hybrid Thelme Set de aceite y vinagre"},"content":{"rendered":"<p>Cuando Oriente y Occidente se encuentran, nace una colecci\u00f3n \u00fanica que celebra las antiguas tradiciones cer\u00e1micas de ambas culturas. Hybrid Thelme combina decoraciones h\u00edbridas de un pasado complejo, reinterpret\u00e1ndolas en formas contempor\u00e1neas. Un juego de condimentos que aporta elegancia y originalidad a su mesa.<\/p>\n<p><strong>Set de aceite y vinagre<\/strong><\/p>\n<p><strong>Material:<\/strong> Porcelana<\/p>\n<p><strong>Dimensiones:<\/strong> 18,4 x 9,2 x 16 cm<\/p>\n","protected":false},"excerpt":{"rendered":"<p>Cuando Oriente y Occidente se encuentran, nace una colecci\u00f3n \u00fanica que celebra las antiguas tradiciones cer\u00e1micas de ambas culturas. Hybrid<\/p>\n","protected":false},"featured_media":463927,"template":"","meta":{"_acf_changed":false,"inline_featured_image":false},"product_cat":[20475,16027],"product_tag":[16484,16587,20179,20451,16589,25023],"acf":[],"yoast_head":"<!-- This site is optimized with the Yoast SEO Premium plugin v18.6 (Yoast SEO v19.13) - https:\/\/yoast.com\/wordpress\/plugins\/seo\/ -->\n<title>SELETTI Hybrid Thelme Set de aceite y vinagre - Erresse Shop<\/title>\n<meta name=\"description\" content=\"Cuando Oriente y Occidente se encuentran, nace una colecci\u00f3n \u00fanica que celebra las antiguas tradiciones cer\u00e1micas de ambas culturas. Hybrid Thelme combina\" \/>\n<meta name=\"robots\" content=\"index, follow, max-snippet:-1, max-image-preview:large, max-video-preview:-1\" \/>\n<link rel=\"canonical\" href=\"https:\/\/www.erresse-shop.it\/es\/shop\/tabla\/aceite-vinagre-sal\/seletti-hybrid-thea-set-de-sal-y-pimienta-copia\/\" \/>\n<meta property=\"og:locale\" content=\"es_ES\" \/>\n<meta property=\"og:type\" content=\"article\" \/>\n<meta property=\"og:title\" content=\"SELETTI Hybrid Thelme Set de aceite y vinagre\" \/>\n<meta property=\"og:description\" content=\"Cuando Oriente y Occidente se encuentran, nace una colecci\u00f3n \u00fanica que celebra las antiguas tradiciones cer\u00e1micas de ambas culturas. Hybrid Thelme combina\" \/>\n<meta property=\"og:url\" content=\"https:\/\/www.erresse-shop.it\/es\/shop\/tabla\/aceite-vinagre-sal\/seletti-hybrid-thea-set-de-sal-y-pimienta-copia\/\" \/>\n<meta property=\"og:site_name\" content=\"Erresse Shop\" \/>\n<meta property=\"article:modified_time\" content=\"2025-01-28T09:27:30+00:00\" \/>\n<meta property=\"og:image\" content=\"https:\/\/www.erresse-shop.it\/wp-content\/uploads\/2025\/01\/SELETTI-Hybrid-Thelme-Set-Olio-e-Aceto.jpg\" \/>\n\t<meta property=\"og:image:width\" content=\"1200\" \/>\n\t<meta property=\"og:image:height\" content=\"1200\" \/>\n\t<meta property=\"og:image:type\" content=\"image\/jpeg\" \/>\n<meta name=\"twitter:card\" content=\"summary_large_image\" \/>\n<script type=\"application\/ld+json\" class=\"yoast-schema-graph\">{\"@context\":\"https:\/\/schema.org\",\"@graph\":[{\"@type\":\"WebPage\",\"@id\":\"https:\/\/www.erresse-shop.it\/es\/shop\/tabla\/aceite-vinagre-sal\/seletti-hybrid-thea-set-de-sal-y-pimienta-copia\/\",\"url\":\"https:\/\/www.erresse-shop.it\/es\/shop\/tabla\/aceite-vinagre-sal\/seletti-hybrid-thea-set-de-sal-y-pimienta-copia\/\",\"name\":\"SELETTI Hybrid Thelme Set de aceite y vinagre - Erresse Shop\",\"isPartOf\":{\"@id\":\"https:\/\/www.erresse-shop.it\/es\/#website\"},\"datePublished\":\"2025-01-28T09:09:36+00:00\",\"dateModified\":\"2025-01-28T09:27:30+00:00\",\"description\":\"Cuando Oriente y Occidente se encuentran, nace una colecci\u00f3n \u00fanica que celebra las antiguas tradiciones cer\u00e1micas de ambas culturas. Hybrid Thelme combina\",\"breadcrumb\":{\"@id\":\"https:\/\/www.erresse-shop.it\/es\/shop\/tabla\/aceite-vinagre-sal\/seletti-hybrid-thea-set-de-sal-y-pimienta-copia\/#breadcrumb\"},\"inLanguage\":\"es\",\"potentialAction\":[{\"@type\":\"ReadAction\",\"target\":[\"https:\/\/www.erresse-shop.it\/es\/shop\/tabla\/aceite-vinagre-sal\/seletti-hybrid-thea-set-de-sal-y-pimienta-copia\/\"]}]},{\"@type\":\"BreadcrumbList\",\"@id\":\"https:\/\/www.erresse-shop.it\/es\/shop\/tabla\/aceite-vinagre-sal\/seletti-hybrid-thea-set-de-sal-y-pimienta-copia\/#breadcrumb\",\"itemListElement\":[{\"@type\":\"ListItem\",\"position\":1,\"name\":\"Home\",\"item\":\"https:\/\/www.erresse-shop.it\/es\/\"},{\"@type\":\"ListItem\",\"position\":2,\"name\":\"Shop\",\"item\":\"https:\/\/www.erresse-shop.it\/es\/shop\/\"},{\"@type\":\"ListItem\",\"position\":3,\"name\":\"SELETTI Hybrid Thelme Set de aceite y vinagre\"}]},{\"@type\":\"WebSite\",\"@id\":\"https:\/\/www.erresse-shop.it\/es\/#website\",\"url\":\"https:\/\/www.erresse-shop.it\/es\/\",\"name\":\"Erresse Shop\",\"description\":\"Articoli di qualit\u00e0 per la casa\",\"potentialAction\":[{\"@type\":\"SearchAction\",\"target\":{\"@type\":\"EntryPoint\",\"urlTemplate\":\"https:\/\/www.erresse-shop.it\/es\/?s={search_term_string}\"},\"query-input\":\"required name=search_term_string\"}],\"inLanguage\":\"es\"}]}<\/script>\n<!-- \/ Yoast SEO Premium plugin. -->","yoast_head_json":{"title":"SELETTI Hybrid Thelme Set de aceite y vinagre - Erresse Shop","description":"Cuando Oriente y Occidente se encuentran, nace una colecci\u00f3n \u00fanica que celebra las antiguas tradiciones cer\u00e1micas de ambas culturas. Hybrid Thelme combina","robots":{"index":"index","follow":"follow","max-snippet":"max-snippet:-1","max-image-preview":"max-image-preview:large","max-video-preview":"max-video-preview:-1"},"canonical":"https:\/\/www.erresse-shop.it\/es\/shop\/tabla\/aceite-vinagre-sal\/seletti-hybrid-thea-set-de-sal-y-pimienta-copia\/","og_locale":"es_ES","og_type":"article","og_title":"SELETTI Hybrid Thelme Set de aceite y vinagre","og_description":"Cuando Oriente y Occidente se encuentran, nace una colecci\u00f3n \u00fanica que celebra las antiguas tradiciones cer\u00e1micas de ambas culturas. Hybrid Thelme combina","og_url":"https:\/\/www.erresse-shop.it\/es\/shop\/tabla\/aceite-vinagre-sal\/seletti-hybrid-thea-set-de-sal-y-pimienta-copia\/","og_site_name":"Erresse Shop","article_modified_time":"2025-01-28T09:27:30+00:00","og_image":[{"width":1200,"height":1200,"url":"https:\/\/www.erresse-shop.it\/wp-content\/uploads\/2025\/01\/SELETTI-Hybrid-Thelme-Set-Olio-e-Aceto.jpg","type":"image\/jpeg"}],"twitter_card":"summary_large_image","schema":{"@context":"https:\/\/schema.org","@graph":[{"@type":"WebPage","@id":"https:\/\/www.erresse-shop.it\/es\/shop\/tabla\/aceite-vinagre-sal\/seletti-hybrid-thea-set-de-sal-y-pimienta-copia\/","url":"https:\/\/www.erresse-shop.it\/es\/shop\/tabla\/aceite-vinagre-sal\/seletti-hybrid-thea-set-de-sal-y-pimienta-copia\/","name":"SELETTI Hybrid Thelme Set de aceite y vinagre - Erresse Shop","isPartOf":{"@id":"https:\/\/www.erresse-shop.it\/es\/#website"},"datePublished":"2025-01-28T09:09:36+00:00","dateModified":"2025-01-28T09:27:30+00:00","description":"Cuando Oriente y Occidente se encuentran, nace una colecci\u00f3n \u00fanica que celebra las antiguas tradiciones cer\u00e1micas de ambas culturas. Hybrid Thelme combina","breadcrumb":{"@id":"https:\/\/www.erresse-shop.it\/es\/shop\/tabla\/aceite-vinagre-sal\/seletti-hybrid-thea-set-de-sal-y-pimienta-copia\/#breadcrumb"},"inLanguage":"es","potentialAction":[{"@type":"ReadAction","target":["https:\/\/www.erresse-shop.it\/es\/shop\/tabla\/aceite-vinagre-sal\/seletti-hybrid-thea-set-de-sal-y-pimienta-copia\/"]}]},{"@type":"BreadcrumbList","@id":"https:\/\/www.erresse-shop.it\/es\/shop\/tabla\/aceite-vinagre-sal\/seletti-hybrid-thea-set-de-sal-y-pimienta-copia\/#breadcrumb","itemListElement":[{"@type":"ListItem","position":1,"name":"Home","item":"https:\/\/www.erresse-shop.it\/es\/"},{"@type":"ListItem","position":2,"name":"Shop","item":"https:\/\/www.erresse-shop.it\/es\/shop\/"},{"@type":"ListItem","position":3,"name":"SELETTI Hybrid Thelme Set de aceite y vinagre"}]},{"@type":"WebSite","@id":"https:\/\/www.erresse-shop.it\/es\/#website","url":"https:\/\/www.erresse-shop.it\/es\/","name":"Erresse Shop","description":"Articoli di qualit\u00e0 per la casa","potentialAction":[{"@type":"SearchAction","target":{"@type":"EntryPoint","urlTemplate":"https:\/\/www.erresse-shop.it\/es\/?s={search_term_string}"},"query-input":"required name=search_term_string"}],"inLanguage":"es"}]}},"df_price":40.050000000000004,"df_sale_price":40.050000000000004,"df_regular_price":89,"df_image_link":"https:\/\/www.erresse-shop.it\/wp-content\/uploads\/2025\/01\/SELETTI-Hybrid-Thelme-Set-Olio-e-Aceto-300x300.jpg","_links":{"self":[{"href":"https:\/\/www.erresse-shop.it\/es\/wp-json\/wp\/v2\/product\/463889"}],"collection":[{"href":"https:\/\/www.erresse-shop.it\/es\/wp-json\/wp\/v2\/product"}],"about":[{"href":"https:\/\/www.erresse-shop.it\/es\/wp-json\/wp\/v2\/types\/product"}],"wp:featuredmedia":[{"embeddable":true,"href":"https:\/\/www.erresse-shop.it\/es\/wp-json\/wp\/v2\/media\/463927"}],"wp:attachment":[{"href":"https:\/\/www.erresse-shop.it\/es\/wp-json\/wp\/v2\/media?parent=463889"}],"wp:term":[{"taxonomy":"product_cat","embeddable":true,"href":"https:\/\/www.erresse-shop.it\/es\/wp-json\/wp\/v2\/product_cat?post=463889"},{"taxonomy":"product_tag","embeddable":true,"href":"https:\/\/www.erresse-shop.it\/es\/wp-json\/wp\/v2\/product_tag?post=463889"}],"curies":[{"name":"wp","href":"https:\/\/api.w.org\/{rel}","templated":true}]}}