{"id":462272,"date":"2025-01-22T07:31:32","date_gmt":"2025-01-22T07:31:34","guid":{"rendered":"https:\/\/www.erresse-shop.it\/?post_type=product&#038;p=462272"},"modified":"2025-05-10T10:00:07","modified_gmt":"2025-05-10T10:00:07","slug":"berkel-elegance-sable-champan-rojo-copia","status":"publish","type":"product","link":"https:\/\/www.erresse-shop.it\/es\/shop\/cocina\/cuchillos\/cuchillos-de-cocina\/berkel-elegance-sable-champan-rojo-copia\/","title":{"rendered":"BERKEL Elegance Sabre Champ\u00e1n Wengue"},"content":{"rendered":"<p><strong>Sable para descorchar vinos espumosos<\/strong><\/p>\n<p>Accesorio de lujo para la degustaci\u00f3n de calidad de champ\u00e1n, spumante u otros vinos espumosos. Con su peque\u00f1o tama\u00f1o y confiado a manos expertas, este sable puede realizar un corte limpio para una apertura espectacular de botellas. Aplicar las mejores pr\u00e1cticas.<\/p>\n<p><strong>Detalles:<\/strong><br \/>\n<strong>Afilado<\/strong>: Liso, sin dientes<br \/>\n<strong>Embalaje<\/strong>: Caja de regalo<\/p>\n<p><strong>Made in Italy<\/strong><\/p>\n","protected":false},"excerpt":{"rendered":"<p>Sable para descorchar vinos espumosos Accesorio de lujo para la degustaci\u00f3n de calidad de champ\u00e1n, spumante u otros vinos espumosos.<\/p>\n","protected":false},"featured_media":462282,"template":"","meta":{"_acf_changed":false,"inline_featured_image":false},"product_cat":[16040,16043,16047],"product_tag":[16432,17292,16307,17626],"acf":[],"yoast_head":"<!-- This site is optimized with the Yoast SEO Premium plugin v18.6 (Yoast SEO v19.13) - https:\/\/yoast.com\/wordpress\/plugins\/seo\/ -->\n<title>BERKEL Elegance Sabre Champ\u00e1n Wengue - Erresse Shop<\/title>\n<meta name=\"description\" content=\"Sable para descorchar vinos espumosos Accesorio de lujo para la degustaci\u00f3n de calidad de champ\u00e1n, spumante u otros vinos espumosos. Con su peque\u00f1o tama\u00f1o\" \/>\n<meta name=\"robots\" content=\"index, follow, max-snippet:-1, max-image-preview:large, max-video-preview:-1\" \/>\n<link rel=\"canonical\" href=\"https:\/\/www.erresse-shop.it\/es\/shop\/cocina\/cuchillos\/cuchillos-de-cocina\/berkel-elegance-sable-champan-rojo-copia\/\" \/>\n<meta property=\"og:locale\" content=\"es_ES\" \/>\n<meta property=\"og:type\" content=\"article\" \/>\n<meta property=\"og:title\" content=\"BERKEL Elegance Sabre Champ\u00e1n Wengue\" \/>\n<meta property=\"og:description\" content=\"Sable para descorchar vinos espumosos Accesorio de lujo para la degustaci\u00f3n de calidad de champ\u00e1n, spumante u otros vinos espumosos. Con su peque\u00f1o tama\u00f1o\" \/>\n<meta property=\"og:url\" content=\"https:\/\/www.erresse-shop.it\/es\/shop\/cocina\/cuchillos\/cuchillos-de-cocina\/berkel-elegance-sable-champan-rojo-copia\/\" \/>\n<meta property=\"og:site_name\" content=\"Erresse Shop\" \/>\n<meta property=\"article:modified_time\" content=\"2025-05-10T10:00:07+00:00\" \/>\n<meta property=\"og:image\" content=\"https:\/\/www.erresse-shop.it\/wp-content\/uploads\/2025\/01\/BERKEL-Elegance-Sciabola-Champagne-Wenge.jpg\" \/>\n\t<meta property=\"og:image:width\" content=\"1200\" \/>\n\t<meta property=\"og:image:height\" content=\"1200\" \/>\n\t<meta property=\"og:image:type\" content=\"image\/jpeg\" \/>\n<meta name=\"twitter:card\" content=\"summary_large_image\" \/>\n<script type=\"application\/ld+json\" class=\"yoast-schema-graph\">{\"@context\":\"https:\/\/schema.org\",\"@graph\":[{\"@type\":\"WebPage\",\"@id\":\"https:\/\/www.erresse-shop.it\/es\/shop\/cocina\/cuchillos\/cuchillos-de-cocina\/berkel-elegance-sable-champan-rojo-copia\/\",\"url\":\"https:\/\/www.erresse-shop.it\/es\/shop\/cocina\/cuchillos\/cuchillos-de-cocina\/berkel-elegance-sable-champan-rojo-copia\/\",\"name\":\"BERKEL Elegance Sabre Champ\u00e1n Wengue - Erresse Shop\",\"isPartOf\":{\"@id\":\"https:\/\/www.erresse-shop.it\/es\/#website\"},\"datePublished\":\"2025-01-22T07:31:34+00:00\",\"dateModified\":\"2025-05-10T10:00:07+00:00\",\"description\":\"Sable para descorchar vinos espumosos Accesorio de lujo para la degustaci\u00f3n de calidad de champ\u00e1n, spumante u otros vinos espumosos. Con su peque\u00f1o tama\u00f1o\",\"breadcrumb\":{\"@id\":\"https:\/\/www.erresse-shop.it\/es\/shop\/cocina\/cuchillos\/cuchillos-de-cocina\/berkel-elegance-sable-champan-rojo-copia\/#breadcrumb\"},\"inLanguage\":\"es\",\"potentialAction\":[{\"@type\":\"ReadAction\",\"target\":[\"https:\/\/www.erresse-shop.it\/es\/shop\/cocina\/cuchillos\/cuchillos-de-cocina\/berkel-elegance-sable-champan-rojo-copia\/\"]}]},{\"@type\":\"BreadcrumbList\",\"@id\":\"https:\/\/www.erresse-shop.it\/es\/shop\/cocina\/cuchillos\/cuchillos-de-cocina\/berkel-elegance-sable-champan-rojo-copia\/#breadcrumb\",\"itemListElement\":[{\"@type\":\"ListItem\",\"position\":1,\"name\":\"Home\",\"item\":\"https:\/\/www.erresse-shop.it\/es\/\"},{\"@type\":\"ListItem\",\"position\":2,\"name\":\"Shop\",\"item\":\"https:\/\/www.erresse-shop.it\/es\/shop\/\"},{\"@type\":\"ListItem\",\"position\":3,\"name\":\"BERKEL Elegance Sabre Champ\u00e1n Wengue\"}]},{\"@type\":\"WebSite\",\"@id\":\"https:\/\/www.erresse-shop.it\/es\/#website\",\"url\":\"https:\/\/www.erresse-shop.it\/es\/\",\"name\":\"Erresse Shop\",\"description\":\"Articoli di qualit\u00e0 per la casa\",\"potentialAction\":[{\"@type\":\"SearchAction\",\"target\":{\"@type\":\"EntryPoint\",\"urlTemplate\":\"https:\/\/www.erresse-shop.it\/es\/?s={search_term_string}\"},\"query-input\":\"required name=search_term_string\"}],\"inLanguage\":\"es\"}]}<\/script>\n<!-- \/ Yoast SEO Premium plugin. -->","yoast_head_json":{"title":"BERKEL Elegance Sabre Champ\u00e1n Wengue - Erresse Shop","description":"Sable para descorchar vinos espumosos Accesorio de lujo para la degustaci\u00f3n de calidad de champ\u00e1n, spumante u otros vinos espumosos. Con su peque\u00f1o tama\u00f1o","robots":{"index":"index","follow":"follow","max-snippet":"max-snippet:-1","max-image-preview":"max-image-preview:large","max-video-preview":"max-video-preview:-1"},"canonical":"https:\/\/www.erresse-shop.it\/es\/shop\/cocina\/cuchillos\/cuchillos-de-cocina\/berkel-elegance-sable-champan-rojo-copia\/","og_locale":"es_ES","og_type":"article","og_title":"BERKEL Elegance Sabre Champ\u00e1n Wengue","og_description":"Sable para descorchar vinos espumosos Accesorio de lujo para la degustaci\u00f3n de calidad de champ\u00e1n, spumante u otros vinos espumosos. Con su peque\u00f1o tama\u00f1o","og_url":"https:\/\/www.erresse-shop.it\/es\/shop\/cocina\/cuchillos\/cuchillos-de-cocina\/berkel-elegance-sable-champan-rojo-copia\/","og_site_name":"Erresse Shop","article_modified_time":"2025-05-10T10:00:07+00:00","og_image":[{"width":1200,"height":1200,"url":"https:\/\/www.erresse-shop.it\/wp-content\/uploads\/2025\/01\/BERKEL-Elegance-Sciabola-Champagne-Wenge.jpg","type":"image\/jpeg"}],"twitter_card":"summary_large_image","schema":{"@context":"https:\/\/schema.org","@graph":[{"@type":"WebPage","@id":"https:\/\/www.erresse-shop.it\/es\/shop\/cocina\/cuchillos\/cuchillos-de-cocina\/berkel-elegance-sable-champan-rojo-copia\/","url":"https:\/\/www.erresse-shop.it\/es\/shop\/cocina\/cuchillos\/cuchillos-de-cocina\/berkel-elegance-sable-champan-rojo-copia\/","name":"BERKEL Elegance Sabre Champ\u00e1n Wengue - Erresse Shop","isPartOf":{"@id":"https:\/\/www.erresse-shop.it\/es\/#website"},"datePublished":"2025-01-22T07:31:34+00:00","dateModified":"2025-05-10T10:00:07+00:00","description":"Sable para descorchar vinos espumosos Accesorio de lujo para la degustaci\u00f3n de calidad de champ\u00e1n, spumante u otros vinos espumosos. Con su peque\u00f1o tama\u00f1o","breadcrumb":{"@id":"https:\/\/www.erresse-shop.it\/es\/shop\/cocina\/cuchillos\/cuchillos-de-cocina\/berkel-elegance-sable-champan-rojo-copia\/#breadcrumb"},"inLanguage":"es","potentialAction":[{"@type":"ReadAction","target":["https:\/\/www.erresse-shop.it\/es\/shop\/cocina\/cuchillos\/cuchillos-de-cocina\/berkel-elegance-sable-champan-rojo-copia\/"]}]},{"@type":"BreadcrumbList","@id":"https:\/\/www.erresse-shop.it\/es\/shop\/cocina\/cuchillos\/cuchillos-de-cocina\/berkel-elegance-sable-champan-rojo-copia\/#breadcrumb","itemListElement":[{"@type":"ListItem","position":1,"name":"Home","item":"https:\/\/www.erresse-shop.it\/es\/"},{"@type":"ListItem","position":2,"name":"Shop","item":"https:\/\/www.erresse-shop.it\/es\/shop\/"},{"@type":"ListItem","position":3,"name":"BERKEL Elegance Sabre Champ\u00e1n Wengue"}]},{"@type":"WebSite","@id":"https:\/\/www.erresse-shop.it\/es\/#website","url":"https:\/\/www.erresse-shop.it\/es\/","name":"Erresse Shop","description":"Articoli di qualit\u00e0 per la casa","potentialAction":[{"@type":"SearchAction","target":{"@type":"EntryPoint","urlTemplate":"https:\/\/www.erresse-shop.it\/es\/?s={search_term_string}"},"query-input":"required name=search_term_string"}],"inLanguage":"es"}]}},"df_price":154.5,"df_sale_price":154.5,"df_regular_price":309,"df_image_link":"https:\/\/www.erresse-shop.it\/wp-content\/uploads\/2025\/01\/BERKEL-Elegance-Sciabola-Champagne-Wenge-300x300.jpg","_links":{"self":[{"href":"https:\/\/www.erresse-shop.it\/es\/wp-json\/wp\/v2\/product\/462272"}],"collection":[{"href":"https:\/\/www.erresse-shop.it\/es\/wp-json\/wp\/v2\/product"}],"about":[{"href":"https:\/\/www.erresse-shop.it\/es\/wp-json\/wp\/v2\/types\/product"}],"wp:featuredmedia":[{"embeddable":true,"href":"https:\/\/www.erresse-shop.it\/es\/wp-json\/wp\/v2\/media\/462282"}],"wp:attachment":[{"href":"https:\/\/www.erresse-shop.it\/es\/wp-json\/wp\/v2\/media?parent=462272"}],"wp:term":[{"taxonomy":"product_cat","embeddable":true,"href":"https:\/\/www.erresse-shop.it\/es\/wp-json\/wp\/v2\/product_cat?post=462272"},{"taxonomy":"product_tag","embeddable":true,"href":"https:\/\/www.erresse-shop.it\/es\/wp-json\/wp\/v2\/product_tag?post=462272"}],"curies":[{"name":"wp","href":"https:\/\/api.w.org\/{rel}","templated":true}]}}