{"id":462220,"date":"2025-01-21T14:56:51","date_gmt":"2025-01-21T14:56:54","guid":{"rendered":"https:\/\/www.erresse-shop.it\/?post_type=product&#038;p=462220"},"modified":"2025-01-21T15:09:00","modified_gmt":"2025-01-21T15:09:00","slug":"berkel-cuchillo-de-cocina-adhoc-20-cm-negro-copia","status":"publish","type":"product","link":"https:\/\/www.erresse-shop.it\/es\/shop\/cocina\/cuchillos\/cuchillos-de-cocina\/berkel-cuchillo-de-cocina-adhoc-20-cm-negro-copia\/","title":{"rendered":"BERKEL Cuchillo Jamonero Adhoc 26 cm Negro"},"content":{"rendered":"<p><strong>El cuchillo para cortar a mano<\/strong><\/p>\n<p>Cuchillo flexible y de f\u00e1cil manejo. Gracias a su hoja larga y flexible permite cortar en lonchas finas todo tipo de embutidos y embutidos, favoreciendo la consistencia del grosor.<\/p>\n<p><strong>CARACTER\u00cdSTICAS<\/strong><\/p>\n<p>El cuchillo jamonero con remaches en el mango de la l\u00ednea Adhoc Berkel es flexible y f\u00e1cil de manejar. Destaca por su hoja larga y flexible que permite cortar en l\u00e1minas finas todo tipo de embutidos y embutidos, favoreciendo la consistencia del grosor. Un dise\u00f1o simple y refinado combinado con materiales de calidad hacen de este cuchillo un producto insustituible para todos los amantes de los embutidos cortados a mano.<\/p>\n<ul>\n<li>Hoja fabricada en acero al cromo-molibdeno-vanadio 1.4116-X50 Cr Mo V15 de alta calidad<\/li>\n<li>Hoja cortada con l\u00e1ser<\/li>\n<li>Mango compuesto por carrilleras de resina ensambladas con remaches de acero AISI 304 sin ranuras para evitar la acumulaci\u00f3n de residuos<\/li>\n<li>Nudo de acero para garantizar la m\u00e1xima adherencia entre la hoja y el mango y un perfecto equilibrio del cuchillo durante su uso<\/li>\n<li>Logotipo de Berkel grabado en la hoja<\/li>\n<\/ul>\n<p><strong>Peso:<\/strong> 207 gr<br \/>\n<strong>Material de la hoja:<\/strong> Acero inoxidable 1.4116-X50 Cr Mo V15; Dureza despu\u00e9s de T.T: 53-54 HRC; Tarjeta: Buena; Remaches: acero AISI 304<br \/>\n<strong>Grip:<\/strong> empu\u00f1aduras de resina ensambladas con remaches<br \/>\n<strong>Uso y mantenimiento:<\/strong> Recomendamos encarecidamente lavar a mano con agua caliente para garantizar la integridad del producto y su durabilidad en el tiempo. En cualquier caso, se recomienda secar el cuchillo despu\u00e9s de cada lavado. No utilice pa\u00f1os ni esponjas abrasivas.<\/p>\n","protected":false},"excerpt":{"rendered":"<p>El cuchillo para cortar a mano Cuchillo flexible y de f\u00e1cil manejo. Gracias a su hoja larga y flexible permite<\/p>\n","protected":false},"featured_media":462235,"template":"","meta":{"_acf_changed":false,"inline_featured_image":false},"product_cat":[16040,16043,16047],"product_tag":[18496,16432,17282,20101,16307],"acf":[],"yoast_head":"<!-- This site is optimized with the Yoast SEO Premium plugin v18.6 (Yoast SEO v19.13) - https:\/\/yoast.com\/wordpress\/plugins\/seo\/ -->\n<title>BERKEL Cuchillo Jamonero Adhoc 26 cm Negro - Erresse Shop<\/title>\n<meta name=\"description\" content=\"El cuchillo para cortar a mano Cuchillo flexible y de f\u00e1cil manejo. Gracias a su hoja larga y flexible permite cortar en lonchas finas todo tipo de\" \/>\n<meta name=\"robots\" content=\"index, follow, max-snippet:-1, max-image-preview:large, max-video-preview:-1\" \/>\n<link rel=\"canonical\" href=\"https:\/\/www.erresse-shop.it\/es\/shop\/cocina\/cuchillos\/cuchillos-de-cocina\/berkel-cuchillo-de-cocina-adhoc-20-cm-negro-copia\/\" \/>\n<meta property=\"og:locale\" content=\"es_ES\" \/>\n<meta property=\"og:type\" content=\"article\" \/>\n<meta property=\"og:title\" content=\"BERKEL Cuchillo Jamonero Adhoc 26 cm Negro\" \/>\n<meta property=\"og:description\" content=\"El cuchillo para cortar a mano Cuchillo flexible y de f\u00e1cil manejo. Gracias a su hoja larga y flexible permite cortar en lonchas finas todo tipo de\" \/>\n<meta property=\"og:url\" content=\"https:\/\/www.erresse-shop.it\/es\/shop\/cocina\/cuchillos\/cuchillos-de-cocina\/berkel-cuchillo-de-cocina-adhoc-20-cm-negro-copia\/\" \/>\n<meta property=\"og:site_name\" content=\"Erresse Shop\" \/>\n<meta property=\"article:modified_time\" content=\"2025-01-21T15:09:00+00:00\" \/>\n<meta property=\"og:image\" content=\"https:\/\/www.erresse-shop.it\/wp-content\/uploads\/2025\/01\/BERKEL-Coltello-per-Prosciutto-Adhoc-26-cm-Nero.jpg\" \/>\n\t<meta property=\"og:image:width\" content=\"1200\" \/>\n\t<meta property=\"og:image:height\" content=\"1200\" \/>\n\t<meta property=\"og:image:type\" content=\"image\/jpeg\" \/>\n<meta name=\"twitter:card\" content=\"summary_large_image\" \/>\n<script type=\"application\/ld+json\" class=\"yoast-schema-graph\">{\"@context\":\"https:\/\/schema.org\",\"@graph\":[{\"@type\":\"WebPage\",\"@id\":\"https:\/\/www.erresse-shop.it\/es\/shop\/cocina\/cuchillos\/cuchillos-de-cocina\/berkel-cuchillo-de-cocina-adhoc-20-cm-negro-copia\/\",\"url\":\"https:\/\/www.erresse-shop.it\/es\/shop\/cocina\/cuchillos\/cuchillos-de-cocina\/berkel-cuchillo-de-cocina-adhoc-20-cm-negro-copia\/\",\"name\":\"BERKEL Cuchillo Jamonero Adhoc 26 cm Negro - Erresse Shop\",\"isPartOf\":{\"@id\":\"https:\/\/www.erresse-shop.it\/es\/#website\"},\"datePublished\":\"2025-01-21T14:56:54+00:00\",\"dateModified\":\"2025-01-21T15:09:00+00:00\",\"description\":\"El cuchillo para cortar a mano Cuchillo flexible y de f\u00e1cil manejo. Gracias a su hoja larga y flexible permite cortar en lonchas finas todo tipo de\",\"breadcrumb\":{\"@id\":\"https:\/\/www.erresse-shop.it\/es\/shop\/cocina\/cuchillos\/cuchillos-de-cocina\/berkel-cuchillo-de-cocina-adhoc-20-cm-negro-copia\/#breadcrumb\"},\"inLanguage\":\"es\",\"potentialAction\":[{\"@type\":\"ReadAction\",\"target\":[\"https:\/\/www.erresse-shop.it\/es\/shop\/cocina\/cuchillos\/cuchillos-de-cocina\/berkel-cuchillo-de-cocina-adhoc-20-cm-negro-copia\/\"]}]},{\"@type\":\"BreadcrumbList\",\"@id\":\"https:\/\/www.erresse-shop.it\/es\/shop\/cocina\/cuchillos\/cuchillos-de-cocina\/berkel-cuchillo-de-cocina-adhoc-20-cm-negro-copia\/#breadcrumb\",\"itemListElement\":[{\"@type\":\"ListItem\",\"position\":1,\"name\":\"Home\",\"item\":\"https:\/\/www.erresse-shop.it\/es\/\"},{\"@type\":\"ListItem\",\"position\":2,\"name\":\"Shop\",\"item\":\"https:\/\/www.erresse-shop.it\/es\/shop\/\"},{\"@type\":\"ListItem\",\"position\":3,\"name\":\"BERKEL Cuchillo Jamonero Adhoc 26 cm Negro\"}]},{\"@type\":\"WebSite\",\"@id\":\"https:\/\/www.erresse-shop.it\/es\/#website\",\"url\":\"https:\/\/www.erresse-shop.it\/es\/\",\"name\":\"Erresse Shop\",\"description\":\"Articoli di qualit\u00e0 per la casa\",\"potentialAction\":[{\"@type\":\"SearchAction\",\"target\":{\"@type\":\"EntryPoint\",\"urlTemplate\":\"https:\/\/www.erresse-shop.it\/es\/?s={search_term_string}\"},\"query-input\":\"required name=search_term_string\"}],\"inLanguage\":\"es\"}]}<\/script>\n<!-- \/ Yoast SEO Premium plugin. -->","yoast_head_json":{"title":"BERKEL Cuchillo Jamonero Adhoc 26 cm Negro - Erresse Shop","description":"El cuchillo para cortar a mano Cuchillo flexible y de f\u00e1cil manejo. Gracias a su hoja larga y flexible permite cortar en lonchas finas todo tipo de","robots":{"index":"index","follow":"follow","max-snippet":"max-snippet:-1","max-image-preview":"max-image-preview:large","max-video-preview":"max-video-preview:-1"},"canonical":"https:\/\/www.erresse-shop.it\/es\/shop\/cocina\/cuchillos\/cuchillos-de-cocina\/berkel-cuchillo-de-cocina-adhoc-20-cm-negro-copia\/","og_locale":"es_ES","og_type":"article","og_title":"BERKEL Cuchillo Jamonero Adhoc 26 cm Negro","og_description":"El cuchillo para cortar a mano Cuchillo flexible y de f\u00e1cil manejo. Gracias a su hoja larga y flexible permite cortar en lonchas finas todo tipo de","og_url":"https:\/\/www.erresse-shop.it\/es\/shop\/cocina\/cuchillos\/cuchillos-de-cocina\/berkel-cuchillo-de-cocina-adhoc-20-cm-negro-copia\/","og_site_name":"Erresse Shop","article_modified_time":"2025-01-21T15:09:00+00:00","og_image":[{"width":1200,"height":1200,"url":"https:\/\/www.erresse-shop.it\/wp-content\/uploads\/2025\/01\/BERKEL-Coltello-per-Prosciutto-Adhoc-26-cm-Nero.jpg","type":"image\/jpeg"}],"twitter_card":"summary_large_image","schema":{"@context":"https:\/\/schema.org","@graph":[{"@type":"WebPage","@id":"https:\/\/www.erresse-shop.it\/es\/shop\/cocina\/cuchillos\/cuchillos-de-cocina\/berkel-cuchillo-de-cocina-adhoc-20-cm-negro-copia\/","url":"https:\/\/www.erresse-shop.it\/es\/shop\/cocina\/cuchillos\/cuchillos-de-cocina\/berkel-cuchillo-de-cocina-adhoc-20-cm-negro-copia\/","name":"BERKEL Cuchillo Jamonero Adhoc 26 cm Negro - Erresse Shop","isPartOf":{"@id":"https:\/\/www.erresse-shop.it\/es\/#website"},"datePublished":"2025-01-21T14:56:54+00:00","dateModified":"2025-01-21T15:09:00+00:00","description":"El cuchillo para cortar a mano Cuchillo flexible y de f\u00e1cil manejo. Gracias a su hoja larga y flexible permite cortar en lonchas finas todo tipo de","breadcrumb":{"@id":"https:\/\/www.erresse-shop.it\/es\/shop\/cocina\/cuchillos\/cuchillos-de-cocina\/berkel-cuchillo-de-cocina-adhoc-20-cm-negro-copia\/#breadcrumb"},"inLanguage":"es","potentialAction":[{"@type":"ReadAction","target":["https:\/\/www.erresse-shop.it\/es\/shop\/cocina\/cuchillos\/cuchillos-de-cocina\/berkel-cuchillo-de-cocina-adhoc-20-cm-negro-copia\/"]}]},{"@type":"BreadcrumbList","@id":"https:\/\/www.erresse-shop.it\/es\/shop\/cocina\/cuchillos\/cuchillos-de-cocina\/berkel-cuchillo-de-cocina-adhoc-20-cm-negro-copia\/#breadcrumb","itemListElement":[{"@type":"ListItem","position":1,"name":"Home","item":"https:\/\/www.erresse-shop.it\/es\/"},{"@type":"ListItem","position":2,"name":"Shop","item":"https:\/\/www.erresse-shop.it\/es\/shop\/"},{"@type":"ListItem","position":3,"name":"BERKEL Cuchillo Jamonero Adhoc 26 cm Negro"}]},{"@type":"WebSite","@id":"https:\/\/www.erresse-shop.it\/es\/#website","url":"https:\/\/www.erresse-shop.it\/es\/","name":"Erresse Shop","description":"Articoli di qualit\u00e0 per la casa","potentialAction":[{"@type":"SearchAction","target":{"@type":"EntryPoint","urlTemplate":"https:\/\/www.erresse-shop.it\/es\/?s={search_term_string}"},"query-input":"required name=search_term_string"}],"inLanguage":"es"}]}},"df_price":32.5,"df_sale_price":32.5,"df_regular_price":65,"df_image_link":"https:\/\/www.erresse-shop.it\/wp-content\/uploads\/2025\/01\/BERKEL-Coltello-per-Prosciutto-Adhoc-26-cm-Nero-300x300.jpg","_links":{"self":[{"href":"https:\/\/www.erresse-shop.it\/es\/wp-json\/wp\/v2\/product\/462220"}],"collection":[{"href":"https:\/\/www.erresse-shop.it\/es\/wp-json\/wp\/v2\/product"}],"about":[{"href":"https:\/\/www.erresse-shop.it\/es\/wp-json\/wp\/v2\/types\/product"}],"wp:featuredmedia":[{"embeddable":true,"href":"https:\/\/www.erresse-shop.it\/es\/wp-json\/wp\/v2\/media\/462235"}],"wp:attachment":[{"href":"https:\/\/www.erresse-shop.it\/es\/wp-json\/wp\/v2\/media?parent=462220"}],"wp:term":[{"taxonomy":"product_cat","embeddable":true,"href":"https:\/\/www.erresse-shop.it\/es\/wp-json\/wp\/v2\/product_cat?post=462220"},{"taxonomy":"product_tag","embeddable":true,"href":"https:\/\/www.erresse-shop.it\/es\/wp-json\/wp\/v2\/product_tag?post=462220"}],"curies":[{"name":"wp","href":"https:\/\/api.w.org\/{rel}","templated":true}]}}