{"id":461685,"date":"2025-01-20T10:26:30","date_gmt":"2025-01-20T10:26:31","guid":{"rendered":"https:\/\/www.erresse-shop.it\/?post_type=product&#038;p=461685"},"modified":"2026-02-24T08:44:14","modified_gmt":"2026-02-24T08:44:14","slug":"toms-drag-yin-yang","status":"publish","type":"product","link":"https:\/\/www.erresse-shop.it\/es\/shop\/mobiliario\/articulos-de-decoracion\/toms-drag-yin-yang\/","title":{"rendered":"TOM&#8217;S DRAG Yin-Yang"},"content":{"rendered":"<p><b>Yin-Yang<\/b> es una escultura pintada a mano. Art\u00edculo de la colecci\u00f3n Good Vibrations de Tom&#8217;s Drag.<br \/>\nLas obras de esta colecci\u00f3n est\u00e1n inspiradas en la serenidad del budismo, son piezas de arte creadas con el objetivo de vigorizar el cuerpo y el alma y recargar las energ\u00edas de las personas.<\/p>\n<p><strong>Medidas<\/strong>: L: 28 cm x H 41 cm x P 10 cm<\/p>\n<p><strong>Peso<\/strong> Kg 2<\/p>\n","protected":false},"excerpt":{"rendered":"<p>Yin-Yang es una escultura pintada a mano. Art\u00edculo de la colecci\u00f3n Good Vibrations de Tom&#8217;s Drag. Las obras de esta<\/p>\n","protected":false},"featured_media":461695,"template":"","meta":{"_acf_changed":false,"inline_featured_image":false},"product_cat":[16026,16016],"product_tag":[25039,17001,25023],"acf":[],"yoast_head":"<!-- This site is optimized with the Yoast SEO Premium plugin v18.6 (Yoast SEO v19.13) - https:\/\/yoast.com\/wordpress\/plugins\/seo\/ -->\n<title>TOM&#039;S DRAG Yin-Yang - Erresse Shop<\/title>\n<meta name=\"description\" content=\"Yin-Yang es una escultura pintada a mano. Art\u00edculo de la colecci\u00f3n Good Vibrations de Tom&#039;s Drag. Las obras de esta colecci\u00f3n est\u00e1n inspiradas en la\" \/>\n<meta name=\"robots\" content=\"index, follow, max-snippet:-1, max-image-preview:large, max-video-preview:-1\" \/>\n<link rel=\"canonical\" href=\"https:\/\/www.erresse-shop.it\/es\/shop\/mobiliario\/articulos-de-decoracion\/toms-drag-yin-yang\/\" \/>\n<meta property=\"og:locale\" content=\"es_ES\" \/>\n<meta property=\"og:type\" content=\"article\" \/>\n<meta property=\"og:title\" content=\"TOM&#039;S DRAG Yin-Yang\" \/>\n<meta property=\"og:description\" content=\"Yin-Yang es una escultura pintada a mano. Art\u00edculo de la colecci\u00f3n Good Vibrations de Tom&#039;s Drag. Las obras de esta colecci\u00f3n est\u00e1n inspiradas en la\" \/>\n<meta property=\"og:url\" content=\"https:\/\/www.erresse-shop.it\/es\/shop\/mobiliario\/articulos-de-decoracion\/toms-drag-yin-yang\/\" \/>\n<meta property=\"og:site_name\" content=\"Erresse Shop\" \/>\n<meta property=\"article:modified_time\" content=\"2026-02-24T08:44:14+00:00\" \/>\n<meta property=\"og:image\" content=\"https:\/\/www.erresse-shop.it\/wp-content\/uploads\/2025\/01\/TOMS-DRAG-Yin-Yang.jpg\" \/>\n\t<meta property=\"og:image:width\" content=\"1200\" \/>\n\t<meta property=\"og:image:height\" content=\"1200\" \/>\n\t<meta property=\"og:image:type\" content=\"image\/jpeg\" \/>\n<meta name=\"twitter:card\" content=\"summary_large_image\" \/>\n<script type=\"application\/ld+json\" class=\"yoast-schema-graph\">{\"@context\":\"https:\/\/schema.org\",\"@graph\":[{\"@type\":\"WebPage\",\"@id\":\"https:\/\/www.erresse-shop.it\/es\/shop\/mobiliario\/articulos-de-decoracion\/toms-drag-yin-yang\/\",\"url\":\"https:\/\/www.erresse-shop.it\/es\/shop\/mobiliario\/articulos-de-decoracion\/toms-drag-yin-yang\/\",\"name\":\"TOM'S DRAG Yin-Yang - Erresse Shop\",\"isPartOf\":{\"@id\":\"https:\/\/www.erresse-shop.it\/es\/#website\"},\"datePublished\":\"2025-01-20T10:26:31+00:00\",\"dateModified\":\"2026-02-24T08:44:14+00:00\",\"description\":\"Yin-Yang es una escultura pintada a mano. Art\u00edculo de la colecci\u00f3n Good Vibrations de Tom's Drag. Las obras de esta colecci\u00f3n est\u00e1n inspiradas en la\",\"breadcrumb\":{\"@id\":\"https:\/\/www.erresse-shop.it\/es\/shop\/mobiliario\/articulos-de-decoracion\/toms-drag-yin-yang\/#breadcrumb\"},\"inLanguage\":\"es\",\"potentialAction\":[{\"@type\":\"ReadAction\",\"target\":[\"https:\/\/www.erresse-shop.it\/es\/shop\/mobiliario\/articulos-de-decoracion\/toms-drag-yin-yang\/\"]}]},{\"@type\":\"BreadcrumbList\",\"@id\":\"https:\/\/www.erresse-shop.it\/es\/shop\/mobiliario\/articulos-de-decoracion\/toms-drag-yin-yang\/#breadcrumb\",\"itemListElement\":[{\"@type\":\"ListItem\",\"position\":1,\"name\":\"Home\",\"item\":\"https:\/\/www.erresse-shop.it\/es\/\"},{\"@type\":\"ListItem\",\"position\":2,\"name\":\"Shop\",\"item\":\"https:\/\/www.erresse-shop.it\/es\/shop\/\"},{\"@type\":\"ListItem\",\"position\":3,\"name\":\"TOM&#8217;S DRAG Yin-Yang\"}]},{\"@type\":\"WebSite\",\"@id\":\"https:\/\/www.erresse-shop.it\/es\/#website\",\"url\":\"https:\/\/www.erresse-shop.it\/es\/\",\"name\":\"Erresse Shop\",\"description\":\"Articoli di qualit\u00e0 per la casa\",\"potentialAction\":[{\"@type\":\"SearchAction\",\"target\":{\"@type\":\"EntryPoint\",\"urlTemplate\":\"https:\/\/www.erresse-shop.it\/es\/?s={search_term_string}\"},\"query-input\":\"required name=search_term_string\"}],\"inLanguage\":\"es\"}]}<\/script>\n<!-- \/ Yoast SEO Premium plugin. -->","yoast_head_json":{"title":"TOM'S DRAG Yin-Yang - Erresse Shop","description":"Yin-Yang es una escultura pintada a mano. Art\u00edculo de la colecci\u00f3n Good Vibrations de Tom's Drag. Las obras de esta colecci\u00f3n est\u00e1n inspiradas en la","robots":{"index":"index","follow":"follow","max-snippet":"max-snippet:-1","max-image-preview":"max-image-preview:large","max-video-preview":"max-video-preview:-1"},"canonical":"https:\/\/www.erresse-shop.it\/es\/shop\/mobiliario\/articulos-de-decoracion\/toms-drag-yin-yang\/","og_locale":"es_ES","og_type":"article","og_title":"TOM'S DRAG Yin-Yang","og_description":"Yin-Yang es una escultura pintada a mano. Art\u00edculo de la colecci\u00f3n Good Vibrations de Tom's Drag. Las obras de esta colecci\u00f3n est\u00e1n inspiradas en la","og_url":"https:\/\/www.erresse-shop.it\/es\/shop\/mobiliario\/articulos-de-decoracion\/toms-drag-yin-yang\/","og_site_name":"Erresse Shop","article_modified_time":"2026-02-24T08:44:14+00:00","og_image":[{"width":1200,"height":1200,"url":"https:\/\/www.erresse-shop.it\/wp-content\/uploads\/2025\/01\/TOMS-DRAG-Yin-Yang.jpg","type":"image\/jpeg"}],"twitter_card":"summary_large_image","schema":{"@context":"https:\/\/schema.org","@graph":[{"@type":"WebPage","@id":"https:\/\/www.erresse-shop.it\/es\/shop\/mobiliario\/articulos-de-decoracion\/toms-drag-yin-yang\/","url":"https:\/\/www.erresse-shop.it\/es\/shop\/mobiliario\/articulos-de-decoracion\/toms-drag-yin-yang\/","name":"TOM'S DRAG Yin-Yang - Erresse Shop","isPartOf":{"@id":"https:\/\/www.erresse-shop.it\/es\/#website"},"datePublished":"2025-01-20T10:26:31+00:00","dateModified":"2026-02-24T08:44:14+00:00","description":"Yin-Yang es una escultura pintada a mano. Art\u00edculo de la colecci\u00f3n Good Vibrations de Tom's Drag. Las obras de esta colecci\u00f3n est\u00e1n inspiradas en la","breadcrumb":{"@id":"https:\/\/www.erresse-shop.it\/es\/shop\/mobiliario\/articulos-de-decoracion\/toms-drag-yin-yang\/#breadcrumb"},"inLanguage":"es","potentialAction":[{"@type":"ReadAction","target":["https:\/\/www.erresse-shop.it\/es\/shop\/mobiliario\/articulos-de-decoracion\/toms-drag-yin-yang\/"]}]},{"@type":"BreadcrumbList","@id":"https:\/\/www.erresse-shop.it\/es\/shop\/mobiliario\/articulos-de-decoracion\/toms-drag-yin-yang\/#breadcrumb","itemListElement":[{"@type":"ListItem","position":1,"name":"Home","item":"https:\/\/www.erresse-shop.it\/es\/"},{"@type":"ListItem","position":2,"name":"Shop","item":"https:\/\/www.erresse-shop.it\/es\/shop\/"},{"@type":"ListItem","position":3,"name":"TOM&#8217;S DRAG Yin-Yang"}]},{"@type":"WebSite","@id":"https:\/\/www.erresse-shop.it\/es\/#website","url":"https:\/\/www.erresse-shop.it\/es\/","name":"Erresse Shop","description":"Articoli di qualit\u00e0 per la casa","potentialAction":[{"@type":"SearchAction","target":{"@type":"EntryPoint","urlTemplate":"https:\/\/www.erresse-shop.it\/es\/?s={search_term_string}"},"query-input":"required name=search_term_string"}],"inLanguage":"es"}]}},"df_price":219.95,"df_sale_price":219.95,"df_regular_price":298,"df_image_link":"https:\/\/www.erresse-shop.it\/wp-content\/uploads\/2025\/01\/TOMS-DRAG-Yin-Yang-300x300.jpg","_links":{"self":[{"href":"https:\/\/www.erresse-shop.it\/es\/wp-json\/wp\/v2\/product\/461685"}],"collection":[{"href":"https:\/\/www.erresse-shop.it\/es\/wp-json\/wp\/v2\/product"}],"about":[{"href":"https:\/\/www.erresse-shop.it\/es\/wp-json\/wp\/v2\/types\/product"}],"wp:featuredmedia":[{"embeddable":true,"href":"https:\/\/www.erresse-shop.it\/es\/wp-json\/wp\/v2\/media\/461695"}],"wp:attachment":[{"href":"https:\/\/www.erresse-shop.it\/es\/wp-json\/wp\/v2\/media?parent=461685"}],"wp:term":[{"taxonomy":"product_cat","embeddable":true,"href":"https:\/\/www.erresse-shop.it\/es\/wp-json\/wp\/v2\/product_cat?post=461685"},{"taxonomy":"product_tag","embeddable":true,"href":"https:\/\/www.erresse-shop.it\/es\/wp-json\/wp\/v2\/product_tag?post=461685"}],"curies":[{"name":"wp","href":"https:\/\/api.w.org\/{rel}","templated":true}]}}