{"id":461543,"date":"2025-01-20T08:53:30","date_gmt":"2025-01-20T08:53:32","guid":{"rendered":"https:\/\/www.erresse-shop.it\/?post_type=product&#038;p=461543"},"modified":"2026-02-24T08:51:09","modified_gmt":"2026-02-24T08:51:09","slug":"le-creuset-sarten-skillet-alta-de-hierro-fundido-26-cm-azul-caribeno","status":"publish","type":"product","link":"https:\/\/www.erresse-shop.it\/es\/shop\/sartenes-y-ollas\/sartenes\/le-creuset-sarten-skillet-alta-de-hierro-fundido-26-cm-azul-caribeno\/","title":{"rendered":"LE CREUSET Sart\u00e9n Skillet Alta de Hierro Fundido 26 cm Azul caribe\u00f1o"},"content":{"rendered":"<p>Esta sart\u00e9n est\u00e1 hecha de nuestro legendario hierro fundido esmaltado, por lo que se puede utilizar en el horno o en la estufa. Un aut\u00e9ntico aliado imprescindible en la cocina, dispone de un mango ergon\u00f3mico que permite moverlo f\u00e1cilmente. El pico doble se utiliza para verter y servir sin gotear. \u00bfEstas listo para servir? Llevar la comida directamente a la mesa.<\/p>\n<ul>\n<li class=\"mb-3\">Versatilidad: Este producto es apto para horno, estufa y horno en modo grill.<\/li>\n<li class=\"mb-3\">Comida de excelente sabor: el hierro fundido esmaltado retiene el calor para lograr una cocci\u00f3n y doradura uniformes. Tus deliciosas creaciones tambi\u00e9n se mantendr\u00e1n calientes durante m\u00e1s tiempo en la mesa.<\/li>\n<li class=\"mb-3\">F\u00e1cil de agarrar: las asas elegantes y c\u00f3modas le permiten levantar el producto de forma segura.<\/li>\n<li class=\"mb-3\">Una valiosa ayuda: el pr\u00e1ctico asa permite levantar f\u00e1cilmente el producto y moverlo entre la placa de cocci\u00f3n, el horno y la mesa.<\/li>\n<li class=\"mb-3\">Vierta sin dudarlo: los picos laterales facilitan el vertido (sin gotear).<\/li>\n<li class=\"mb-3\">Un arco\u00edris de colores: disponible en una amplia variedad de colores, nuestra gama agregar\u00e1 un toque de color a su cocina.<\/li>\n<li class=\"mb-3\">No demasiado caliente: cocine a fuego lento o medio constante para cuidar su producto de hierro fundido y lograr resultados deliciosos.<\/li>\n<li class=\"mb-3\">Mejora con el tiempo: el interior esmaltado desarrolla una p\u00e1tina natural que act\u00faa casi como una superficie antiadherente. Su acabado tiene propiedades que evitan que los alimentos se peguen incluso con peque\u00f1as cantidades de aceite. Lave el producto \u00fanicamente con agua para permitir que se desarrolle la p\u00e1tina.<\/li>\n<li class=\"mb-3\">Lo mejor en su clase: nuestros productos se elaboran con los mejores materiales en f\u00e1bricas de todo el mundo para brindar la calidad que espera de Le Creuset.<\/li>\n<\/ul>\n<p>Material: hierro fundido vitrificado<br \/>\nFabricado en: Francia<br \/>\nGarant\u00eda: de por vida<\/p>\n<p><strong>Fuente de calor:<\/strong><\/p>\n<ul>\n<li>Horno<\/li>\n<li>Horno en modo grill<\/li>\n<li>Placa el\u00e9ctrica<\/li>\n<li>Cer\u00e1mica de vidrio<\/li>\n<li>Plan de Gas<\/li>\n<li>Placa de inducci\u00f3n<\/li>\n<\/ul>\n<p><strong>Limpieza y cuidado:<\/strong><\/p>\n<ul>\n<li style=\"list-style-type: none;\">\n<ul>\n<li>Espere a que el producto se enfr\u00ede antes de comenzar a limpiarlo.<\/li>\n<\/ul>\n<\/li>\n<\/ul>\n<p>Limpie cualquier residuo de la base y los lados del producto. Si hay comida pegada, llene el producto con agua tibia y jab\u00f3n y d\u00e9jelo en remojo durante 15 a 20 minutos antes de lavarlo como de costumbre.<\/p>\n<ul>\n<li>No utilice limpiadores abrasivos ni esponjas o cepillos met\u00e1licos, abrasivos o muy duros en ninguna de las superficies.<\/li>\n<li>Secar bien despu\u00e9s del lavado y guardar en un lugar seco.<\/li>\n<\/ul>\n<p>&nbsp;<\/p>\n","protected":false},"excerpt":{"rendered":"<p>Esta sart\u00e9n est\u00e1 hecha de nuestro legendario hierro fundido esmaltado, por lo que se puede utilizar en el horno o<\/p>\n","protected":false},"featured_media":461552,"template":"","meta":{"_acf_changed":false,"inline_featured_image":false},"product_cat":[16066,16058],"product_tag":[25090,21537,16248,16158,16654,16160,25023],"acf":[],"yoast_head":"<!-- This site is optimized with the Yoast SEO Premium plugin v18.6 (Yoast SEO v19.13) - https:\/\/yoast.com\/wordpress\/plugins\/seo\/ -->\n<title>LE CREUSET Sart\u00e9n Skillet Alta de Hierro Fundido 26 cm Azul caribe\u00f1o - Erresse Shop<\/title>\n<meta name=\"description\" content=\"Esta sart\u00e9n est\u00e1 hecha de nuestro legendario hierro fundido esmaltado, por lo que se puede utilizar en el horno o en la estufa. Un aut\u00e9ntico aliado\" \/>\n<meta name=\"robots\" content=\"index, follow, max-snippet:-1, max-image-preview:large, max-video-preview:-1\" \/>\n<link rel=\"canonical\" href=\"https:\/\/www.erresse-shop.it\/es\/shop\/sartenes-y-ollas\/sartenes\/le-creuset-sarten-skillet-alta-de-hierro-fundido-26-cm-azul-caribeno\/\" \/>\n<meta property=\"og:locale\" content=\"es_ES\" \/>\n<meta property=\"og:type\" content=\"article\" \/>\n<meta property=\"og:title\" content=\"LE CREUSET Sart\u00e9n Skillet Alta de Hierro Fundido 26 cm Azul caribe\u00f1o\" \/>\n<meta property=\"og:description\" content=\"Esta sart\u00e9n est\u00e1 hecha de nuestro legendario hierro fundido esmaltado, por lo que se puede utilizar en el horno o en la estufa. Un aut\u00e9ntico aliado\" \/>\n<meta property=\"og:url\" content=\"https:\/\/www.erresse-shop.it\/es\/shop\/sartenes-y-ollas\/sartenes\/le-creuset-sarten-skillet-alta-de-hierro-fundido-26-cm-azul-caribeno\/\" \/>\n<meta property=\"og:site_name\" content=\"Erresse Shop\" \/>\n<meta property=\"article:modified_time\" content=\"2026-02-24T08:51:09+00:00\" \/>\n<meta property=\"og:image\" content=\"https:\/\/www.erresse-shop.it\/wp-content\/uploads\/2025\/01\/LE-CREUSET-Padella-Profonda-Evolution-Doppio-Becco-26-cm-Blu-Caribe.jpg\" \/>\n\t<meta property=\"og:image:width\" content=\"1200\" \/>\n\t<meta property=\"og:image:height\" content=\"1200\" \/>\n\t<meta property=\"og:image:type\" content=\"image\/jpeg\" \/>\n<meta name=\"twitter:card\" content=\"summary_large_image\" \/>\n<script type=\"application\/ld+json\" class=\"yoast-schema-graph\">{\"@context\":\"https:\/\/schema.org\",\"@graph\":[{\"@type\":\"WebPage\",\"@id\":\"https:\/\/www.erresse-shop.it\/es\/shop\/sartenes-y-ollas\/sartenes\/le-creuset-sarten-skillet-alta-de-hierro-fundido-26-cm-azul-caribeno\/\",\"url\":\"https:\/\/www.erresse-shop.it\/es\/shop\/sartenes-y-ollas\/sartenes\/le-creuset-sarten-skillet-alta-de-hierro-fundido-26-cm-azul-caribeno\/\",\"name\":\"LE CREUSET Sart\u00e9n Skillet Alta de Hierro Fundido 26 cm Azul caribe\u00f1o - Erresse Shop\",\"isPartOf\":{\"@id\":\"https:\/\/www.erresse-shop.it\/es\/#website\"},\"datePublished\":\"2025-01-20T08:53:32+00:00\",\"dateModified\":\"2026-02-24T08:51:09+00:00\",\"description\":\"Esta sart\u00e9n est\u00e1 hecha de nuestro legendario hierro fundido esmaltado, por lo que se puede utilizar en el horno o en la estufa. Un aut\u00e9ntico aliado\",\"breadcrumb\":{\"@id\":\"https:\/\/www.erresse-shop.it\/es\/shop\/sartenes-y-ollas\/sartenes\/le-creuset-sarten-skillet-alta-de-hierro-fundido-26-cm-azul-caribeno\/#breadcrumb\"},\"inLanguage\":\"es\",\"potentialAction\":[{\"@type\":\"ReadAction\",\"target\":[\"https:\/\/www.erresse-shop.it\/es\/shop\/sartenes-y-ollas\/sartenes\/le-creuset-sarten-skillet-alta-de-hierro-fundido-26-cm-azul-caribeno\/\"]}]},{\"@type\":\"BreadcrumbList\",\"@id\":\"https:\/\/www.erresse-shop.it\/es\/shop\/sartenes-y-ollas\/sartenes\/le-creuset-sarten-skillet-alta-de-hierro-fundido-26-cm-azul-caribeno\/#breadcrumb\",\"itemListElement\":[{\"@type\":\"ListItem\",\"position\":1,\"name\":\"Home\",\"item\":\"https:\/\/www.erresse-shop.it\/es\/\"},{\"@type\":\"ListItem\",\"position\":2,\"name\":\"Shop\",\"item\":\"https:\/\/www.erresse-shop.it\/es\/shop\/\"},{\"@type\":\"ListItem\",\"position\":3,\"name\":\"LE CREUSET Sart\u00e9n Skillet Alta de Hierro Fundido 26 cm Azul caribe\u00f1o\"}]},{\"@type\":\"WebSite\",\"@id\":\"https:\/\/www.erresse-shop.it\/es\/#website\",\"url\":\"https:\/\/www.erresse-shop.it\/es\/\",\"name\":\"Erresse Shop\",\"description\":\"Articoli di qualit\u00e0 per la casa\",\"potentialAction\":[{\"@type\":\"SearchAction\",\"target\":{\"@type\":\"EntryPoint\",\"urlTemplate\":\"https:\/\/www.erresse-shop.it\/es\/?s={search_term_string}\"},\"query-input\":\"required name=search_term_string\"}],\"inLanguage\":\"es\"}]}<\/script>\n<!-- \/ Yoast SEO Premium plugin. -->","yoast_head_json":{"title":"LE CREUSET Sart\u00e9n Skillet Alta de Hierro Fundido 26 cm Azul caribe\u00f1o - Erresse Shop","description":"Esta sart\u00e9n est\u00e1 hecha de nuestro legendario hierro fundido esmaltado, por lo que se puede utilizar en el horno o en la estufa. Un aut\u00e9ntico aliado","robots":{"index":"index","follow":"follow","max-snippet":"max-snippet:-1","max-image-preview":"max-image-preview:large","max-video-preview":"max-video-preview:-1"},"canonical":"https:\/\/www.erresse-shop.it\/es\/shop\/sartenes-y-ollas\/sartenes\/le-creuset-sarten-skillet-alta-de-hierro-fundido-26-cm-azul-caribeno\/","og_locale":"es_ES","og_type":"article","og_title":"LE CREUSET Sart\u00e9n Skillet Alta de Hierro Fundido 26 cm Azul caribe\u00f1o","og_description":"Esta sart\u00e9n est\u00e1 hecha de nuestro legendario hierro fundido esmaltado, por lo que se puede utilizar en el horno o en la estufa. Un aut\u00e9ntico aliado","og_url":"https:\/\/www.erresse-shop.it\/es\/shop\/sartenes-y-ollas\/sartenes\/le-creuset-sarten-skillet-alta-de-hierro-fundido-26-cm-azul-caribeno\/","og_site_name":"Erresse Shop","article_modified_time":"2026-02-24T08:51:09+00:00","og_image":[{"width":1200,"height":1200,"url":"https:\/\/www.erresse-shop.it\/wp-content\/uploads\/2025\/01\/LE-CREUSET-Padella-Profonda-Evolution-Doppio-Becco-26-cm-Blu-Caribe.jpg","type":"image\/jpeg"}],"twitter_card":"summary_large_image","schema":{"@context":"https:\/\/schema.org","@graph":[{"@type":"WebPage","@id":"https:\/\/www.erresse-shop.it\/es\/shop\/sartenes-y-ollas\/sartenes\/le-creuset-sarten-skillet-alta-de-hierro-fundido-26-cm-azul-caribeno\/","url":"https:\/\/www.erresse-shop.it\/es\/shop\/sartenes-y-ollas\/sartenes\/le-creuset-sarten-skillet-alta-de-hierro-fundido-26-cm-azul-caribeno\/","name":"LE CREUSET Sart\u00e9n Skillet Alta de Hierro Fundido 26 cm Azul caribe\u00f1o - Erresse Shop","isPartOf":{"@id":"https:\/\/www.erresse-shop.it\/es\/#website"},"datePublished":"2025-01-20T08:53:32+00:00","dateModified":"2026-02-24T08:51:09+00:00","description":"Esta sart\u00e9n est\u00e1 hecha de nuestro legendario hierro fundido esmaltado, por lo que se puede utilizar en el horno o en la estufa. Un aut\u00e9ntico aliado","breadcrumb":{"@id":"https:\/\/www.erresse-shop.it\/es\/shop\/sartenes-y-ollas\/sartenes\/le-creuset-sarten-skillet-alta-de-hierro-fundido-26-cm-azul-caribeno\/#breadcrumb"},"inLanguage":"es","potentialAction":[{"@type":"ReadAction","target":["https:\/\/www.erresse-shop.it\/es\/shop\/sartenes-y-ollas\/sartenes\/le-creuset-sarten-skillet-alta-de-hierro-fundido-26-cm-azul-caribeno\/"]}]},{"@type":"BreadcrumbList","@id":"https:\/\/www.erresse-shop.it\/es\/shop\/sartenes-y-ollas\/sartenes\/le-creuset-sarten-skillet-alta-de-hierro-fundido-26-cm-azul-caribeno\/#breadcrumb","itemListElement":[{"@type":"ListItem","position":1,"name":"Home","item":"https:\/\/www.erresse-shop.it\/es\/"},{"@type":"ListItem","position":2,"name":"Shop","item":"https:\/\/www.erresse-shop.it\/es\/shop\/"},{"@type":"ListItem","position":3,"name":"LE CREUSET Sart\u00e9n Skillet Alta de Hierro Fundido 26 cm Azul caribe\u00f1o"}]},{"@type":"WebSite","@id":"https:\/\/www.erresse-shop.it\/es\/#website","url":"https:\/\/www.erresse-shop.it\/es\/","name":"Erresse Shop","description":"Articoli di qualit\u00e0 per la casa","potentialAction":[{"@type":"SearchAction","target":{"@type":"EntryPoint","urlTemplate":"https:\/\/www.erresse-shop.it\/es\/?s={search_term_string}"},"query-input":"required name=search_term_string"}],"inLanguage":"es"}]}},"df_price":139.95,"df_sale_price":139.95,"df_regular_price":225,"df_image_link":"https:\/\/www.erresse-shop.it\/wp-content\/uploads\/2025\/01\/LE-CREUSET-Padella-Profonda-Evolution-Doppio-Becco-26-cm-Blu-Caribe-300x300.jpg","_links":{"self":[{"href":"https:\/\/www.erresse-shop.it\/es\/wp-json\/wp\/v2\/product\/461543"}],"collection":[{"href":"https:\/\/www.erresse-shop.it\/es\/wp-json\/wp\/v2\/product"}],"about":[{"href":"https:\/\/www.erresse-shop.it\/es\/wp-json\/wp\/v2\/types\/product"}],"wp:featuredmedia":[{"embeddable":true,"href":"https:\/\/www.erresse-shop.it\/es\/wp-json\/wp\/v2\/media\/461552"}],"wp:attachment":[{"href":"https:\/\/www.erresse-shop.it\/es\/wp-json\/wp\/v2\/media?parent=461543"}],"wp:term":[{"taxonomy":"product_cat","embeddable":true,"href":"https:\/\/www.erresse-shop.it\/es\/wp-json\/wp\/v2\/product_cat?post=461543"},{"taxonomy":"product_tag","embeddable":true,"href":"https:\/\/www.erresse-shop.it\/es\/wp-json\/wp\/v2\/product_tag?post=461543"}],"curies":[{"name":"wp","href":"https:\/\/api.w.org\/{rel}","templated":true}]}}