{"id":460920,"date":"2025-01-14T13:59:41","date_gmt":"2025-01-14T13:59:44","guid":{"rendered":"https:\/\/www.erresse-shop.it\/?post_type=product&#038;p=460920"},"modified":"2025-05-19T00:37:51","modified_gmt":"2025-05-19T00:37:51","slug":"villeroy-boch-servicio-oscar-24-piezas-copia","status":"publish","type":"product","link":"https:\/\/www.erresse-shop.it\/es\/shop\/tabla\/cubiertos\/villeroy-boch-servicio-oscar-24-piezas-copia\/","title":{"rendered":"VILLEROY &#038; BOCH Servicio Oscar 30 Piezas"},"content":{"rendered":"<p><strong>Sencillo y elegante<\/strong><br \/>\nEl servicio de mesa de la colecci\u00f3n Oscar impresiona por sus formas ligeramente redondeadas, l\u00edneas sencillas y atemporales y el contorno discreto en la punta del mango del cuchillo. Gracias a su lenguaje formal universal, los cubiertos se pueden combinar f\u00e1cilmente con todas las colecciones de porcelana de Villeroy &amp; Bosquejo. La vajilla de esta elegante colecci\u00f3n es ideal para el uso diario y tambi\u00e9n es adecuada para ocasiones festivas.<br \/>\nEl conjunto consta de:<\/p>\n<ul>\n<li>6x cuchillos de mesa<\/li>\n<li>6x Tenedor de mesa<\/li>\n<li>6x Tenedor de postre<\/li>\n<li>6x Cuchara de sopa<\/li>\n<li>6x Cuchara de caf\u00e9<\/li>\n<\/ul>\n<p><strong>Material<\/strong>: Acero inoxidable<br \/>\n<strong>Color<\/strong>: Plata\/Platino<br \/>\n<strong>Apto para lavavajillas:<\/strong><strong>S\u00ed<br \/>\nApto para microondas: No<\/p>\n","protected":false},"excerpt":{"rendered":"<p><br data-mce-bogus=\"1\"><\/p>\n","protected":false},"featured_media":460927,"template":"","meta":{"_acf_changed":false,"inline_featured_image":false},"product_cat":[16033,16027],"product_tag":[25029,24399,25023],"acf":[],"yoast_head":"<!-- This site is optimized with the Yoast SEO Premium plugin v18.6 (Yoast SEO v19.13) - https:\/\/yoast.com\/wordpress\/plugins\/seo\/ -->\n<title>VILLEROY &amp; BOCH Servicio Oscar 30 Piezas - Erresse Shop<\/title>\n<meta name=\"robots\" content=\"index, follow, max-snippet:-1, max-image-preview:large, max-video-preview:-1\" \/>\n<link rel=\"canonical\" href=\"https:\/\/www.erresse-shop.it\/es\/shop\/tabla\/cubiertos\/villeroy-boch-servicio-oscar-24-piezas-copia\/\" \/>\n<meta property=\"og:locale\" content=\"es_ES\" \/>\n<meta property=\"og:type\" content=\"article\" \/>\n<meta property=\"og:title\" content=\"VILLEROY &amp; BOCH Servicio Oscar 30 Piezas\" \/>\n<meta property=\"og:url\" content=\"https:\/\/www.erresse-shop.it\/es\/shop\/tabla\/cubiertos\/villeroy-boch-servicio-oscar-24-piezas-copia\/\" \/>\n<meta property=\"og:site_name\" content=\"Erresse Shop\" \/>\n<meta property=\"article:modified_time\" content=\"2025-05-19T00:37:51+00:00\" \/>\n<meta property=\"og:image\" content=\"https:\/\/www.erresse-shop.it\/wp-content\/uploads\/2025\/01\/VILLEROY-BOCH-Oscar-Servizio-30-Pezzi.jpg\" \/>\n\t<meta property=\"og:image:width\" content=\"1200\" \/>\n\t<meta property=\"og:image:height\" content=\"1200\" \/>\n\t<meta property=\"og:image:type\" content=\"image\/jpeg\" \/>\n<meta name=\"twitter:card\" content=\"summary_large_image\" \/>\n<script type=\"application\/ld+json\" class=\"yoast-schema-graph\">{\"@context\":\"https:\/\/schema.org\",\"@graph\":[{\"@type\":\"WebPage\",\"@id\":\"https:\/\/www.erresse-shop.it\/es\/shop\/tabla\/cubiertos\/villeroy-boch-servicio-oscar-24-piezas-copia\/\",\"url\":\"https:\/\/www.erresse-shop.it\/es\/shop\/tabla\/cubiertos\/villeroy-boch-servicio-oscar-24-piezas-copia\/\",\"name\":\"VILLEROY & BOCH Servicio Oscar 30 Piezas - Erresse Shop\",\"isPartOf\":{\"@id\":\"https:\/\/www.erresse-shop.it\/es\/#website\"},\"datePublished\":\"2025-01-14T13:59:44+00:00\",\"dateModified\":\"2025-05-19T00:37:51+00:00\",\"breadcrumb\":{\"@id\":\"https:\/\/www.erresse-shop.it\/es\/shop\/tabla\/cubiertos\/villeroy-boch-servicio-oscar-24-piezas-copia\/#breadcrumb\"},\"inLanguage\":\"es\",\"potentialAction\":[{\"@type\":\"ReadAction\",\"target\":[\"https:\/\/www.erresse-shop.it\/es\/shop\/tabla\/cubiertos\/villeroy-boch-servicio-oscar-24-piezas-copia\/\"]}]},{\"@type\":\"BreadcrumbList\",\"@id\":\"https:\/\/www.erresse-shop.it\/es\/shop\/tabla\/cubiertos\/villeroy-boch-servicio-oscar-24-piezas-copia\/#breadcrumb\",\"itemListElement\":[{\"@type\":\"ListItem\",\"position\":1,\"name\":\"Home\",\"item\":\"https:\/\/www.erresse-shop.it\/es\/\"},{\"@type\":\"ListItem\",\"position\":2,\"name\":\"Shop\",\"item\":\"https:\/\/www.erresse-shop.it\/es\/shop\/\"},{\"@type\":\"ListItem\",\"position\":3,\"name\":\"VILLEROY &#038; BOCH Servicio Oscar 30 Piezas\"}]},{\"@type\":\"WebSite\",\"@id\":\"https:\/\/www.erresse-shop.it\/es\/#website\",\"url\":\"https:\/\/www.erresse-shop.it\/es\/\",\"name\":\"Erresse Shop\",\"description\":\"Articoli di qualit\u00e0 per la casa\",\"potentialAction\":[{\"@type\":\"SearchAction\",\"target\":{\"@type\":\"EntryPoint\",\"urlTemplate\":\"https:\/\/www.erresse-shop.it\/es\/?s={search_term_string}\"},\"query-input\":\"required name=search_term_string\"}],\"inLanguage\":\"es\"}]}<\/script>\n<!-- \/ Yoast SEO Premium plugin. -->","yoast_head_json":{"title":"VILLEROY & BOCH Servicio Oscar 30 Piezas - Erresse Shop","robots":{"index":"index","follow":"follow","max-snippet":"max-snippet:-1","max-image-preview":"max-image-preview:large","max-video-preview":"max-video-preview:-1"},"canonical":"https:\/\/www.erresse-shop.it\/es\/shop\/tabla\/cubiertos\/villeroy-boch-servicio-oscar-24-piezas-copia\/","og_locale":"es_ES","og_type":"article","og_title":"VILLEROY & BOCH Servicio Oscar 30 Piezas","og_url":"https:\/\/www.erresse-shop.it\/es\/shop\/tabla\/cubiertos\/villeroy-boch-servicio-oscar-24-piezas-copia\/","og_site_name":"Erresse Shop","article_modified_time":"2025-05-19T00:37:51+00:00","og_image":[{"width":1200,"height":1200,"url":"https:\/\/www.erresse-shop.it\/wp-content\/uploads\/2025\/01\/VILLEROY-BOCH-Oscar-Servizio-30-Pezzi.jpg","type":"image\/jpeg"}],"twitter_card":"summary_large_image","schema":{"@context":"https:\/\/schema.org","@graph":[{"@type":"WebPage","@id":"https:\/\/www.erresse-shop.it\/es\/shop\/tabla\/cubiertos\/villeroy-boch-servicio-oscar-24-piezas-copia\/","url":"https:\/\/www.erresse-shop.it\/es\/shop\/tabla\/cubiertos\/villeroy-boch-servicio-oscar-24-piezas-copia\/","name":"VILLEROY & BOCH Servicio Oscar 30 Piezas - Erresse Shop","isPartOf":{"@id":"https:\/\/www.erresse-shop.it\/es\/#website"},"datePublished":"2025-01-14T13:59:44+00:00","dateModified":"2025-05-19T00:37:51+00:00","breadcrumb":{"@id":"https:\/\/www.erresse-shop.it\/es\/shop\/tabla\/cubiertos\/villeroy-boch-servicio-oscar-24-piezas-copia\/#breadcrumb"},"inLanguage":"es","potentialAction":[{"@type":"ReadAction","target":["https:\/\/www.erresse-shop.it\/es\/shop\/tabla\/cubiertos\/villeroy-boch-servicio-oscar-24-piezas-copia\/"]}]},{"@type":"BreadcrumbList","@id":"https:\/\/www.erresse-shop.it\/es\/shop\/tabla\/cubiertos\/villeroy-boch-servicio-oscar-24-piezas-copia\/#breadcrumb","itemListElement":[{"@type":"ListItem","position":1,"name":"Home","item":"https:\/\/www.erresse-shop.it\/es\/"},{"@type":"ListItem","position":2,"name":"Shop","item":"https:\/\/www.erresse-shop.it\/es\/shop\/"},{"@type":"ListItem","position":3,"name":"VILLEROY &#038; BOCH Servicio Oscar 30 Piezas"}]},{"@type":"WebSite","@id":"https:\/\/www.erresse-shop.it\/es\/#website","url":"https:\/\/www.erresse-shop.it\/es\/","name":"Erresse Shop","description":"Articoli di qualit\u00e0 per la casa","potentialAction":[{"@type":"SearchAction","target":{"@type":"EntryPoint","urlTemplate":"https:\/\/www.erresse-shop.it\/es\/?s={search_term_string}"},"query-input":"required name=search_term_string"}],"inLanguage":"es"}]}},"df_price":109.95,"df_sale_price":109.95,"df_regular_price":249,"df_image_link":"https:\/\/www.erresse-shop.it\/wp-content\/uploads\/2025\/01\/VILLEROY-BOCH-Oscar-Servizio-30-Pezzi-300x300.jpg","_links":{"self":[{"href":"https:\/\/www.erresse-shop.it\/es\/wp-json\/wp\/v2\/product\/460920"}],"collection":[{"href":"https:\/\/www.erresse-shop.it\/es\/wp-json\/wp\/v2\/product"}],"about":[{"href":"https:\/\/www.erresse-shop.it\/es\/wp-json\/wp\/v2\/types\/product"}],"wp:featuredmedia":[{"embeddable":true,"href":"https:\/\/www.erresse-shop.it\/es\/wp-json\/wp\/v2\/media\/460927"}],"wp:attachment":[{"href":"https:\/\/www.erresse-shop.it\/es\/wp-json\/wp\/v2\/media?parent=460920"}],"wp:term":[{"taxonomy":"product_cat","embeddable":true,"href":"https:\/\/www.erresse-shop.it\/es\/wp-json\/wp\/v2\/product_cat?post=460920"},{"taxonomy":"product_tag","embeddable":true,"href":"https:\/\/www.erresse-shop.it\/es\/wp-json\/wp\/v2\/product_tag?post=460920"}],"curies":[{"name":"wp","href":"https:\/\/api.w.org\/{rel}","templated":true}]}}