{"id":455479,"date":"2024-12-19T14:25:00","date_gmt":"2024-12-19T14:25:03","guid":{"rendered":"https:\/\/www.erresse-shop.it\/?post_type=product&#038;p=455479"},"modified":"2025-04-23T09:00:07","modified_gmt":"2025-04-23T09:00:07","slug":"joseph-joseph-glide-compact-tabla-de-planchar-peach-copia","status":"publish","type":"product","link":"https:\/\/www.erresse-shop.it\/es\/shop\/mobiliario\/tablas-de-planchar\/joseph-joseph-glide-compact-tabla-de-planchar-peach-copia\/","title":{"rendered":"JOSEPH JOSEPH Glide Compact Tabla de planchar Peach Gris"},"content":{"rendered":"<p>Esta revolucionaria tabla de planchar de tama\u00f1o normal presenta un dise\u00f1o de soporte \u00fanico que hace que sea m\u00e1s compacta cuando se guarda que otras tablas de planchar convencionales.<\/p>\n<ul>\n<li>El dise\u00f1o exclusivo ocupa mucho menos espacio que otras tablas de planchar cuando se guardan<\/li>\n<li>R\u00e1pida y f\u00e1cil de montar, con 7 posiciones de altura ajustables de 84 cm (33 pulgadas) a 99 cm (39 pulgadas).<\/li>\n<li>Se incluye un gancho independiente para guardar f\u00e1cilmente la tabla o para colgarla detr\u00e1s de una puerta<\/li>\n<li>La funda f\u00e1cil de cambiar incluye una anilla para el cable y un soporte para la plancha de silicona resistente al calor<\/li>\n<\/ul>\n<p><strong>Cuidado y uso<\/strong><\/p>\n<p>Cubierta: limpiar s\u00f3lo con un pa\u00f1o, no lavar a m\u00e1quina<br \/>\nEstructura: limpiar con un pa\u00f1o h\u00famedo, no utilizar pa\u00f1os abrasivos ni limpiadores qu\u00edmicos fuertes<br \/>\nPrecauci\u00f3n: no deje la plancha caliente desatendida sobre el reposaplanchas de silicona<br \/>\nMantenga a los ni\u00f1os alejados de la tabla de planchar durante su uso y gu\u00e1rdela de forma segura despu\u00e9s de utilizarla<br \/>\nMarco garantizado durante 3 a\u00f1os contra defectos de fabricaci\u00f3n, todas las dem\u00e1s piezas garantizadas durante 2 a\u00f1os<\/p>\n<p><strong>Dimensiones:<\/strong><\/p>\n<p>Tama\u00f1o de la tabla: H130 x W38cm (51\u00bc x 15 pulgadas)<\/p>\n<p>Superficie de planchado: H108 x W38cm (42\u00bd x 15 pulgadas)<\/p>\n<p>Cerrado (patas incluidas): H136 x W38 x D8.5 cm (H53\u00bd x W15 x D3\u00bd pulgadas)<\/p>\n<p><strong>Peso<\/strong>: 6,4 kg<\/p>\n","protected":false},"excerpt":{"rendered":"<p>Esta revolucionaria tabla de planchar de tama\u00f1o normal presenta un dise\u00f1o de soporte \u00fanico que hace que sea m\u00e1s compacta<\/p>\n","protected":false},"featured_media":490460,"template":"","meta":{"_acf_changed":false,"inline_featured_image":false},"product_cat":[16016,18097],"product_tag":[25029,18478,16134,25023],"acf":[],"yoast_head":"<!-- This site is optimized with the Yoast SEO Premium plugin v18.6 (Yoast SEO v19.13) - https:\/\/yoast.com\/wordpress\/plugins\/seo\/ -->\n<title>JOSEPH JOSEPH Glide Compact Tabla de planchar Peach Gris - Erresse Shop<\/title>\n<meta name=\"description\" content=\"Esta revolucionaria tabla de planchar de tama\u00f1o normal presenta un dise\u00f1o de soporte \u00fanico que hace que sea m\u00e1s compacta cuando se guarda que otras tablas\" \/>\n<meta name=\"robots\" content=\"index, follow, max-snippet:-1, max-image-preview:large, max-video-preview:-1\" \/>\n<link rel=\"canonical\" href=\"https:\/\/www.erresse-shop.it\/es\/shop\/mobiliario\/tablas-de-planchar\/joseph-joseph-glide-compact-tabla-de-planchar-peach-copia\/\" \/>\n<meta property=\"og:locale\" content=\"es_ES\" \/>\n<meta property=\"og:type\" content=\"article\" \/>\n<meta property=\"og:title\" content=\"JOSEPH JOSEPH Glide Compact Tabla de planchar Peach Gris\" \/>\n<meta property=\"og:description\" content=\"Esta revolucionaria tabla de planchar de tama\u00f1o normal presenta un dise\u00f1o de soporte \u00fanico que hace que sea m\u00e1s compacta cuando se guarda que otras tablas\" \/>\n<meta property=\"og:url\" content=\"https:\/\/www.erresse-shop.it\/es\/shop\/mobiliario\/tablas-de-planchar\/joseph-joseph-glide-compact-tabla-de-planchar-peach-copia\/\" \/>\n<meta property=\"og:site_name\" content=\"Erresse Shop\" \/>\n<meta property=\"article:modified_time\" content=\"2025-04-23T09:00:07+00:00\" \/>\n<meta property=\"og:image\" content=\"https:\/\/www.erresse-shop.it\/wp-content\/uploads\/2024\/05\/JOSEPH-JOSEPH-Glide-Compact-Asse-da-Stiro-Pesca.png\" \/>\n\t<meta property=\"og:image:width\" content=\"800\" \/>\n\t<meta property=\"og:image:height\" content=\"800\" \/>\n\t<meta property=\"og:image:type\" content=\"image\/png\" \/>\n<meta name=\"twitter:card\" content=\"summary_large_image\" \/>\n<script type=\"application\/ld+json\" class=\"yoast-schema-graph\">{\"@context\":\"https:\/\/schema.org\",\"@graph\":[{\"@type\":\"WebPage\",\"@id\":\"https:\/\/www.erresse-shop.it\/es\/shop\/mobiliario\/tablas-de-planchar\/joseph-joseph-glide-compact-tabla-de-planchar-peach-copia\/\",\"url\":\"https:\/\/www.erresse-shop.it\/es\/shop\/mobiliario\/tablas-de-planchar\/joseph-joseph-glide-compact-tabla-de-planchar-peach-copia\/\",\"name\":\"JOSEPH JOSEPH Glide Compact Tabla de planchar Peach Gris - Erresse Shop\",\"isPartOf\":{\"@id\":\"https:\/\/www.erresse-shop.it\/es\/#website\"},\"datePublished\":\"2024-12-19T14:25:03+00:00\",\"dateModified\":\"2025-04-23T09:00:07+00:00\",\"description\":\"Esta revolucionaria tabla de planchar de tama\u00f1o normal presenta un dise\u00f1o de soporte \u00fanico que hace que sea m\u00e1s compacta cuando se guarda que otras tablas\",\"breadcrumb\":{\"@id\":\"https:\/\/www.erresse-shop.it\/es\/shop\/mobiliario\/tablas-de-planchar\/joseph-joseph-glide-compact-tabla-de-planchar-peach-copia\/#breadcrumb\"},\"inLanguage\":\"es\",\"potentialAction\":[{\"@type\":\"ReadAction\",\"target\":[\"https:\/\/www.erresse-shop.it\/es\/shop\/mobiliario\/tablas-de-planchar\/joseph-joseph-glide-compact-tabla-de-planchar-peach-copia\/\"]}]},{\"@type\":\"BreadcrumbList\",\"@id\":\"https:\/\/www.erresse-shop.it\/es\/shop\/mobiliario\/tablas-de-planchar\/joseph-joseph-glide-compact-tabla-de-planchar-peach-copia\/#breadcrumb\",\"itemListElement\":[{\"@type\":\"ListItem\",\"position\":1,\"name\":\"Home\",\"item\":\"https:\/\/www.erresse-shop.it\/es\/\"},{\"@type\":\"ListItem\",\"position\":2,\"name\":\"Shop\",\"item\":\"https:\/\/www.erresse-shop.it\/es\/shop\/\"},{\"@type\":\"ListItem\",\"position\":3,\"name\":\"JOSEPH JOSEPH Glide Compact Tabla de planchar Peach Gris\"}]},{\"@type\":\"WebSite\",\"@id\":\"https:\/\/www.erresse-shop.it\/es\/#website\",\"url\":\"https:\/\/www.erresse-shop.it\/es\/\",\"name\":\"Erresse Shop\",\"description\":\"Articoli di qualit\u00e0 per la casa\",\"potentialAction\":[{\"@type\":\"SearchAction\",\"target\":{\"@type\":\"EntryPoint\",\"urlTemplate\":\"https:\/\/www.erresse-shop.it\/es\/?s={search_term_string}\"},\"query-input\":\"required name=search_term_string\"}],\"inLanguage\":\"es\"}]}<\/script>\n<!-- \/ Yoast SEO Premium plugin. -->","yoast_head_json":{"title":"JOSEPH JOSEPH Glide Compact Tabla de planchar Peach Gris - Erresse Shop","description":"Esta revolucionaria tabla de planchar de tama\u00f1o normal presenta un dise\u00f1o de soporte \u00fanico que hace que sea m\u00e1s compacta cuando se guarda que otras tablas","robots":{"index":"index","follow":"follow","max-snippet":"max-snippet:-1","max-image-preview":"max-image-preview:large","max-video-preview":"max-video-preview:-1"},"canonical":"https:\/\/www.erresse-shop.it\/es\/shop\/mobiliario\/tablas-de-planchar\/joseph-joseph-glide-compact-tabla-de-planchar-peach-copia\/","og_locale":"es_ES","og_type":"article","og_title":"JOSEPH JOSEPH Glide Compact Tabla de planchar Peach Gris","og_description":"Esta revolucionaria tabla de planchar de tama\u00f1o normal presenta un dise\u00f1o de soporte \u00fanico que hace que sea m\u00e1s compacta cuando se guarda que otras tablas","og_url":"https:\/\/www.erresse-shop.it\/es\/shop\/mobiliario\/tablas-de-planchar\/joseph-joseph-glide-compact-tabla-de-planchar-peach-copia\/","og_site_name":"Erresse Shop","article_modified_time":"2025-04-23T09:00:07+00:00","og_image":[{"width":800,"height":800,"url":"https:\/\/www.erresse-shop.it\/wp-content\/uploads\/2024\/05\/JOSEPH-JOSEPH-Glide-Compact-Asse-da-Stiro-Pesca.png","type":"image\/png"}],"twitter_card":"summary_large_image","schema":{"@context":"https:\/\/schema.org","@graph":[{"@type":"WebPage","@id":"https:\/\/www.erresse-shop.it\/es\/shop\/mobiliario\/tablas-de-planchar\/joseph-joseph-glide-compact-tabla-de-planchar-peach-copia\/","url":"https:\/\/www.erresse-shop.it\/es\/shop\/mobiliario\/tablas-de-planchar\/joseph-joseph-glide-compact-tabla-de-planchar-peach-copia\/","name":"JOSEPH JOSEPH Glide Compact Tabla de planchar Peach Gris - Erresse Shop","isPartOf":{"@id":"https:\/\/www.erresse-shop.it\/es\/#website"},"datePublished":"2024-12-19T14:25:03+00:00","dateModified":"2025-04-23T09:00:07+00:00","description":"Esta revolucionaria tabla de planchar de tama\u00f1o normal presenta un dise\u00f1o de soporte \u00fanico que hace que sea m\u00e1s compacta cuando se guarda que otras tablas","breadcrumb":{"@id":"https:\/\/www.erresse-shop.it\/es\/shop\/mobiliario\/tablas-de-planchar\/joseph-joseph-glide-compact-tabla-de-planchar-peach-copia\/#breadcrumb"},"inLanguage":"es","potentialAction":[{"@type":"ReadAction","target":["https:\/\/www.erresse-shop.it\/es\/shop\/mobiliario\/tablas-de-planchar\/joseph-joseph-glide-compact-tabla-de-planchar-peach-copia\/"]}]},{"@type":"BreadcrumbList","@id":"https:\/\/www.erresse-shop.it\/es\/shop\/mobiliario\/tablas-de-planchar\/joseph-joseph-glide-compact-tabla-de-planchar-peach-copia\/#breadcrumb","itemListElement":[{"@type":"ListItem","position":1,"name":"Home","item":"https:\/\/www.erresse-shop.it\/es\/"},{"@type":"ListItem","position":2,"name":"Shop","item":"https:\/\/www.erresse-shop.it\/es\/shop\/"},{"@type":"ListItem","position":3,"name":"JOSEPH JOSEPH Glide Compact Tabla de planchar Peach Gris"}]},{"@type":"WebSite","@id":"https:\/\/www.erresse-shop.it\/es\/#website","url":"https:\/\/www.erresse-shop.it\/es\/","name":"Erresse Shop","description":"Articoli di qualit\u00e0 per la casa","potentialAction":[{"@type":"SearchAction","target":{"@type":"EntryPoint","urlTemplate":"https:\/\/www.erresse-shop.it\/es\/?s={search_term_string}"},"query-input":"required name=search_term_string"}],"inLanguage":"es"}]}},"df_price":79.995,"df_sale_price":79.995,"df_regular_price":159.99,"df_image_link":"https:\/\/www.erresse-shop.it\/wp-content\/uploads\/2024\/12\/JOSEPH-JOSEPH-Glide-Compact-Asse-da-Stiro-Pesca-e-Grigio-300x300.jpg","_links":{"self":[{"href":"https:\/\/www.erresse-shop.it\/es\/wp-json\/wp\/v2\/product\/455479"}],"collection":[{"href":"https:\/\/www.erresse-shop.it\/es\/wp-json\/wp\/v2\/product"}],"about":[{"href":"https:\/\/www.erresse-shop.it\/es\/wp-json\/wp\/v2\/types\/product"}],"wp:featuredmedia":[{"embeddable":true,"href":"https:\/\/www.erresse-shop.it\/es\/wp-json\/wp\/v2\/media\/490460"}],"wp:attachment":[{"href":"https:\/\/www.erresse-shop.it\/es\/wp-json\/wp\/v2\/media?parent=455479"}],"wp:term":[{"taxonomy":"product_cat","embeddable":true,"href":"https:\/\/www.erresse-shop.it\/es\/wp-json\/wp\/v2\/product_cat?post=455479"},{"taxonomy":"product_tag","embeddable":true,"href":"https:\/\/www.erresse-shop.it\/es\/wp-json\/wp\/v2\/product_tag?post=455479"}],"curies":[{"name":"wp","href":"https:\/\/api.w.org\/{rel}","templated":true}]}}