{"id":455331,"date":"2024-12-18T13:47:21","date_gmt":"2024-12-18T13:47:23","guid":{"rendered":"https:\/\/www.erresse-shop.it\/?post_type=product&#038;p=455331"},"modified":"2024-12-18T14:03:37","modified_gmt":"2024-12-18T14:03:37","slug":"g3-ferrari-pastaio-elegance-copia","status":"publish","type":"product","link":"https:\/\/www.erresse-shop.it\/es\/shop\/pequenos-electrodomesticos\/amasadores\/g3-ferrari-pastaio-elegance-copia\/","title":{"rendered":"G3 FERRARI Pastaio Deluxe Rojo"},"content":{"rendered":"<p>La amasadora profesional Pastaio Deluxe representa lo \u00faltimo en comodidad en la cocina: construida con un motor de transmisi\u00f3n directa que permite optimizar el movimiento planetario, esta unidad es capaz de garantizar un consumo de corriente mucho menor y una vida \u00fatil m\u00e1s larga en comparaci\u00f3n con las m\u00e1quinas planetarias tradicionales con transmisi\u00f3n por correa. Pastaio Deluxe tiene 8 velocidades que, combinadas con el movimiento planetario de las varillas, permiten una cobertura total del bol y una mezcla suave y sin grumos, perfecta para preparar masa de pizza, pan, pasteles y galletas. A\u00f1adir ingredientes mientras se prepara una receta es c\u00f3modo y r\u00e1pido gracias al amplio \u00e1ngulo de inclinaci\u00f3n del cabezal. Los pies antideslizantes garantizan la m\u00e1xima seguridad y estabilidad en todo momento, incluso a alta velocidad o al mezclar masas m\u00e1s duras. Con sus formas redondeadas que recuerdan la tradici\u00f3n del dise\u00f1o italiano, el Pasta Maker Deluxe es un aut\u00e9ntico mueble que se integra perfectamente en cualquier cocina. Adquiriendo los accesorios opcionales, tambi\u00e9n es posible picar carne, enrollar pasta y preparar fideos y espaguetis.<\/p>\n<p><strong>Especificaciones t\u00e9cnicas<\/strong><\/p>\n<p>-8 velocidades de funcionamiento<br \/>\n-Motor de transmisi\u00f3n directa sin correas para una m\u00e1xima eficacia y fiabilidad<br \/>\n-Contenedor de acero inoxidable de 5,2 litros con tapa<br \/>\n-Posibilidad de procesar masas de hasta 2,5 kg (dependiendo del alimento a mezclar)<br \/>\n-Pies con ventosa para mayor estabilidad<br \/>\n-Dispositivo de seguridad que evita el uso involuntario<br \/>\n-Accesorios incluidos: gancho amasador y batidor de aluminio, batidor de acero inoxidable, tapa de pl\u00e1stico transparente<br \/>\n-Fuente de alimentaci\u00f3n: AC 220-240V ~ 50\/60 Hz<br \/>\n-Potencia: 1000-1200 W<br \/>\n-Dimensiones (ancho x alto x fondo): 340 x 380 x 220 mm<br \/>\n-Peso: 7,4 kg<\/p>\n<p><strong>No se vende fuera de Europa<\/strong><\/p>\n","protected":false},"excerpt":{"rendered":"<p>La amasadora profesional Pastaio Deluxe representa lo \u00faltimo en comodidad en la cocina: construida con un motor de transmisi\u00f3n directa<\/p>\n","protected":false},"featured_media":488455,"template":"","meta":{"_acf_changed":false,"inline_featured_image":false},"product_cat":[16082,16073],"product_tag":[23692,16279,19877],"acf":[],"yoast_head":"<!-- This site is optimized with the Yoast SEO Premium plugin v18.6 (Yoast SEO v19.13) - https:\/\/yoast.com\/wordpress\/plugins\/seo\/ -->\n<title>G3 FERRARI Pastaio Deluxe Rojo - Erresse Shop<\/title>\n<meta name=\"description\" content=\"La amasadora profesional Pastaio Deluxe representa lo \u00faltimo en comodidad en la cocina: construida con un motor de transmisi\u00f3n directa que permite\" \/>\n<meta name=\"robots\" content=\"index, follow, max-snippet:-1, max-image-preview:large, max-video-preview:-1\" \/>\n<link rel=\"canonical\" href=\"https:\/\/www.erresse-shop.it\/es\/shop\/pequenos-electrodomesticos\/amasadores\/g3-ferrari-pastaio-elegance-copia\/\" \/>\n<meta property=\"og:locale\" content=\"es_ES\" \/>\n<meta property=\"og:type\" content=\"article\" \/>\n<meta property=\"og:title\" content=\"G3 FERRARI Pastaio Deluxe Rojo\" \/>\n<meta property=\"og:description\" content=\"La amasadora profesional Pastaio Deluxe representa lo \u00faltimo en comodidad en la cocina: construida con un motor de transmisi\u00f3n directa que permite\" \/>\n<meta property=\"og:url\" content=\"https:\/\/www.erresse-shop.it\/es\/shop\/pequenos-electrodomesticos\/amasadores\/g3-ferrari-pastaio-elegance-copia\/\" \/>\n<meta property=\"og:site_name\" content=\"Erresse Shop\" \/>\n<meta property=\"article:modified_time\" content=\"2024-12-18T14:03:37+00:00\" \/>\n<meta property=\"og:image\" content=\"https:\/\/www.erresse-shop.it\/wp-content\/uploads\/2024\/12\/G3-Ferrari-impastatrice-deluxe.jpg\" \/>\n\t<meta property=\"og:image:width\" content=\"1200\" \/>\n\t<meta property=\"og:image:height\" content=\"1200\" \/>\n\t<meta property=\"og:image:type\" content=\"image\/jpeg\" \/>\n<meta name=\"twitter:card\" content=\"summary_large_image\" \/>\n<script type=\"application\/ld+json\" class=\"yoast-schema-graph\">{\"@context\":\"https:\/\/schema.org\",\"@graph\":[{\"@type\":\"WebPage\",\"@id\":\"https:\/\/www.erresse-shop.it\/es\/shop\/pequenos-electrodomesticos\/amasadores\/g3-ferrari-pastaio-elegance-copia\/\",\"url\":\"https:\/\/www.erresse-shop.it\/es\/shop\/pequenos-electrodomesticos\/amasadores\/g3-ferrari-pastaio-elegance-copia\/\",\"name\":\"G3 FERRARI Pastaio Deluxe Rojo - Erresse Shop\",\"isPartOf\":{\"@id\":\"https:\/\/www.erresse-shop.it\/es\/#website\"},\"datePublished\":\"2024-12-18T13:47:23+00:00\",\"dateModified\":\"2024-12-18T14:03:37+00:00\",\"description\":\"La amasadora profesional Pastaio Deluxe representa lo \u00faltimo en comodidad en la cocina: construida con un motor de transmisi\u00f3n directa que permite\",\"breadcrumb\":{\"@id\":\"https:\/\/www.erresse-shop.it\/es\/shop\/pequenos-electrodomesticos\/amasadores\/g3-ferrari-pastaio-elegance-copia\/#breadcrumb\"},\"inLanguage\":\"es\",\"potentialAction\":[{\"@type\":\"ReadAction\",\"target\":[\"https:\/\/www.erresse-shop.it\/es\/shop\/pequenos-electrodomesticos\/amasadores\/g3-ferrari-pastaio-elegance-copia\/\"]}]},{\"@type\":\"BreadcrumbList\",\"@id\":\"https:\/\/www.erresse-shop.it\/es\/shop\/pequenos-electrodomesticos\/amasadores\/g3-ferrari-pastaio-elegance-copia\/#breadcrumb\",\"itemListElement\":[{\"@type\":\"ListItem\",\"position\":1,\"name\":\"Home\",\"item\":\"https:\/\/www.erresse-shop.it\/es\/\"},{\"@type\":\"ListItem\",\"position\":2,\"name\":\"Shop\",\"item\":\"https:\/\/www.erresse-shop.it\/es\/shop\/\"},{\"@type\":\"ListItem\",\"position\":3,\"name\":\"G3 FERRARI Pastaio Deluxe Rojo\"}]},{\"@type\":\"WebSite\",\"@id\":\"https:\/\/www.erresse-shop.it\/es\/#website\",\"url\":\"https:\/\/www.erresse-shop.it\/es\/\",\"name\":\"Erresse Shop\",\"description\":\"Articoli di qualit\u00e0 per la casa\",\"potentialAction\":[{\"@type\":\"SearchAction\",\"target\":{\"@type\":\"EntryPoint\",\"urlTemplate\":\"https:\/\/www.erresse-shop.it\/es\/?s={search_term_string}\"},\"query-input\":\"required name=search_term_string\"}],\"inLanguage\":\"es\"}]}<\/script>\n<!-- \/ Yoast SEO Premium plugin. -->","yoast_head_json":{"title":"G3 FERRARI Pastaio Deluxe Rojo - Erresse Shop","description":"La amasadora profesional Pastaio Deluxe representa lo \u00faltimo en comodidad en la cocina: construida con un motor de transmisi\u00f3n directa que permite","robots":{"index":"index","follow":"follow","max-snippet":"max-snippet:-1","max-image-preview":"max-image-preview:large","max-video-preview":"max-video-preview:-1"},"canonical":"https:\/\/www.erresse-shop.it\/es\/shop\/pequenos-electrodomesticos\/amasadores\/g3-ferrari-pastaio-elegance-copia\/","og_locale":"es_ES","og_type":"article","og_title":"G3 FERRARI Pastaio Deluxe Rojo","og_description":"La amasadora profesional Pastaio Deluxe representa lo \u00faltimo en comodidad en la cocina: construida con un motor de transmisi\u00f3n directa que permite","og_url":"https:\/\/www.erresse-shop.it\/es\/shop\/pequenos-electrodomesticos\/amasadores\/g3-ferrari-pastaio-elegance-copia\/","og_site_name":"Erresse Shop","article_modified_time":"2024-12-18T14:03:37+00:00","og_image":[{"width":1200,"height":1200,"url":"https:\/\/www.erresse-shop.it\/wp-content\/uploads\/2024\/12\/G3-Ferrari-impastatrice-deluxe.jpg","type":"image\/jpeg"}],"twitter_card":"summary_large_image","schema":{"@context":"https:\/\/schema.org","@graph":[{"@type":"WebPage","@id":"https:\/\/www.erresse-shop.it\/es\/shop\/pequenos-electrodomesticos\/amasadores\/g3-ferrari-pastaio-elegance-copia\/","url":"https:\/\/www.erresse-shop.it\/es\/shop\/pequenos-electrodomesticos\/amasadores\/g3-ferrari-pastaio-elegance-copia\/","name":"G3 FERRARI Pastaio Deluxe Rojo - Erresse Shop","isPartOf":{"@id":"https:\/\/www.erresse-shop.it\/es\/#website"},"datePublished":"2024-12-18T13:47:23+00:00","dateModified":"2024-12-18T14:03:37+00:00","description":"La amasadora profesional Pastaio Deluxe representa lo \u00faltimo en comodidad en la cocina: construida con un motor de transmisi\u00f3n directa que permite","breadcrumb":{"@id":"https:\/\/www.erresse-shop.it\/es\/shop\/pequenos-electrodomesticos\/amasadores\/g3-ferrari-pastaio-elegance-copia\/#breadcrumb"},"inLanguage":"es","potentialAction":[{"@type":"ReadAction","target":["https:\/\/www.erresse-shop.it\/es\/shop\/pequenos-electrodomesticos\/amasadores\/g3-ferrari-pastaio-elegance-copia\/"]}]},{"@type":"BreadcrumbList","@id":"https:\/\/www.erresse-shop.it\/es\/shop\/pequenos-electrodomesticos\/amasadores\/g3-ferrari-pastaio-elegance-copia\/#breadcrumb","itemListElement":[{"@type":"ListItem","position":1,"name":"Home","item":"https:\/\/www.erresse-shop.it\/es\/"},{"@type":"ListItem","position":2,"name":"Shop","item":"https:\/\/www.erresse-shop.it\/es\/shop\/"},{"@type":"ListItem","position":3,"name":"G3 FERRARI Pastaio Deluxe Rojo"}]},{"@type":"WebSite","@id":"https:\/\/www.erresse-shop.it\/es\/#website","url":"https:\/\/www.erresse-shop.it\/es\/","name":"Erresse Shop","description":"Articoli di qualit\u00e0 per la casa","potentialAction":[{"@type":"SearchAction","target":{"@type":"EntryPoint","urlTemplate":"https:\/\/www.erresse-shop.it\/es\/?s={search_term_string}"},"query-input":"required name=search_term_string"}],"inLanguage":"es"}]}},"df_price":249.95,"df_sale_price":249.95,"df_regular_price":279,"df_image_link":"https:\/\/www.erresse-shop.it\/wp-content\/uploads\/2024\/12\/G3-FERRARI-Pastaio-Deluxe-Rosso-300x300.jpg","_links":{"self":[{"href":"https:\/\/www.erresse-shop.it\/es\/wp-json\/wp\/v2\/product\/455331"}],"collection":[{"href":"https:\/\/www.erresse-shop.it\/es\/wp-json\/wp\/v2\/product"}],"about":[{"href":"https:\/\/www.erresse-shop.it\/es\/wp-json\/wp\/v2\/types\/product"}],"wp:featuredmedia":[{"embeddable":true,"href":"https:\/\/www.erresse-shop.it\/es\/wp-json\/wp\/v2\/media\/488455"}],"wp:attachment":[{"href":"https:\/\/www.erresse-shop.it\/es\/wp-json\/wp\/v2\/media?parent=455331"}],"wp:term":[{"taxonomy":"product_cat","embeddable":true,"href":"https:\/\/www.erresse-shop.it\/es\/wp-json\/wp\/v2\/product_cat?post=455331"},{"taxonomy":"product_tag","embeddable":true,"href":"https:\/\/www.erresse-shop.it\/es\/wp-json\/wp\/v2\/product_tag?post=455331"}],"curies":[{"name":"wp","href":"https:\/\/api.w.org\/{rel}","templated":true}]}}