{"id":455069,"date":"2024-12-17T14:24:06","date_gmt":"2024-12-17T14:24:08","guid":{"rendered":"https:\/\/www.erresse-shop.it\/?post_type=product&#038;p=455069"},"modified":"2024-12-17T14:41:56","modified_gmt":"2024-12-17T14:41:56","slug":"ruffoni-historia-decor-cubo-redondo-34-cm-copia","status":"publish","type":"product","link":"https:\/\/www.erresse-shop.it\/es\/shop\/tabla\/vino\/cubiteras\/ruffoni-historia-decor-cubo-redondo-34-cm-copia\/","title":{"rendered":"RUFFONI Historia Decor Cubitera 20 cm"},"content":{"rendered":"<p>Dise\u00f1ada para llevar el encanto italiano a la mesa junto a su botella favorita de vino o champ\u00e1n, esta elegante cubitera tambi\u00e9n es perfecta para elevar cualquier c\u00f3ctel o picnic, manteniendo la limonada u otras bebidas fr\u00edas con estilo. El complemento perfecto para cualquier colecci\u00f3n de cobre, tambi\u00e9n es una bonita idea de regalo para cualquier persona, independientemente de su habilidad en la cocina.<\/p>\n<p>Hecha a mano en cobre macizo en los Alpes italianos y martillada para darle resistencia y belleza duradera, esta pieza atemporal est\u00e1 inspirada en un antiguo recipiente de cobre de la colecci\u00f3n privada de Ruffoni y tra\u00edda a la actualidad por nuestros maestros caldereros.<\/p>\n<p>Fabricado en Italia.<br \/>\nIdeal para mantener fr\u00eda una botella de vino o champ\u00e1n en la mesa, o para guardar hielo para c\u00f3cteles con estilo.<br \/>\nFabricado en cobre macizo, con pedestal incorporado para reducir la condensaci\u00f3n<br \/>\nMartillado para mayor resistencia y belleza duradera.<\/p>\n<p>Altura :18,5 cm<br \/>\nDi\u00e1metro :20 cm<br \/>\nCapacidad: 3,1 L<\/p>\n","protected":false},"excerpt":{"rendered":"<p>Dise\u00f1ada para llevar el encanto italiano a la mesa junto a su botella favorita de vino o champ\u00e1n, esta elegante<\/p>\n","protected":false},"featured_media":497736,"template":"","meta":{"_acf_changed":false,"inline_featured_image":false},"product_cat":[16054,16027,16051],"product_tag":[16713,16714,24682,16307,23684],"acf":[],"yoast_head":"<!-- This site is optimized with the Yoast SEO Premium plugin v18.6 (Yoast SEO v19.13) - https:\/\/yoast.com\/wordpress\/plugins\/seo\/ -->\n<title>RUFFONI Historia Decor Cubitera 20 cm - Erresse Shop<\/title>\n<meta name=\"description\" content=\"Dise\u00f1ada para llevar el encanto italiano a la mesa junto a su botella favorita de vino o champ\u00e1n, esta elegante cubitera tambi\u00e9n es perfecta para elevar\" \/>\n<meta name=\"robots\" content=\"index, follow, max-snippet:-1, max-image-preview:large, max-video-preview:-1\" \/>\n<link rel=\"canonical\" href=\"https:\/\/www.erresse-shop.it\/es\/shop\/tabla\/vino\/cubiteras\/ruffoni-historia-decor-cubo-redondo-34-cm-copia\/\" \/>\n<meta property=\"og:locale\" content=\"es_ES\" \/>\n<meta property=\"og:type\" content=\"article\" \/>\n<meta property=\"og:title\" content=\"RUFFONI Historia Decor Cubitera 20 cm\" \/>\n<meta property=\"og:description\" content=\"Dise\u00f1ada para llevar el encanto italiano a la mesa junto a su botella favorita de vino o champ\u00e1n, esta elegante cubitera tambi\u00e9n es perfecta para elevar\" \/>\n<meta property=\"og:url\" content=\"https:\/\/www.erresse-shop.it\/es\/shop\/tabla\/vino\/cubiteras\/ruffoni-historia-decor-cubo-redondo-34-cm-copia\/\" \/>\n<meta property=\"og:site_name\" content=\"Erresse Shop\" \/>\n<meta property=\"article:modified_time\" content=\"2024-12-17T14:41:56+00:00\" \/>\n<meta property=\"og:image\" content=\"https:\/\/www.erresse-shop.it\/wp-content\/uploads\/2024\/12\/Ruffoni-Historia-decor-secchiello-4.jpg\" \/>\n\t<meta property=\"og:image:width\" content=\"1200\" \/>\n\t<meta property=\"og:image:height\" content=\"1200\" \/>\n\t<meta property=\"og:image:type\" content=\"image\/jpeg\" \/>\n<meta name=\"twitter:card\" content=\"summary_large_image\" \/>\n<script type=\"application\/ld+json\" class=\"yoast-schema-graph\">{\"@context\":\"https:\/\/schema.org\",\"@graph\":[{\"@type\":\"WebPage\",\"@id\":\"https:\/\/www.erresse-shop.it\/es\/shop\/tabla\/vino\/cubiteras\/ruffoni-historia-decor-cubo-redondo-34-cm-copia\/\",\"url\":\"https:\/\/www.erresse-shop.it\/es\/shop\/tabla\/vino\/cubiteras\/ruffoni-historia-decor-cubo-redondo-34-cm-copia\/\",\"name\":\"RUFFONI Historia Decor Cubitera 20 cm - Erresse Shop\",\"isPartOf\":{\"@id\":\"https:\/\/www.erresse-shop.it\/es\/#website\"},\"datePublished\":\"2024-12-17T14:24:08+00:00\",\"dateModified\":\"2024-12-17T14:41:56+00:00\",\"description\":\"Dise\u00f1ada para llevar el encanto italiano a la mesa junto a su botella favorita de vino o champ\u00e1n, esta elegante cubitera tambi\u00e9n es perfecta para elevar\",\"breadcrumb\":{\"@id\":\"https:\/\/www.erresse-shop.it\/es\/shop\/tabla\/vino\/cubiteras\/ruffoni-historia-decor-cubo-redondo-34-cm-copia\/#breadcrumb\"},\"inLanguage\":\"es\",\"potentialAction\":[{\"@type\":\"ReadAction\",\"target\":[\"https:\/\/www.erresse-shop.it\/es\/shop\/tabla\/vino\/cubiteras\/ruffoni-historia-decor-cubo-redondo-34-cm-copia\/\"]}]},{\"@type\":\"BreadcrumbList\",\"@id\":\"https:\/\/www.erresse-shop.it\/es\/shop\/tabla\/vino\/cubiteras\/ruffoni-historia-decor-cubo-redondo-34-cm-copia\/#breadcrumb\",\"itemListElement\":[{\"@type\":\"ListItem\",\"position\":1,\"name\":\"Home\",\"item\":\"https:\/\/www.erresse-shop.it\/es\/\"},{\"@type\":\"ListItem\",\"position\":2,\"name\":\"Shop\",\"item\":\"https:\/\/www.erresse-shop.it\/es\/shop\/\"},{\"@type\":\"ListItem\",\"position\":3,\"name\":\"RUFFONI Historia Decor Cubitera 20 cm\"}]},{\"@type\":\"WebSite\",\"@id\":\"https:\/\/www.erresse-shop.it\/es\/#website\",\"url\":\"https:\/\/www.erresse-shop.it\/es\/\",\"name\":\"Erresse Shop\",\"description\":\"Articoli di qualit\u00e0 per la casa\",\"potentialAction\":[{\"@type\":\"SearchAction\",\"target\":{\"@type\":\"EntryPoint\",\"urlTemplate\":\"https:\/\/www.erresse-shop.it\/es\/?s={search_term_string}\"},\"query-input\":\"required name=search_term_string\"}],\"inLanguage\":\"es\"}]}<\/script>\n<!-- \/ Yoast SEO Premium plugin. -->","yoast_head_json":{"title":"RUFFONI Historia Decor Cubitera 20 cm - Erresse Shop","description":"Dise\u00f1ada para llevar el encanto italiano a la mesa junto a su botella favorita de vino o champ\u00e1n, esta elegante cubitera tambi\u00e9n es perfecta para elevar","robots":{"index":"index","follow":"follow","max-snippet":"max-snippet:-1","max-image-preview":"max-image-preview:large","max-video-preview":"max-video-preview:-1"},"canonical":"https:\/\/www.erresse-shop.it\/es\/shop\/tabla\/vino\/cubiteras\/ruffoni-historia-decor-cubo-redondo-34-cm-copia\/","og_locale":"es_ES","og_type":"article","og_title":"RUFFONI Historia Decor Cubitera 20 cm","og_description":"Dise\u00f1ada para llevar el encanto italiano a la mesa junto a su botella favorita de vino o champ\u00e1n, esta elegante cubitera tambi\u00e9n es perfecta para elevar","og_url":"https:\/\/www.erresse-shop.it\/es\/shop\/tabla\/vino\/cubiteras\/ruffoni-historia-decor-cubo-redondo-34-cm-copia\/","og_site_name":"Erresse Shop","article_modified_time":"2024-12-17T14:41:56+00:00","og_image":[{"width":1200,"height":1200,"url":"https:\/\/www.erresse-shop.it\/wp-content\/uploads\/2024\/12\/Ruffoni-Historia-decor-secchiello-4.jpg","type":"image\/jpeg"}],"twitter_card":"summary_large_image","schema":{"@context":"https:\/\/schema.org","@graph":[{"@type":"WebPage","@id":"https:\/\/www.erresse-shop.it\/es\/shop\/tabla\/vino\/cubiteras\/ruffoni-historia-decor-cubo-redondo-34-cm-copia\/","url":"https:\/\/www.erresse-shop.it\/es\/shop\/tabla\/vino\/cubiteras\/ruffoni-historia-decor-cubo-redondo-34-cm-copia\/","name":"RUFFONI Historia Decor Cubitera 20 cm - Erresse Shop","isPartOf":{"@id":"https:\/\/www.erresse-shop.it\/es\/#website"},"datePublished":"2024-12-17T14:24:08+00:00","dateModified":"2024-12-17T14:41:56+00:00","description":"Dise\u00f1ada para llevar el encanto italiano a la mesa junto a su botella favorita de vino o champ\u00e1n, esta elegante cubitera tambi\u00e9n es perfecta para elevar","breadcrumb":{"@id":"https:\/\/www.erresse-shop.it\/es\/shop\/tabla\/vino\/cubiteras\/ruffoni-historia-decor-cubo-redondo-34-cm-copia\/#breadcrumb"},"inLanguage":"es","potentialAction":[{"@type":"ReadAction","target":["https:\/\/www.erresse-shop.it\/es\/shop\/tabla\/vino\/cubiteras\/ruffoni-historia-decor-cubo-redondo-34-cm-copia\/"]}]},{"@type":"BreadcrumbList","@id":"https:\/\/www.erresse-shop.it\/es\/shop\/tabla\/vino\/cubiteras\/ruffoni-historia-decor-cubo-redondo-34-cm-copia\/#breadcrumb","itemListElement":[{"@type":"ListItem","position":1,"name":"Home","item":"https:\/\/www.erresse-shop.it\/es\/"},{"@type":"ListItem","position":2,"name":"Shop","item":"https:\/\/www.erresse-shop.it\/es\/shop\/"},{"@type":"ListItem","position":3,"name":"RUFFONI Historia Decor Cubitera 20 cm"}]},{"@type":"WebSite","@id":"https:\/\/www.erresse-shop.it\/es\/#website","url":"https:\/\/www.erresse-shop.it\/es\/","name":"Erresse Shop","description":"Articoli di qualit\u00e0 per la casa","potentialAction":[{"@type":"SearchAction","target":{"@type":"EntryPoint","urlTemplate":"https:\/\/www.erresse-shop.it\/es\/?s={search_term_string}"},"query-input":"required name=search_term_string"}],"inLanguage":"es"}]}},"df_price":140.5,"df_sale_price":140.5,"df_regular_price":281,"df_image_link":"https:\/\/www.erresse-shop.it\/wp-content\/uploads\/2024\/12\/RUFFONI-Historia-Decor-Secchiello-Ghiaccio-20-cm-300x300.jpg","_links":{"self":[{"href":"https:\/\/www.erresse-shop.it\/es\/wp-json\/wp\/v2\/product\/455069"}],"collection":[{"href":"https:\/\/www.erresse-shop.it\/es\/wp-json\/wp\/v2\/product"}],"about":[{"href":"https:\/\/www.erresse-shop.it\/es\/wp-json\/wp\/v2\/types\/product"}],"wp:featuredmedia":[{"embeddable":true,"href":"https:\/\/www.erresse-shop.it\/es\/wp-json\/wp\/v2\/media\/497736"}],"wp:attachment":[{"href":"https:\/\/www.erresse-shop.it\/es\/wp-json\/wp\/v2\/media?parent=455069"}],"wp:term":[{"taxonomy":"product_cat","embeddable":true,"href":"https:\/\/www.erresse-shop.it\/es\/wp-json\/wp\/v2\/product_cat?post=455069"},{"taxonomy":"product_tag","embeddable":true,"href":"https:\/\/www.erresse-shop.it\/es\/wp-json\/wp\/v2\/product_tag?post=455069"}],"curies":[{"name":"wp","href":"https:\/\/api.w.org\/{rel}","templated":true}]}}