{"id":455032,"date":"2024-12-17T08:57:37","date_gmt":"2024-12-17T08:57:38","guid":{"rendered":"https:\/\/www.erresse-shop.it\/?post_type=product&#038;p=455032"},"modified":"2024-12-17T09:12:45","modified_gmt":"2024-12-17T09:12:45","slug":"illy-8-paquetes-de-30-capsulas-compatibles-con-nespresso-classic-copia","status":"publish","type":"product","link":"https:\/\/www.erresse-shop.it\/es\/shop\/cafe-es\/cafe-en-capsulas\/illy-8-paquetes-de-30-capsulas-compatibles-con-nespresso-classic-copia\/","title":{"rendered":"ILLY 1 paquetes de 30 c\u00e1psulas compatibles con Nespresso\u00ae Classic"},"content":{"rendered":"<p><strong>Compatibilidad:<\/strong><\/p>\n<p class=\"p1\">*con la\u00a0<a href=\"https:\/\/www.illy.com\/it-it\/shop\/new-capsules-in-alluminio\/capsule-alluminio.html\"><span class=\"s1\">cafeteras<\/span><\/a>\u00a0Nespresso\u00ae** Original.<br \/>\n**marca de terceros sin relaci\u00f3n con illycaff\u00e8 S.p.A.<\/p>\n<p class=\"p1\"><b>NOTAS AROM\u00c1TICAS<br \/>\n<\/b><\/p>\n<p class=\"p1\">El matiz de sabor CL\u00c1SICO de la exclusiva mezcla illy 100% ar\u00e1bica expresa una nota dulce y floral que se combina con toques de pan tostado, caramelo y chocolate. Para quienes prefieren una taza de caf\u00e9 con un sabor suave y aterciopelado. Para disfrutarlo al m\u00e1ximo recomendamos un volumen en la taza entre 25 y 40 ml para la variante Espresso.<\/p>\n","protected":false},"excerpt":{"rendered":"<p>Compatibilidad: *con la\u00a0cafeteras\u00a0Nespresso\u00ae** Original. **marca de terceros sin relaci\u00f3n con illycaff\u00e8 S.p.A. NOTAS AROM\u00c1TICAS El matiz de sabor CL\u00c1SICO de<\/p>\n","protected":false},"featured_media":500641,"template":"","meta":{"_acf_changed":false,"inline_featured_image":false},"product_cat":[25352,25393],"product_tag":[16353,23235,23574],"acf":[],"yoast_head":"<!-- This site is optimized with the Yoast SEO Premium plugin v18.6 (Yoast SEO v19.13) - https:\/\/yoast.com\/wordpress\/plugins\/seo\/ -->\n<title>ILLY 1 paquetes de 30 c\u00e1psulas compatibles con Nespresso\u00ae Classic - Erresse Shop<\/title>\n<meta name=\"description\" content=\"Compatibilidad: *con la\u00a0cafeteras\u00a0Nespresso\u00ae** Original. **marca de terceros sin relaci\u00f3n con illycaff\u00e8 S.p.A. NOTAS AROM\u00c1TICAS El matiz de sabor CL\u00c1SICO\" \/>\n<meta name=\"robots\" content=\"index, follow, max-snippet:-1, max-image-preview:large, max-video-preview:-1\" \/>\n<link rel=\"canonical\" href=\"https:\/\/www.erresse-shop.it\/es\/shop\/cafe-es\/cafe-en-capsulas\/illy-8-paquetes-de-30-capsulas-compatibles-con-nespresso-classic-copia\/\" \/>\n<meta property=\"og:locale\" content=\"es_ES\" \/>\n<meta property=\"og:type\" content=\"article\" \/>\n<meta property=\"og:title\" content=\"ILLY 1 paquetes de 30 c\u00e1psulas compatibles con Nespresso\u00ae Classic\" \/>\n<meta property=\"og:description\" content=\"Compatibilidad: *con la\u00a0cafeteras\u00a0Nespresso\u00ae** Original. **marca de terceros sin relaci\u00f3n con illycaff\u00e8 S.p.A. NOTAS AROM\u00c1TICAS El matiz de sabor CL\u00c1SICO\" \/>\n<meta property=\"og:url\" content=\"https:\/\/www.erresse-shop.it\/es\/shop\/cafe-es\/cafe-en-capsulas\/illy-8-paquetes-de-30-capsulas-compatibles-con-nespresso-classic-copia\/\" \/>\n<meta property=\"og:site_name\" content=\"Erresse Shop\" \/>\n<meta property=\"article:modified_time\" content=\"2024-12-17T09:12:45+00:00\" \/>\n<meta property=\"og:image\" content=\"https:\/\/www.erresse-shop.it\/wp-content\/uploads\/2024\/10\/ILLY-8-Confezioni-da-30-Capsule-Compatibili-Nespresso\u00ae-Classico.jpg\" \/>\n\t<meta property=\"og:image:width\" content=\"1200\" \/>\n\t<meta property=\"og:image:height\" content=\"1200\" \/>\n\t<meta property=\"og:image:type\" content=\"image\/jpeg\" \/>\n<meta name=\"twitter:card\" content=\"summary_large_image\" \/>\n<script type=\"application\/ld+json\" class=\"yoast-schema-graph\">{\"@context\":\"https:\/\/schema.org\",\"@graph\":[{\"@type\":\"WebPage\",\"@id\":\"https:\/\/www.erresse-shop.it\/es\/shop\/cafe-es\/cafe-en-capsulas\/illy-8-paquetes-de-30-capsulas-compatibles-con-nespresso-classic-copia\/\",\"url\":\"https:\/\/www.erresse-shop.it\/es\/shop\/cafe-es\/cafe-en-capsulas\/illy-8-paquetes-de-30-capsulas-compatibles-con-nespresso-classic-copia\/\",\"name\":\"ILLY 1 paquetes de 30 c\u00e1psulas compatibles con Nespresso\u00ae Classic - Erresse Shop\",\"isPartOf\":{\"@id\":\"https:\/\/www.erresse-shop.it\/es\/#website\"},\"datePublished\":\"2024-12-17T08:57:38+00:00\",\"dateModified\":\"2024-12-17T09:12:45+00:00\",\"description\":\"Compatibilidad: *con la\u00a0cafeteras\u00a0Nespresso\u00ae** Original. **marca de terceros sin relaci\u00f3n con illycaff\u00e8 S.p.A. NOTAS AROM\u00c1TICAS El matiz de sabor CL\u00c1SICO\",\"breadcrumb\":{\"@id\":\"https:\/\/www.erresse-shop.it\/es\/shop\/cafe-es\/cafe-en-capsulas\/illy-8-paquetes-de-30-capsulas-compatibles-con-nespresso-classic-copia\/#breadcrumb\"},\"inLanguage\":\"es\",\"potentialAction\":[{\"@type\":\"ReadAction\",\"target\":[\"https:\/\/www.erresse-shop.it\/es\/shop\/cafe-es\/cafe-en-capsulas\/illy-8-paquetes-de-30-capsulas-compatibles-con-nespresso-classic-copia\/\"]}]},{\"@type\":\"BreadcrumbList\",\"@id\":\"https:\/\/www.erresse-shop.it\/es\/shop\/cafe-es\/cafe-en-capsulas\/illy-8-paquetes-de-30-capsulas-compatibles-con-nespresso-classic-copia\/#breadcrumb\",\"itemListElement\":[{\"@type\":\"ListItem\",\"position\":1,\"name\":\"Home\",\"item\":\"https:\/\/www.erresse-shop.it\/es\/\"},{\"@type\":\"ListItem\",\"position\":2,\"name\":\"Shop\",\"item\":\"https:\/\/www.erresse-shop.it\/es\/shop\/\"},{\"@type\":\"ListItem\",\"position\":3,\"name\":\"ILLY 1 paquetes de 30 c\u00e1psulas compatibles con Nespresso\u00ae Classic\"}]},{\"@type\":\"WebSite\",\"@id\":\"https:\/\/www.erresse-shop.it\/es\/#website\",\"url\":\"https:\/\/www.erresse-shop.it\/es\/\",\"name\":\"Erresse Shop\",\"description\":\"Articoli di qualit\u00e0 per la casa\",\"potentialAction\":[{\"@type\":\"SearchAction\",\"target\":{\"@type\":\"EntryPoint\",\"urlTemplate\":\"https:\/\/www.erresse-shop.it\/es\/?s={search_term_string}\"},\"query-input\":\"required name=search_term_string\"}],\"inLanguage\":\"es\"}]}<\/script>\n<!-- \/ Yoast SEO Premium plugin. -->","yoast_head_json":{"title":"ILLY 1 paquetes de 30 c\u00e1psulas compatibles con Nespresso\u00ae Classic - Erresse Shop","description":"Compatibilidad: *con la\u00a0cafeteras\u00a0Nespresso\u00ae** Original. **marca de terceros sin relaci\u00f3n con illycaff\u00e8 S.p.A. NOTAS AROM\u00c1TICAS El matiz de sabor CL\u00c1SICO","robots":{"index":"index","follow":"follow","max-snippet":"max-snippet:-1","max-image-preview":"max-image-preview:large","max-video-preview":"max-video-preview:-1"},"canonical":"https:\/\/www.erresse-shop.it\/es\/shop\/cafe-es\/cafe-en-capsulas\/illy-8-paquetes-de-30-capsulas-compatibles-con-nespresso-classic-copia\/","og_locale":"es_ES","og_type":"article","og_title":"ILLY 1 paquetes de 30 c\u00e1psulas compatibles con Nespresso\u00ae Classic","og_description":"Compatibilidad: *con la\u00a0cafeteras\u00a0Nespresso\u00ae** Original. **marca de terceros sin relaci\u00f3n con illycaff\u00e8 S.p.A. NOTAS AROM\u00c1TICAS El matiz de sabor CL\u00c1SICO","og_url":"https:\/\/www.erresse-shop.it\/es\/shop\/cafe-es\/cafe-en-capsulas\/illy-8-paquetes-de-30-capsulas-compatibles-con-nespresso-classic-copia\/","og_site_name":"Erresse Shop","article_modified_time":"2024-12-17T09:12:45+00:00","og_image":[{"width":1200,"height":1200,"url":"https:\/\/www.erresse-shop.it\/wp-content\/uploads\/2024\/10\/ILLY-8-Confezioni-da-30-Capsule-Compatibili-Nespresso\u00ae-Classico.jpg","type":"image\/jpeg"}],"twitter_card":"summary_large_image","schema":{"@context":"https:\/\/schema.org","@graph":[{"@type":"WebPage","@id":"https:\/\/www.erresse-shop.it\/es\/shop\/cafe-es\/cafe-en-capsulas\/illy-8-paquetes-de-30-capsulas-compatibles-con-nespresso-classic-copia\/","url":"https:\/\/www.erresse-shop.it\/es\/shop\/cafe-es\/cafe-en-capsulas\/illy-8-paquetes-de-30-capsulas-compatibles-con-nespresso-classic-copia\/","name":"ILLY 1 paquetes de 30 c\u00e1psulas compatibles con Nespresso\u00ae Classic - Erresse Shop","isPartOf":{"@id":"https:\/\/www.erresse-shop.it\/es\/#website"},"datePublished":"2024-12-17T08:57:38+00:00","dateModified":"2024-12-17T09:12:45+00:00","description":"Compatibilidad: *con la\u00a0cafeteras\u00a0Nespresso\u00ae** Original. **marca de terceros sin relaci\u00f3n con illycaff\u00e8 S.p.A. NOTAS AROM\u00c1TICAS El matiz de sabor CL\u00c1SICO","breadcrumb":{"@id":"https:\/\/www.erresse-shop.it\/es\/shop\/cafe-es\/cafe-en-capsulas\/illy-8-paquetes-de-30-capsulas-compatibles-con-nespresso-classic-copia\/#breadcrumb"},"inLanguage":"es","potentialAction":[{"@type":"ReadAction","target":["https:\/\/www.erresse-shop.it\/es\/shop\/cafe-es\/cafe-en-capsulas\/illy-8-paquetes-de-30-capsulas-compatibles-con-nespresso-classic-copia\/"]}]},{"@type":"BreadcrumbList","@id":"https:\/\/www.erresse-shop.it\/es\/shop\/cafe-es\/cafe-en-capsulas\/illy-8-paquetes-de-30-capsulas-compatibles-con-nespresso-classic-copia\/#breadcrumb","itemListElement":[{"@type":"ListItem","position":1,"name":"Home","item":"https:\/\/www.erresse-shop.it\/es\/"},{"@type":"ListItem","position":2,"name":"Shop","item":"https:\/\/www.erresse-shop.it\/es\/shop\/"},{"@type":"ListItem","position":3,"name":"ILLY 1 paquetes de 30 c\u00e1psulas compatibles con Nespresso\u00ae Classic"}]},{"@type":"WebSite","@id":"https:\/\/www.erresse-shop.it\/es\/#website","url":"https:\/\/www.erresse-shop.it\/es\/","name":"Erresse Shop","description":"Articoli di qualit\u00e0 per la casa","potentialAction":[{"@type":"SearchAction","target":{"@type":"EntryPoint","urlTemplate":"https:\/\/www.erresse-shop.it\/es\/?s={search_term_string}"},"query-input":"required name=search_term_string"}],"inLanguage":"es"}]}},"df_price":16.99,"df_sale_price":16.99,"df_regular_price":16.99,"df_image_link":"https:\/\/www.erresse-shop.it\/wp-content\/uploads\/2024\/10\/ILLY-8-Confezioni-30-Capsule-Compatibili-Nespresso-Classico-300x300.jpg","_links":{"self":[{"href":"https:\/\/www.erresse-shop.it\/es\/wp-json\/wp\/v2\/product\/455032"}],"collection":[{"href":"https:\/\/www.erresse-shop.it\/es\/wp-json\/wp\/v2\/product"}],"about":[{"href":"https:\/\/www.erresse-shop.it\/es\/wp-json\/wp\/v2\/types\/product"}],"wp:featuredmedia":[{"embeddable":true,"href":"https:\/\/www.erresse-shop.it\/es\/wp-json\/wp\/v2\/media\/500641"}],"wp:attachment":[{"href":"https:\/\/www.erresse-shop.it\/es\/wp-json\/wp\/v2\/media?parent=455032"}],"wp:term":[{"taxonomy":"product_cat","embeddable":true,"href":"https:\/\/www.erresse-shop.it\/es\/wp-json\/wp\/v2\/product_cat?post=455032"},{"taxonomy":"product_tag","embeddable":true,"href":"https:\/\/www.erresse-shop.it\/es\/wp-json\/wp\/v2\/product_tag?post=455032"}],"curies":[{"name":"wp","href":"https:\/\/api.w.org\/{rel}","templated":true}]}}