{"id":454503,"date":"2024-12-12T09:21:07","date_gmt":"2024-12-12T09:21:09","guid":{"rendered":"https:\/\/www.erresse-shop.it\/?post_type=product&#038;p=454503"},"modified":"2024-12-12T09:45:36","modified_gmt":"2024-12-12T09:45:36","slug":"riedel-set-de-4-rum-copia","status":"publish","type":"product","link":"https:\/\/www.erresse-shop.it\/es\/shop\/tabla\/vasos\/riedel-set-de-4-rum-copia\/","title":{"rendered":"RIEDEL Set de 4 Spritz Drink"},"content":{"rendered":"<p>El juego de bebidas Spritz es la elecci\u00f3n perfecta para la hora del aperitivo.<br \/>\nSin decoraci\u00f3n y con un elegante tallo, este elegante producto es ideal para cualquier bebida, desde Aperol Spritz hasta Lillet. Cada paquete contiene recetas para 4 variaciones de spritz para esos largos almuerzos de verano o las c\u00e1lidas tardes de primavera.<\/p>\n<p>Lleve sus bebidas caseras al siguiente nivel con nuestros sets de mezcla para licores y c\u00f3cteles. Tenemos el vaso adecuado para todas sus bebidas favoritas, desde el cl\u00e1sico gin-tonic o el licor puro hasta c\u00f3cteles m\u00e1s sofisticados. Con una gama de estilos que se adapta a todos los amantes de los c\u00f3cteles y las bebidas espirituosas, estos fant\u00e1sticos sets son la elecci\u00f3n adecuada para su hogar o un regalo perfecto.<\/p>\n<p>Este producto se fabrica a m\u00e1quina.<br \/>\nEste producto se puede lavar en el lavavajillas.<br \/>\nEl paquete contiene 4 piezas.<\/p>\n<p>A\u00f1o de dise\u00f1o 2021<br \/>\nCapacidad 560,0 cm<br \/>\nAltura 224,0 mm<br \/>\nCantidad del paquete 4<br \/>\nM\u00e9todo de producci\u00f3n Hecho a m\u00e1quina<br \/>\nMaterial del cristal<\/p>\n","protected":false},"excerpt":{"rendered":"<p><br data-mce-bogus=\"1\"><\/p>\n","protected":false},"featured_media":491686,"template":"","meta":{"_acf_changed":false,"inline_featured_image":false},"product_cat":[16027,16028],"product_tag":[25090,23912,16119,16117,16610,22557,21823,25023],"acf":[],"yoast_head":"<!-- This site is optimized with the Yoast SEO Premium plugin v18.6 (Yoast SEO v19.13) - https:\/\/yoast.com\/wordpress\/plugins\/seo\/ -->\n<title>RIEDEL Set de 4 Spritz Drink - Erresse Shop<\/title>\n<meta name=\"robots\" content=\"index, follow, max-snippet:-1, max-image-preview:large, max-video-preview:-1\" \/>\n<link rel=\"canonical\" href=\"https:\/\/www.erresse-shop.it\/es\/shop\/tabla\/vasos\/riedel-set-de-4-rum-copia\/\" \/>\n<meta property=\"og:locale\" content=\"es_ES\" \/>\n<meta property=\"og:type\" content=\"article\" \/>\n<meta property=\"og:title\" content=\"RIEDEL Set de 4 Spritz Drink\" \/>\n<meta property=\"og:url\" content=\"https:\/\/www.erresse-shop.it\/es\/shop\/tabla\/vasos\/riedel-set-de-4-rum-copia\/\" \/>\n<meta property=\"og:site_name\" content=\"Erresse Shop\" \/>\n<meta property=\"article:modified_time\" content=\"2024-12-12T09:45:36+00:00\" \/>\n<meta property=\"og:image\" content=\"https:\/\/www.erresse-shop.it\/wp-content\/uploads\/2024\/12\/Riedel-spritz-drink.jpg\" \/>\n\t<meta property=\"og:image:width\" content=\"1200\" \/>\n\t<meta property=\"og:image:height\" content=\"1200\" \/>\n\t<meta property=\"og:image:type\" content=\"image\/jpeg\" \/>\n<meta name=\"twitter:card\" content=\"summary_large_image\" \/>\n<script type=\"application\/ld+json\" class=\"yoast-schema-graph\">{\"@context\":\"https:\/\/schema.org\",\"@graph\":[{\"@type\":\"WebPage\",\"@id\":\"https:\/\/www.erresse-shop.it\/es\/shop\/tabla\/vasos\/riedel-set-de-4-rum-copia\/\",\"url\":\"https:\/\/www.erresse-shop.it\/es\/shop\/tabla\/vasos\/riedel-set-de-4-rum-copia\/\",\"name\":\"RIEDEL Set de 4 Spritz Drink - Erresse Shop\",\"isPartOf\":{\"@id\":\"https:\/\/www.erresse-shop.it\/es\/#website\"},\"datePublished\":\"2024-12-12T09:21:09+00:00\",\"dateModified\":\"2024-12-12T09:45:36+00:00\",\"breadcrumb\":{\"@id\":\"https:\/\/www.erresse-shop.it\/es\/shop\/tabla\/vasos\/riedel-set-de-4-rum-copia\/#breadcrumb\"},\"inLanguage\":\"es\",\"potentialAction\":[{\"@type\":\"ReadAction\",\"target\":[\"https:\/\/www.erresse-shop.it\/es\/shop\/tabla\/vasos\/riedel-set-de-4-rum-copia\/\"]}]},{\"@type\":\"BreadcrumbList\",\"@id\":\"https:\/\/www.erresse-shop.it\/es\/shop\/tabla\/vasos\/riedel-set-de-4-rum-copia\/#breadcrumb\",\"itemListElement\":[{\"@type\":\"ListItem\",\"position\":1,\"name\":\"Home\",\"item\":\"https:\/\/www.erresse-shop.it\/es\/\"},{\"@type\":\"ListItem\",\"position\":2,\"name\":\"Shop\",\"item\":\"https:\/\/www.erresse-shop.it\/es\/shop\/\"},{\"@type\":\"ListItem\",\"position\":3,\"name\":\"RIEDEL Set de 4 Spritz Drink\"}]},{\"@type\":\"WebSite\",\"@id\":\"https:\/\/www.erresse-shop.it\/es\/#website\",\"url\":\"https:\/\/www.erresse-shop.it\/es\/\",\"name\":\"Erresse Shop\",\"description\":\"Articoli di qualit\u00e0 per la casa\",\"potentialAction\":[{\"@type\":\"SearchAction\",\"target\":{\"@type\":\"EntryPoint\",\"urlTemplate\":\"https:\/\/www.erresse-shop.it\/es\/?s={search_term_string}\"},\"query-input\":\"required name=search_term_string\"}],\"inLanguage\":\"es\"}]}<\/script>\n<!-- \/ Yoast SEO Premium plugin. -->","yoast_head_json":{"title":"RIEDEL Set de 4 Spritz Drink - Erresse Shop","robots":{"index":"index","follow":"follow","max-snippet":"max-snippet:-1","max-image-preview":"max-image-preview:large","max-video-preview":"max-video-preview:-1"},"canonical":"https:\/\/www.erresse-shop.it\/es\/shop\/tabla\/vasos\/riedel-set-de-4-rum-copia\/","og_locale":"es_ES","og_type":"article","og_title":"RIEDEL Set de 4 Spritz Drink","og_url":"https:\/\/www.erresse-shop.it\/es\/shop\/tabla\/vasos\/riedel-set-de-4-rum-copia\/","og_site_name":"Erresse Shop","article_modified_time":"2024-12-12T09:45:36+00:00","og_image":[{"width":1200,"height":1200,"url":"https:\/\/www.erresse-shop.it\/wp-content\/uploads\/2024\/12\/Riedel-spritz-drink.jpg","type":"image\/jpeg"}],"twitter_card":"summary_large_image","schema":{"@context":"https:\/\/schema.org","@graph":[{"@type":"WebPage","@id":"https:\/\/www.erresse-shop.it\/es\/shop\/tabla\/vasos\/riedel-set-de-4-rum-copia\/","url":"https:\/\/www.erresse-shop.it\/es\/shop\/tabla\/vasos\/riedel-set-de-4-rum-copia\/","name":"RIEDEL Set de 4 Spritz Drink - Erresse Shop","isPartOf":{"@id":"https:\/\/www.erresse-shop.it\/es\/#website"},"datePublished":"2024-12-12T09:21:09+00:00","dateModified":"2024-12-12T09:45:36+00:00","breadcrumb":{"@id":"https:\/\/www.erresse-shop.it\/es\/shop\/tabla\/vasos\/riedel-set-de-4-rum-copia\/#breadcrumb"},"inLanguage":"es","potentialAction":[{"@type":"ReadAction","target":["https:\/\/www.erresse-shop.it\/es\/shop\/tabla\/vasos\/riedel-set-de-4-rum-copia\/"]}]},{"@type":"BreadcrumbList","@id":"https:\/\/www.erresse-shop.it\/es\/shop\/tabla\/vasos\/riedel-set-de-4-rum-copia\/#breadcrumb","itemListElement":[{"@type":"ListItem","position":1,"name":"Home","item":"https:\/\/www.erresse-shop.it\/es\/"},{"@type":"ListItem","position":2,"name":"Shop","item":"https:\/\/www.erresse-shop.it\/es\/shop\/"},{"@type":"ListItem","position":3,"name":"RIEDEL Set de 4 Spritz Drink"}]},{"@type":"WebSite","@id":"https:\/\/www.erresse-shop.it\/es\/#website","url":"https:\/\/www.erresse-shop.it\/es\/","name":"Erresse Shop","description":"Articoli di qualit\u00e0 per la casa","potentialAction":[{"@type":"SearchAction","target":{"@type":"EntryPoint","urlTemplate":"https:\/\/www.erresse-shop.it\/es\/?s={search_term_string}"},"query-input":"required name=search_term_string"}],"inLanguage":"es"}]}},"df_price":20.25,"df_sale_price":20.25,"df_regular_price":45,"df_image_link":"https:\/\/www.erresse-shop.it\/wp-content\/uploads\/2024\/12\/RIEDEL-Set-da-4-Spritz-Drink-300x300.jpg","_links":{"self":[{"href":"https:\/\/www.erresse-shop.it\/es\/wp-json\/wp\/v2\/product\/454503"}],"collection":[{"href":"https:\/\/www.erresse-shop.it\/es\/wp-json\/wp\/v2\/product"}],"about":[{"href":"https:\/\/www.erresse-shop.it\/es\/wp-json\/wp\/v2\/types\/product"}],"wp:featuredmedia":[{"embeddable":true,"href":"https:\/\/www.erresse-shop.it\/es\/wp-json\/wp\/v2\/media\/491686"}],"wp:attachment":[{"href":"https:\/\/www.erresse-shop.it\/es\/wp-json\/wp\/v2\/media?parent=454503"}],"wp:term":[{"taxonomy":"product_cat","embeddable":true,"href":"https:\/\/www.erresse-shop.it\/es\/wp-json\/wp\/v2\/product_cat?post=454503"},{"taxonomy":"product_tag","embeddable":true,"href":"https:\/\/www.erresse-shop.it\/es\/wp-json\/wp\/v2\/product_tag?post=454503"}],"curies":[{"name":"wp","href":"https:\/\/api.w.org\/{rel}","templated":true}]}}