{"id":454483,"date":"2024-12-12T08:11:42","date_gmt":"2024-12-12T08:11:43","guid":{"rendered":"https:\/\/www.erresse-shop.it\/?post_type=product&#038;p=454483"},"modified":"2024-12-12T08:47:52","modified_gmt":"2024-12-12T08:47:52","slug":"toms-drag-paraguero-copia","status":"publish","type":"product","link":"https:\/\/www.erresse-shop.it\/es\/shop\/mobiliario\/articulos-de-decoracion\/toms-drag-paraguero-copia\/","title":{"rendered":"TOM&#8217;S DRAG Caja de Pa\u00f1uelos"},"content":{"rendered":"<p>Para guardar los pa\u00f1uelos con estilo llega la caja dise\u00f1ada por Tom&#8217;s Drag, decorada totalmente a mano con colores vivos. Peculiares, los pies de apoyo en forma de zapato. El mundo de Tom&#8217;s Drag empez\u00f3 con una necesidad: regalar a los seres queridos objetos que \u00e9l fabricaba para infundir positividad, tras el atentado contra las Torres Gemelas en 2001. As\u00ed, en el camino, Tom Hoffmann fund\u00f3 su marca, hoy apreciada en todo el mundo.<\/p>\n<p><strong>Medidas:<\/strong> L: 28 cm x A 13 cm x P 20 cm<\/p>\n<p><strong>Peso<\/strong> Kg 1,08<\/p>\n","protected":false},"excerpt":{"rendered":"<p>Para guardar los pa\u00f1uelos con estilo llega la caja dise\u00f1ada por Tom&#8217;s Drag, decorada totalmente a mano con colores vivos.<\/p>\n","protected":false},"featured_media":477723,"template":"","meta":{"_acf_changed":false,"inline_featured_image":false},"product_cat":[16026,16016],"product_tag":[25039,16998,17001,25023],"acf":[],"yoast_head":"<!-- This site is optimized with the Yoast SEO Premium plugin v18.6 (Yoast SEO v19.13) - https:\/\/yoast.com\/wordpress\/plugins\/seo\/ -->\n<title>TOM&#039;S DRAG Caja de Pa\u00f1uelos - Erresse Shop<\/title>\n<meta name=\"description\" content=\"Para guardar los pa\u00f1uelos con estilo llega la caja dise\u00f1ada por Tom&#039;s Drag, decorada totalmente a mano con colores vivos. Peculiares, los pies de apoyo en\" \/>\n<meta name=\"robots\" content=\"index, follow, max-snippet:-1, max-image-preview:large, max-video-preview:-1\" \/>\n<link rel=\"canonical\" href=\"https:\/\/www.erresse-shop.it\/es\/shop\/mobiliario\/articulos-de-decoracion\/toms-drag-paraguero-copia\/\" \/>\n<meta property=\"og:locale\" content=\"es_ES\" \/>\n<meta property=\"og:type\" content=\"article\" \/>\n<meta property=\"og:title\" content=\"TOM&#039;S DRAG Caja de Pa\u00f1uelos\" \/>\n<meta property=\"og:description\" content=\"Para guardar los pa\u00f1uelos con estilo llega la caja dise\u00f1ada por Tom&#039;s Drag, decorada totalmente a mano con colores vivos. Peculiares, los pies de apoyo en\" \/>\n<meta property=\"og:url\" content=\"https:\/\/www.erresse-shop.it\/es\/shop\/mobiliario\/articulos-de-decoracion\/toms-drag-paraguero-copia\/\" \/>\n<meta property=\"og:site_name\" content=\"Erresse Shop\" \/>\n<meta property=\"article:modified_time\" content=\"2024-12-12T08:47:52+00:00\" \/>\n<meta property=\"og:image\" content=\"https:\/\/www.erresse-shop.it\/wp-content\/uploads\/2024\/12\/Toms-Drag-porta-fazzoletti.jpg\" \/>\n\t<meta property=\"og:image:width\" content=\"1200\" \/>\n\t<meta property=\"og:image:height\" content=\"1200\" \/>\n\t<meta property=\"og:image:type\" content=\"image\/jpeg\" \/>\n<meta name=\"twitter:card\" content=\"summary_large_image\" \/>\n<script type=\"application\/ld+json\" class=\"yoast-schema-graph\">{\"@context\":\"https:\/\/schema.org\",\"@graph\":[{\"@type\":\"WebPage\",\"@id\":\"https:\/\/www.erresse-shop.it\/es\/shop\/mobiliario\/articulos-de-decoracion\/toms-drag-paraguero-copia\/\",\"url\":\"https:\/\/www.erresse-shop.it\/es\/shop\/mobiliario\/articulos-de-decoracion\/toms-drag-paraguero-copia\/\",\"name\":\"TOM'S DRAG Caja de Pa\u00f1uelos - Erresse Shop\",\"isPartOf\":{\"@id\":\"https:\/\/www.erresse-shop.it\/es\/#website\"},\"datePublished\":\"2024-12-12T08:11:43+00:00\",\"dateModified\":\"2024-12-12T08:47:52+00:00\",\"description\":\"Para guardar los pa\u00f1uelos con estilo llega la caja dise\u00f1ada por Tom's Drag, decorada totalmente a mano con colores vivos. Peculiares, los pies de apoyo en\",\"breadcrumb\":{\"@id\":\"https:\/\/www.erresse-shop.it\/es\/shop\/mobiliario\/articulos-de-decoracion\/toms-drag-paraguero-copia\/#breadcrumb\"},\"inLanguage\":\"es\",\"potentialAction\":[{\"@type\":\"ReadAction\",\"target\":[\"https:\/\/www.erresse-shop.it\/es\/shop\/mobiliario\/articulos-de-decoracion\/toms-drag-paraguero-copia\/\"]}]},{\"@type\":\"BreadcrumbList\",\"@id\":\"https:\/\/www.erresse-shop.it\/es\/shop\/mobiliario\/articulos-de-decoracion\/toms-drag-paraguero-copia\/#breadcrumb\",\"itemListElement\":[{\"@type\":\"ListItem\",\"position\":1,\"name\":\"Home\",\"item\":\"https:\/\/www.erresse-shop.it\/es\/\"},{\"@type\":\"ListItem\",\"position\":2,\"name\":\"Shop\",\"item\":\"https:\/\/www.erresse-shop.it\/es\/shop\/\"},{\"@type\":\"ListItem\",\"position\":3,\"name\":\"TOM&#8217;S DRAG Caja de Pa\u00f1uelos\"}]},{\"@type\":\"WebSite\",\"@id\":\"https:\/\/www.erresse-shop.it\/es\/#website\",\"url\":\"https:\/\/www.erresse-shop.it\/es\/\",\"name\":\"Erresse Shop\",\"description\":\"Articoli di qualit\u00e0 per la casa\",\"potentialAction\":[{\"@type\":\"SearchAction\",\"target\":{\"@type\":\"EntryPoint\",\"urlTemplate\":\"https:\/\/www.erresse-shop.it\/es\/?s={search_term_string}\"},\"query-input\":\"required name=search_term_string\"}],\"inLanguage\":\"es\"}]}<\/script>\n<!-- \/ Yoast SEO Premium plugin. -->","yoast_head_json":{"title":"TOM'S DRAG Caja de Pa\u00f1uelos - Erresse Shop","description":"Para guardar los pa\u00f1uelos con estilo llega la caja dise\u00f1ada por Tom's Drag, decorada totalmente a mano con colores vivos. Peculiares, los pies de apoyo en","robots":{"index":"index","follow":"follow","max-snippet":"max-snippet:-1","max-image-preview":"max-image-preview:large","max-video-preview":"max-video-preview:-1"},"canonical":"https:\/\/www.erresse-shop.it\/es\/shop\/mobiliario\/articulos-de-decoracion\/toms-drag-paraguero-copia\/","og_locale":"es_ES","og_type":"article","og_title":"TOM'S DRAG Caja de Pa\u00f1uelos","og_description":"Para guardar los pa\u00f1uelos con estilo llega la caja dise\u00f1ada por Tom's Drag, decorada totalmente a mano con colores vivos. Peculiares, los pies de apoyo en","og_url":"https:\/\/www.erresse-shop.it\/es\/shop\/mobiliario\/articulos-de-decoracion\/toms-drag-paraguero-copia\/","og_site_name":"Erresse Shop","article_modified_time":"2024-12-12T08:47:52+00:00","og_image":[{"width":1200,"height":1200,"url":"https:\/\/www.erresse-shop.it\/wp-content\/uploads\/2024\/12\/Toms-Drag-porta-fazzoletti.jpg","type":"image\/jpeg"}],"twitter_card":"summary_large_image","schema":{"@context":"https:\/\/schema.org","@graph":[{"@type":"WebPage","@id":"https:\/\/www.erresse-shop.it\/es\/shop\/mobiliario\/articulos-de-decoracion\/toms-drag-paraguero-copia\/","url":"https:\/\/www.erresse-shop.it\/es\/shop\/mobiliario\/articulos-de-decoracion\/toms-drag-paraguero-copia\/","name":"TOM'S DRAG Caja de Pa\u00f1uelos - Erresse Shop","isPartOf":{"@id":"https:\/\/www.erresse-shop.it\/es\/#website"},"datePublished":"2024-12-12T08:11:43+00:00","dateModified":"2024-12-12T08:47:52+00:00","description":"Para guardar los pa\u00f1uelos con estilo llega la caja dise\u00f1ada por Tom's Drag, decorada totalmente a mano con colores vivos. Peculiares, los pies de apoyo en","breadcrumb":{"@id":"https:\/\/www.erresse-shop.it\/es\/shop\/mobiliario\/articulos-de-decoracion\/toms-drag-paraguero-copia\/#breadcrumb"},"inLanguage":"es","potentialAction":[{"@type":"ReadAction","target":["https:\/\/www.erresse-shop.it\/es\/shop\/mobiliario\/articulos-de-decoracion\/toms-drag-paraguero-copia\/"]}]},{"@type":"BreadcrumbList","@id":"https:\/\/www.erresse-shop.it\/es\/shop\/mobiliario\/articulos-de-decoracion\/toms-drag-paraguero-copia\/#breadcrumb","itemListElement":[{"@type":"ListItem","position":1,"name":"Home","item":"https:\/\/www.erresse-shop.it\/es\/"},{"@type":"ListItem","position":2,"name":"Shop","item":"https:\/\/www.erresse-shop.it\/es\/shop\/"},{"@type":"ListItem","position":3,"name":"TOM&#8217;S DRAG Caja de Pa\u00f1uelos"}]},{"@type":"WebSite","@id":"https:\/\/www.erresse-shop.it\/es\/#website","url":"https:\/\/www.erresse-shop.it\/es\/","name":"Erresse Shop","description":"Articoli di qualit\u00e0 per la casa","potentialAction":[{"@type":"SearchAction","target":{"@type":"EntryPoint","urlTemplate":"https:\/\/www.erresse-shop.it\/es\/?s={search_term_string}"},"query-input":"required name=search_term_string"}],"inLanguage":"es"}]}},"df_price":96.72,"df_sale_price":96.72,"df_regular_price":186,"df_image_link":"https:\/\/www.erresse-shop.it\/wp-content\/uploads\/2024\/12\/TOMS-DRAG-Box-Porta-Fazzoletti-300x300.jpg","_links":{"self":[{"href":"https:\/\/www.erresse-shop.it\/es\/wp-json\/wp\/v2\/product\/454483"}],"collection":[{"href":"https:\/\/www.erresse-shop.it\/es\/wp-json\/wp\/v2\/product"}],"about":[{"href":"https:\/\/www.erresse-shop.it\/es\/wp-json\/wp\/v2\/types\/product"}],"wp:featuredmedia":[{"embeddable":true,"href":"https:\/\/www.erresse-shop.it\/es\/wp-json\/wp\/v2\/media\/477723"}],"wp:attachment":[{"href":"https:\/\/www.erresse-shop.it\/es\/wp-json\/wp\/v2\/media?parent=454483"}],"wp:term":[{"taxonomy":"product_cat","embeddable":true,"href":"https:\/\/www.erresse-shop.it\/es\/wp-json\/wp\/v2\/product_cat?post=454483"},{"taxonomy":"product_tag","embeddable":true,"href":"https:\/\/www.erresse-shop.it\/es\/wp-json\/wp\/v2\/product_tag?post=454483"}],"curies":[{"name":"wp","href":"https:\/\/api.w.org\/{rel}","templated":true}]}}