{"id":454068,"date":"2024-12-09T10:54:35","date_gmt":"2024-12-09T10:54:36","guid":{"rendered":"https:\/\/www.erresse-shop.it\/?post_type=product&#038;p=454068"},"modified":"2024-12-09T11:19:56","modified_gmt":"2024-12-09T11:19:56","slug":"seletti-espejo-circus-mirror-copia-2","status":"publish","type":"product","link":"https:\/\/www.erresse-shop.it\/es\/shop\/mobiliario\/articulos-de-decoracion\/seletti-espejo-circus-mirror-copia-2\/","title":{"rendered":"SELETTI Espejo Pixel Mirror Heart"},"content":{"rendered":"<p>Un espejo Pixel Art para todos los aficionados a las artes gr\u00e1ficas y a la cultura pop, para los amantes de los videojuegos y, m\u00e1s en general, \u00a1para todos aquellos que Magnete objetos ins\u00f3litos! El artista milan\u00e9s Roberto Bruno explora la est\u00e9tica virtual, transformando el marco de este Espejo en una imagen digital. Los numerosos cuadrados yuxtapuestos a diferentes alturas crean una forma original y desestructurada.<\/p>\n<p>Roberto Bruno comenz\u00f3 su carrera investigadora en las artes visuales fascinado por la est\u00e9tica digital, creando un lenguaje surrealista con implicaciones existenciales. Ha creado aplicaciones web extravagantes y ultrainnovadoras para grandes marcas como Nike, Prada, miu miu y Toiletpaper.<\/p>\n<p>Espejito, espejito, \u00bfqui\u00e9n es la m\u00e1s bella de todas? Para Roberto Bruno, el Espejo es un manifiesto de la \u00e9poca hedonista y solipsista en la que vivimos. El Pixel Mirror crea un mundo surrealista que choca de lleno con nuestra sociedad de la imagen contempor\u00e1nea. El Pixel Mirror se convierte en testigo de un mundo m\u00e1gico en el que toda ilusi\u00f3n es posible.<\/p>\n<p>El Pixel Mirror ilustra el di\u00e1logo constante entre autor y espectador que forma parte integrante de la obra art\u00edstica de Roberto Bruno. Todo cambia, nada permanece igual, como este marco de p\u00edxeles en constante cambio que se transforma seg\u00fan el \u00e1ngulo desde el que se observe. El espectador ve p\u00edxeles diferentes seg\u00fan su posici\u00f3n. La imagen del marco se reconstituye a medida que uno se aleja, dando al Espejo una impresi\u00f3n de relieve y, por tanto, de realidad espacial.<\/p>\n<p>El marco del Pixel Mirror es de MDF lacado. El espejo Pixel de Seletti confiere una presencia original al vest\u00edbulo, al sal\u00f3n, al cuarto de ba\u00f1o o al dormitorio&#8230;<\/p>\n<p><strong>Dise\u00f1ador<\/strong> : Roberto Bruno<br \/>\n<strong>Producto<\/strong> : Espejo de pared<br \/>\n<strong>Color<\/strong> : Rojo<br \/>\n<strong>Material<\/strong> : Marco: MDF &#8211; Cristal<br \/>\n<strong>Dimensiones<\/strong> : 55,5 x 51,5 cm<br \/>\n<strong>Peso<\/strong> : 2.15 kg<br \/>\n<strong>Fecha del proyecto<\/strong> : 2024<\/p>\n","protected":false},"excerpt":{"rendered":"<p><br data-mce-bogus=\"1\"><\/p>\n","protected":false},"featured_media":454090,"template":"","meta":{"_acf_changed":false,"inline_featured_image":false},"product_cat":[16026,16016],"product_tag":[22580,20011],"acf":[],"yoast_head":"<!-- This site is optimized with the Yoast SEO Premium plugin v18.6 (Yoast SEO v19.13) - https:\/\/yoast.com\/wordpress\/plugins\/seo\/ -->\n<title>SELETTI Espejo Pixel Mirror Heart - Erresse Shop<\/title>\n<meta name=\"robots\" content=\"index, follow, max-snippet:-1, max-image-preview:large, max-video-preview:-1\" \/>\n<link rel=\"canonical\" href=\"https:\/\/www.erresse-shop.it\/es\/shop\/mobiliario\/articulos-de-decoracion\/seletti-espejo-circus-mirror-copia-2\/\" \/>\n<meta property=\"og:locale\" content=\"es_ES\" \/>\n<meta property=\"og:type\" content=\"article\" \/>\n<meta property=\"og:title\" content=\"SELETTI Espejo Pixel Mirror Heart\" \/>\n<meta property=\"og:url\" content=\"https:\/\/www.erresse-shop.it\/es\/shop\/mobiliario\/articulos-de-decoracion\/seletti-espejo-circus-mirror-copia-2\/\" \/>\n<meta property=\"og:site_name\" content=\"Erresse Shop\" \/>\n<meta property=\"article:modified_time\" content=\"2024-12-09T11:19:56+00:00\" \/>\n<meta property=\"og:image\" content=\"https:\/\/www.erresse-shop.it\/wp-content\/uploads\/2024\/12\/Seletti-specchio-heart-pixel.jpg\" \/>\n\t<meta property=\"og:image:width\" content=\"1200\" \/>\n\t<meta property=\"og:image:height\" content=\"1200\" \/>\n\t<meta property=\"og:image:type\" content=\"image\/jpeg\" \/>\n<meta name=\"twitter:card\" content=\"summary_large_image\" \/>\n<script type=\"application\/ld+json\" class=\"yoast-schema-graph\">{\"@context\":\"https:\/\/schema.org\",\"@graph\":[{\"@type\":\"WebPage\",\"@id\":\"https:\/\/www.erresse-shop.it\/es\/shop\/mobiliario\/articulos-de-decoracion\/seletti-espejo-circus-mirror-copia-2\/\",\"url\":\"https:\/\/www.erresse-shop.it\/es\/shop\/mobiliario\/articulos-de-decoracion\/seletti-espejo-circus-mirror-copia-2\/\",\"name\":\"SELETTI Espejo Pixel Mirror Heart - Erresse Shop\",\"isPartOf\":{\"@id\":\"https:\/\/www.erresse-shop.it\/es\/#website\"},\"datePublished\":\"2024-12-09T10:54:36+00:00\",\"dateModified\":\"2024-12-09T11:19:56+00:00\",\"breadcrumb\":{\"@id\":\"https:\/\/www.erresse-shop.it\/es\/shop\/mobiliario\/articulos-de-decoracion\/seletti-espejo-circus-mirror-copia-2\/#breadcrumb\"},\"inLanguage\":\"es\",\"potentialAction\":[{\"@type\":\"ReadAction\",\"target\":[\"https:\/\/www.erresse-shop.it\/es\/shop\/mobiliario\/articulos-de-decoracion\/seletti-espejo-circus-mirror-copia-2\/\"]}]},{\"@type\":\"BreadcrumbList\",\"@id\":\"https:\/\/www.erresse-shop.it\/es\/shop\/mobiliario\/articulos-de-decoracion\/seletti-espejo-circus-mirror-copia-2\/#breadcrumb\",\"itemListElement\":[{\"@type\":\"ListItem\",\"position\":1,\"name\":\"Home\",\"item\":\"https:\/\/www.erresse-shop.it\/es\/\"},{\"@type\":\"ListItem\",\"position\":2,\"name\":\"Shop\",\"item\":\"https:\/\/www.erresse-shop.it\/es\/shop\/\"},{\"@type\":\"ListItem\",\"position\":3,\"name\":\"SELETTI Espejo Pixel Mirror Heart\"}]},{\"@type\":\"WebSite\",\"@id\":\"https:\/\/www.erresse-shop.it\/es\/#website\",\"url\":\"https:\/\/www.erresse-shop.it\/es\/\",\"name\":\"Erresse Shop\",\"description\":\"Articoli di qualit\u00e0 per la casa\",\"potentialAction\":[{\"@type\":\"SearchAction\",\"target\":{\"@type\":\"EntryPoint\",\"urlTemplate\":\"https:\/\/www.erresse-shop.it\/es\/?s={search_term_string}\"},\"query-input\":\"required name=search_term_string\"}],\"inLanguage\":\"es\"}]}<\/script>\n<!-- \/ Yoast SEO Premium plugin. -->","yoast_head_json":{"title":"SELETTI Espejo Pixel Mirror Heart - Erresse Shop","robots":{"index":"index","follow":"follow","max-snippet":"max-snippet:-1","max-image-preview":"max-image-preview:large","max-video-preview":"max-video-preview:-1"},"canonical":"https:\/\/www.erresse-shop.it\/es\/shop\/mobiliario\/articulos-de-decoracion\/seletti-espejo-circus-mirror-copia-2\/","og_locale":"es_ES","og_type":"article","og_title":"SELETTI Espejo Pixel Mirror Heart","og_url":"https:\/\/www.erresse-shop.it\/es\/shop\/mobiliario\/articulos-de-decoracion\/seletti-espejo-circus-mirror-copia-2\/","og_site_name":"Erresse Shop","article_modified_time":"2024-12-09T11:19:56+00:00","og_image":[{"width":1200,"height":1200,"url":"https:\/\/www.erresse-shop.it\/wp-content\/uploads\/2024\/12\/Seletti-specchio-heart-pixel.jpg","type":"image\/jpeg"}],"twitter_card":"summary_large_image","schema":{"@context":"https:\/\/schema.org","@graph":[{"@type":"WebPage","@id":"https:\/\/www.erresse-shop.it\/es\/shop\/mobiliario\/articulos-de-decoracion\/seletti-espejo-circus-mirror-copia-2\/","url":"https:\/\/www.erresse-shop.it\/es\/shop\/mobiliario\/articulos-de-decoracion\/seletti-espejo-circus-mirror-copia-2\/","name":"SELETTI Espejo Pixel Mirror Heart - Erresse Shop","isPartOf":{"@id":"https:\/\/www.erresse-shop.it\/es\/#website"},"datePublished":"2024-12-09T10:54:36+00:00","dateModified":"2024-12-09T11:19:56+00:00","breadcrumb":{"@id":"https:\/\/www.erresse-shop.it\/es\/shop\/mobiliario\/articulos-de-decoracion\/seletti-espejo-circus-mirror-copia-2\/#breadcrumb"},"inLanguage":"es","potentialAction":[{"@type":"ReadAction","target":["https:\/\/www.erresse-shop.it\/es\/shop\/mobiliario\/articulos-de-decoracion\/seletti-espejo-circus-mirror-copia-2\/"]}]},{"@type":"BreadcrumbList","@id":"https:\/\/www.erresse-shop.it\/es\/shop\/mobiliario\/articulos-de-decoracion\/seletti-espejo-circus-mirror-copia-2\/#breadcrumb","itemListElement":[{"@type":"ListItem","position":1,"name":"Home","item":"https:\/\/www.erresse-shop.it\/es\/"},{"@type":"ListItem","position":2,"name":"Shop","item":"https:\/\/www.erresse-shop.it\/es\/shop\/"},{"@type":"ListItem","position":3,"name":"SELETTI Espejo Pixel Mirror Heart"}]},{"@type":"WebSite","@id":"https:\/\/www.erresse-shop.it\/es\/#website","url":"https:\/\/www.erresse-shop.it\/es\/","name":"Erresse Shop","description":"Articoli di qualit\u00e0 per la casa","potentialAction":[{"@type":"SearchAction","target":{"@type":"EntryPoint","urlTemplate":"https:\/\/www.erresse-shop.it\/es\/?s={search_term_string}"},"query-input":"required name=search_term_string"}],"inLanguage":"es"}]}},"df_price":67.05,"df_sale_price":67.05,"df_regular_price":149,"df_image_link":"https:\/\/www.erresse-shop.it\/wp-content\/uploads\/2024\/12\/Seletti-specchio-heart-pixel-300x300.jpg","_links":{"self":[{"href":"https:\/\/www.erresse-shop.it\/es\/wp-json\/wp\/v2\/product\/454068"}],"collection":[{"href":"https:\/\/www.erresse-shop.it\/es\/wp-json\/wp\/v2\/product"}],"about":[{"href":"https:\/\/www.erresse-shop.it\/es\/wp-json\/wp\/v2\/types\/product"}],"wp:featuredmedia":[{"embeddable":true,"href":"https:\/\/www.erresse-shop.it\/es\/wp-json\/wp\/v2\/media\/454090"}],"wp:attachment":[{"href":"https:\/\/www.erresse-shop.it\/es\/wp-json\/wp\/v2\/media?parent=454068"}],"wp:term":[{"taxonomy":"product_cat","embeddable":true,"href":"https:\/\/www.erresse-shop.it\/es\/wp-json\/wp\/v2\/product_cat?post=454068"},{"taxonomy":"product_tag","embeddable":true,"href":"https:\/\/www.erresse-shop.it\/es\/wp-json\/wp\/v2\/product_tag?post=454068"}],"curies":[{"name":"wp","href":"https:\/\/api.w.org\/{rel}","templated":true}]}}