{"id":453488,"date":"2024-12-05T09:10:05","date_gmt":"2024-12-05T09:10:06","guid":{"rendered":"https:\/\/www.erresse-shop.it\/?post_type=product&#038;p=453488"},"modified":"2024-12-05T09:17:21","modified_gmt":"2024-12-05T09:17:21","slug":"g3-ferrari-rosto-37-l-copia","status":"publish","type":"product","link":"https:\/\/www.erresse-shop.it\/es\/shop\/pequenos-electrodomesticos\/hornos\/g3-ferrari-rosto-37-l-copia\/","title":{"rendered":"G3 FERRARI Rost\u00f2 37 L Titanium"},"content":{"rendered":"<p><strong>Rost\u00f2 37<\/strong> es f\u00e1cil de usar y muy espacioso con su cavidad de 37 litros. Es posible cocinar 2 platos al mismo tiempo, y gracias a su bajo consumo de energ\u00eda es un valioso electrodom\u00e9stico auxiliar de cocina. La funci\u00f3n de convecci\u00f3n ofrece la posibilidad de cocinar los alimentos en menos tiempo. Es f\u00e1cil de transportar y \u00fatil en muchas situaciones diferentes, tanto en interiores como en exteriores. La alta temperatura interior, puede alcanzar m\u00e1s de 300 grados, y la bandeja redonda especial, hacen que este horno sea muy bueno tambi\u00e9n para cocinar pizza y platos similares.<\/p>\n<p><strong>Especificaciones tecnicas<\/strong><br \/>\n&#8211; Potencia: 1500W<br \/>\n&#8211; Capacidad: 37 Lt<br \/>\n&#8211; Convecci\u00f3n y luz interior<br \/>\n&#8211; Apto para platos de 38cm de di\u00e1metro<br \/>\n&#8211; Doble cristal para aislamiento t\u00e9rmico<br \/>\n&#8211; Temporizador: 90 minutos con se\u00f1al ac\u00fastica<br \/>\n&#8211; Termostato regulable: de 40\u00b0C a 300\u00b0C<br \/>\n&#8211; Elementos calefactores de acero<br \/>\n&#8211; Funciones de cocci\u00f3n: doble calor, fondo y grill<br \/>\n&#8211; Luz roja de funcionamiento<br \/>\n&#8211; F\u00e1cil de limpiar: Paredes internas esmaltadas.<br \/>\n&#8211; Accesorios: 1 rejilla, 1 bandeja rectangular, 1 bandeja redonda \u00d837cm<br \/>\n&#8211; Alimentaci\u00f3n el\u00e9ctrica: CA 230V ~ 50-60Hz<\/p>\n","protected":false},"excerpt":{"rendered":"<p>Rost\u00f2 37 es f\u00e1cil de usar y muy espacioso con su cavidad de 37 litros. Es posible cocinar 2 platos<\/p>\n","protected":false},"featured_media":493799,"template":"","meta":{"_acf_changed":false,"inline_featured_image":false},"product_cat":[16079,16073],"product_tag":[23692,16259,16402],"acf":[],"yoast_head":"<!-- This site is optimized with the Yoast SEO Premium plugin v18.6 (Yoast SEO v19.13) - https:\/\/yoast.com\/wordpress\/plugins\/seo\/ -->\n<title>G3 FERRARI Rost\u00f2 37 L Titanium - Erresse Shop<\/title>\n<meta name=\"description\" content=\"Rost\u00f2 37 es f\u00e1cil de usar y muy espacioso con su cavidad de 37 litros. Es posible cocinar 2 platos al mismo tiempo, y gracias a su bajo consumo de energ\u00eda\" \/>\n<meta name=\"robots\" content=\"index, follow, max-snippet:-1, max-image-preview:large, max-video-preview:-1\" \/>\n<link rel=\"canonical\" href=\"https:\/\/www.erresse-shop.it\/es\/shop\/pequenos-electrodomesticos\/hornos\/g3-ferrari-rosto-37-l-copia\/\" \/>\n<meta property=\"og:locale\" content=\"es_ES\" \/>\n<meta property=\"og:type\" content=\"article\" \/>\n<meta property=\"og:title\" content=\"G3 FERRARI Rost\u00f2 37 L Titanium\" \/>\n<meta property=\"og:description\" content=\"Rost\u00f2 37 es f\u00e1cil de usar y muy espacioso con su cavidad de 37 litros. Es posible cocinar 2 platos al mismo tiempo, y gracias a su bajo consumo de energ\u00eda\" \/>\n<meta property=\"og:url\" content=\"https:\/\/www.erresse-shop.it\/es\/shop\/pequenos-electrodomesticos\/hornos\/g3-ferrari-rosto-37-l-copia\/\" \/>\n<meta property=\"og:site_name\" content=\"Erresse Shop\" \/>\n<meta property=\"article:modified_time\" content=\"2024-12-05T09:17:21+00:00\" \/>\n<meta property=\"og:image\" content=\"https:\/\/www.erresse-shop.it\/wp-content\/uploads\/2024\/12\/G3-ferrari-forno-37L.jpg\" \/>\n\t<meta property=\"og:image:width\" content=\"1200\" \/>\n\t<meta property=\"og:image:height\" content=\"1200\" \/>\n\t<meta property=\"og:image:type\" content=\"image\/jpeg\" \/>\n<meta name=\"twitter:card\" content=\"summary_large_image\" \/>\n<script type=\"application\/ld+json\" class=\"yoast-schema-graph\">{\"@context\":\"https:\/\/schema.org\",\"@graph\":[{\"@type\":\"WebPage\",\"@id\":\"https:\/\/www.erresse-shop.it\/es\/shop\/pequenos-electrodomesticos\/hornos\/g3-ferrari-rosto-37-l-copia\/\",\"url\":\"https:\/\/www.erresse-shop.it\/es\/shop\/pequenos-electrodomesticos\/hornos\/g3-ferrari-rosto-37-l-copia\/\",\"name\":\"G3 FERRARI Rost\u00f2 37 L Titanium - Erresse Shop\",\"isPartOf\":{\"@id\":\"https:\/\/www.erresse-shop.it\/es\/#website\"},\"datePublished\":\"2024-12-05T09:10:06+00:00\",\"dateModified\":\"2024-12-05T09:17:21+00:00\",\"description\":\"Rost\u00f2 37 es f\u00e1cil de usar y muy espacioso con su cavidad de 37 litros. Es posible cocinar 2 platos al mismo tiempo, y gracias a su bajo consumo de energ\u00eda\",\"breadcrumb\":{\"@id\":\"https:\/\/www.erresse-shop.it\/es\/shop\/pequenos-electrodomesticos\/hornos\/g3-ferrari-rosto-37-l-copia\/#breadcrumb\"},\"inLanguage\":\"es\",\"potentialAction\":[{\"@type\":\"ReadAction\",\"target\":[\"https:\/\/www.erresse-shop.it\/es\/shop\/pequenos-electrodomesticos\/hornos\/g3-ferrari-rosto-37-l-copia\/\"]}]},{\"@type\":\"BreadcrumbList\",\"@id\":\"https:\/\/www.erresse-shop.it\/es\/shop\/pequenos-electrodomesticos\/hornos\/g3-ferrari-rosto-37-l-copia\/#breadcrumb\",\"itemListElement\":[{\"@type\":\"ListItem\",\"position\":1,\"name\":\"Home\",\"item\":\"https:\/\/www.erresse-shop.it\/es\/\"},{\"@type\":\"ListItem\",\"position\":2,\"name\":\"Shop\",\"item\":\"https:\/\/www.erresse-shop.it\/es\/shop\/\"},{\"@type\":\"ListItem\",\"position\":3,\"name\":\"G3 FERRARI Rost\u00f2 37 L Titanium\"}]},{\"@type\":\"WebSite\",\"@id\":\"https:\/\/www.erresse-shop.it\/es\/#website\",\"url\":\"https:\/\/www.erresse-shop.it\/es\/\",\"name\":\"Erresse Shop\",\"description\":\"Articoli di qualit\u00e0 per la casa\",\"potentialAction\":[{\"@type\":\"SearchAction\",\"target\":{\"@type\":\"EntryPoint\",\"urlTemplate\":\"https:\/\/www.erresse-shop.it\/es\/?s={search_term_string}\"},\"query-input\":\"required name=search_term_string\"}],\"inLanguage\":\"es\"}]}<\/script>\n<!-- \/ Yoast SEO Premium plugin. -->","yoast_head_json":{"title":"G3 FERRARI Rost\u00f2 37 L Titanium - Erresse Shop","description":"Rost\u00f2 37 es f\u00e1cil de usar y muy espacioso con su cavidad de 37 litros. Es posible cocinar 2 platos al mismo tiempo, y gracias a su bajo consumo de energ\u00eda","robots":{"index":"index","follow":"follow","max-snippet":"max-snippet:-1","max-image-preview":"max-image-preview:large","max-video-preview":"max-video-preview:-1"},"canonical":"https:\/\/www.erresse-shop.it\/es\/shop\/pequenos-electrodomesticos\/hornos\/g3-ferrari-rosto-37-l-copia\/","og_locale":"es_ES","og_type":"article","og_title":"G3 FERRARI Rost\u00f2 37 L Titanium","og_description":"Rost\u00f2 37 es f\u00e1cil de usar y muy espacioso con su cavidad de 37 litros. Es posible cocinar 2 platos al mismo tiempo, y gracias a su bajo consumo de energ\u00eda","og_url":"https:\/\/www.erresse-shop.it\/es\/shop\/pequenos-electrodomesticos\/hornos\/g3-ferrari-rosto-37-l-copia\/","og_site_name":"Erresse Shop","article_modified_time":"2024-12-05T09:17:21+00:00","og_image":[{"width":1200,"height":1200,"url":"https:\/\/www.erresse-shop.it\/wp-content\/uploads\/2024\/12\/G3-ferrari-forno-37L.jpg","type":"image\/jpeg"}],"twitter_card":"summary_large_image","schema":{"@context":"https:\/\/schema.org","@graph":[{"@type":"WebPage","@id":"https:\/\/www.erresse-shop.it\/es\/shop\/pequenos-electrodomesticos\/hornos\/g3-ferrari-rosto-37-l-copia\/","url":"https:\/\/www.erresse-shop.it\/es\/shop\/pequenos-electrodomesticos\/hornos\/g3-ferrari-rosto-37-l-copia\/","name":"G3 FERRARI Rost\u00f2 37 L Titanium - Erresse Shop","isPartOf":{"@id":"https:\/\/www.erresse-shop.it\/es\/#website"},"datePublished":"2024-12-05T09:10:06+00:00","dateModified":"2024-12-05T09:17:21+00:00","description":"Rost\u00f2 37 es f\u00e1cil de usar y muy espacioso con su cavidad de 37 litros. Es posible cocinar 2 platos al mismo tiempo, y gracias a su bajo consumo de energ\u00eda","breadcrumb":{"@id":"https:\/\/www.erresse-shop.it\/es\/shop\/pequenos-electrodomesticos\/hornos\/g3-ferrari-rosto-37-l-copia\/#breadcrumb"},"inLanguage":"es","potentialAction":[{"@type":"ReadAction","target":["https:\/\/www.erresse-shop.it\/es\/shop\/pequenos-electrodomesticos\/hornos\/g3-ferrari-rosto-37-l-copia\/"]}]},{"@type":"BreadcrumbList","@id":"https:\/\/www.erresse-shop.it\/es\/shop\/pequenos-electrodomesticos\/hornos\/g3-ferrari-rosto-37-l-copia\/#breadcrumb","itemListElement":[{"@type":"ListItem","position":1,"name":"Home","item":"https:\/\/www.erresse-shop.it\/es\/"},{"@type":"ListItem","position":2,"name":"Shop","item":"https:\/\/www.erresse-shop.it\/es\/shop\/"},{"@type":"ListItem","position":3,"name":"G3 FERRARI Rost\u00f2 37 L Titanium"}]},{"@type":"WebSite","@id":"https:\/\/www.erresse-shop.it\/es\/#website","url":"https:\/\/www.erresse-shop.it\/es\/","name":"Erresse Shop","description":"Articoli di qualit\u00e0 per la casa","potentialAction":[{"@type":"SearchAction","target":{"@type":"EntryPoint","urlTemplate":"https:\/\/www.erresse-shop.it\/es\/?s={search_term_string}"},"query-input":"required name=search_term_string"}],"inLanguage":"es"}]}},"df_price":127.95,"df_sale_price":127.95,"df_regular_price":159.9,"df_image_link":"https:\/\/www.erresse-shop.it\/wp-content\/uploads\/2024\/12\/G3-FERRARI-Rosto-37-L-Titanium-300x300.jpg","_links":{"self":[{"href":"https:\/\/www.erresse-shop.it\/es\/wp-json\/wp\/v2\/product\/453488"}],"collection":[{"href":"https:\/\/www.erresse-shop.it\/es\/wp-json\/wp\/v2\/product"}],"about":[{"href":"https:\/\/www.erresse-shop.it\/es\/wp-json\/wp\/v2\/types\/product"}],"wp:featuredmedia":[{"embeddable":true,"href":"https:\/\/www.erresse-shop.it\/es\/wp-json\/wp\/v2\/media\/493799"}],"wp:attachment":[{"href":"https:\/\/www.erresse-shop.it\/es\/wp-json\/wp\/v2\/media?parent=453488"}],"wp:term":[{"taxonomy":"product_cat","embeddable":true,"href":"https:\/\/www.erresse-shop.it\/es\/wp-json\/wp\/v2\/product_cat?post=453488"},{"taxonomy":"product_tag","embeddable":true,"href":"https:\/\/www.erresse-shop.it\/es\/wp-json\/wp\/v2\/product_tag?post=453488"}],"curies":[{"name":"wp","href":"https:\/\/api.w.org\/{rel}","templated":true}]}}