{"id":453088,"date":"2024-12-03T13:24:29","date_gmt":"2024-12-03T13:24:31","guid":{"rendered":"https:\/\/www.erresse-shop.it\/?post_type=product&#038;p=453088"},"modified":"2024-12-03T13:35:09","modified_gmt":"2024-12-03T13:35:09","slug":"steamery-pilo-1-afeitadora-de-tejidos-rosa-copia","status":"publish","type":"product","link":"https:\/\/www.erresse-shop.it\/es\/shop\/mobiliario\/tablas-de-planchar\/steamery-pilo-1-afeitadora-de-tejidos-rosa-copia\/","title":{"rendered":"STEAMERY Pilo 2 Afeitadora de Tejidos Rosa"},"content":{"rendered":"<p>Representa el equilibrio ideal entre funcionalidad y est\u00e9tica. Pilo 2 Fabric Shaver Rose es suave pero eficaz y elimina pelusas y bolitas de todo tipo de materiales. Con seis cuchillas de precisi\u00f3n y una gran \u00e1rea de afeitado, la afeitadora de telas Pilo 2 es m\u00e1s duradera y eficiente que otras afeitadoras de telas del mercado.<\/p>\n<p>como funciona<\/p>\n<p>Muchos consideran que la ropa o los textiles del hogar est\u00e1n gastados debido a las pelusas y las bolitas. Pero simplemente quitando la pelusa con una navaja para tela, tus telas volver\u00e1n a lucir como nuevas. Para limpiar r\u00e1pidamente la ropa de pelusas y pelos, coloque la prenda sobre una superficie plana y pase suavemente la boquilla sobre la tela.<\/p>\n<p>La afeitadora de telas Pilo 2 funciona perfectamente tanto en ropa como en tejidos del hogar, como jers\u00e9is, abrigos, bufandas, calcetines, sof\u00e1s, reposabrazos y mantas. Funciona con todo tipo de materiales, incluso los m\u00e1s delicados, y est\u00e1 equipado con una nueva soluci\u00f3n que facilita la limpieza de pelusas de la m\u00e1quina.<\/p>\n<p>Caracter\u00edsticas<\/p>\n<ul>\n<li>Nuestra afeitadora de telas m\u00e1s eficiente<\/li>\n<li>Pelusa f\u00e1cil de limpiar<\/li>\n<li>Tiempo de carga m\u00e1s corto y posibilidad de afeitarse mientras se carga<\/li>\n<li>Dise\u00f1o cuidadosamente seleccionado con dos posiciones de pie, que se adapta perfectamente a la mano<\/li>\n<\/ul>\n<p>Caracter\u00edsticas t\u00e9cnicas<\/p>\n<ul>\n<li>Tiempo de afeitado: 2 horas<\/li>\n<li>Tiempo de carga de la bater\u00eda: 2,5 horas<\/li>\n<li>Velocidad del motor: 9000 revoluciones\/min<\/li>\n<li>Garant\u00eda: 1 a\u00f1o<\/li>\n<li>Peso: 152 g<\/li>\n<li>Dimensiones: 67x67x93 mm<\/li>\n<li>Potencia: 5W<\/li>\n<\/ul>\n<p>\u00bfQu\u00e9 est\u00e1 incluido?<\/p>\n<ul>\n<li>Maquinilla de afeitar Pilo 2<\/li>\n<li>Cable de carga USB-C<\/li>\n<li>Cepillo de limpieza<\/li>\n<li>Manual<\/li>\n<\/ul>\n","protected":false},"excerpt":{"rendered":"<p>Representa el equilibrio ideal entre funcionalidad y est\u00e9tica. Pilo 2 Fabric Shaver Rose es suave pero eficaz y elimina pelusas<\/p>\n","protected":false},"featured_media":453114,"template":"","meta":{"_acf_changed":false,"inline_featured_image":false},"product_cat":[16016,18097],"product_tag":[22276,21668],"acf":[],"yoast_head":"<!-- This site is optimized with the Yoast SEO Premium plugin v18.6 (Yoast SEO v19.13) - https:\/\/yoast.com\/wordpress\/plugins\/seo\/ -->\n<title>STEAMERY Pilo 2 Afeitadora de Tejidos Rosa - Erresse Shop<\/title>\n<meta name=\"description\" content=\"Representa el equilibrio ideal entre funcionalidad y est\u00e9tica. Pilo 2 Fabric Shaver Rose es suave pero eficaz y elimina pelusas y bolitas de todo tipo de\" \/>\n<meta name=\"robots\" content=\"index, follow, max-snippet:-1, max-image-preview:large, max-video-preview:-1\" \/>\n<link rel=\"canonical\" href=\"https:\/\/www.erresse-shop.it\/es\/shop\/mobiliario\/tablas-de-planchar\/steamery-pilo-1-afeitadora-de-tejidos-rosa-copia\/\" \/>\n<meta property=\"og:locale\" content=\"es_ES\" \/>\n<meta property=\"og:type\" content=\"article\" \/>\n<meta property=\"og:title\" content=\"STEAMERY Pilo 2 Afeitadora de Tejidos Rosa\" \/>\n<meta property=\"og:description\" content=\"Representa el equilibrio ideal entre funcionalidad y est\u00e9tica. Pilo 2 Fabric Shaver Rose es suave pero eficaz y elimina pelusas y bolitas de todo tipo de\" \/>\n<meta property=\"og:url\" content=\"https:\/\/www.erresse-shop.it\/es\/shop\/mobiliario\/tablas-de-planchar\/steamery-pilo-1-afeitadora-de-tejidos-rosa-copia\/\" \/>\n<meta property=\"og:site_name\" content=\"Erresse Shop\" \/>\n<meta property=\"article:modified_time\" content=\"2024-12-03T13:35:09+00:00\" \/>\n<meta property=\"og:image\" content=\"https:\/\/www.erresse-shop.it\/wp-content\/uploads\/2024\/12\/STEAMERY-Pilo-2-Rasoio-per-Tessuti-Rosa.jpg\" \/>\n\t<meta property=\"og:image:width\" content=\"1200\" \/>\n\t<meta property=\"og:image:height\" content=\"1200\" \/>\n\t<meta property=\"og:image:type\" content=\"image\/jpeg\" \/>\n<meta name=\"twitter:card\" content=\"summary_large_image\" \/>\n<script type=\"application\/ld+json\" class=\"yoast-schema-graph\">{\"@context\":\"https:\/\/schema.org\",\"@graph\":[{\"@type\":\"WebPage\",\"@id\":\"https:\/\/www.erresse-shop.it\/es\/shop\/mobiliario\/tablas-de-planchar\/steamery-pilo-1-afeitadora-de-tejidos-rosa-copia\/\",\"url\":\"https:\/\/www.erresse-shop.it\/es\/shop\/mobiliario\/tablas-de-planchar\/steamery-pilo-1-afeitadora-de-tejidos-rosa-copia\/\",\"name\":\"STEAMERY Pilo 2 Afeitadora de Tejidos Rosa - Erresse Shop\",\"isPartOf\":{\"@id\":\"https:\/\/www.erresse-shop.it\/es\/#website\"},\"datePublished\":\"2024-12-03T13:24:31+00:00\",\"dateModified\":\"2024-12-03T13:35:09+00:00\",\"description\":\"Representa el equilibrio ideal entre funcionalidad y est\u00e9tica. Pilo 2 Fabric Shaver Rose es suave pero eficaz y elimina pelusas y bolitas de todo tipo de\",\"breadcrumb\":{\"@id\":\"https:\/\/www.erresse-shop.it\/es\/shop\/mobiliario\/tablas-de-planchar\/steamery-pilo-1-afeitadora-de-tejidos-rosa-copia\/#breadcrumb\"},\"inLanguage\":\"es\",\"potentialAction\":[{\"@type\":\"ReadAction\",\"target\":[\"https:\/\/www.erresse-shop.it\/es\/shop\/mobiliario\/tablas-de-planchar\/steamery-pilo-1-afeitadora-de-tejidos-rosa-copia\/\"]}]},{\"@type\":\"BreadcrumbList\",\"@id\":\"https:\/\/www.erresse-shop.it\/es\/shop\/mobiliario\/tablas-de-planchar\/steamery-pilo-1-afeitadora-de-tejidos-rosa-copia\/#breadcrumb\",\"itemListElement\":[{\"@type\":\"ListItem\",\"position\":1,\"name\":\"Home\",\"item\":\"https:\/\/www.erresse-shop.it\/es\/\"},{\"@type\":\"ListItem\",\"position\":2,\"name\":\"Shop\",\"item\":\"https:\/\/www.erresse-shop.it\/es\/shop\/\"},{\"@type\":\"ListItem\",\"position\":3,\"name\":\"STEAMERY Pilo 2 Afeitadora de Tejidos Rosa\"}]},{\"@type\":\"WebSite\",\"@id\":\"https:\/\/www.erresse-shop.it\/es\/#website\",\"url\":\"https:\/\/www.erresse-shop.it\/es\/\",\"name\":\"Erresse Shop\",\"description\":\"Articoli di qualit\u00e0 per la casa\",\"potentialAction\":[{\"@type\":\"SearchAction\",\"target\":{\"@type\":\"EntryPoint\",\"urlTemplate\":\"https:\/\/www.erresse-shop.it\/es\/?s={search_term_string}\"},\"query-input\":\"required name=search_term_string\"}],\"inLanguage\":\"es\"}]}<\/script>\n<!-- \/ Yoast SEO Premium plugin. -->","yoast_head_json":{"title":"STEAMERY Pilo 2 Afeitadora de Tejidos Rosa - Erresse Shop","description":"Representa el equilibrio ideal entre funcionalidad y est\u00e9tica. Pilo 2 Fabric Shaver Rose es suave pero eficaz y elimina pelusas y bolitas de todo tipo de","robots":{"index":"index","follow":"follow","max-snippet":"max-snippet:-1","max-image-preview":"max-image-preview:large","max-video-preview":"max-video-preview:-1"},"canonical":"https:\/\/www.erresse-shop.it\/es\/shop\/mobiliario\/tablas-de-planchar\/steamery-pilo-1-afeitadora-de-tejidos-rosa-copia\/","og_locale":"es_ES","og_type":"article","og_title":"STEAMERY Pilo 2 Afeitadora de Tejidos Rosa","og_description":"Representa el equilibrio ideal entre funcionalidad y est\u00e9tica. Pilo 2 Fabric Shaver Rose es suave pero eficaz y elimina pelusas y bolitas de todo tipo de","og_url":"https:\/\/www.erresse-shop.it\/es\/shop\/mobiliario\/tablas-de-planchar\/steamery-pilo-1-afeitadora-de-tejidos-rosa-copia\/","og_site_name":"Erresse Shop","article_modified_time":"2024-12-03T13:35:09+00:00","og_image":[{"width":1200,"height":1200,"url":"https:\/\/www.erresse-shop.it\/wp-content\/uploads\/2024\/12\/STEAMERY-Pilo-2-Rasoio-per-Tessuti-Rosa.jpg","type":"image\/jpeg"}],"twitter_card":"summary_large_image","schema":{"@context":"https:\/\/schema.org","@graph":[{"@type":"WebPage","@id":"https:\/\/www.erresse-shop.it\/es\/shop\/mobiliario\/tablas-de-planchar\/steamery-pilo-1-afeitadora-de-tejidos-rosa-copia\/","url":"https:\/\/www.erresse-shop.it\/es\/shop\/mobiliario\/tablas-de-planchar\/steamery-pilo-1-afeitadora-de-tejidos-rosa-copia\/","name":"STEAMERY Pilo 2 Afeitadora de Tejidos Rosa - Erresse Shop","isPartOf":{"@id":"https:\/\/www.erresse-shop.it\/es\/#website"},"datePublished":"2024-12-03T13:24:31+00:00","dateModified":"2024-12-03T13:35:09+00:00","description":"Representa el equilibrio ideal entre funcionalidad y est\u00e9tica. Pilo 2 Fabric Shaver Rose es suave pero eficaz y elimina pelusas y bolitas de todo tipo de","breadcrumb":{"@id":"https:\/\/www.erresse-shop.it\/es\/shop\/mobiliario\/tablas-de-planchar\/steamery-pilo-1-afeitadora-de-tejidos-rosa-copia\/#breadcrumb"},"inLanguage":"es","potentialAction":[{"@type":"ReadAction","target":["https:\/\/www.erresse-shop.it\/es\/shop\/mobiliario\/tablas-de-planchar\/steamery-pilo-1-afeitadora-de-tejidos-rosa-copia\/"]}]},{"@type":"BreadcrumbList","@id":"https:\/\/www.erresse-shop.it\/es\/shop\/mobiliario\/tablas-de-planchar\/steamery-pilo-1-afeitadora-de-tejidos-rosa-copia\/#breadcrumb","itemListElement":[{"@type":"ListItem","position":1,"name":"Home","item":"https:\/\/www.erresse-shop.it\/es\/"},{"@type":"ListItem","position":2,"name":"Shop","item":"https:\/\/www.erresse-shop.it\/es\/shop\/"},{"@type":"ListItem","position":3,"name":"STEAMERY Pilo 2 Afeitadora de Tejidos Rosa"}]},{"@type":"WebSite","@id":"https:\/\/www.erresse-shop.it\/es\/#website","url":"https:\/\/www.erresse-shop.it\/es\/","name":"Erresse Shop","description":"Articoli di qualit\u00e0 per la casa","potentialAction":[{"@type":"SearchAction","target":{"@type":"EntryPoint","urlTemplate":"https:\/\/www.erresse-shop.it\/es\/?s={search_term_string}"},"query-input":"required name=search_term_string"}],"inLanguage":"es"}]}},"df_price":24.750000000000004,"df_sale_price":24.750000000000004,"df_regular_price":45,"df_image_link":"https:\/\/www.erresse-shop.it\/wp-content\/uploads\/2024\/12\/STEAMERY-Pilo-2-Rasoio-per-Tessuti-Rosa-300x300.jpg","_links":{"self":[{"href":"https:\/\/www.erresse-shop.it\/es\/wp-json\/wp\/v2\/product\/453088"}],"collection":[{"href":"https:\/\/www.erresse-shop.it\/es\/wp-json\/wp\/v2\/product"}],"about":[{"href":"https:\/\/www.erresse-shop.it\/es\/wp-json\/wp\/v2\/types\/product"}],"wp:featuredmedia":[{"embeddable":true,"href":"https:\/\/www.erresse-shop.it\/es\/wp-json\/wp\/v2\/media\/453114"}],"wp:attachment":[{"href":"https:\/\/www.erresse-shop.it\/es\/wp-json\/wp\/v2\/media?parent=453088"}],"wp:term":[{"taxonomy":"product_cat","embeddable":true,"href":"https:\/\/www.erresse-shop.it\/es\/wp-json\/wp\/v2\/product_cat?post=453088"},{"taxonomy":"product_tag","embeddable":true,"href":"https:\/\/www.erresse-shop.it\/es\/wp-json\/wp\/v2\/product_tag?post=453088"}],"curies":[{"name":"wp","href":"https:\/\/api.w.org\/{rel}","templated":true}]}}