{"id":451589,"date":"2024-11-27T08:13:08","date_gmt":"2024-11-27T08:13:10","guid":{"rendered":"https:\/\/www.erresse-shop.it\/?post_type=product&#038;p=451589"},"modified":"2024-11-27T09:35:42","modified_gmt":"2024-11-27T09:35:42","slug":"portmeirion-christmas-tree-set-de-4-platos-llanos-copia","status":"publish","type":"product","link":"https:\/\/www.erresse-shop.it\/es\/shop\/tabla\/platos\/portmeirion-christmas-tree-set-de-4-platos-llanos-copia\/","title":{"rendered":"PORTMEIRION Christmas Tree Set de 4 platos de frutas"},"content":{"rendered":"<p>La Navidad solo llega una vez al a\u00f1o, as\u00ed que haga que su reuni\u00f3n familiar sea a\u00fan m\u00e1s memorable con estos platos para \u00e1rboles de Navidad Spode. Perfectos para servir guarniciones de temporada o usarse como platos peque\u00f1os, presentan el dise\u00f1o tradicional del \u00e1rbol de Navidad, amado en todo el mundo desde 1938, con un acabado verde festivo en el exterior. A\u00f1o tras a\u00f1o, seguro que har\u00e1n sonre\u00edr a hijos y nietos. Crea un juego a juego con el resto de nuestra gama para una mesa llena de alegr\u00eda navide\u00f1a.<\/p>\n<p>Fabricadas en muchas f\u00e1bricas de Inglaterra, cada pieza est\u00e1 dise\u00f1ada para el comedor y la sala de estar modernos y es de la m\u00e1s alta calidad.<\/p>\n<p><strong>Detalles del producto:<\/strong><\/p>\n<p>Cuidados: Apto para microondas, lavavajillas, congelador y horno.<br \/>\nMaterial: Terracota<\/p>\n","protected":false},"excerpt":{"rendered":"<p>La Navidad solo llega una vez al a\u00f1o, as\u00ed que haga que su reuni\u00f3n familiar sea a\u00fan m\u00e1s memorable con<\/p>\n","protected":false},"featured_media":451607,"template":"","meta":{"_acf_changed":false,"inline_featured_image":false},"product_cat":[16031,16027],"product_tag":[19361,23912,20878,16133,16718,19362,20173,17983,24605,25023],"acf":[],"yoast_head":"<!-- This site is optimized with the Yoast SEO Premium plugin v18.6 (Yoast SEO v19.13) - https:\/\/yoast.com\/wordpress\/plugins\/seo\/ -->\n<title>PORTMEIRION Christmas Tree Set de 4 platos de frutas - Erresse Shop<\/title>\n<meta name=\"description\" content=\"La Navidad solo llega una vez al a\u00f1o, as\u00ed que haga que su reuni\u00f3n familiar sea a\u00fan m\u00e1s memorable con estos platos para \u00e1rboles de Navidad Spode. Perfectos\" \/>\n<meta name=\"robots\" content=\"index, follow, max-snippet:-1, max-image-preview:large, max-video-preview:-1\" \/>\n<link rel=\"canonical\" href=\"https:\/\/www.erresse-shop.it\/es\/shop\/tabla\/platos\/portmeirion-christmas-tree-set-de-4-platos-llanos-copia\/\" \/>\n<meta property=\"og:locale\" content=\"es_ES\" \/>\n<meta property=\"og:type\" content=\"article\" \/>\n<meta property=\"og:title\" content=\"PORTMEIRION Christmas Tree Set de 4 platos de frutas\" \/>\n<meta property=\"og:description\" content=\"La Navidad solo llega una vez al a\u00f1o, as\u00ed que haga que su reuni\u00f3n familiar sea a\u00fan m\u00e1s memorable con estos platos para \u00e1rboles de Navidad Spode. Perfectos\" \/>\n<meta property=\"og:url\" content=\"https:\/\/www.erresse-shop.it\/es\/shop\/tabla\/platos\/portmeirion-christmas-tree-set-de-4-platos-llanos-copia\/\" \/>\n<meta property=\"og:site_name\" content=\"Erresse Shop\" \/>\n<meta property=\"article:modified_time\" content=\"2024-11-27T09:35:42+00:00\" \/>\n<meta property=\"og:image\" content=\"https:\/\/www.erresse-shop.it\/wp-content\/uploads\/2024\/11\/PORTMEIRION-Christmas-Tree-Set-4-Piatti-Frutta.jpg\" \/>\n\t<meta property=\"og:image:width\" content=\"1200\" \/>\n\t<meta property=\"og:image:height\" content=\"1200\" \/>\n\t<meta property=\"og:image:type\" content=\"image\/jpeg\" \/>\n<meta name=\"twitter:card\" content=\"summary_large_image\" \/>\n<script type=\"application\/ld+json\" class=\"yoast-schema-graph\">{\"@context\":\"https:\/\/schema.org\",\"@graph\":[{\"@type\":\"WebPage\",\"@id\":\"https:\/\/www.erresse-shop.it\/es\/shop\/tabla\/platos\/portmeirion-christmas-tree-set-de-4-platos-llanos-copia\/\",\"url\":\"https:\/\/www.erresse-shop.it\/es\/shop\/tabla\/platos\/portmeirion-christmas-tree-set-de-4-platos-llanos-copia\/\",\"name\":\"PORTMEIRION Christmas Tree Set de 4 platos de frutas - Erresse Shop\",\"isPartOf\":{\"@id\":\"https:\/\/www.erresse-shop.it\/es\/#website\"},\"datePublished\":\"2024-11-27T08:13:10+00:00\",\"dateModified\":\"2024-11-27T09:35:42+00:00\",\"description\":\"La Navidad solo llega una vez al a\u00f1o, as\u00ed que haga que su reuni\u00f3n familiar sea a\u00fan m\u00e1s memorable con estos platos para \u00e1rboles de Navidad Spode. Perfectos\",\"breadcrumb\":{\"@id\":\"https:\/\/www.erresse-shop.it\/es\/shop\/tabla\/platos\/portmeirion-christmas-tree-set-de-4-platos-llanos-copia\/#breadcrumb\"},\"inLanguage\":\"es\",\"potentialAction\":[{\"@type\":\"ReadAction\",\"target\":[\"https:\/\/www.erresse-shop.it\/es\/shop\/tabla\/platos\/portmeirion-christmas-tree-set-de-4-platos-llanos-copia\/\"]}]},{\"@type\":\"BreadcrumbList\",\"@id\":\"https:\/\/www.erresse-shop.it\/es\/shop\/tabla\/platos\/portmeirion-christmas-tree-set-de-4-platos-llanos-copia\/#breadcrumb\",\"itemListElement\":[{\"@type\":\"ListItem\",\"position\":1,\"name\":\"Home\",\"item\":\"https:\/\/www.erresse-shop.it\/es\/\"},{\"@type\":\"ListItem\",\"position\":2,\"name\":\"Shop\",\"item\":\"https:\/\/www.erresse-shop.it\/es\/shop\/\"},{\"@type\":\"ListItem\",\"position\":3,\"name\":\"PORTMEIRION Christmas Tree Set de 4 platos de frutas\"}]},{\"@type\":\"WebSite\",\"@id\":\"https:\/\/www.erresse-shop.it\/es\/#website\",\"url\":\"https:\/\/www.erresse-shop.it\/es\/\",\"name\":\"Erresse Shop\",\"description\":\"Articoli di qualit\u00e0 per la casa\",\"potentialAction\":[{\"@type\":\"SearchAction\",\"target\":{\"@type\":\"EntryPoint\",\"urlTemplate\":\"https:\/\/www.erresse-shop.it\/es\/?s={search_term_string}\"},\"query-input\":\"required name=search_term_string\"}],\"inLanguage\":\"es\"}]}<\/script>\n<!-- \/ Yoast SEO Premium plugin. -->","yoast_head_json":{"title":"PORTMEIRION Christmas Tree Set de 4 platos de frutas - Erresse Shop","description":"La Navidad solo llega una vez al a\u00f1o, as\u00ed que haga que su reuni\u00f3n familiar sea a\u00fan m\u00e1s memorable con estos platos para \u00e1rboles de Navidad Spode. Perfectos","robots":{"index":"index","follow":"follow","max-snippet":"max-snippet:-1","max-image-preview":"max-image-preview:large","max-video-preview":"max-video-preview:-1"},"canonical":"https:\/\/www.erresse-shop.it\/es\/shop\/tabla\/platos\/portmeirion-christmas-tree-set-de-4-platos-llanos-copia\/","og_locale":"es_ES","og_type":"article","og_title":"PORTMEIRION Christmas Tree Set de 4 platos de frutas","og_description":"La Navidad solo llega una vez al a\u00f1o, as\u00ed que haga que su reuni\u00f3n familiar sea a\u00fan m\u00e1s memorable con estos platos para \u00e1rboles de Navidad Spode. Perfectos","og_url":"https:\/\/www.erresse-shop.it\/es\/shop\/tabla\/platos\/portmeirion-christmas-tree-set-de-4-platos-llanos-copia\/","og_site_name":"Erresse Shop","article_modified_time":"2024-11-27T09:35:42+00:00","og_image":[{"width":1200,"height":1200,"url":"https:\/\/www.erresse-shop.it\/wp-content\/uploads\/2024\/11\/PORTMEIRION-Christmas-Tree-Set-4-Piatti-Frutta.jpg","type":"image\/jpeg"}],"twitter_card":"summary_large_image","schema":{"@context":"https:\/\/schema.org","@graph":[{"@type":"WebPage","@id":"https:\/\/www.erresse-shop.it\/es\/shop\/tabla\/platos\/portmeirion-christmas-tree-set-de-4-platos-llanos-copia\/","url":"https:\/\/www.erresse-shop.it\/es\/shop\/tabla\/platos\/portmeirion-christmas-tree-set-de-4-platos-llanos-copia\/","name":"PORTMEIRION Christmas Tree Set de 4 platos de frutas - Erresse Shop","isPartOf":{"@id":"https:\/\/www.erresse-shop.it\/es\/#website"},"datePublished":"2024-11-27T08:13:10+00:00","dateModified":"2024-11-27T09:35:42+00:00","description":"La Navidad solo llega una vez al a\u00f1o, as\u00ed que haga que su reuni\u00f3n familiar sea a\u00fan m\u00e1s memorable con estos platos para \u00e1rboles de Navidad Spode. Perfectos","breadcrumb":{"@id":"https:\/\/www.erresse-shop.it\/es\/shop\/tabla\/platos\/portmeirion-christmas-tree-set-de-4-platos-llanos-copia\/#breadcrumb"},"inLanguage":"es","potentialAction":[{"@type":"ReadAction","target":["https:\/\/www.erresse-shop.it\/es\/shop\/tabla\/platos\/portmeirion-christmas-tree-set-de-4-platos-llanos-copia\/"]}]},{"@type":"BreadcrumbList","@id":"https:\/\/www.erresse-shop.it\/es\/shop\/tabla\/platos\/portmeirion-christmas-tree-set-de-4-platos-llanos-copia\/#breadcrumb","itemListElement":[{"@type":"ListItem","position":1,"name":"Home","item":"https:\/\/www.erresse-shop.it\/es\/"},{"@type":"ListItem","position":2,"name":"Shop","item":"https:\/\/www.erresse-shop.it\/es\/shop\/"},{"@type":"ListItem","position":3,"name":"PORTMEIRION Christmas Tree Set de 4 platos de frutas"}]},{"@type":"WebSite","@id":"https:\/\/www.erresse-shop.it\/es\/#website","url":"https:\/\/www.erresse-shop.it\/es\/","name":"Erresse Shop","description":"Articoli di qualit\u00e0 per la casa","potentialAction":[{"@type":"SearchAction","target":{"@type":"EntryPoint","urlTemplate":"https:\/\/www.erresse-shop.it\/es\/?s={search_term_string}"},"query-input":"required name=search_term_string"}],"inLanguage":"es"}]}},"df_price":77.95,"df_sale_price":77.95,"df_regular_price":115.95,"df_image_link":"https:\/\/www.erresse-shop.it\/wp-content\/uploads\/2024\/11\/PORTMEIRION-Christmas-Tree-Set-4-Piatti-Frutta-300x300.jpg","_links":{"self":[{"href":"https:\/\/www.erresse-shop.it\/es\/wp-json\/wp\/v2\/product\/451589"}],"collection":[{"href":"https:\/\/www.erresse-shop.it\/es\/wp-json\/wp\/v2\/product"}],"about":[{"href":"https:\/\/www.erresse-shop.it\/es\/wp-json\/wp\/v2\/types\/product"}],"wp:featuredmedia":[{"embeddable":true,"href":"https:\/\/www.erresse-shop.it\/es\/wp-json\/wp\/v2\/media\/451607"}],"wp:attachment":[{"href":"https:\/\/www.erresse-shop.it\/es\/wp-json\/wp\/v2\/media?parent=451589"}],"wp:term":[{"taxonomy":"product_cat","embeddable":true,"href":"https:\/\/www.erresse-shop.it\/es\/wp-json\/wp\/v2\/product_cat?post=451589"},{"taxonomy":"product_tag","embeddable":true,"href":"https:\/\/www.erresse-shop.it\/es\/wp-json\/wp\/v2\/product_tag?post=451589"}],"curies":[{"name":"wp","href":"https:\/\/api.w.org\/{rel}","templated":true}]}}