{"id":451486,"date":"2024-11-27T07:19:14","date_gmt":"2024-11-27T07:19:17","guid":{"rendered":"https:\/\/www.erresse-shop.it\/?post_type=product&#038;p=451486"},"modified":"2024-12-09T00:00:05","modified_gmt":"2024-12-09T00:00:05","slug":"cookvision-basic-smart-kochgeschirr-set-11-teilig-schwarz-copia","status":"publish","type":"product","link":"https:\/\/www.erresse-shop.it\/es\/shop\/sartenes-y-ollas\/juegos-de-ollas\/cookvision-basic-smart-kochgeschirr-set-11-teilig-schwarz-copia\/","title":{"rendered":"COOKVISION Mega Nesto Set de ollas 14 piezas negro"},"content":{"rendered":"<p><strong>ESPACIO Y ORDEN HASTA EN LA COCINA M\u00c1S PEQUE\u00d1A<\/strong><\/p>\n<p>Nesto est\u00e1 dise\u00f1ado para que todas las ollas y sartenes se puedan apilar unas dentro de otras sin aumentar significativamente la altura. Incluso la sart\u00e9n m\u00e1s grande cabe en la m\u00e1s peque\u00f1a y los art\u00edculos del mismo tama\u00f1o no son un problema. \u00a1Nesto ahorra el m\u00e1ximo espacio en todos los aspectos!<\/p>\n<p><strong>SERVIR Y SERVIR<\/strong><\/p>\n<p>Los utensilios de cocina Nesto de acero inoxidable son tan elegantes y de tan alta calidad.<br \/>\nCualidades que tambi\u00e9n puedes utilizarlas directamente para servir.<\/p>\n<p>\u00a1Las ollas sin asas se transforman en elegantes y llamativos cuencos para ensaladas, verduras y guarniciones!<\/p>\n<p><strong>COCINAR A NIVEL PROFESIONAL<\/strong><\/p>\n<p>\u00bfQu\u00e9 distingue los equipos profesionales de las herramientas de hobby? El material y el acabado: Para Nesto utilizamos acero inoxidable de cromo-n\u00edquel 18\/10 extrafuerte. Nesto est\u00e1 equipado con una base t\u00e9rmica encapsulada de 6 mm de espesor con n\u00facleo de aluminio. Esto garantiza que los suelos no se comben incluso en condiciones de calor extremo y, por tanto, garantiza una distribuci\u00f3n \u00f3ptima del calor.<\/p>\n<p><strong>Festival de la Ofensiva<\/strong><\/p>\n<p>Nuestras ollas y sartenes Nesto de acero inoxidable no s\u00f3lo son resistentes y f\u00e1ciles de limpiar, sino tambi\u00e9n vers\u00e1tiles. Se pueden pasar del fuego al horno con un simple gesto y desde all\u00ed servir directamente en la mesa.<\/p>\n<p>Gracias a la resistencia del horno no hay l\u00edmites para tu creatividad en la cocina: \u00a1descubre los diferentes usos de la vajilla de acero inoxidable Nesto!<\/p>\n<p><strong>Tapa con salida de vapor<\/strong><\/p>\n<p>Las tapas Nesto tienen una salida de vapor lateral y, por lo tanto, dirigen perfectamente el vapor que se escapa hacia los ventiladores Downdraft y las campanas extractoras.<\/p>\n<p>\u00a1Los olores, vapores y grasas de la cocina se eliminan continuamente y la zona de cocci\u00f3n permanece limpia!<\/p>\n<p><strong>El juego de utensilios de cocina contiene:<\/strong><\/p>\n<ul>\n<li>5 botes:\n<ol>\n<li>\u00f8 16 x 8,5 cm, 1,3 litros<\/li>\n<li>\u00f8 18 x 10,0 cm, 2,0 l<\/li>\n<li>\u00f8 20 x 11,4 cm, 2,8 l<\/li>\n<li>\u00f8 22 x 12,7 cm, 3,8 l<\/li>\n<li>\u00f8 24 x 14,0 cm, 5,1 litros<\/li>\n<\/ol>\n<\/li>\n<li>5 tapas de vidrio:\n<ol>\n<li>\u00f8 16 cm<\/li>\n<li>\u00f8 18 cm<\/li>\n<li>\u00f8 20 cm<\/li>\n<li>\u00f8 22 cm<\/li>\n<li>\u00f8 24 cm<\/li>\n<\/ol>\n<\/li>\n<li>2 asas largas<\/li>\n<li>2 empu\u00f1aduras de silicona<\/li>\n<\/ul>\n","protected":false},"excerpt":{"rendered":"<p>ESPACIO Y ORDEN HASTA EN LA COCINA M\u00c1S PEQUE\u00d1A Nesto est\u00e1 dise\u00f1ado para que todas las ollas y sartenes se<\/p>\n","protected":false},"featured_media":451560,"template":"","meta":{"_acf_changed":false,"inline_featured_image":false},"product_cat":[16064,16058],"product_tag":[16211,16129,22976,16160],"acf":[],"yoast_head":"<!-- This site is optimized with the Yoast SEO Premium plugin v18.6 (Yoast SEO v19.13) - https:\/\/yoast.com\/wordpress\/plugins\/seo\/ -->\n<title>COOKVISION Mega Nesto Set de ollas 14 piezas negro - Erresse Shop<\/title>\n<meta name=\"description\" content=\"ESPACIO Y ORDEN HASTA EN LA COCINA M\u00c1S PEQUE\u00d1A Nesto est\u00e1 dise\u00f1ado para que todas las ollas y sartenes se puedan apilar unas dentro de otras sin aumentar\" \/>\n<meta name=\"robots\" content=\"index, follow, max-snippet:-1, max-image-preview:large, max-video-preview:-1\" \/>\n<link rel=\"canonical\" href=\"https:\/\/www.erresse-shop.it\/es\/shop\/sartenes-y-ollas\/juegos-de-ollas\/cookvision-basic-smart-kochgeschirr-set-11-teilig-schwarz-copia\/\" \/>\n<meta property=\"og:locale\" content=\"es_ES\" \/>\n<meta property=\"og:type\" content=\"article\" \/>\n<meta property=\"og:title\" content=\"COOKVISION Mega Nesto Set de ollas 14 piezas negro\" \/>\n<meta property=\"og:description\" content=\"ESPACIO Y ORDEN HASTA EN LA COCINA M\u00c1S PEQUE\u00d1A Nesto est\u00e1 dise\u00f1ado para que todas las ollas y sartenes se puedan apilar unas dentro de otras sin aumentar\" \/>\n<meta property=\"og:url\" content=\"https:\/\/www.erresse-shop.it\/es\/shop\/sartenes-y-ollas\/juegos-de-ollas\/cookvision-basic-smart-kochgeschirr-set-11-teilig-schwarz-copia\/\" \/>\n<meta property=\"og:site_name\" content=\"Erresse Shop\" \/>\n<meta property=\"article:modified_time\" content=\"2024-12-09T00:00:05+00:00\" \/>\n<meta property=\"og:image\" content=\"https:\/\/www.erresse-shop.it\/wp-content\/uploads\/2024\/11\/COOKVISION-Set-Pentole-Mega-Nesto-14-Pezzi-Nero.jpg\" \/>\n\t<meta property=\"og:image:width\" content=\"1200\" \/>\n\t<meta property=\"og:image:height\" content=\"1200\" \/>\n\t<meta property=\"og:image:type\" content=\"image\/jpeg\" \/>\n<meta name=\"twitter:card\" content=\"summary_large_image\" \/>\n<script type=\"application\/ld+json\" class=\"yoast-schema-graph\">{\"@context\":\"https:\/\/schema.org\",\"@graph\":[{\"@type\":\"WebPage\",\"@id\":\"https:\/\/www.erresse-shop.it\/es\/shop\/sartenes-y-ollas\/juegos-de-ollas\/cookvision-basic-smart-kochgeschirr-set-11-teilig-schwarz-copia\/\",\"url\":\"https:\/\/www.erresse-shop.it\/es\/shop\/sartenes-y-ollas\/juegos-de-ollas\/cookvision-basic-smart-kochgeschirr-set-11-teilig-schwarz-copia\/\",\"name\":\"COOKVISION Mega Nesto Set de ollas 14 piezas negro - Erresse Shop\",\"isPartOf\":{\"@id\":\"https:\/\/www.erresse-shop.it\/es\/#website\"},\"datePublished\":\"2024-11-27T07:19:17+00:00\",\"dateModified\":\"2024-12-09T00:00:05+00:00\",\"description\":\"ESPACIO Y ORDEN HASTA EN LA COCINA M\u00c1S PEQUE\u00d1A Nesto est\u00e1 dise\u00f1ado para que todas las ollas y sartenes se puedan apilar unas dentro de otras sin aumentar\",\"breadcrumb\":{\"@id\":\"https:\/\/www.erresse-shop.it\/es\/shop\/sartenes-y-ollas\/juegos-de-ollas\/cookvision-basic-smart-kochgeschirr-set-11-teilig-schwarz-copia\/#breadcrumb\"},\"inLanguage\":\"es\",\"potentialAction\":[{\"@type\":\"ReadAction\",\"target\":[\"https:\/\/www.erresse-shop.it\/es\/shop\/sartenes-y-ollas\/juegos-de-ollas\/cookvision-basic-smart-kochgeschirr-set-11-teilig-schwarz-copia\/\"]}]},{\"@type\":\"BreadcrumbList\",\"@id\":\"https:\/\/www.erresse-shop.it\/es\/shop\/sartenes-y-ollas\/juegos-de-ollas\/cookvision-basic-smart-kochgeschirr-set-11-teilig-schwarz-copia\/#breadcrumb\",\"itemListElement\":[{\"@type\":\"ListItem\",\"position\":1,\"name\":\"Home\",\"item\":\"https:\/\/www.erresse-shop.it\/es\/\"},{\"@type\":\"ListItem\",\"position\":2,\"name\":\"Shop\",\"item\":\"https:\/\/www.erresse-shop.it\/es\/shop\/\"},{\"@type\":\"ListItem\",\"position\":3,\"name\":\"COOKVISION Mega Nesto Set de ollas 14 piezas negro\"}]},{\"@type\":\"WebSite\",\"@id\":\"https:\/\/www.erresse-shop.it\/es\/#website\",\"url\":\"https:\/\/www.erresse-shop.it\/es\/\",\"name\":\"Erresse Shop\",\"description\":\"Articoli di qualit\u00e0 per la casa\",\"potentialAction\":[{\"@type\":\"SearchAction\",\"target\":{\"@type\":\"EntryPoint\",\"urlTemplate\":\"https:\/\/www.erresse-shop.it\/es\/?s={search_term_string}\"},\"query-input\":\"required name=search_term_string\"}],\"inLanguage\":\"es\"}]}<\/script>\n<!-- \/ Yoast SEO Premium plugin. -->","yoast_head_json":{"title":"COOKVISION Mega Nesto Set de ollas 14 piezas negro - Erresse Shop","description":"ESPACIO Y ORDEN HASTA EN LA COCINA M\u00c1S PEQUE\u00d1A Nesto est\u00e1 dise\u00f1ado para que todas las ollas y sartenes se puedan apilar unas dentro de otras sin aumentar","robots":{"index":"index","follow":"follow","max-snippet":"max-snippet:-1","max-image-preview":"max-image-preview:large","max-video-preview":"max-video-preview:-1"},"canonical":"https:\/\/www.erresse-shop.it\/es\/shop\/sartenes-y-ollas\/juegos-de-ollas\/cookvision-basic-smart-kochgeschirr-set-11-teilig-schwarz-copia\/","og_locale":"es_ES","og_type":"article","og_title":"COOKVISION Mega Nesto Set de ollas 14 piezas negro","og_description":"ESPACIO Y ORDEN HASTA EN LA COCINA M\u00c1S PEQUE\u00d1A Nesto est\u00e1 dise\u00f1ado para que todas las ollas y sartenes se puedan apilar unas dentro de otras sin aumentar","og_url":"https:\/\/www.erresse-shop.it\/es\/shop\/sartenes-y-ollas\/juegos-de-ollas\/cookvision-basic-smart-kochgeschirr-set-11-teilig-schwarz-copia\/","og_site_name":"Erresse Shop","article_modified_time":"2024-12-09T00:00:05+00:00","og_image":[{"width":1200,"height":1200,"url":"https:\/\/www.erresse-shop.it\/wp-content\/uploads\/2024\/11\/COOKVISION-Set-Pentole-Mega-Nesto-14-Pezzi-Nero.jpg","type":"image\/jpeg"}],"twitter_card":"summary_large_image","schema":{"@context":"https:\/\/schema.org","@graph":[{"@type":"WebPage","@id":"https:\/\/www.erresse-shop.it\/es\/shop\/sartenes-y-ollas\/juegos-de-ollas\/cookvision-basic-smart-kochgeschirr-set-11-teilig-schwarz-copia\/","url":"https:\/\/www.erresse-shop.it\/es\/shop\/sartenes-y-ollas\/juegos-de-ollas\/cookvision-basic-smart-kochgeschirr-set-11-teilig-schwarz-copia\/","name":"COOKVISION Mega Nesto Set de ollas 14 piezas negro - Erresse Shop","isPartOf":{"@id":"https:\/\/www.erresse-shop.it\/es\/#website"},"datePublished":"2024-11-27T07:19:17+00:00","dateModified":"2024-12-09T00:00:05+00:00","description":"ESPACIO Y ORDEN HASTA EN LA COCINA M\u00c1S PEQUE\u00d1A Nesto est\u00e1 dise\u00f1ado para que todas las ollas y sartenes se puedan apilar unas dentro de otras sin aumentar","breadcrumb":{"@id":"https:\/\/www.erresse-shop.it\/es\/shop\/sartenes-y-ollas\/juegos-de-ollas\/cookvision-basic-smart-kochgeschirr-set-11-teilig-schwarz-copia\/#breadcrumb"},"inLanguage":"es","potentialAction":[{"@type":"ReadAction","target":["https:\/\/www.erresse-shop.it\/es\/shop\/sartenes-y-ollas\/juegos-de-ollas\/cookvision-basic-smart-kochgeschirr-set-11-teilig-schwarz-copia\/"]}]},{"@type":"BreadcrumbList","@id":"https:\/\/www.erresse-shop.it\/es\/shop\/sartenes-y-ollas\/juegos-de-ollas\/cookvision-basic-smart-kochgeschirr-set-11-teilig-schwarz-copia\/#breadcrumb","itemListElement":[{"@type":"ListItem","position":1,"name":"Home","item":"https:\/\/www.erresse-shop.it\/es\/"},{"@type":"ListItem","position":2,"name":"Shop","item":"https:\/\/www.erresse-shop.it\/es\/shop\/"},{"@type":"ListItem","position":3,"name":"COOKVISION Mega Nesto Set de ollas 14 piezas negro"}]},{"@type":"WebSite","@id":"https:\/\/www.erresse-shop.it\/es\/#website","url":"https:\/\/www.erresse-shop.it\/es\/","name":"Erresse Shop","description":"Articoli di qualit\u00e0 per la casa","potentialAction":[{"@type":"SearchAction","target":{"@type":"EntryPoint","urlTemplate":"https:\/\/www.erresse-shop.it\/es\/?s={search_term_string}"},"query-input":"required name=search_term_string"}],"inLanguage":"es"}]}},"df_price":279.95,"df_sale_price":279.95,"df_regular_price":418,"df_image_link":"https:\/\/www.erresse-shop.it\/wp-content\/uploads\/2024\/11\/COOKVISION-Set-Pentole-Mega-Nesto-14-Pezzi-Nero-300x300.jpg","_links":{"self":[{"href":"https:\/\/www.erresse-shop.it\/es\/wp-json\/wp\/v2\/product\/451486"}],"collection":[{"href":"https:\/\/www.erresse-shop.it\/es\/wp-json\/wp\/v2\/product"}],"about":[{"href":"https:\/\/www.erresse-shop.it\/es\/wp-json\/wp\/v2\/types\/product"}],"wp:featuredmedia":[{"embeddable":true,"href":"https:\/\/www.erresse-shop.it\/es\/wp-json\/wp\/v2\/media\/451560"}],"wp:attachment":[{"href":"https:\/\/www.erresse-shop.it\/es\/wp-json\/wp\/v2\/media?parent=451486"}],"wp:term":[{"taxonomy":"product_cat","embeddable":true,"href":"https:\/\/www.erresse-shop.it\/es\/wp-json\/wp\/v2\/product_cat?post=451486"},{"taxonomy":"product_tag","embeddable":true,"href":"https:\/\/www.erresse-shop.it\/es\/wp-json\/wp\/v2\/product_tag?post=451486"}],"curies":[{"name":"wp","href":"https:\/\/api.w.org\/{rel}","templated":true}]}}