{"id":451405,"date":"2024-11-26T14:47:51","date_gmt":"2024-11-26T14:47:52","guid":{"rendered":"https:\/\/www.erresse-shop.it\/?post_type=product&#038;p=451405"},"modified":"2024-12-09T00:00:05","modified_gmt":"2024-12-09T00:00:05","slug":"cookvision-nesto-smart-kochgeschirr-set-10-teilig-schwarz-copia","status":"publish","type":"product","link":"https:\/\/www.erresse-shop.it\/es\/shop\/sartenes-y-ollas\/juegos-de-ollas\/cookvision-nesto-smart-kochgeschirr-set-10-teilig-schwarz-copia\/","title":{"rendered":"COOKVISION Mega Nesto Set de ollas 11 piezas negro"},"content":{"rendered":"<p><strong>ESPACIO Y ORDEN INCLUSO EN LA COCINA M\u00c1S PEQUE\u00d1A<\/strong><\/p>\n<p>Nesto est\u00e1 dise\u00f1ado de tal manera que todas las ollas y sartenes se pueden apilar unas dentro de otras sin aumentar significativamente la altura. Incluso la olla m\u00e1s grande cabe en la olla m\u00e1s peque\u00f1a y los elementos del mismo tama\u00f1o no son un problema. Nesto ahorra el m\u00e1ximo espacio en todos los aspectos.<\/p>\n<p><strong>SERVIR Y SERVIR<\/strong><\/p>\n<p>Las ollas de acero inoxidable Nesto son tan elegantes y de tan alta<br \/>\ncalidad que tambi\u00e9n puedes usarlas directamente para servir.<\/p>\n<p>\u00a1Las ollas sin asas se transforman en elegantes cuencos que llaman la atenci\u00f3n en cuencos para ensaladas, verduras y guarniciones!<\/p>\n<p><strong>COCINA PROFESIONAL<\/strong><\/p>\n<p>\u00bfQu\u00e9 distingue a los equipos profesionales de las herramientas para aficionados? El material y la fabricaci\u00f3n: para Nesto utilizamos acero inoxidable 18\/10 al cromo-n\u00edquel extra resistente. Nesto tiene una base t\u00e9rmica encapsulada de 6 mm de espesor con un n\u00facleo de aluminio. Esto garantiza que las bases no se deformen incluso en condiciones de calor extremo y, por lo tanto, garantiza una distribuci\u00f3n \u00f3ptima del calor.<\/p>\n<p><strong>Fiesta ofensiva<\/strong><\/p>\n<p>Nuestras ollas y sartenes de acero inoxidable Nesto no solo son robustas y f\u00e1ciles de limpiar, sino tambi\u00e9n vers\u00e1tiles. Se pueden trasladar de la cocina al horno en un solo paso y, desde all\u00ed, servir directamente en la mesa.<\/p>\n<p>Gracias a la resistencia al horno, no hay l\u00edmites para su creatividad en la cocina: \u00a1descubra los diferentes usos de las ollas de acero inoxidable Nesto!<\/p>\n<p><strong>Tapas con salida de vapor<\/strong><\/p>\n<p>Las tapas Nesto tienen una salida de vapor lateral y, por lo tanto, dirigen perfectamente el vapor que se escapa hacia los ventiladores y las campanas extractoras Downdraft.<\/p>\n<p>\u00a1Los olores, el vapor y la grasa de la cocina se eliminan continuamente y la zona de cocci\u00f3n permanece limpia!<\/p>\n<p><strong>El juego de ollas contiene:<\/strong><\/p>\n<ul>\n<li>3 ollas:\n<ol>\n<li>\u00f8 16 x 8,5 cm 1,3 l<\/li>\n<li>\u00f8 20 x 11,4 cm 2,8 l<\/li>\n<li>\u00f8 24 x 14,0 cm 5,1 l<\/li>\n<\/ol>\n<\/li>\n<li>3 tapas de cristal:\n<ol>\n<li>\u00f8 16 cm<\/li>\n<li>\u00f8 20 cm<\/li>\n<li>\u00f8 24 cm<\/li>\n<\/ol>\n<\/li>\n<li>1 sart\u00e9n antiadherente \u00f8 24 x 5,0 cm<\/li>\n<li>1 mango largo<\/li>\n<li>2 asas de silicona<\/li>\n<li>1 salvamanteles<\/li>\n<\/ul>\n","protected":false},"excerpt":{"rendered":"<p>ESPACIO Y ORDEN INCLUSO EN LA COCINA M\u00c1S PEQUE\u00d1A Nesto est\u00e1 dise\u00f1ado de tal manera que todas las ollas y<\/p>\n","protected":false},"featured_media":451442,"template":"","meta":{"_acf_changed":false,"inline_featured_image":false},"product_cat":[16064,16058],"product_tag":[16211,16129,22976,16160],"acf":[],"yoast_head":"<!-- This site is optimized with the Yoast SEO Premium plugin v18.6 (Yoast SEO v19.13) - https:\/\/yoast.com\/wordpress\/plugins\/seo\/ -->\n<title>COOKVISION Mega Nesto Set de ollas 11 piezas negro - Erresse Shop<\/title>\n<meta name=\"description\" content=\"ESPACIO Y ORDEN INCLUSO EN LA COCINA M\u00c1S PEQUE\u00d1A Nesto est\u00e1 dise\u00f1ado de tal manera que todas las ollas y sartenes se pueden apilar unas dentro de otras\" \/>\n<meta name=\"robots\" content=\"index, follow, max-snippet:-1, max-image-preview:large, max-video-preview:-1\" \/>\n<link rel=\"canonical\" href=\"https:\/\/www.erresse-shop.it\/es\/shop\/sartenes-y-ollas\/juegos-de-ollas\/cookvision-nesto-smart-kochgeschirr-set-10-teilig-schwarz-copia\/\" \/>\n<meta property=\"og:locale\" content=\"es_ES\" \/>\n<meta property=\"og:type\" content=\"article\" \/>\n<meta property=\"og:title\" content=\"COOKVISION Mega Nesto Set de ollas 11 piezas negro\" \/>\n<meta property=\"og:description\" content=\"ESPACIO Y ORDEN INCLUSO EN LA COCINA M\u00c1S PEQUE\u00d1A Nesto est\u00e1 dise\u00f1ado de tal manera que todas las ollas y sartenes se pueden apilar unas dentro de otras\" \/>\n<meta property=\"og:url\" content=\"https:\/\/www.erresse-shop.it\/es\/shop\/sartenes-y-ollas\/juegos-de-ollas\/cookvision-nesto-smart-kochgeschirr-set-10-teilig-schwarz-copia\/\" \/>\n<meta property=\"og:site_name\" content=\"Erresse Shop\" \/>\n<meta property=\"article:modified_time\" content=\"2024-12-09T00:00:05+00:00\" \/>\n<meta property=\"og:image\" content=\"https:\/\/www.erresse-shop.it\/wp-content\/uploads\/2024\/11\/COOKVISION-Set-Pentole-Smart-Nesto-11-Pezzi-Nero.jpg\" \/>\n\t<meta property=\"og:image:width\" content=\"1200\" \/>\n\t<meta property=\"og:image:height\" content=\"1200\" \/>\n\t<meta property=\"og:image:type\" content=\"image\/jpeg\" \/>\n<meta name=\"twitter:card\" content=\"summary_large_image\" \/>\n<script type=\"application\/ld+json\" class=\"yoast-schema-graph\">{\"@context\":\"https:\/\/schema.org\",\"@graph\":[{\"@type\":\"WebPage\",\"@id\":\"https:\/\/www.erresse-shop.it\/es\/shop\/sartenes-y-ollas\/juegos-de-ollas\/cookvision-nesto-smart-kochgeschirr-set-10-teilig-schwarz-copia\/\",\"url\":\"https:\/\/www.erresse-shop.it\/es\/shop\/sartenes-y-ollas\/juegos-de-ollas\/cookvision-nesto-smart-kochgeschirr-set-10-teilig-schwarz-copia\/\",\"name\":\"COOKVISION Mega Nesto Set de ollas 11 piezas negro - Erresse Shop\",\"isPartOf\":{\"@id\":\"https:\/\/www.erresse-shop.it\/es\/#website\"},\"datePublished\":\"2024-11-26T14:47:52+00:00\",\"dateModified\":\"2024-12-09T00:00:05+00:00\",\"description\":\"ESPACIO Y ORDEN INCLUSO EN LA COCINA M\u00c1S PEQUE\u00d1A Nesto est\u00e1 dise\u00f1ado de tal manera que todas las ollas y sartenes se pueden apilar unas dentro de otras\",\"breadcrumb\":{\"@id\":\"https:\/\/www.erresse-shop.it\/es\/shop\/sartenes-y-ollas\/juegos-de-ollas\/cookvision-nesto-smart-kochgeschirr-set-10-teilig-schwarz-copia\/#breadcrumb\"},\"inLanguage\":\"es\",\"potentialAction\":[{\"@type\":\"ReadAction\",\"target\":[\"https:\/\/www.erresse-shop.it\/es\/shop\/sartenes-y-ollas\/juegos-de-ollas\/cookvision-nesto-smart-kochgeschirr-set-10-teilig-schwarz-copia\/\"]}]},{\"@type\":\"BreadcrumbList\",\"@id\":\"https:\/\/www.erresse-shop.it\/es\/shop\/sartenes-y-ollas\/juegos-de-ollas\/cookvision-nesto-smart-kochgeschirr-set-10-teilig-schwarz-copia\/#breadcrumb\",\"itemListElement\":[{\"@type\":\"ListItem\",\"position\":1,\"name\":\"Home\",\"item\":\"https:\/\/www.erresse-shop.it\/es\/\"},{\"@type\":\"ListItem\",\"position\":2,\"name\":\"Shop\",\"item\":\"https:\/\/www.erresse-shop.it\/es\/shop\/\"},{\"@type\":\"ListItem\",\"position\":3,\"name\":\"COOKVISION Mega Nesto Set de ollas 11 piezas negro\"}]},{\"@type\":\"WebSite\",\"@id\":\"https:\/\/www.erresse-shop.it\/es\/#website\",\"url\":\"https:\/\/www.erresse-shop.it\/es\/\",\"name\":\"Erresse Shop\",\"description\":\"Articoli di qualit\u00e0 per la casa\",\"potentialAction\":[{\"@type\":\"SearchAction\",\"target\":{\"@type\":\"EntryPoint\",\"urlTemplate\":\"https:\/\/www.erresse-shop.it\/es\/?s={search_term_string}\"},\"query-input\":\"required name=search_term_string\"}],\"inLanguage\":\"es\"}]}<\/script>\n<!-- \/ Yoast SEO Premium plugin. -->","yoast_head_json":{"title":"COOKVISION Mega Nesto Set de ollas 11 piezas negro - Erresse Shop","description":"ESPACIO Y ORDEN INCLUSO EN LA COCINA M\u00c1S PEQUE\u00d1A Nesto est\u00e1 dise\u00f1ado de tal manera que todas las ollas y sartenes se pueden apilar unas dentro de otras","robots":{"index":"index","follow":"follow","max-snippet":"max-snippet:-1","max-image-preview":"max-image-preview:large","max-video-preview":"max-video-preview:-1"},"canonical":"https:\/\/www.erresse-shop.it\/es\/shop\/sartenes-y-ollas\/juegos-de-ollas\/cookvision-nesto-smart-kochgeschirr-set-10-teilig-schwarz-copia\/","og_locale":"es_ES","og_type":"article","og_title":"COOKVISION Mega Nesto Set de ollas 11 piezas negro","og_description":"ESPACIO Y ORDEN INCLUSO EN LA COCINA M\u00c1S PEQUE\u00d1A Nesto est\u00e1 dise\u00f1ado de tal manera que todas las ollas y sartenes se pueden apilar unas dentro de otras","og_url":"https:\/\/www.erresse-shop.it\/es\/shop\/sartenes-y-ollas\/juegos-de-ollas\/cookvision-nesto-smart-kochgeschirr-set-10-teilig-schwarz-copia\/","og_site_name":"Erresse Shop","article_modified_time":"2024-12-09T00:00:05+00:00","og_image":[{"width":1200,"height":1200,"url":"https:\/\/www.erresse-shop.it\/wp-content\/uploads\/2024\/11\/COOKVISION-Set-Pentole-Smart-Nesto-11-Pezzi-Nero.jpg","type":"image\/jpeg"}],"twitter_card":"summary_large_image","schema":{"@context":"https:\/\/schema.org","@graph":[{"@type":"WebPage","@id":"https:\/\/www.erresse-shop.it\/es\/shop\/sartenes-y-ollas\/juegos-de-ollas\/cookvision-nesto-smart-kochgeschirr-set-10-teilig-schwarz-copia\/","url":"https:\/\/www.erresse-shop.it\/es\/shop\/sartenes-y-ollas\/juegos-de-ollas\/cookvision-nesto-smart-kochgeschirr-set-10-teilig-schwarz-copia\/","name":"COOKVISION Mega Nesto Set de ollas 11 piezas negro - Erresse Shop","isPartOf":{"@id":"https:\/\/www.erresse-shop.it\/es\/#website"},"datePublished":"2024-11-26T14:47:52+00:00","dateModified":"2024-12-09T00:00:05+00:00","description":"ESPACIO Y ORDEN INCLUSO EN LA COCINA M\u00c1S PEQUE\u00d1A Nesto est\u00e1 dise\u00f1ado de tal manera que todas las ollas y sartenes se pueden apilar unas dentro de otras","breadcrumb":{"@id":"https:\/\/www.erresse-shop.it\/es\/shop\/sartenes-y-ollas\/juegos-de-ollas\/cookvision-nesto-smart-kochgeschirr-set-10-teilig-schwarz-copia\/#breadcrumb"},"inLanguage":"es","potentialAction":[{"@type":"ReadAction","target":["https:\/\/www.erresse-shop.it\/es\/shop\/sartenes-y-ollas\/juegos-de-ollas\/cookvision-nesto-smart-kochgeschirr-set-10-teilig-schwarz-copia\/"]}]},{"@type":"BreadcrumbList","@id":"https:\/\/www.erresse-shop.it\/es\/shop\/sartenes-y-ollas\/juegos-de-ollas\/cookvision-nesto-smart-kochgeschirr-set-10-teilig-schwarz-copia\/#breadcrumb","itemListElement":[{"@type":"ListItem","position":1,"name":"Home","item":"https:\/\/www.erresse-shop.it\/es\/"},{"@type":"ListItem","position":2,"name":"Shop","item":"https:\/\/www.erresse-shop.it\/es\/shop\/"},{"@type":"ListItem","position":3,"name":"COOKVISION Mega Nesto Set de ollas 11 piezas negro"}]},{"@type":"WebSite","@id":"https:\/\/www.erresse-shop.it\/es\/#website","url":"https:\/\/www.erresse-shop.it\/es\/","name":"Erresse Shop","description":"Articoli di qualit\u00e0 per la casa","potentialAction":[{"@type":"SearchAction","target":{"@type":"EntryPoint","urlTemplate":"https:\/\/www.erresse-shop.it\/es\/?s={search_term_string}"},"query-input":"required name=search_term_string"}],"inLanguage":"es"}]}},"df_price":228.89999999999998,"df_sale_price":228.89999999999998,"df_regular_price":327,"df_image_link":"https:\/\/www.erresse-shop.it\/wp-content\/uploads\/2024\/11\/COOKVISION-Set-Pentole-Smart-Nesto-11-Pezzi-Nero-300x300.jpg","_links":{"self":[{"href":"https:\/\/www.erresse-shop.it\/es\/wp-json\/wp\/v2\/product\/451405"}],"collection":[{"href":"https:\/\/www.erresse-shop.it\/es\/wp-json\/wp\/v2\/product"}],"about":[{"href":"https:\/\/www.erresse-shop.it\/es\/wp-json\/wp\/v2\/types\/product"}],"wp:featuredmedia":[{"embeddable":true,"href":"https:\/\/www.erresse-shop.it\/es\/wp-json\/wp\/v2\/media\/451442"}],"wp:attachment":[{"href":"https:\/\/www.erresse-shop.it\/es\/wp-json\/wp\/v2\/media?parent=451405"}],"wp:term":[{"taxonomy":"product_cat","embeddable":true,"href":"https:\/\/www.erresse-shop.it\/es\/wp-json\/wp\/v2\/product_cat?post=451405"},{"taxonomy":"product_tag","embeddable":true,"href":"https:\/\/www.erresse-shop.it\/es\/wp-json\/wp\/v2\/product_tag?post=451405"}],"curies":[{"name":"wp","href":"https:\/\/api.w.org\/{rel}","templated":true}]}}