{"id":450806,"date":"2024-11-22T14:49:28","date_gmt":"2024-11-22T14:49:29","guid":{"rendered":"https:\/\/www.erresse-shop.it\/?post_type=product&#038;p=450806"},"modified":"2026-02-04T10:38:15","modified_gmt":"2026-02-04T10:38:15","slug":"fratelli-desideri-masterchef-mistery-box-punto-di-rottura-di-edoardo","status":"publish","type":"product","link":"https:\/\/www.erresse-shop.it\/es\/shop\/food-es\/fratelli-desideri-masterchef-mistery-box-punto-di-rottura-di-edoardo\/","title":{"rendered":"FRATELLI DESIDERI Masterchef Mistery Box Punto di Rottura di Edoardo"},"content":{"rendered":"<div class=\"flex-shrink-0 flex flex-col relativo elementos-end\">\n<div class=\"gizmo-bot-avatar flex h-8 w-8 elementos-centro justificar-centro desbordamiento-oculto redondeado-completo\">\n<div class=\"relativo p-1 redondeado-sm flex elementos-centro justificar-centro bg-token-main-surface-primary text-token-text-primary h-8 w-8\">\n<div class=\"flex-shrink-0 flex flex-col relativo elementos-end\">\n<div class=\"gizmo-bot-avatar flex h-8 w-8 elementos-centro justificar-centro desbordamiento-oculto redondeado-completo\">\n<div class=\"relativo p-1 redondeado-sm flex elementos-centro justificar-centro bg-token-main-surface-primary text-token-text-primary h-8 w-8\">\n<div class=\"flex-shrink-0 flex flex-col relativo elementos-end\">\n<div>\n<div>\n<div class=\"gizmo-bot-avatar flex h-8 w-8 elementos-centro justificar-centro desbordamiento-oculto redondeado-completo\">\n<div class=\"relativo p-1 redondeado-sm flex elementos-centro justificar-centro bg-token-main-surface-primary text-token-text-primary h-8 w-8\">En un absoluto adelanto, Edoardo, ganador de la duod\u00e9cima edici\u00f3n de <em>MasterChef Italia<\/em>, firma esta receta que a \u00e9l mismo le gusta definir como &#8220;potente&#8221;. Un plato que no s\u00f3lo expresa su talento, sino que tambi\u00e9n encarna su pasi\u00f3n por la cocina aut\u00e9ntica y por los sabores que cuentan historias personales y recuerdos de infancia.<\/div>\n<\/div>\n<\/div>\n<\/div>\n<\/div>\n<div class=\"grupo\/conversaci\u00f3n-turno relativo flex w-full min-w-0 flex-col agente-turno\">\n<div class=\"flex-col brecha-1 md: brecha-3\">\n<div class=\"flex max-w-full flex-col flex-grow\">\n<div class=\"min-h-8 mensaje de texto flex w-full flex-col elementos-final espacio-2 espacios en blanco-palabras de corte normales [.text-message+&amp;]:mt-5\" dir=\"auto \" data-message-author-role=\"asistente\" data-message-id=\"8846b4f9-945c-45ec-9ec5-a3cd3ea6d42d\" data-client-thread-id=\"WEB:877b58cf-0454-4829-95aa-96eae27b0354\" data-message-model-slug=\"gpt-4o-mini\">\n<div class=\"flex w-full flex-col gap-1 vac\u00edo: oculto primero: pt-[3px]\">\n<div class=\"prosa rebajada con palabras de ruptura completas oscuras: prosa-invertida oscura\">\n<p>Inspir\u00e1ndose en sus recuerdos m\u00e1s preciados, los vinculados a los aut\u00e9nticos y sabrosos platos preparados por su querida abuela, Edoardo supo combinar tradici\u00f3n e innovaci\u00f3n en una creaci\u00f3n que es un verdadero viaje sensorial. Ha elegido cuidadosamente tres ingredientes que, en su sencillez, son capaces de liberar una intensidad de sabores verdaderamente \u00fanica y envolvente. Su objetivo era combinar ingredientes que no s\u00f3lo se complementaran entre s\u00ed, sino que juntos crearan algo sorprendente e impactante.<\/p>\n<p>La Trufa, con su elegancia y su inconfundible aroma, domina la escena envolviendo el paladar con su profundidad. Las Perlas de Anchoa, peque\u00f1as joyas de sabor fuerte y salado, a\u00f1aden una nota marina que contrasta maravillosamente con la suavidad y riqueza de la Crema de Nueces, que aporta un toque de dulzor y cremosidad al plato. Estos tres ingredientes aparentemente simples se funden en una mezcla explosiva que logra sorprender y conquistar el paladar.<\/p>\n<p>Pero no es s\u00f3lo la combinaci\u00f3n de sabores lo que hace especial a esta receta: tambi\u00e9n es su capacidad para evocar emociones. Cada ingrediente es elegido para contar algo m\u00e1s profundo, para recordar esos momentos de intimidad y calidez familiar que s\u00f3lo la cocina puede ofrecer. El resultado es un plato que no s\u00f3lo satisface, sino que deja una impresi\u00f3n imborrable.<\/p>\n<p>El verdadero <strong>punto de ruptura<\/strong> de esta receta es precisamente este equilibrio entre tradici\u00f3n y audacia, entre familiaridad e innovaci\u00f3n. La creaci\u00f3n de Edoardo es <strong>magn\u00edfica y disruptiva<\/strong>, capaz de emocionar incluso a los gourmets m\u00e1s expertos. Un plato que expresa todo el poder de los sabores, la fuerza de su memoria culinaria y su visi\u00f3n como chef, capaz de transformar ingredientes comunes en algo extraordinario.<\/p>\n<p>En cada bocado se siente el amor y la dedicaci\u00f3n que Edoardo puso en esta receta, un plato que no s\u00f3lo nutre el cuerpo, sino que tambi\u00e9n nutre el alma. Una experiencia que te deja sin palabras, pero con una sonrisa en la cara y ganas de descubrir m\u00e1s.<\/p>\n<\/div>\n<\/div>\n<\/div>\n<\/div>\n<\/div>\n<\/div>\n<\/div>\n<\/div>\n<\/div>\n<\/div>\n<\/div>\n<\/div>\n<p><strong>Detalles del producto:<\/strong><\/p>\n<p><strong>Porciones:<\/strong> 4 personas<br \/>\n<strong>Tiempo de preparaci\u00f3n:<\/strong> 15 min.<br \/>\n<strong>Dificultad:<\/strong> Baja<\/p>\n","protected":false},"excerpt":{"rendered":"<p>En un absoluto adelanto, Edoardo, ganador de la duod\u00e9cima edici\u00f3n de MasterChef Italia, firma esta receta que a \u00e9l mismo<\/p>\n","protected":false},"featured_media":450826,"template":"","meta":{"_acf_changed":false,"inline_featured_image":false},"product_cat":[25935],"product_tag":[21537],"acf":[],"yoast_head":"<!-- This site is optimized with the Yoast SEO Premium plugin v18.6 (Yoast SEO v19.13) - https:\/\/yoast.com\/wordpress\/plugins\/seo\/ -->\n<title>FRATELLI DESIDERI Masterchef Mistery Box Punto di Rottura di Edoardo - Erresse Shop<\/title>\n<meta name=\"description\" content=\"En un absoluto adelanto, Edoardo, ganador de la duod\u00e9cima edici\u00f3n de MasterChef Italia, firma esta receta que a \u00e9l mismo le gusta definir como &quot;potente&quot;.\" \/>\n<meta name=\"robots\" content=\"index, follow, max-snippet:-1, max-image-preview:large, max-video-preview:-1\" \/>\n<link rel=\"canonical\" href=\"https:\/\/www.erresse-shop.it\/es\/shop\/food-es\/fratelli-desideri-masterchef-mistery-box-punto-di-rottura-di-edoardo\/\" \/>\n<meta property=\"og:locale\" content=\"es_ES\" \/>\n<meta property=\"og:type\" content=\"article\" \/>\n<meta property=\"og:title\" content=\"FRATELLI DESIDERI Masterchef Mistery Box Punto di Rottura di Edoardo\" \/>\n<meta property=\"og:description\" content=\"En un absoluto adelanto, Edoardo, ganador de la duod\u00e9cima edici\u00f3n de MasterChef Italia, firma esta receta que a \u00e9l mismo le gusta definir como &quot;potente&quot;.\" \/>\n<meta property=\"og:url\" content=\"https:\/\/www.erresse-shop.it\/es\/shop\/food-es\/fratelli-desideri-masterchef-mistery-box-punto-di-rottura-di-edoardo\/\" \/>\n<meta property=\"og:site_name\" content=\"Erresse Shop\" \/>\n<meta property=\"article:modified_time\" content=\"2026-02-04T10:38:15+00:00\" \/>\n<meta property=\"og:image\" content=\"https:\/\/www.erresse-shop.it\/wp-content\/uploads\/2024\/11\/FRATELLI-DESIDERI-Masterchef-Mistery-Box-Punto-di-Rottura.jpg\" \/>\n\t<meta property=\"og:image:width\" content=\"1200\" \/>\n\t<meta property=\"og:image:height\" content=\"1200\" \/>\n\t<meta property=\"og:image:type\" content=\"image\/jpeg\" \/>\n<meta name=\"twitter:card\" content=\"summary_large_image\" \/>\n<script type=\"application\/ld+json\" class=\"yoast-schema-graph\">{\"@context\":\"https:\/\/schema.org\",\"@graph\":[{\"@type\":\"WebPage\",\"@id\":\"https:\/\/www.erresse-shop.it\/es\/shop\/food-es\/fratelli-desideri-masterchef-mistery-box-punto-di-rottura-di-edoardo\/\",\"url\":\"https:\/\/www.erresse-shop.it\/es\/shop\/food-es\/fratelli-desideri-masterchef-mistery-box-punto-di-rottura-di-edoardo\/\",\"name\":\"FRATELLI DESIDERI Masterchef Mistery Box Punto di Rottura di Edoardo - Erresse Shop\",\"isPartOf\":{\"@id\":\"https:\/\/www.erresse-shop.it\/es\/#website\"},\"datePublished\":\"2024-11-22T14:49:29+00:00\",\"dateModified\":\"2026-02-04T10:38:15+00:00\",\"description\":\"En un absoluto adelanto, Edoardo, ganador de la duod\u00e9cima edici\u00f3n de MasterChef Italia, firma esta receta que a \u00e9l mismo le gusta definir como \\\"potente\\\".\",\"breadcrumb\":{\"@id\":\"https:\/\/www.erresse-shop.it\/es\/shop\/food-es\/fratelli-desideri-masterchef-mistery-box-punto-di-rottura-di-edoardo\/#breadcrumb\"},\"inLanguage\":\"es\",\"potentialAction\":[{\"@type\":\"ReadAction\",\"target\":[\"https:\/\/www.erresse-shop.it\/es\/shop\/food-es\/fratelli-desideri-masterchef-mistery-box-punto-di-rottura-di-edoardo\/\"]}]},{\"@type\":\"BreadcrumbList\",\"@id\":\"https:\/\/www.erresse-shop.it\/es\/shop\/food-es\/fratelli-desideri-masterchef-mistery-box-punto-di-rottura-di-edoardo\/#breadcrumb\",\"itemListElement\":[{\"@type\":\"ListItem\",\"position\":1,\"name\":\"Home\",\"item\":\"https:\/\/www.erresse-shop.it\/es\/\"},{\"@type\":\"ListItem\",\"position\":2,\"name\":\"Shop\",\"item\":\"https:\/\/www.erresse-shop.it\/es\/shop\/\"},{\"@type\":\"ListItem\",\"position\":3,\"name\":\"FRATELLI DESIDERI Masterchef Mistery Box Punto di Rottura di Edoardo\"}]},{\"@type\":\"WebSite\",\"@id\":\"https:\/\/www.erresse-shop.it\/es\/#website\",\"url\":\"https:\/\/www.erresse-shop.it\/es\/\",\"name\":\"Erresse Shop\",\"description\":\"Articoli di qualit\u00e0 per la casa\",\"potentialAction\":[{\"@type\":\"SearchAction\",\"target\":{\"@type\":\"EntryPoint\",\"urlTemplate\":\"https:\/\/www.erresse-shop.it\/es\/?s={search_term_string}\"},\"query-input\":\"required name=search_term_string\"}],\"inLanguage\":\"es\"}]}<\/script>\n<!-- \/ Yoast SEO Premium plugin. -->","yoast_head_json":{"title":"FRATELLI DESIDERI Masterchef Mistery Box Punto di Rottura di Edoardo - Erresse Shop","description":"En un absoluto adelanto, Edoardo, ganador de la duod\u00e9cima edici\u00f3n de MasterChef Italia, firma esta receta que a \u00e9l mismo le gusta definir como \"potente\".","robots":{"index":"index","follow":"follow","max-snippet":"max-snippet:-1","max-image-preview":"max-image-preview:large","max-video-preview":"max-video-preview:-1"},"canonical":"https:\/\/www.erresse-shop.it\/es\/shop\/food-es\/fratelli-desideri-masterchef-mistery-box-punto-di-rottura-di-edoardo\/","og_locale":"es_ES","og_type":"article","og_title":"FRATELLI DESIDERI Masterchef Mistery Box Punto di Rottura di Edoardo","og_description":"En un absoluto adelanto, Edoardo, ganador de la duod\u00e9cima edici\u00f3n de MasterChef Italia, firma esta receta que a \u00e9l mismo le gusta definir como \"potente\".","og_url":"https:\/\/www.erresse-shop.it\/es\/shop\/food-es\/fratelli-desideri-masterchef-mistery-box-punto-di-rottura-di-edoardo\/","og_site_name":"Erresse Shop","article_modified_time":"2026-02-04T10:38:15+00:00","og_image":[{"width":1200,"height":1200,"url":"https:\/\/www.erresse-shop.it\/wp-content\/uploads\/2024\/11\/FRATELLI-DESIDERI-Masterchef-Mistery-Box-Punto-di-Rottura.jpg","type":"image\/jpeg"}],"twitter_card":"summary_large_image","schema":{"@context":"https:\/\/schema.org","@graph":[{"@type":"WebPage","@id":"https:\/\/www.erresse-shop.it\/es\/shop\/food-es\/fratelli-desideri-masterchef-mistery-box-punto-di-rottura-di-edoardo\/","url":"https:\/\/www.erresse-shop.it\/es\/shop\/food-es\/fratelli-desideri-masterchef-mistery-box-punto-di-rottura-di-edoardo\/","name":"FRATELLI DESIDERI Masterchef Mistery Box Punto di Rottura di Edoardo - Erresse Shop","isPartOf":{"@id":"https:\/\/www.erresse-shop.it\/es\/#website"},"datePublished":"2024-11-22T14:49:29+00:00","dateModified":"2026-02-04T10:38:15+00:00","description":"En un absoluto adelanto, Edoardo, ganador de la duod\u00e9cima edici\u00f3n de MasterChef Italia, firma esta receta que a \u00e9l mismo le gusta definir como \"potente\".","breadcrumb":{"@id":"https:\/\/www.erresse-shop.it\/es\/shop\/food-es\/fratelli-desideri-masterchef-mistery-box-punto-di-rottura-di-edoardo\/#breadcrumb"},"inLanguage":"es","potentialAction":[{"@type":"ReadAction","target":["https:\/\/www.erresse-shop.it\/es\/shop\/food-es\/fratelli-desideri-masterchef-mistery-box-punto-di-rottura-di-edoardo\/"]}]},{"@type":"BreadcrumbList","@id":"https:\/\/www.erresse-shop.it\/es\/shop\/food-es\/fratelli-desideri-masterchef-mistery-box-punto-di-rottura-di-edoardo\/#breadcrumb","itemListElement":[{"@type":"ListItem","position":1,"name":"Home","item":"https:\/\/www.erresse-shop.it\/es\/"},{"@type":"ListItem","position":2,"name":"Shop","item":"https:\/\/www.erresse-shop.it\/es\/shop\/"},{"@type":"ListItem","position":3,"name":"FRATELLI DESIDERI Masterchef Mistery Box Punto di Rottura di Edoardo"}]},{"@type":"WebSite","@id":"https:\/\/www.erresse-shop.it\/es\/#website","url":"https:\/\/www.erresse-shop.it\/es\/","name":"Erresse Shop","description":"Articoli di qualit\u00e0 per la casa","potentialAction":[{"@type":"SearchAction","target":{"@type":"EntryPoint","urlTemplate":"https:\/\/www.erresse-shop.it\/es\/?s={search_term_string}"},"query-input":"required name=search_term_string"}],"inLanguage":"es"}]}},"df_price":48,"df_sale_price":48,"df_regular_price":48,"df_image_link":"https:\/\/www.erresse-shop.it\/wp-content\/uploads\/2024\/11\/FRATELLI-DESIDERI-Masterchef-Mistery-Box-Punto-di-Rottura-300x300.jpg","_links":{"self":[{"href":"https:\/\/www.erresse-shop.it\/es\/wp-json\/wp\/v2\/product\/450806"}],"collection":[{"href":"https:\/\/www.erresse-shop.it\/es\/wp-json\/wp\/v2\/product"}],"about":[{"href":"https:\/\/www.erresse-shop.it\/es\/wp-json\/wp\/v2\/types\/product"}],"wp:featuredmedia":[{"embeddable":true,"href":"https:\/\/www.erresse-shop.it\/es\/wp-json\/wp\/v2\/media\/450826"}],"wp:attachment":[{"href":"https:\/\/www.erresse-shop.it\/es\/wp-json\/wp\/v2\/media?parent=450806"}],"wp:term":[{"taxonomy":"product_cat","embeddable":true,"href":"https:\/\/www.erresse-shop.it\/es\/wp-json\/wp\/v2\/product_cat?post=450806"},{"taxonomy":"product_tag","embeddable":true,"href":"https:\/\/www.erresse-shop.it\/es\/wp-json\/wp\/v2\/product_tag?post=450806"}],"curies":[{"name":"wp","href":"https:\/\/api.w.org\/{rel}","templated":true}]}}