{"id":450752,"date":"2024-11-22T14:25:30","date_gmt":"2024-11-22T14:25:32","guid":{"rendered":"https:\/\/www.erresse-shop.it\/?post_type=product&#038;p=450752"},"modified":"2026-02-04T10:28:19","modified_gmt":"2026-02-04T10:28:19","slug":"fratelli-desideri-masterchef-mistery-box-gli-gnocchetti-di-zio-bricco","status":"publish","type":"product","link":"https:\/\/www.erresse-shop.it\/es\/shop\/food-es\/fratelli-desideri-masterchef-mistery-box-gli-gnocchetti-di-zio-bricco\/","title":{"rendered":"FRATELLI DESIDERI Masterchef Mistery Box Gli Gnocchetti di Zio Bricco"},"content":{"rendered":"<div class=\"flex-shrink-0 flex flex-col relativo elementos-end\">\n<div>\n<div class=\"gizmo-bot-avatar flex h-8 w-8 elementos-centro justificar-centro desbordamiento-oculto redondeado-completo\">\n<div class=\"relativo p-1 redondeado-sm flex elementos-centro justificar-centro bg-token-main-surface-primary text-token-text-primary h-8 w-8\">\n<p>\u00a1Por fin podr\u00e1s vivir la gran emoci\u00f3n de cocinar y divertirte directamente en tu casa con la \u00fanica y original Caja Misteriosa de <em>MasterChef Italia<\/em>! Una oportunidad \u00fanica para ponerte a prueba en la cocina y crear platos como un aut\u00e9ntico chef, con ingredientes de alta calidad e inspirados en la creatividad y la pasi\u00f3n que caracterizan al famoso programa de televisi\u00f3n.<\/p>\n<p>La persona detr\u00e1s de esta sorprendente Caja Misteriosa es Francesco Aquila, ganador de la d\u00e9cima edici\u00f3n de <em>MasterChef Italia<\/em>. Su experiencia y talento se reflejan perfectamente en cada detalle de este paquete exclusivo, dise\u00f1ado para ofrecer una experiencia gastron\u00f3mica \u00fanica e inolvidable. Es una aut\u00e9ntica explosi\u00f3n de sabores, que te sorprender\u00e1 y te har\u00e1 descubrir nuevas combinaciones y aromas.<\/p>\n<p>Esta Caja Misteriosa contiene una receta exclusiva <strong>SIN GLUTEN<\/strong>, dise\u00f1ada para brindarte sensaciones en el paladar realmente inesperadas. La combinaci\u00f3n de ingredientes cuidadosamente seleccionados har\u00e1 de cada uno de sus platos una experiencia sensorial extraordinaria, capaz de sorprender incluso a los paladares m\u00e1s refinados.<\/p>\n<p>Entre los principales ingredientes de esta obra maestra culinaria destacan la grosella negra, con su frescura y ligereza, el cacao de Ecuador, rico y profundo en sus aromas, y las notas de trufa blanca, que con su elegancia e intensidad completan a la perfecci\u00f3n el plato. . Juntos, estos ingredientes crean una sinfon\u00eda de sabores que cautivar\u00e1n tus sentidos.<\/p>\n<p>\u00bfListo para ponerte a prueba con una receta que har\u00e1 brillar tus habilidades culinarias? No pierdas esta oportunidad de llevar la emoci\u00f3n de <em>MasterChef Italia<\/em> a tu casa con la Caja Misteriosa dise\u00f1ada por Francesco Aquila.<\/p>\n<\/div>\n<\/div>\n<\/div>\n<\/div>\n<p><strong>Detalles del producto:<\/strong><\/p>\n<p><strong>Porciones:<\/strong> 4 personas<br \/>\n<strong>Tiempo de preparaci\u00f3n:<\/strong> 10 min.<br \/>\n<strong>Dificultad:<\/strong> Baja<\/p>\n","protected":false},"excerpt":{"rendered":"<p>\u00a1Por fin podr\u00e1s vivir la gran emoci\u00f3n de cocinar y divertirte directamente en tu casa con la \u00fanica y original<\/p>\n","protected":false},"featured_media":450772,"template":"","meta":{"_acf_changed":false,"inline_featured_image":false},"product_cat":[25935],"product_tag":[21537],"acf":[],"yoast_head":"<!-- This site is optimized with the Yoast SEO Premium plugin v18.6 (Yoast SEO v19.13) - https:\/\/yoast.com\/wordpress\/plugins\/seo\/ -->\n<title>FRATELLI DESIDERI Masterchef Mistery Box Gli Gnocchetti di Zio Bricco - Erresse Shop<\/title>\n<meta name=\"description\" content=\"\u00a1Por fin podr\u00e1s vivir la gran emoci\u00f3n de cocinar y divertirte directamente en tu casa con la \u00fanica y original Caja Misteriosa de MasterChef Italia! Una\" \/>\n<meta name=\"robots\" content=\"index, follow, max-snippet:-1, max-image-preview:large, max-video-preview:-1\" \/>\n<link rel=\"canonical\" href=\"https:\/\/www.erresse-shop.it\/es\/shop\/food-es\/fratelli-desideri-masterchef-mistery-box-gli-gnocchetti-di-zio-bricco\/\" \/>\n<meta property=\"og:locale\" content=\"es_ES\" \/>\n<meta property=\"og:type\" content=\"article\" \/>\n<meta property=\"og:title\" content=\"FRATELLI DESIDERI Masterchef Mistery Box Gli Gnocchetti di Zio Bricco\" \/>\n<meta property=\"og:description\" content=\"\u00a1Por fin podr\u00e1s vivir la gran emoci\u00f3n de cocinar y divertirte directamente en tu casa con la \u00fanica y original Caja Misteriosa de MasterChef Italia! Una\" \/>\n<meta property=\"og:url\" content=\"https:\/\/www.erresse-shop.it\/es\/shop\/food-es\/fratelli-desideri-masterchef-mistery-box-gli-gnocchetti-di-zio-bricco\/\" \/>\n<meta property=\"og:site_name\" content=\"Erresse Shop\" \/>\n<meta property=\"article:modified_time\" content=\"2026-02-04T10:28:19+00:00\" \/>\n<meta property=\"og:image\" content=\"https:\/\/www.erresse-shop.it\/wp-content\/uploads\/2024\/11\/FRATELLI-DESIDERI-Masterchef-Mistery-Box-Gli-Gnocchetti-di-Zio-Bricco.jpg\" \/>\n\t<meta property=\"og:image:width\" content=\"1200\" \/>\n\t<meta property=\"og:image:height\" content=\"1200\" \/>\n\t<meta property=\"og:image:type\" content=\"image\/jpeg\" \/>\n<meta name=\"twitter:card\" content=\"summary_large_image\" \/>\n<script type=\"application\/ld+json\" class=\"yoast-schema-graph\">{\"@context\":\"https:\/\/schema.org\",\"@graph\":[{\"@type\":\"WebPage\",\"@id\":\"https:\/\/www.erresse-shop.it\/es\/shop\/food-es\/fratelli-desideri-masterchef-mistery-box-gli-gnocchetti-di-zio-bricco\/\",\"url\":\"https:\/\/www.erresse-shop.it\/es\/shop\/food-es\/fratelli-desideri-masterchef-mistery-box-gli-gnocchetti-di-zio-bricco\/\",\"name\":\"FRATELLI DESIDERI Masterchef Mistery Box Gli Gnocchetti di Zio Bricco - Erresse Shop\",\"isPartOf\":{\"@id\":\"https:\/\/www.erresse-shop.it\/es\/#website\"},\"datePublished\":\"2024-11-22T14:25:32+00:00\",\"dateModified\":\"2026-02-04T10:28:19+00:00\",\"description\":\"\u00a1Por fin podr\u00e1s vivir la gran emoci\u00f3n de cocinar y divertirte directamente en tu casa con la \u00fanica y original Caja Misteriosa de MasterChef Italia! Una\",\"breadcrumb\":{\"@id\":\"https:\/\/www.erresse-shop.it\/es\/shop\/food-es\/fratelli-desideri-masterchef-mistery-box-gli-gnocchetti-di-zio-bricco\/#breadcrumb\"},\"inLanguage\":\"es\",\"potentialAction\":[{\"@type\":\"ReadAction\",\"target\":[\"https:\/\/www.erresse-shop.it\/es\/shop\/food-es\/fratelli-desideri-masterchef-mistery-box-gli-gnocchetti-di-zio-bricco\/\"]}]},{\"@type\":\"BreadcrumbList\",\"@id\":\"https:\/\/www.erresse-shop.it\/es\/shop\/food-es\/fratelli-desideri-masterchef-mistery-box-gli-gnocchetti-di-zio-bricco\/#breadcrumb\",\"itemListElement\":[{\"@type\":\"ListItem\",\"position\":1,\"name\":\"Home\",\"item\":\"https:\/\/www.erresse-shop.it\/es\/\"},{\"@type\":\"ListItem\",\"position\":2,\"name\":\"Shop\",\"item\":\"https:\/\/www.erresse-shop.it\/es\/shop\/\"},{\"@type\":\"ListItem\",\"position\":3,\"name\":\"FRATELLI DESIDERI Masterchef Mistery Box Gli Gnocchetti di Zio Bricco\"}]},{\"@type\":\"WebSite\",\"@id\":\"https:\/\/www.erresse-shop.it\/es\/#website\",\"url\":\"https:\/\/www.erresse-shop.it\/es\/\",\"name\":\"Erresse Shop\",\"description\":\"Articoli di qualit\u00e0 per la casa\",\"potentialAction\":[{\"@type\":\"SearchAction\",\"target\":{\"@type\":\"EntryPoint\",\"urlTemplate\":\"https:\/\/www.erresse-shop.it\/es\/?s={search_term_string}\"},\"query-input\":\"required name=search_term_string\"}],\"inLanguage\":\"es\"}]}<\/script>\n<!-- \/ Yoast SEO Premium plugin. -->","yoast_head_json":{"title":"FRATELLI DESIDERI Masterchef Mistery Box Gli Gnocchetti di Zio Bricco - Erresse Shop","description":"\u00a1Por fin podr\u00e1s vivir la gran emoci\u00f3n de cocinar y divertirte directamente en tu casa con la \u00fanica y original Caja Misteriosa de MasterChef Italia! Una","robots":{"index":"index","follow":"follow","max-snippet":"max-snippet:-1","max-image-preview":"max-image-preview:large","max-video-preview":"max-video-preview:-1"},"canonical":"https:\/\/www.erresse-shop.it\/es\/shop\/food-es\/fratelli-desideri-masterchef-mistery-box-gli-gnocchetti-di-zio-bricco\/","og_locale":"es_ES","og_type":"article","og_title":"FRATELLI DESIDERI Masterchef Mistery Box Gli Gnocchetti di Zio Bricco","og_description":"\u00a1Por fin podr\u00e1s vivir la gran emoci\u00f3n de cocinar y divertirte directamente en tu casa con la \u00fanica y original Caja Misteriosa de MasterChef Italia! Una","og_url":"https:\/\/www.erresse-shop.it\/es\/shop\/food-es\/fratelli-desideri-masterchef-mistery-box-gli-gnocchetti-di-zio-bricco\/","og_site_name":"Erresse Shop","article_modified_time":"2026-02-04T10:28:19+00:00","og_image":[{"width":1200,"height":1200,"url":"https:\/\/www.erresse-shop.it\/wp-content\/uploads\/2024\/11\/FRATELLI-DESIDERI-Masterchef-Mistery-Box-Gli-Gnocchetti-di-Zio-Bricco.jpg","type":"image\/jpeg"}],"twitter_card":"summary_large_image","schema":{"@context":"https:\/\/schema.org","@graph":[{"@type":"WebPage","@id":"https:\/\/www.erresse-shop.it\/es\/shop\/food-es\/fratelli-desideri-masterchef-mistery-box-gli-gnocchetti-di-zio-bricco\/","url":"https:\/\/www.erresse-shop.it\/es\/shop\/food-es\/fratelli-desideri-masterchef-mistery-box-gli-gnocchetti-di-zio-bricco\/","name":"FRATELLI DESIDERI Masterchef Mistery Box Gli Gnocchetti di Zio Bricco - Erresse Shop","isPartOf":{"@id":"https:\/\/www.erresse-shop.it\/es\/#website"},"datePublished":"2024-11-22T14:25:32+00:00","dateModified":"2026-02-04T10:28:19+00:00","description":"\u00a1Por fin podr\u00e1s vivir la gran emoci\u00f3n de cocinar y divertirte directamente en tu casa con la \u00fanica y original Caja Misteriosa de MasterChef Italia! Una","breadcrumb":{"@id":"https:\/\/www.erresse-shop.it\/es\/shop\/food-es\/fratelli-desideri-masterchef-mistery-box-gli-gnocchetti-di-zio-bricco\/#breadcrumb"},"inLanguage":"es","potentialAction":[{"@type":"ReadAction","target":["https:\/\/www.erresse-shop.it\/es\/shop\/food-es\/fratelli-desideri-masterchef-mistery-box-gli-gnocchetti-di-zio-bricco\/"]}]},{"@type":"BreadcrumbList","@id":"https:\/\/www.erresse-shop.it\/es\/shop\/food-es\/fratelli-desideri-masterchef-mistery-box-gli-gnocchetti-di-zio-bricco\/#breadcrumb","itemListElement":[{"@type":"ListItem","position":1,"name":"Home","item":"https:\/\/www.erresse-shop.it\/es\/"},{"@type":"ListItem","position":2,"name":"Shop","item":"https:\/\/www.erresse-shop.it\/es\/shop\/"},{"@type":"ListItem","position":3,"name":"FRATELLI DESIDERI Masterchef Mistery Box Gli Gnocchetti di Zio Bricco"}]},{"@type":"WebSite","@id":"https:\/\/www.erresse-shop.it\/es\/#website","url":"https:\/\/www.erresse-shop.it\/es\/","name":"Erresse Shop","description":"Articoli di qualit\u00e0 per la casa","potentialAction":[{"@type":"SearchAction","target":{"@type":"EntryPoint","urlTemplate":"https:\/\/www.erresse-shop.it\/es\/?s={search_term_string}"},"query-input":"required name=search_term_string"}],"inLanguage":"es"}]}},"df_price":32,"df_sale_price":32,"df_regular_price":52,"df_image_link":"https:\/\/www.erresse-shop.it\/wp-content\/uploads\/2024\/11\/FRATELLI-DESIDERI-Masterchef-Mistery-Box-Gli-Gnocchetti-di-Zio-Bricco-300x300.jpg","_links":{"self":[{"href":"https:\/\/www.erresse-shop.it\/es\/wp-json\/wp\/v2\/product\/450752"}],"collection":[{"href":"https:\/\/www.erresse-shop.it\/es\/wp-json\/wp\/v2\/product"}],"about":[{"href":"https:\/\/www.erresse-shop.it\/es\/wp-json\/wp\/v2\/types\/product"}],"wp:featuredmedia":[{"embeddable":true,"href":"https:\/\/www.erresse-shop.it\/es\/wp-json\/wp\/v2\/media\/450772"}],"wp:attachment":[{"href":"https:\/\/www.erresse-shop.it\/es\/wp-json\/wp\/v2\/media?parent=450752"}],"wp:term":[{"taxonomy":"product_cat","embeddable":true,"href":"https:\/\/www.erresse-shop.it\/es\/wp-json\/wp\/v2\/product_cat?post=450752"},{"taxonomy":"product_tag","embeddable":true,"href":"https:\/\/www.erresse-shop.it\/es\/wp-json\/wp\/v2\/product_tag?post=450752"}],"curies":[{"name":"wp","href":"https:\/\/api.w.org\/{rel}","templated":true}]}}