{"id":450660,"date":"2024-11-22T11:48:31","date_gmt":"2024-11-22T11:48:32","guid":{"rendered":"https:\/\/www.erresse-shop.it\/?post_type=product&#038;p=450660"},"modified":"2024-12-09T12:26:28","modified_gmt":"2024-12-09T12:26:28","slug":"fratelli-desideri-capsule-collection-tubo-il-tesoro-di-barolo-copia","status":"publish","type":"product","link":"https:\/\/www.erresse-shop.it\/es\/shop\/food-es\/fratelli-desideri-capsule-collection-tubo-il-tesoro-di-barolo-copia\/","title":{"rendered":"FRATELLI DESIDERI Capsule Collection Tube Il Tesoro del Gargano di FELIX LO BASSO"},"content":{"rendered":"<div class=\"flex-shrink-0 flex flex-col relativo elementos-end\">\n<div>\n<div class=\"gizmo-bot-avatar flex h-8 w-8 elementos-centro justificar-centro desbordamiento-oculto redondeado-completo\">\n<div class=\"relativo p-1 redondeado-sm flex elementos-centro justificar-centro bg-token-main-surface-primary text-token-text-primary h-8 w-8\">\n<p>LA CAPSULE COLLECTION de ANDREA LAROSSA<\/p>\n<p>\u00a1La Capsule Collection es la <strong>nueva l\u00ednea de kits de comidas &#8220;Pr\u00eat \u00e0 manger&#8221;<\/strong>!Dedicado a aquellos que no quieren renunciar a un gran plato gourmet, a pesar de no tener mucho tiempo (ni ganas) de cocinar. Son recetas que tienen como denominador com\u00fan un &#8220;tesoro&#8221;, es decir, el ingrediente por excelencia del territorio al que pertenecen, reinterpretado de forma sublime por los grandes Chefs Estrella italianos.<\/p>\n<p>Un plato tradicional de Apulia tan rico como la historia de esta tierra antigua y evocadora. Un abrazo entre tierra y mar sellado por el sabor decidido de las espinacas, endulzado por los calabacines, todo envuelto en el sabor marino del caldo de pescado, las almejas y la salsa con salicornia en su interior, una planta suculenta muy buscada y comestible. Un plato sublime con sabores aut\u00e9nticos e inesperados donde los Linguine di Garofalo, pasta de Gragnano IGP, combinan perfectamente con condimentos a base de verduras y pescado.<\/p>\n<p><strong>LA PREPARACI\u00d3N<\/strong><\/p>\n<p><strong>1.<\/strong>\u00a0Verter 3 litros de agua en una cacerola, a\u00f1adir 25 g de sal gruesa y llevar a ebullici\u00f3n.<\/p>\n<p><strong>2.<\/strong>\u00a0Cuando el agua hierva, a\u00f1ade los Linguine Garofalo y cocina durante 10 minutos.<\/p>\n<p><strong>3.<\/strong>\u00a0Mientras tanto, vierte el tarro de salsa de calabac\u00edn, almejas y hinojo marino en una sart\u00e9n con el fuego apagado.<\/p>\n<p><strong>4.<\/strong>\u00a0Pasados \u200b\u200blos 10 minutos, escurrir los Linguine Garofalo, reservando un poco del agua de cocci\u00f3n.<\/p>\n<p><strong>5.<\/strong>\u00a0Vierte los Linguine Garofalo en la sart\u00e9n con la salsa y mezcla todo bien con el fuego apagado (si es necesario, a\u00f1ade un poco de agua de cocci\u00f3n para alcanzar el nivel adecuado de cremosidad).<\/p>\n<p>&nbsp;<\/p>\n<p><strong>PLACHADO<\/strong><\/p>\n<p><strong>1.<\/strong>\u00a0Usa platos hondos.<\/p>\n<p><strong>2.<\/strong>\u00a0Coge un cuchar\u00f3n y un tenedor.<\/p>\n<p><strong>3.<\/strong>\u00a0Recoge una porci\u00f3n de Linguine Garofalo de la sart\u00e9n con un tenedor y envu\u00e9lvela en el cuchar\u00f3n para crear la forma de un nido.<\/p>\n<p><strong>4.<\/strong>\u00a0Coloque con cuidado el nido en el centro del plato.<\/p>\n<p><strong>5.<\/strong>\u00a0Decora el plato colocando el polvo de espinacas en un colador y distribuy\u00e9ndolo sobre los linguini, seg\u00fan tu sentido est\u00e9tico.<\/p>\n<p><strong>6.<\/strong>\u00a0Toque final: si tienes lim\u00f3n, ralla un poco de ralladura en cada plato para darle una nota de frescor.<\/p>\n<p><strong>7.<\/strong>\u00a0Limpia el borde del plato con un pa\u00f1o para eliminar cualquier mancha.<\/p>\n<p>&nbsp;<\/p>\n<\/div>\n<\/div>\n<\/div>\n<\/div>\n<p><strong>Detalles del producto:<\/strong><\/p>\n<p><strong>Porciones:<\/strong> 2 personas<br \/>\n<strong>Tiempo de preparaci\u00f3n:<\/strong> 10 min.<br \/>\n<strong>Dificultad:<\/strong> Baja<\/p>\n","protected":false},"excerpt":{"rendered":"<p>LA CAPSULE COLLECTION de ANDREA LAROSSA \u00a1La Capsule Collection es la nueva l\u00ednea de kits de comidas &#8220;Pr\u00eat \u00e0 manger&#8221;!Dedicado<\/p>\n","protected":false},"featured_media":450674,"template":"","meta":{"_acf_changed":false,"inline_featured_image":false},"product_cat":[25935],"product_tag":[21537],"acf":[],"yoast_head":"<!-- This site is optimized with the Yoast SEO Premium plugin v18.6 (Yoast SEO v19.13) - https:\/\/yoast.com\/wordpress\/plugins\/seo\/ -->\n<title>FRATELLI DESIDERI Capsule Collection Tube Il Tesoro del Gargano di FELIX LO BASSO - Erresse Shop<\/title>\n<meta name=\"description\" content=\"LA CAPSULE COLLECTION de ANDREA LAROSSA \u00a1La Capsule Collection es la nueva l\u00ednea de kits de comidas &quot;Pr\u00eat \u00e0 manger&quot;!Dedicado a aquellos que no quieren\" \/>\n<meta name=\"robots\" content=\"index, follow, max-snippet:-1, max-image-preview:large, max-video-preview:-1\" \/>\n<link rel=\"canonical\" href=\"https:\/\/www.erresse-shop.it\/es\/shop\/food-es\/fratelli-desideri-capsule-collection-tubo-il-tesoro-di-barolo-copia\/\" \/>\n<meta property=\"og:locale\" content=\"es_ES\" \/>\n<meta property=\"og:type\" content=\"article\" \/>\n<meta property=\"og:title\" content=\"FRATELLI DESIDERI Capsule Collection Tube Il Tesoro del Gargano di FELIX LO BASSO\" \/>\n<meta property=\"og:description\" content=\"LA CAPSULE COLLECTION de ANDREA LAROSSA \u00a1La Capsule Collection es la nueva l\u00ednea de kits de comidas &quot;Pr\u00eat \u00e0 manger&quot;!Dedicado a aquellos que no quieren\" \/>\n<meta property=\"og:url\" content=\"https:\/\/www.erresse-shop.it\/es\/shop\/food-es\/fratelli-desideri-capsule-collection-tubo-il-tesoro-di-barolo-copia\/\" \/>\n<meta property=\"og:site_name\" content=\"Erresse Shop\" \/>\n<meta property=\"article:modified_time\" content=\"2024-12-09T12:26:28+00:00\" \/>\n<meta property=\"og:image\" content=\"https:\/\/www.erresse-shop.it\/wp-content\/uploads\/2024\/11\/FRATELLI-DESIDERI-Capsule-Collection-Tube-Il-Tesoro-del-Gargano.jpg\" \/>\n\t<meta property=\"og:image:width\" content=\"1200\" \/>\n\t<meta property=\"og:image:height\" content=\"1200\" \/>\n\t<meta property=\"og:image:type\" content=\"image\/jpeg\" \/>\n<meta name=\"twitter:card\" content=\"summary_large_image\" \/>\n<script type=\"application\/ld+json\" class=\"yoast-schema-graph\">{\"@context\":\"https:\/\/schema.org\",\"@graph\":[{\"@type\":\"WebPage\",\"@id\":\"https:\/\/www.erresse-shop.it\/es\/shop\/food-es\/fratelli-desideri-capsule-collection-tubo-il-tesoro-di-barolo-copia\/\",\"url\":\"https:\/\/www.erresse-shop.it\/es\/shop\/food-es\/fratelli-desideri-capsule-collection-tubo-il-tesoro-di-barolo-copia\/\",\"name\":\"FRATELLI DESIDERI Capsule Collection Tube Il Tesoro del Gargano di FELIX LO BASSO - Erresse Shop\",\"isPartOf\":{\"@id\":\"https:\/\/www.erresse-shop.it\/es\/#website\"},\"datePublished\":\"2024-11-22T11:48:32+00:00\",\"dateModified\":\"2024-12-09T12:26:28+00:00\",\"description\":\"LA CAPSULE COLLECTION de ANDREA LAROSSA \u00a1La Capsule Collection es la nueva l\u00ednea de kits de comidas \\\"Pr\u00eat \u00e0 manger\\\"!Dedicado a aquellos que no quieren\",\"breadcrumb\":{\"@id\":\"https:\/\/www.erresse-shop.it\/es\/shop\/food-es\/fratelli-desideri-capsule-collection-tubo-il-tesoro-di-barolo-copia\/#breadcrumb\"},\"inLanguage\":\"es\",\"potentialAction\":[{\"@type\":\"ReadAction\",\"target\":[\"https:\/\/www.erresse-shop.it\/es\/shop\/food-es\/fratelli-desideri-capsule-collection-tubo-il-tesoro-di-barolo-copia\/\"]}]},{\"@type\":\"BreadcrumbList\",\"@id\":\"https:\/\/www.erresse-shop.it\/es\/shop\/food-es\/fratelli-desideri-capsule-collection-tubo-il-tesoro-di-barolo-copia\/#breadcrumb\",\"itemListElement\":[{\"@type\":\"ListItem\",\"position\":1,\"name\":\"Home\",\"item\":\"https:\/\/www.erresse-shop.it\/es\/\"},{\"@type\":\"ListItem\",\"position\":2,\"name\":\"Shop\",\"item\":\"https:\/\/www.erresse-shop.it\/es\/shop\/\"},{\"@type\":\"ListItem\",\"position\":3,\"name\":\"FRATELLI DESIDERI Capsule Collection Tube Il Tesoro del Gargano di FELIX LO BASSO\"}]},{\"@type\":\"WebSite\",\"@id\":\"https:\/\/www.erresse-shop.it\/es\/#website\",\"url\":\"https:\/\/www.erresse-shop.it\/es\/\",\"name\":\"Erresse Shop\",\"description\":\"Articoli di qualit\u00e0 per la casa\",\"potentialAction\":[{\"@type\":\"SearchAction\",\"target\":{\"@type\":\"EntryPoint\",\"urlTemplate\":\"https:\/\/www.erresse-shop.it\/es\/?s={search_term_string}\"},\"query-input\":\"required name=search_term_string\"}],\"inLanguage\":\"es\"}]}<\/script>\n<!-- \/ Yoast SEO Premium plugin. -->","yoast_head_json":{"title":"FRATELLI DESIDERI Capsule Collection Tube Il Tesoro del Gargano di FELIX LO BASSO - Erresse Shop","description":"LA CAPSULE COLLECTION de ANDREA LAROSSA \u00a1La Capsule Collection es la nueva l\u00ednea de kits de comidas \"Pr\u00eat \u00e0 manger\"!Dedicado a aquellos que no quieren","robots":{"index":"index","follow":"follow","max-snippet":"max-snippet:-1","max-image-preview":"max-image-preview:large","max-video-preview":"max-video-preview:-1"},"canonical":"https:\/\/www.erresse-shop.it\/es\/shop\/food-es\/fratelli-desideri-capsule-collection-tubo-il-tesoro-di-barolo-copia\/","og_locale":"es_ES","og_type":"article","og_title":"FRATELLI DESIDERI Capsule Collection Tube Il Tesoro del Gargano di FELIX LO BASSO","og_description":"LA CAPSULE COLLECTION de ANDREA LAROSSA \u00a1La Capsule Collection es la nueva l\u00ednea de kits de comidas \"Pr\u00eat \u00e0 manger\"!Dedicado a aquellos que no quieren","og_url":"https:\/\/www.erresse-shop.it\/es\/shop\/food-es\/fratelli-desideri-capsule-collection-tubo-il-tesoro-di-barolo-copia\/","og_site_name":"Erresse Shop","article_modified_time":"2024-12-09T12:26:28+00:00","og_image":[{"width":1200,"height":1200,"url":"https:\/\/www.erresse-shop.it\/wp-content\/uploads\/2024\/11\/FRATELLI-DESIDERI-Capsule-Collection-Tube-Il-Tesoro-del-Gargano.jpg","type":"image\/jpeg"}],"twitter_card":"summary_large_image","schema":{"@context":"https:\/\/schema.org","@graph":[{"@type":"WebPage","@id":"https:\/\/www.erresse-shop.it\/es\/shop\/food-es\/fratelli-desideri-capsule-collection-tubo-il-tesoro-di-barolo-copia\/","url":"https:\/\/www.erresse-shop.it\/es\/shop\/food-es\/fratelli-desideri-capsule-collection-tubo-il-tesoro-di-barolo-copia\/","name":"FRATELLI DESIDERI Capsule Collection Tube Il Tesoro del Gargano di FELIX LO BASSO - Erresse Shop","isPartOf":{"@id":"https:\/\/www.erresse-shop.it\/es\/#website"},"datePublished":"2024-11-22T11:48:32+00:00","dateModified":"2024-12-09T12:26:28+00:00","description":"LA CAPSULE COLLECTION de ANDREA LAROSSA \u00a1La Capsule Collection es la nueva l\u00ednea de kits de comidas \"Pr\u00eat \u00e0 manger\"!Dedicado a aquellos que no quieren","breadcrumb":{"@id":"https:\/\/www.erresse-shop.it\/es\/shop\/food-es\/fratelli-desideri-capsule-collection-tubo-il-tesoro-di-barolo-copia\/#breadcrumb"},"inLanguage":"es","potentialAction":[{"@type":"ReadAction","target":["https:\/\/www.erresse-shop.it\/es\/shop\/food-es\/fratelli-desideri-capsule-collection-tubo-il-tesoro-di-barolo-copia\/"]}]},{"@type":"BreadcrumbList","@id":"https:\/\/www.erresse-shop.it\/es\/shop\/food-es\/fratelli-desideri-capsule-collection-tubo-il-tesoro-di-barolo-copia\/#breadcrumb","itemListElement":[{"@type":"ListItem","position":1,"name":"Home","item":"https:\/\/www.erresse-shop.it\/es\/"},{"@type":"ListItem","position":2,"name":"Shop","item":"https:\/\/www.erresse-shop.it\/es\/shop\/"},{"@type":"ListItem","position":3,"name":"FRATELLI DESIDERI Capsule Collection Tube Il Tesoro del Gargano di FELIX LO BASSO"}]},{"@type":"WebSite","@id":"https:\/\/www.erresse-shop.it\/es\/#website","url":"https:\/\/www.erresse-shop.it\/es\/","name":"Erresse Shop","description":"Articoli di qualit\u00e0 per la casa","potentialAction":[{"@type":"SearchAction","target":{"@type":"EntryPoint","urlTemplate":"https:\/\/www.erresse-shop.it\/es\/?s={search_term_string}"},"query-input":"required name=search_term_string"}],"inLanguage":"es"}]}},"df_price":19,"df_sale_price":19,"df_regular_price":26,"df_image_link":"https:\/\/www.erresse-shop.it\/wp-content\/uploads\/2024\/11\/FRATELLI-DESIDERI-Capsule-Collection-Tube-Il-Tesoro-del-Gargano-300x300.jpg","_links":{"self":[{"href":"https:\/\/www.erresse-shop.it\/es\/wp-json\/wp\/v2\/product\/450660"}],"collection":[{"href":"https:\/\/www.erresse-shop.it\/es\/wp-json\/wp\/v2\/product"}],"about":[{"href":"https:\/\/www.erresse-shop.it\/es\/wp-json\/wp\/v2\/types\/product"}],"wp:featuredmedia":[{"embeddable":true,"href":"https:\/\/www.erresse-shop.it\/es\/wp-json\/wp\/v2\/media\/450674"}],"wp:attachment":[{"href":"https:\/\/www.erresse-shop.it\/es\/wp-json\/wp\/v2\/media?parent=450660"}],"wp:term":[{"taxonomy":"product_cat","embeddable":true,"href":"https:\/\/www.erresse-shop.it\/es\/wp-json\/wp\/v2\/product_cat?post=450660"},{"taxonomy":"product_tag","embeddable":true,"href":"https:\/\/www.erresse-shop.it\/es\/wp-json\/wp\/v2\/product_tag?post=450660"}],"curies":[{"name":"wp","href":"https:\/\/api.w.org\/{rel}","templated":true}]}}