{"id":450578,"date":"2024-11-22T10:37:51","date_gmt":"2024-11-22T10:37:52","guid":{"rendered":"https:\/\/www.erresse-shop.it\/?post_type=product&#038;p=450578"},"modified":"2026-02-04T10:17:37","modified_gmt":"2026-02-04T10:17:37","slug":"fratelli-desideri-le-cene-stellate-chef-gualtiero-marchesi-riso-oro-e-zafferano","status":"publish","type":"product","link":"https:\/\/www.erresse-shop.it\/es\/shop\/food-es\/fratelli-desideri-le-cene-stellate-chef-gualtiero-marchesi-riso-oro-e-zafferano\/","title":{"rendered":"FRATELLI DESIDERI Le Cene Stellate Chef Gualtiero Marchesi Riso, Oro e Zafferano"},"content":{"rendered":"<div class=\"flex-shrink-0 flex flex-col relative items-end\">\n<div class=\"pt-0\">\n<div class=\"gizmo-bot-avatar flex h-8 w-8 items-center justify-center overflow-hidden rounded-full\">\n<div class=\"relative p-1 rounded-sm flex items-center justify-center bg-token-main-surface-primary text-token-text-primary h-8 w-8\">\n<p>El <strong>risotto &#8220;Arroz, oro y azafr\u00e1n&#8221;<\/strong> es un plato emblem\u00e1tico en la cocina de <strong>Gualtiero Marchesi<\/strong>, el fundador de la <strong>Nuova Cucina Italiana<\/strong>, una aut\u00e9ntica revoluci\u00f3n gastron\u00f3mica que ha tenido un impacto duradero no solo en la cocina italiana, sino tambi\u00e9n en la cocina internacional. Marchesi, a trav\u00e9s de una constante <strong>investigaci\u00f3n y experimentaci\u00f3n<\/strong>, ha desarrollado un tipo de cocina al mismo tiempo <strong>creativa<\/strong>, <strong>fresca<\/strong>, <strong>ligera<\/strong>, <strong>esencial<\/strong> y <strong>refinada<\/strong>, caracterizada por una extraordinaria atenci\u00f3n al detalle. Su filosof\u00eda se ha centrado en el equilibrio entre <strong>productos<\/strong> de alt\u00edsima calidad, el uso de los <strong>sistemas de cocci\u00f3n<\/strong> adecuados, una visi\u00f3n innovadora de la <strong>dietolog\u00eda<\/strong> y la continua <strong>evoluci\u00f3n del gusto<\/strong>, que siempre ha buscado perfeccionar, experimentando con nuevas t\u00e9cnicas y combinaciones de sabores.<\/p>\n<p>El risotto &#8220;Arroz, oro y azafr\u00e1n&#8221; es probablemente el plato m\u00e1s famoso del mundo creado por Marchesi, un aut\u00e9ntico <strong>icono gastron\u00f3mico<\/strong> que ha marcado la historia de la cocina moderna. Este plato, concebido y servido por primera vez a principios de los a\u00f1os 80, entre 1981 y 1982, representa la s\u00edntesis perfecta de su cocina: sencillez, elegancia y refinamiento. La combinaci\u00f3n de arroz, azafr\u00e1n y oro es un homenaje a la tradici\u00f3n gastron\u00f3mica italiana, reinterpretada con la visi\u00f3n innovadora y moderna del chef. Desde entonces, el plato se ha convertido no solo en una cita obligada para los amantes de la alta cocina, sino tambi\u00e9n en un s\u00edmbolo de su cocina, un emblema de su arte culinario.<\/p>\n<p>La singularidad del plato se hace a\u00fan m\u00e1s especial por la presencia de la hoja de oro, un toque final que no solo eleva el plato est\u00e9ticamente, sino que tambi\u00e9n subraya su importancia y valor simb\u00f3lico. El arroz, de color c\u00e1lido y soleado, se embellece con un dorado que se combina perfectamente con la intensidad y delicadeza del azafr\u00e1n, creando una sinfon\u00eda de colores y sabores.<\/p>\n<p>La culminaci\u00f3n de la experiencia sensorial del plato se produce en el acto de comerlo. Marchesi ha elegido servir este risotto con una cuchara, y no con un tenedor, como un gesto que invita a entrar en sinton\u00eda con el plato, a percibir su suavidad e intensidad de una manera m\u00e1s \u00edntima y directa. El aroma del risotto es tan envolvente que inmediatamente da ganas de romper la hoja de oro al primer bocado, destruyendo en cierto sentido la \u201cobra de arte\u201d culinaria, pero al mismo tiempo realzando su valor y significado, como una creaci\u00f3n que debe ser consumida y apreciada en su momento de m\u00e1ximo esplendor.<\/p>\n<p>A Marchesi, hablando de este risotto, le encantaba repetir: &#8220;El brillo del arroz y del oro me parece alt\u00edsimo. Es el plato que mejor reproduce mi concepto de belleza. Esencial, sin adornos&#8221;. Esta frase contiene la esencia de su enfoque de la cocina: un arte que no necesita a\u00f1adir elementos superfluos para ser extraordinario, sino que encuentra su belleza en la <strong>simplicidad<\/strong>, la <strong>pureza<\/strong> y el <strong>refinamiento<\/strong> de los ingredientes. El <strong>Risotto &#8220;Arroz, oro y azafr\u00e1n&#8221;<\/strong> no es solo un plato para comer, sino una experiencia que involucra todos los sentidos y nos invita a reflexionar sobre la <strong>belleza<\/strong> que reside en las cosas esenciales, en las tradiciones revisadas con un toque de genialidad.<\/p>\n<p>Con este plato, Gualtiero Marchesi no s\u00f3lo ha creado un plato extraordinario, sino que tambi\u00e9n ha definido una <strong>filosof\u00eda gastron\u00f3mica<\/strong> que ha influido en generaciones de cocineros y apasionados de la buena mesa. Su risotto sigue siendo un <strong>punto de referencia<\/strong> para todo aquel que quiera entender y apreciar la alta cocina, aquella que consigue combinar <strong>arte, est\u00e9tica y gusto<\/strong> en perfecto equilibrio.<\/p>\n<\/div>\n<\/div>\n<\/div>\n<\/div>\n<p><strong>Detalles del producto:<\/strong><\/p>\n<p><strong>Porciones:<\/strong> 4 personas<br \/>\n<strong>Tiempo de preparaci\u00f3n:<\/strong> 20 min.<br \/>\n<strong>Dificultad:<\/strong> Baja<\/p>\n","protected":false},"excerpt":{"rendered":"<p>El risotto &#8220;Arroz, oro y azafr\u00e1n&#8221; es un plato emblem\u00e1tico en la cocina de Gualtiero Marchesi, el fundador de la<\/p>\n","protected":false},"featured_media":450621,"template":"","meta":{"_acf_changed":false,"inline_featured_image":false},"product_cat":[25935],"product_tag":[21537],"acf":[],"yoast_head":"<!-- This site is optimized with the Yoast SEO Premium plugin v18.6 (Yoast SEO v19.13) - https:\/\/yoast.com\/wordpress\/plugins\/seo\/ -->\n<title>FRATELLI DESIDERI Le Cene Stellate Chef Gualtiero Marchesi Riso, Oro e Zafferano - Erresse Shop<\/title>\n<meta name=\"description\" content=\"El risotto &quot;Arroz, oro y azafr\u00e1n&quot; es un plato emblem\u00e1tico en la cocina de Gualtiero Marchesi, el fundador de la Nuova Cucina Italiana, una aut\u00e9ntica\" \/>\n<meta name=\"robots\" content=\"index, follow, max-snippet:-1, max-image-preview:large, max-video-preview:-1\" \/>\n<link rel=\"canonical\" href=\"https:\/\/www.erresse-shop.it\/es\/shop\/food-es\/fratelli-desideri-le-cene-stellate-chef-gualtiero-marchesi-riso-oro-e-zafferano\/\" \/>\n<meta property=\"og:locale\" content=\"es_ES\" \/>\n<meta property=\"og:type\" content=\"article\" \/>\n<meta property=\"og:title\" content=\"FRATELLI DESIDERI Le Cene Stellate Chef Gualtiero Marchesi Riso, Oro e Zafferano\" \/>\n<meta property=\"og:description\" content=\"El risotto &quot;Arroz, oro y azafr\u00e1n&quot; es un plato emblem\u00e1tico en la cocina de Gualtiero Marchesi, el fundador de la Nuova Cucina Italiana, una aut\u00e9ntica\" \/>\n<meta property=\"og:url\" content=\"https:\/\/www.erresse-shop.it\/es\/shop\/food-es\/fratelli-desideri-le-cene-stellate-chef-gualtiero-marchesi-riso-oro-e-zafferano\/\" \/>\n<meta property=\"og:site_name\" content=\"Erresse Shop\" \/>\n<meta property=\"article:modified_time\" content=\"2026-02-04T10:17:37+00:00\" \/>\n<meta property=\"og:image\" content=\"https:\/\/www.erresse-shop.it\/wp-content\/uploads\/2024\/11\/FRATELLI-DESIDERI-Le-Cene-Stellate-Riso-Oro-e-Zafferano.jpg\" \/>\n\t<meta property=\"og:image:width\" content=\"1200\" \/>\n\t<meta property=\"og:image:height\" content=\"1200\" \/>\n\t<meta property=\"og:image:type\" content=\"image\/jpeg\" \/>\n<meta name=\"twitter:card\" content=\"summary_large_image\" \/>\n<script type=\"application\/ld+json\" class=\"yoast-schema-graph\">{\"@context\":\"https:\/\/schema.org\",\"@graph\":[{\"@type\":\"WebPage\",\"@id\":\"https:\/\/www.erresse-shop.it\/es\/shop\/food-es\/fratelli-desideri-le-cene-stellate-chef-gualtiero-marchesi-riso-oro-e-zafferano\/\",\"url\":\"https:\/\/www.erresse-shop.it\/es\/shop\/food-es\/fratelli-desideri-le-cene-stellate-chef-gualtiero-marchesi-riso-oro-e-zafferano\/\",\"name\":\"FRATELLI DESIDERI Le Cene Stellate Chef Gualtiero Marchesi Riso, Oro e Zafferano - Erresse Shop\",\"isPartOf\":{\"@id\":\"https:\/\/www.erresse-shop.it\/es\/#website\"},\"datePublished\":\"2024-11-22T10:37:52+00:00\",\"dateModified\":\"2026-02-04T10:17:37+00:00\",\"description\":\"El risotto \\\"Arroz, oro y azafr\u00e1n\\\" es un plato emblem\u00e1tico en la cocina de Gualtiero Marchesi, el fundador de la Nuova Cucina Italiana, una aut\u00e9ntica\",\"breadcrumb\":{\"@id\":\"https:\/\/www.erresse-shop.it\/es\/shop\/food-es\/fratelli-desideri-le-cene-stellate-chef-gualtiero-marchesi-riso-oro-e-zafferano\/#breadcrumb\"},\"inLanguage\":\"es\",\"potentialAction\":[{\"@type\":\"ReadAction\",\"target\":[\"https:\/\/www.erresse-shop.it\/es\/shop\/food-es\/fratelli-desideri-le-cene-stellate-chef-gualtiero-marchesi-riso-oro-e-zafferano\/\"]}]},{\"@type\":\"BreadcrumbList\",\"@id\":\"https:\/\/www.erresse-shop.it\/es\/shop\/food-es\/fratelli-desideri-le-cene-stellate-chef-gualtiero-marchesi-riso-oro-e-zafferano\/#breadcrumb\",\"itemListElement\":[{\"@type\":\"ListItem\",\"position\":1,\"name\":\"Home\",\"item\":\"https:\/\/www.erresse-shop.it\/es\/\"},{\"@type\":\"ListItem\",\"position\":2,\"name\":\"Shop\",\"item\":\"https:\/\/www.erresse-shop.it\/es\/shop\/\"},{\"@type\":\"ListItem\",\"position\":3,\"name\":\"FRATELLI DESIDERI Le Cene Stellate Chef Gualtiero Marchesi Riso, Oro e Zafferano\"}]},{\"@type\":\"WebSite\",\"@id\":\"https:\/\/www.erresse-shop.it\/es\/#website\",\"url\":\"https:\/\/www.erresse-shop.it\/es\/\",\"name\":\"Erresse Shop\",\"description\":\"Articoli di qualit\u00e0 per la casa\",\"potentialAction\":[{\"@type\":\"SearchAction\",\"target\":{\"@type\":\"EntryPoint\",\"urlTemplate\":\"https:\/\/www.erresse-shop.it\/es\/?s={search_term_string}\"},\"query-input\":\"required name=search_term_string\"}],\"inLanguage\":\"es\"}]}<\/script>\n<!-- \/ Yoast SEO Premium plugin. -->","yoast_head_json":{"title":"FRATELLI DESIDERI Le Cene Stellate Chef Gualtiero Marchesi Riso, Oro e Zafferano - Erresse Shop","description":"El risotto \"Arroz, oro y azafr\u00e1n\" es un plato emblem\u00e1tico en la cocina de Gualtiero Marchesi, el fundador de la Nuova Cucina Italiana, una aut\u00e9ntica","robots":{"index":"index","follow":"follow","max-snippet":"max-snippet:-1","max-image-preview":"max-image-preview:large","max-video-preview":"max-video-preview:-1"},"canonical":"https:\/\/www.erresse-shop.it\/es\/shop\/food-es\/fratelli-desideri-le-cene-stellate-chef-gualtiero-marchesi-riso-oro-e-zafferano\/","og_locale":"es_ES","og_type":"article","og_title":"FRATELLI DESIDERI Le Cene Stellate Chef Gualtiero Marchesi Riso, Oro e Zafferano","og_description":"El risotto \"Arroz, oro y azafr\u00e1n\" es un plato emblem\u00e1tico en la cocina de Gualtiero Marchesi, el fundador de la Nuova Cucina Italiana, una aut\u00e9ntica","og_url":"https:\/\/www.erresse-shop.it\/es\/shop\/food-es\/fratelli-desideri-le-cene-stellate-chef-gualtiero-marchesi-riso-oro-e-zafferano\/","og_site_name":"Erresse Shop","article_modified_time":"2026-02-04T10:17:37+00:00","og_image":[{"width":1200,"height":1200,"url":"https:\/\/www.erresse-shop.it\/wp-content\/uploads\/2024\/11\/FRATELLI-DESIDERI-Le-Cene-Stellate-Riso-Oro-e-Zafferano.jpg","type":"image\/jpeg"}],"twitter_card":"summary_large_image","schema":{"@context":"https:\/\/schema.org","@graph":[{"@type":"WebPage","@id":"https:\/\/www.erresse-shop.it\/es\/shop\/food-es\/fratelli-desideri-le-cene-stellate-chef-gualtiero-marchesi-riso-oro-e-zafferano\/","url":"https:\/\/www.erresse-shop.it\/es\/shop\/food-es\/fratelli-desideri-le-cene-stellate-chef-gualtiero-marchesi-riso-oro-e-zafferano\/","name":"FRATELLI DESIDERI Le Cene Stellate Chef Gualtiero Marchesi Riso, Oro e Zafferano - Erresse Shop","isPartOf":{"@id":"https:\/\/www.erresse-shop.it\/es\/#website"},"datePublished":"2024-11-22T10:37:52+00:00","dateModified":"2026-02-04T10:17:37+00:00","description":"El risotto \"Arroz, oro y azafr\u00e1n\" es un plato emblem\u00e1tico en la cocina de Gualtiero Marchesi, el fundador de la Nuova Cucina Italiana, una aut\u00e9ntica","breadcrumb":{"@id":"https:\/\/www.erresse-shop.it\/es\/shop\/food-es\/fratelli-desideri-le-cene-stellate-chef-gualtiero-marchesi-riso-oro-e-zafferano\/#breadcrumb"},"inLanguage":"es","potentialAction":[{"@type":"ReadAction","target":["https:\/\/www.erresse-shop.it\/es\/shop\/food-es\/fratelli-desideri-le-cene-stellate-chef-gualtiero-marchesi-riso-oro-e-zafferano\/"]}]},{"@type":"BreadcrumbList","@id":"https:\/\/www.erresse-shop.it\/es\/shop\/food-es\/fratelli-desideri-le-cene-stellate-chef-gualtiero-marchesi-riso-oro-e-zafferano\/#breadcrumb","itemListElement":[{"@type":"ListItem","position":1,"name":"Home","item":"https:\/\/www.erresse-shop.it\/es\/"},{"@type":"ListItem","position":2,"name":"Shop","item":"https:\/\/www.erresse-shop.it\/es\/shop\/"},{"@type":"ListItem","position":3,"name":"FRATELLI DESIDERI Le Cene Stellate Chef Gualtiero Marchesi Riso, Oro e Zafferano"}]},{"@type":"WebSite","@id":"https:\/\/www.erresse-shop.it\/es\/#website","url":"https:\/\/www.erresse-shop.it\/es\/","name":"Erresse Shop","description":"Articoli di qualit\u00e0 per la casa","potentialAction":[{"@type":"SearchAction","target":{"@type":"EntryPoint","urlTemplate":"https:\/\/www.erresse-shop.it\/es\/?s={search_term_string}"},"query-input":"required name=search_term_string"}],"inLanguage":"es"}]}},"df_price":54.95,"df_sale_price":54.95,"df_regular_price":62,"df_image_link":"https:\/\/www.erresse-shop.it\/wp-content\/uploads\/2024\/11\/FRATELLI-DESIDERI-Le-Cene-Stellate-Riso-Oro-e-Zafferano-300x300.jpg","_links":{"self":[{"href":"https:\/\/www.erresse-shop.it\/es\/wp-json\/wp\/v2\/product\/450578"}],"collection":[{"href":"https:\/\/www.erresse-shop.it\/es\/wp-json\/wp\/v2\/product"}],"about":[{"href":"https:\/\/www.erresse-shop.it\/es\/wp-json\/wp\/v2\/types\/product"}],"wp:featuredmedia":[{"embeddable":true,"href":"https:\/\/www.erresse-shop.it\/es\/wp-json\/wp\/v2\/media\/450621"}],"wp:attachment":[{"href":"https:\/\/www.erresse-shop.it\/es\/wp-json\/wp\/v2\/media?parent=450578"}],"wp:term":[{"taxonomy":"product_cat","embeddable":true,"href":"https:\/\/www.erresse-shop.it\/es\/wp-json\/wp\/v2\/product_cat?post=450578"},{"taxonomy":"product_tag","embeddable":true,"href":"https:\/\/www.erresse-shop.it\/es\/wp-json\/wp\/v2\/product_tag?post=450578"}],"curies":[{"name":"wp","href":"https:\/\/api.w.org\/{rel}","templated":true}]}}