{"id":450435,"date":"2024-11-22T08:30:47","date_gmt":"2024-11-22T08:30:48","guid":{"rendered":"https:\/\/www.erresse-shop.it\/?post_type=product&#038;p=450435"},"modified":"2026-02-04T10:07:12","modified_gmt":"2026-02-04T10:07:12","slug":"fratelli-desideri-le-cene-stellate-chef-tommaso-arrigoni-il-pesto-del-re","status":"publish","type":"product","link":"https:\/\/www.erresse-shop.it\/es\/shop\/food-es\/fratelli-desideri-le-cene-stellate-chef-tommaso-arrigoni-il-pesto-del-re\/","title":{"rendered":"FRATELLI DESIDERI Le Cene Stellate Chef Tommaso Arrigoni Il Pesto Del Re"},"content":{"rendered":"<div class=\"flex-shrink-0 flex flex-col relativo elementos-end\">\n<div>\n<div>\n<div class=\"gizmo-bot-avatar flex h-8 w-8 elementos-centro justificar-centro desbordamiento-oculto redondeado-completo\">\n<div class=\"relative p-1 rounded-sm flex items-center justify-center bg-token-main-surface-primary text-token-text-primary h-8 w-8\">El gran <strong>Chef de Mil\u00e1n Tommaso Arrigoni <\/strong>(Chef 1 Estrella Michelin), reconocido por su creatividad y su capacidad de combinar tradici\u00f3n e innovaci\u00f3n, nos regala una obra maestra de la alta cocina &#8220;Sin Gluten&#8221; que no puede deja indiferente! Este espectacular plato es capaz de conquistar hasta los paladares m\u00e1s exigentes, incluidos los que suelen disfrutar de la cl\u00e1sica pasta de trigo duro. Su elegancia, su equilibrio de sabores y su refinamiento hacen de esta creaci\u00f3n culinaria una experiencia \u00fanica, capaz de enamorar a cualquiera que la pruebe.<\/div>\n<\/div>\n<\/div>\n<\/div>\n<\/div>\n<div class=\"grupo\/conversaci\u00f3n-turno relativo flex w-full min-w-0 flex-col agente-turno\">\n<div class=\"flex-col brecha-1 md: brecha-3\">\n<div class=\"flex max-w-full flex-col flex-grow\">\n<div class=\"min-h-8 mensaje de texto flex w-full flex-col elementos-final espacio-2 espacios en blanco-palabras de corte normales [.text-message+&amp;]:mt-5\" dir=\"auto \" data-message-author-role=\"asistente\" data-message-id=\"2aa5b66c-04c1-4582-89a9-7be908d7866c\" data-client-thread-id=\"WEB:4363d0a4-be62-42fe-a5ea-b54fe1c4b7d8\" data-message-model-slug=\"gpt-4o-mini\">\n<div class=\"flex w-full flex-col gap-1 vac\u00edo: oculto primero: pt-[3px]\">\n<div class=\"prosa rebajada con palabras de ruptura completas oscuras: prosa-invertida oscura\">\n<p>Esta receta representa una <strong>reinterpretaci\u00f3n aristocr\u00e1tica de la tradicional pasta con pesto<\/strong>, un plato que en su versi\u00f3n cl\u00e1sica gusta a todos, pero que gracias a la mano experta de Arrigoni adquiere nuevas dimensiones de sabor y complejidad. El plato est\u00e1 adornado con un ingrediente noble y refinado como es la <strong>trufa negra de verano<\/strong>, que aporta una nota refinada y un aroma intenso que combina a la perfecci\u00f3n con el pesto, haciendo de cada bocado una experiencia sensorial inigualable.<\/p>\n<p>Lo que hace que este plato sea a\u00fan m\u00e1s sorprendente es la adici\u00f3n de <strong>grosellas<\/strong>, que con su sabor chispeante y afrutado ofrece un contraste fresco y original con el rico aroma de la trufa. El resultado es una sinfon\u00eda de sabores, un equilibrio perfecto entre lo tradicional y lo contempor\u00e1neo, que sorprende y conquista desde el primer sabor. Un plato que no es s\u00f3lo un homenaje a la cocina italiana, sino tambi\u00e9n una interpretaci\u00f3n atrevida y moderna, capaz de sorprender y fascinar.<\/p>\n<p>El <strong>Meal Kit<\/strong> que proponemos es el resultado de una colaboraci\u00f3n exclusiva con el <strong>pastificio Massimo Zero<\/strong>, excelencia en la producci\u00f3n de pasta sin gluten. Esta f\u00e1brica de pasta, que ha hecho de la calidad y la autenticidad su se\u00f1a de identidad, produce pasta con un sabor aut\u00e9ntico, verdadero y puro. Su pasta sin gluten, elaborada con las mejores harinas de <strong>ma\u00edz<\/strong> y de <strong>arroz<\/strong>, se mezcla con el agua y el aire de <strong>Merano<\/strong>, una zona especialmente indicada a la producci\u00f3n de alimentos de alta calidad. Este proceso artesanal garantiza un producto genuino y superior, que mantiene todas las bondades y consistencia de la pasta tradicional, sin sacrificar el sabor.<\/p>\n<p>Con este plato, no s\u00f3lo degustar\u00e1s una cocina que combina elegancia y refinamiento, sino que tambi\u00e9n te ofrecer\u00e1 un producto de calidad superior, capaz de satisfacer incluso a quienes siguen una dieta sin gluten, sin comprometer el sabor y la autenticidad de los ingredientes. .<\/p>\n<\/div>\n<\/div>\n<\/div>\n<\/div>\n<\/div>\n<\/div>\n<p><strong>Detalles del producto:<\/strong><\/p>\n<p><strong>Porciones:<\/strong> 4 personas<br \/>\n<strong>Tiempo de preparaci\u00f3n:<\/strong> 15 min.<br \/>\n<strong>Dificultad:<\/strong> Baja<\/p>\n","protected":false},"excerpt":{"rendered":"<p>El gran Chef de Mil\u00e1n Tommaso Arrigoni (Chef 1 Estrella Michelin), reconocido por su creatividad y su capacidad de combinar<\/p>\n","protected":false},"featured_media":450462,"template":"","meta":{"_acf_changed":false,"inline_featured_image":false},"product_cat":[25935],"product_tag":[21537],"acf":[],"yoast_head":"<!-- This site is optimized with the Yoast SEO Premium plugin v18.6 (Yoast SEO v19.13) - https:\/\/yoast.com\/wordpress\/plugins\/seo\/ -->\n<title>FRATELLI DESIDERI Le Cene Stellate Chef Tommaso Arrigoni Il Pesto Del Re - Erresse Shop<\/title>\n<meta name=\"description\" content=\"El gran Chef de Mil\u00e1n Tommaso Arrigoni (Chef 1 Estrella Michelin), reconocido por su creatividad y su capacidad de combinar tradici\u00f3n e innovaci\u00f3n, nos\" \/>\n<meta name=\"robots\" content=\"index, follow, max-snippet:-1, max-image-preview:large, max-video-preview:-1\" \/>\n<link rel=\"canonical\" href=\"https:\/\/www.erresse-shop.it\/es\/shop\/food-es\/fratelli-desideri-le-cene-stellate-chef-tommaso-arrigoni-il-pesto-del-re\/\" \/>\n<meta property=\"og:locale\" content=\"es_ES\" \/>\n<meta property=\"og:type\" content=\"article\" \/>\n<meta property=\"og:title\" content=\"FRATELLI DESIDERI Le Cene Stellate Chef Tommaso Arrigoni Il Pesto Del Re\" \/>\n<meta property=\"og:description\" content=\"El gran Chef de Mil\u00e1n Tommaso Arrigoni (Chef 1 Estrella Michelin), reconocido por su creatividad y su capacidad de combinar tradici\u00f3n e innovaci\u00f3n, nos\" \/>\n<meta property=\"og:url\" content=\"https:\/\/www.erresse-shop.it\/es\/shop\/food-es\/fratelli-desideri-le-cene-stellate-chef-tommaso-arrigoni-il-pesto-del-re\/\" \/>\n<meta property=\"og:site_name\" content=\"Erresse Shop\" \/>\n<meta property=\"article:modified_time\" content=\"2026-02-04T10:07:12+00:00\" \/>\n<meta property=\"og:image\" content=\"https:\/\/www.erresse-shop.it\/wp-content\/uploads\/2024\/11\/FRATELLI-DESIDERI-Le-Cene-Stellate-Il-Pesto-Del-Re.jpg\" \/>\n\t<meta property=\"og:image:width\" content=\"1200\" \/>\n\t<meta property=\"og:image:height\" content=\"1200\" \/>\n\t<meta property=\"og:image:type\" content=\"image\/jpeg\" \/>\n<meta name=\"twitter:card\" content=\"summary_large_image\" \/>\n<script type=\"application\/ld+json\" class=\"yoast-schema-graph\">{\"@context\":\"https:\/\/schema.org\",\"@graph\":[{\"@type\":\"WebPage\",\"@id\":\"https:\/\/www.erresse-shop.it\/es\/shop\/food-es\/fratelli-desideri-le-cene-stellate-chef-tommaso-arrigoni-il-pesto-del-re\/\",\"url\":\"https:\/\/www.erresse-shop.it\/es\/shop\/food-es\/fratelli-desideri-le-cene-stellate-chef-tommaso-arrigoni-il-pesto-del-re\/\",\"name\":\"FRATELLI DESIDERI Le Cene Stellate Chef Tommaso Arrigoni Il Pesto Del Re - Erresse Shop\",\"isPartOf\":{\"@id\":\"https:\/\/www.erresse-shop.it\/es\/#website\"},\"datePublished\":\"2024-11-22T08:30:48+00:00\",\"dateModified\":\"2026-02-04T10:07:12+00:00\",\"description\":\"El gran Chef de Mil\u00e1n Tommaso Arrigoni (Chef 1 Estrella Michelin), reconocido por su creatividad y su capacidad de combinar tradici\u00f3n e innovaci\u00f3n, nos\",\"breadcrumb\":{\"@id\":\"https:\/\/www.erresse-shop.it\/es\/shop\/food-es\/fratelli-desideri-le-cene-stellate-chef-tommaso-arrigoni-il-pesto-del-re\/#breadcrumb\"},\"inLanguage\":\"es\",\"potentialAction\":[{\"@type\":\"ReadAction\",\"target\":[\"https:\/\/www.erresse-shop.it\/es\/shop\/food-es\/fratelli-desideri-le-cene-stellate-chef-tommaso-arrigoni-il-pesto-del-re\/\"]}]},{\"@type\":\"BreadcrumbList\",\"@id\":\"https:\/\/www.erresse-shop.it\/es\/shop\/food-es\/fratelli-desideri-le-cene-stellate-chef-tommaso-arrigoni-il-pesto-del-re\/#breadcrumb\",\"itemListElement\":[{\"@type\":\"ListItem\",\"position\":1,\"name\":\"Home\",\"item\":\"https:\/\/www.erresse-shop.it\/es\/\"},{\"@type\":\"ListItem\",\"position\":2,\"name\":\"Shop\",\"item\":\"https:\/\/www.erresse-shop.it\/es\/shop\/\"},{\"@type\":\"ListItem\",\"position\":3,\"name\":\"FRATELLI DESIDERI Le Cene Stellate Chef Tommaso Arrigoni Il Pesto Del Re\"}]},{\"@type\":\"WebSite\",\"@id\":\"https:\/\/www.erresse-shop.it\/es\/#website\",\"url\":\"https:\/\/www.erresse-shop.it\/es\/\",\"name\":\"Erresse Shop\",\"description\":\"Articoli di qualit\u00e0 per la casa\",\"potentialAction\":[{\"@type\":\"SearchAction\",\"target\":{\"@type\":\"EntryPoint\",\"urlTemplate\":\"https:\/\/www.erresse-shop.it\/es\/?s={search_term_string}\"},\"query-input\":\"required name=search_term_string\"}],\"inLanguage\":\"es\"}]}<\/script>\n<!-- \/ Yoast SEO Premium plugin. -->","yoast_head_json":{"title":"FRATELLI DESIDERI Le Cene Stellate Chef Tommaso Arrigoni Il Pesto Del Re - Erresse Shop","description":"El gran Chef de Mil\u00e1n Tommaso Arrigoni (Chef 1 Estrella Michelin), reconocido por su creatividad y su capacidad de combinar tradici\u00f3n e innovaci\u00f3n, nos","robots":{"index":"index","follow":"follow","max-snippet":"max-snippet:-1","max-image-preview":"max-image-preview:large","max-video-preview":"max-video-preview:-1"},"canonical":"https:\/\/www.erresse-shop.it\/es\/shop\/food-es\/fratelli-desideri-le-cene-stellate-chef-tommaso-arrigoni-il-pesto-del-re\/","og_locale":"es_ES","og_type":"article","og_title":"FRATELLI DESIDERI Le Cene Stellate Chef Tommaso Arrigoni Il Pesto Del Re","og_description":"El gran Chef de Mil\u00e1n Tommaso Arrigoni (Chef 1 Estrella Michelin), reconocido por su creatividad y su capacidad de combinar tradici\u00f3n e innovaci\u00f3n, nos","og_url":"https:\/\/www.erresse-shop.it\/es\/shop\/food-es\/fratelli-desideri-le-cene-stellate-chef-tommaso-arrigoni-il-pesto-del-re\/","og_site_name":"Erresse Shop","article_modified_time":"2026-02-04T10:07:12+00:00","og_image":[{"width":1200,"height":1200,"url":"https:\/\/www.erresse-shop.it\/wp-content\/uploads\/2024\/11\/FRATELLI-DESIDERI-Le-Cene-Stellate-Il-Pesto-Del-Re.jpg","type":"image\/jpeg"}],"twitter_card":"summary_large_image","schema":{"@context":"https:\/\/schema.org","@graph":[{"@type":"WebPage","@id":"https:\/\/www.erresse-shop.it\/es\/shop\/food-es\/fratelli-desideri-le-cene-stellate-chef-tommaso-arrigoni-il-pesto-del-re\/","url":"https:\/\/www.erresse-shop.it\/es\/shop\/food-es\/fratelli-desideri-le-cene-stellate-chef-tommaso-arrigoni-il-pesto-del-re\/","name":"FRATELLI DESIDERI Le Cene Stellate Chef Tommaso Arrigoni Il Pesto Del Re - Erresse Shop","isPartOf":{"@id":"https:\/\/www.erresse-shop.it\/es\/#website"},"datePublished":"2024-11-22T08:30:48+00:00","dateModified":"2026-02-04T10:07:12+00:00","description":"El gran Chef de Mil\u00e1n Tommaso Arrigoni (Chef 1 Estrella Michelin), reconocido por su creatividad y su capacidad de combinar tradici\u00f3n e innovaci\u00f3n, nos","breadcrumb":{"@id":"https:\/\/www.erresse-shop.it\/es\/shop\/food-es\/fratelli-desideri-le-cene-stellate-chef-tommaso-arrigoni-il-pesto-del-re\/#breadcrumb"},"inLanguage":"es","potentialAction":[{"@type":"ReadAction","target":["https:\/\/www.erresse-shop.it\/es\/shop\/food-es\/fratelli-desideri-le-cene-stellate-chef-tommaso-arrigoni-il-pesto-del-re\/"]}]},{"@type":"BreadcrumbList","@id":"https:\/\/www.erresse-shop.it\/es\/shop\/food-es\/fratelli-desideri-le-cene-stellate-chef-tommaso-arrigoni-il-pesto-del-re\/#breadcrumb","itemListElement":[{"@type":"ListItem","position":1,"name":"Home","item":"https:\/\/www.erresse-shop.it\/es\/"},{"@type":"ListItem","position":2,"name":"Shop","item":"https:\/\/www.erresse-shop.it\/es\/shop\/"},{"@type":"ListItem","position":3,"name":"FRATELLI DESIDERI Le Cene Stellate Chef Tommaso Arrigoni Il Pesto Del Re"}]},{"@type":"WebSite","@id":"https:\/\/www.erresse-shop.it\/es\/#website","url":"https:\/\/www.erresse-shop.it\/es\/","name":"Erresse Shop","description":"Articoli di qualit\u00e0 per la casa","potentialAction":[{"@type":"SearchAction","target":{"@type":"EntryPoint","urlTemplate":"https:\/\/www.erresse-shop.it\/es\/?s={search_term_string}"},"query-input":"required name=search_term_string"}],"inLanguage":"es"}]}},"df_price":44.95,"df_sale_price":44.95,"df_regular_price":47,"df_image_link":"https:\/\/www.erresse-shop.it\/wp-content\/uploads\/2024\/11\/FRATELLI-DESIDERI-Le-Cene-Stellate-Il-Pesto-Del-Re-300x300.jpg","_links":{"self":[{"href":"https:\/\/www.erresse-shop.it\/es\/wp-json\/wp\/v2\/product\/450435"}],"collection":[{"href":"https:\/\/www.erresse-shop.it\/es\/wp-json\/wp\/v2\/product"}],"about":[{"href":"https:\/\/www.erresse-shop.it\/es\/wp-json\/wp\/v2\/types\/product"}],"wp:featuredmedia":[{"embeddable":true,"href":"https:\/\/www.erresse-shop.it\/es\/wp-json\/wp\/v2\/media\/450462"}],"wp:attachment":[{"href":"https:\/\/www.erresse-shop.it\/es\/wp-json\/wp\/v2\/media?parent=450435"}],"wp:term":[{"taxonomy":"product_cat","embeddable":true,"href":"https:\/\/www.erresse-shop.it\/es\/wp-json\/wp\/v2\/product_cat?post=450435"},{"taxonomy":"product_tag","embeddable":true,"href":"https:\/\/www.erresse-shop.it\/es\/wp-json\/wp\/v2\/product_tag?post=450435"}],"curies":[{"name":"wp","href":"https:\/\/api.w.org\/{rel}","templated":true}]}}