{"id":450215,"date":"2024-11-21T11:06:17","date_gmt":"2024-11-21T11:06:18","guid":{"rendered":"https:\/\/www.erresse-shop.it\/?post_type=product&#038;p=450215"},"modified":"2024-11-21T11:22:53","modified_gmt":"2024-11-21T11:22:53","slug":"les-jardins-de-la-comtesse-cesta-de-pcnic-6-personas-marine-copia","status":"publish","type":"product","link":"https:\/\/www.erresse-shop.it\/es\/shop\/tabla\/cestas-de-picnic\/les-jardins-de-la-comtesse-cesta-de-pcnic-6-personas-marine-copia\/","title":{"rendered":"LES JARDINS DE LA COMTESSE Cesta de Pcnic 6 Personas Trianon"},"content":{"rendered":"<div style=\"text-align: justificar;\">\n<div>\n<div>Una <strong>cesta<\/strong> refinada con correas, asa y correa ajustable para el hombro en cuero genuino liso y cosido.<\/div>\n<div>El asa en la parte superior le permite transportarlo horizontalmente sin volcar los platos preparados.<\/div>\n<div>\u00bfInnovaci\u00f3n? Su tejido de lona revestido, f\u00e1cil de limpiar. \u00a1Ya no tengas miedo de ensuciar tu\u00a0<strong>cesta<\/strong>, solo dale una esponja y estar\u00e1 limpia nuevamente! Siempre permanecer\u00e1 perfecto durante todos tus\u00a0<strong>picnics<\/strong>.<\/div>\n<div>La base forma un gran compartimento isot\u00e9rmico para mantener los productos frescos. En su interior encontrar\u00e1 vasos sujetos con cordones de cuero, correas de cuero para sujetar una botella y un bolso con cubiertos de dise\u00f1o en acero inoxidable pulido en su interior.<\/div>\n<div>La\u00a0<strong>cesta<\/strong>\u00a0ideal para un picnic.<\/div>\n<\/div>\n<p><strong>CONTENIDO<\/strong><\/p>\n<ul>\n<li>6 platos (di\u00e1metro 20,5 cm) en cer\u00e1mica blanca. Las placas se sujetan mediante correas de cuero cosidas lisas en ambos lados.<\/li>\n<li>6 copas de vino (12 cl)<\/li>\n<li>Una peque\u00f1a bolsa que contiene 6 cuchillos, 6 tenedores y 6 cucharas de caf\u00e9 de dise\u00f1o en acero inoxidable pulido.<\/li>\n<li>Salero y pimentero de metal en su cierre de piel.<\/li>\n<li>Un sacacorchos en su cierre de cuero.<\/li>\n<li>2 correas de cuero para sujetar una botella.<\/li>\n<li>2 correas de cuero para sujetar el bolso con los cubiertos<\/li>\n<\/ul>\n<p>Dimensiones: 52x36x27cm<\/p>\n<p>Peso: 6.200 kilogramos<\/p>\n<\/div>\n","protected":false},"excerpt":{"rendered":"<p>Una cesta refinada con correas, asa y correa ajustable para el hombro en cuero genuino liso y cosido. El asa<\/p>\n","protected":false},"featured_media":450235,"template":"","meta":{"_acf_changed":false,"inline_featured_image":false},"product_cat":[16038,16027],"product_tag":[16167,16225,16261,24605],"acf":[],"yoast_head":"<!-- This site is optimized with the Yoast SEO Premium plugin v18.6 (Yoast SEO v19.13) - https:\/\/yoast.com\/wordpress\/plugins\/seo\/ -->\n<title>LES JARDINS DE LA COMTESSE Cesta de Pcnic 6 Personas Trianon - Erresse Shop<\/title>\n<meta name=\"description\" content=\"Una cesta refinada con correas, asa y correa ajustable para el hombro en cuero genuino liso y cosido. El asa en la parte superior le permite transportarlo\" \/>\n<meta name=\"robots\" content=\"index, follow, max-snippet:-1, max-image-preview:large, max-video-preview:-1\" \/>\n<link rel=\"canonical\" href=\"https:\/\/www.erresse-shop.it\/es\/shop\/tabla\/cestas-de-picnic\/les-jardins-de-la-comtesse-cesta-de-pcnic-6-personas-marine-copia\/\" \/>\n<meta property=\"og:locale\" content=\"es_ES\" \/>\n<meta property=\"og:type\" content=\"article\" \/>\n<meta property=\"og:title\" content=\"LES JARDINS DE LA COMTESSE Cesta de Pcnic 6 Personas Trianon\" \/>\n<meta property=\"og:description\" content=\"Una cesta refinada con correas, asa y correa ajustable para el hombro en cuero genuino liso y cosido. El asa en la parte superior le permite transportarlo\" \/>\n<meta property=\"og:url\" content=\"https:\/\/www.erresse-shop.it\/es\/shop\/tabla\/cestas-de-picnic\/les-jardins-de-la-comtesse-cesta-de-pcnic-6-personas-marine-copia\/\" \/>\n<meta property=\"og:site_name\" content=\"Erresse Shop\" \/>\n<meta property=\"article:modified_time\" content=\"2024-11-21T11:22:53+00:00\" \/>\n<meta property=\"og:image\" content=\"https:\/\/www.erresse-shop.it\/wp-content\/uploads\/2024\/11\/LES-JARDINS-DE-LA-COMTESSE-Cestino-Picnic-6-Persone-Trianon.jpg\" \/>\n\t<meta property=\"og:image:width\" content=\"1200\" \/>\n\t<meta property=\"og:image:height\" content=\"1200\" \/>\n\t<meta property=\"og:image:type\" content=\"image\/jpeg\" \/>\n<meta name=\"twitter:card\" content=\"summary_large_image\" \/>\n<script type=\"application\/ld+json\" class=\"yoast-schema-graph\">{\"@context\":\"https:\/\/schema.org\",\"@graph\":[{\"@type\":\"WebPage\",\"@id\":\"https:\/\/www.erresse-shop.it\/es\/shop\/tabla\/cestas-de-picnic\/les-jardins-de-la-comtesse-cesta-de-pcnic-6-personas-marine-copia\/\",\"url\":\"https:\/\/www.erresse-shop.it\/es\/shop\/tabla\/cestas-de-picnic\/les-jardins-de-la-comtesse-cesta-de-pcnic-6-personas-marine-copia\/\",\"name\":\"LES JARDINS DE LA COMTESSE Cesta de Pcnic 6 Personas Trianon - Erresse Shop\",\"isPartOf\":{\"@id\":\"https:\/\/www.erresse-shop.it\/es\/#website\"},\"datePublished\":\"2024-11-21T11:06:18+00:00\",\"dateModified\":\"2024-11-21T11:22:53+00:00\",\"description\":\"Una cesta refinada con correas, asa y correa ajustable para el hombro en cuero genuino liso y cosido. El asa en la parte superior le permite transportarlo\",\"breadcrumb\":{\"@id\":\"https:\/\/www.erresse-shop.it\/es\/shop\/tabla\/cestas-de-picnic\/les-jardins-de-la-comtesse-cesta-de-pcnic-6-personas-marine-copia\/#breadcrumb\"},\"inLanguage\":\"es\",\"potentialAction\":[{\"@type\":\"ReadAction\",\"target\":[\"https:\/\/www.erresse-shop.it\/es\/shop\/tabla\/cestas-de-picnic\/les-jardins-de-la-comtesse-cesta-de-pcnic-6-personas-marine-copia\/\"]}]},{\"@type\":\"BreadcrumbList\",\"@id\":\"https:\/\/www.erresse-shop.it\/es\/shop\/tabla\/cestas-de-picnic\/les-jardins-de-la-comtesse-cesta-de-pcnic-6-personas-marine-copia\/#breadcrumb\",\"itemListElement\":[{\"@type\":\"ListItem\",\"position\":1,\"name\":\"Home\",\"item\":\"https:\/\/www.erresse-shop.it\/es\/\"},{\"@type\":\"ListItem\",\"position\":2,\"name\":\"Shop\",\"item\":\"https:\/\/www.erresse-shop.it\/es\/shop\/\"},{\"@type\":\"ListItem\",\"position\":3,\"name\":\"LES JARDINS DE LA COMTESSE Cesta de Pcnic 6 Personas Trianon\"}]},{\"@type\":\"WebSite\",\"@id\":\"https:\/\/www.erresse-shop.it\/es\/#website\",\"url\":\"https:\/\/www.erresse-shop.it\/es\/\",\"name\":\"Erresse Shop\",\"description\":\"Articoli di qualit\u00e0 per la casa\",\"potentialAction\":[{\"@type\":\"SearchAction\",\"target\":{\"@type\":\"EntryPoint\",\"urlTemplate\":\"https:\/\/www.erresse-shop.it\/es\/?s={search_term_string}\"},\"query-input\":\"required name=search_term_string\"}],\"inLanguage\":\"es\"}]}<\/script>\n<!-- \/ Yoast SEO Premium plugin. -->","yoast_head_json":{"title":"LES JARDINS DE LA COMTESSE Cesta de Pcnic 6 Personas Trianon - Erresse Shop","description":"Una cesta refinada con correas, asa y correa ajustable para el hombro en cuero genuino liso y cosido. El asa en la parte superior le permite transportarlo","robots":{"index":"index","follow":"follow","max-snippet":"max-snippet:-1","max-image-preview":"max-image-preview:large","max-video-preview":"max-video-preview:-1"},"canonical":"https:\/\/www.erresse-shop.it\/es\/shop\/tabla\/cestas-de-picnic\/les-jardins-de-la-comtesse-cesta-de-pcnic-6-personas-marine-copia\/","og_locale":"es_ES","og_type":"article","og_title":"LES JARDINS DE LA COMTESSE Cesta de Pcnic 6 Personas Trianon","og_description":"Una cesta refinada con correas, asa y correa ajustable para el hombro en cuero genuino liso y cosido. El asa en la parte superior le permite transportarlo","og_url":"https:\/\/www.erresse-shop.it\/es\/shop\/tabla\/cestas-de-picnic\/les-jardins-de-la-comtesse-cesta-de-pcnic-6-personas-marine-copia\/","og_site_name":"Erresse Shop","article_modified_time":"2024-11-21T11:22:53+00:00","og_image":[{"width":1200,"height":1200,"url":"https:\/\/www.erresse-shop.it\/wp-content\/uploads\/2024\/11\/LES-JARDINS-DE-LA-COMTESSE-Cestino-Picnic-6-Persone-Trianon.jpg","type":"image\/jpeg"}],"twitter_card":"summary_large_image","schema":{"@context":"https:\/\/schema.org","@graph":[{"@type":"WebPage","@id":"https:\/\/www.erresse-shop.it\/es\/shop\/tabla\/cestas-de-picnic\/les-jardins-de-la-comtesse-cesta-de-pcnic-6-personas-marine-copia\/","url":"https:\/\/www.erresse-shop.it\/es\/shop\/tabla\/cestas-de-picnic\/les-jardins-de-la-comtesse-cesta-de-pcnic-6-personas-marine-copia\/","name":"LES JARDINS DE LA COMTESSE Cesta de Pcnic 6 Personas Trianon - Erresse Shop","isPartOf":{"@id":"https:\/\/www.erresse-shop.it\/es\/#website"},"datePublished":"2024-11-21T11:06:18+00:00","dateModified":"2024-11-21T11:22:53+00:00","description":"Una cesta refinada con correas, asa y correa ajustable para el hombro en cuero genuino liso y cosido. El asa en la parte superior le permite transportarlo","breadcrumb":{"@id":"https:\/\/www.erresse-shop.it\/es\/shop\/tabla\/cestas-de-picnic\/les-jardins-de-la-comtesse-cesta-de-pcnic-6-personas-marine-copia\/#breadcrumb"},"inLanguage":"es","potentialAction":[{"@type":"ReadAction","target":["https:\/\/www.erresse-shop.it\/es\/shop\/tabla\/cestas-de-picnic\/les-jardins-de-la-comtesse-cesta-de-pcnic-6-personas-marine-copia\/"]}]},{"@type":"BreadcrumbList","@id":"https:\/\/www.erresse-shop.it\/es\/shop\/tabla\/cestas-de-picnic\/les-jardins-de-la-comtesse-cesta-de-pcnic-6-personas-marine-copia\/#breadcrumb","itemListElement":[{"@type":"ListItem","position":1,"name":"Home","item":"https:\/\/www.erresse-shop.it\/es\/"},{"@type":"ListItem","position":2,"name":"Shop","item":"https:\/\/www.erresse-shop.it\/es\/shop\/"},{"@type":"ListItem","position":3,"name":"LES JARDINS DE LA COMTESSE Cesta de Pcnic 6 Personas Trianon"}]},{"@type":"WebSite","@id":"https:\/\/www.erresse-shop.it\/es\/#website","url":"https:\/\/www.erresse-shop.it\/es\/","name":"Erresse Shop","description":"Articoli di qualit\u00e0 per la casa","potentialAction":[{"@type":"SearchAction","target":{"@type":"EntryPoint","urlTemplate":"https:\/\/www.erresse-shop.it\/es\/?s={search_term_string}"},"query-input":"required name=search_term_string"}],"inLanguage":"es"}]}},"df_price":117.42500000000001,"df_sale_price":117.42500000000001,"df_regular_price":213.5,"df_image_link":"https:\/\/www.erresse-shop.it\/wp-content\/uploads\/2024\/11\/LES-JARDINS-DE-LA-COMTESSE-Cestino-Picnic-6-Persone-Trianon-300x300.jpg","_links":{"self":[{"href":"https:\/\/www.erresse-shop.it\/es\/wp-json\/wp\/v2\/product\/450215"}],"collection":[{"href":"https:\/\/www.erresse-shop.it\/es\/wp-json\/wp\/v2\/product"}],"about":[{"href":"https:\/\/www.erresse-shop.it\/es\/wp-json\/wp\/v2\/types\/product"}],"wp:featuredmedia":[{"embeddable":true,"href":"https:\/\/www.erresse-shop.it\/es\/wp-json\/wp\/v2\/media\/450235"}],"wp:attachment":[{"href":"https:\/\/www.erresse-shop.it\/es\/wp-json\/wp\/v2\/media?parent=450215"}],"wp:term":[{"taxonomy":"product_cat","embeddable":true,"href":"https:\/\/www.erresse-shop.it\/es\/wp-json\/wp\/v2\/product_cat?post=450215"},{"taxonomy":"product_tag","embeddable":true,"href":"https:\/\/www.erresse-shop.it\/es\/wp-json\/wp\/v2\/product_tag?post=450215"}],"curies":[{"name":"wp","href":"https:\/\/api.w.org\/{rel}","templated":true}]}}